{"id":58595,"date":"2025-10-30T15:27:26","date_gmt":"2025-10-30T12:27:26","guid":{"rendered":"https:\/\/www.jurmalaslaivas.lv\/product\/litija-akumulatora-ladetajs-energy-research-lithium-12v-10a-lifepo4\/"},"modified":"2026-02-22T14:53:37","modified_gmt":"2026-02-22T11:53:37","slug":"%d0%b7%d0%b0%d1%80%d1%8f%d0%b4%d0%bd%d0%be%d0%b5-%d1%83%d1%81%d1%82%d1%80%d0%be%d0%b9%d1%81%d1%82%d0%b2%d0%be-energy-research-lithium-12v-10%d0%b0-lifepo4","status":"publish","type":"product","link":"https:\/\/www.jurmalaslaivas.lv\/ru\/product\/%d0%b7%d0%b0%d1%80%d1%8f%d0%b4%d0%bd%d0%be%d0%b5-%d1%83%d1%81%d1%82%d1%80%d0%be%d0%b9%d1%81%d1%82%d0%b2%d0%be-energy-research-lithium-12v-10%d0%b0-lifepo4\/","title":{"rendered":"\u0417\u0410\u0420\u042f\u0414\u041d\u041e\u0415 \u0423\u0421\u0422\u0420\u041e\u0419\u0421\u0422\u0412\u041e ENERGY RESEARCH LITHIUM 12V 10\u0410 &#8212; LiFePO4"},"content":{"rendered":"<h1>\u0417\u0410\u0420\u042f\u0414\u041d\u041e\u0415 \u0423\u0421\u0422\u0420\u041e\u0419\u0421\u0422\u0412\u041e ENERGY RESEARCH LITHIUM 12V 10\u0410 &#8212; LiFePO4<\/h1>\n<p>\u0417\u0410\u0420\u042f\u0414\u041d\u041e\u0415 \u0423\u0421\u0422\u0420\u041e\u0419\u0421\u0422\u0412\u041e ENERGY RESEARCH LITHIUM 12V 10\u0410 &#8212; LiFePO4<\/p>\n<p>\u041a\u043e\u0434: LITHIUM-CHARGE-12V<\/p>\n<p>\u041e\u043f\u0438\u0441\u0430\u043d\u0438\u0435<\/p>\n<div class=\"fl-row fl-row-full-width fl-row-bg-color fl-node-6017e30eaa799 fl-row-custom-height fl-row-align-center\" data-node=\"6017e30eaa799\">\n<div class=\"fl-row-content-wrap\">\n<div class=\"fl-row-content fl-row-fixed-width fl-node-content\">\n<div class=\"fl-col-group fl-node-6017e30eaa79c\" data-node=\"6017e30eaa79c\">\n<div class=\"fl-col fl-node-6017e30eaa7a3 fl-col-small\" data-node=\"6017e30eaa7a3\">\n<div class=\"fl-col-content fl-node-content\">\n<div class=\"fl-module fl-module-list fl-node-6017e30eaa7a1\" data-node=\"6017e30eaa7a1\">\n<div class=\"fl-module-content fl-node-content\">\n<div class=\"fl-list fl-list-regular\" role=\"list\">\n<div class=\"fl-list-item fl-list-item-1\" role=\"listitem\">\n<div class=\"fl-list-item-wrapper\">\n<div class=\"fl-list-item-content\">\n<div class=\"fl-list-item-content-text\">\n<div class=\"row\">\n<div class=\"col\">\n<div id=\"tab_3\" class=\"tab_container active\">\n<div class=\"tab_text_block\">\n<ul>\n<li><strong>\u041c\u0430\u0441\u0441\u043e\u0432\u0430\u044f \u0437\u0430\u0440\u044f\u0434\u043a\u0430<\/strong>\u00a0\u2013 \u043e\u0431\u0435\u0441\u043f\u0435\u0447\u0438\u0432\u0430\u0435\u0442 \u0431\u043e\u043b\u044c\u0448\u0443\u044e \u0447\u0430\u0441\u0442\u044c \u0437\u0430\u0440\u044f\u0434\u0430 (60-80%). \u0417\u0430\u0440\u044f\u0434\u043d\u043e\u0435 \u0443\u0441\u0442\u0440\u043e\u0439\u0441\u0442\u0432\u043e \u043f\u043e\u0434\u0430\u0435\u0442 \u043c\u0430\u043a\u0441\u0438\u043c\u0430\u043b\u044c\u043d\u044b\u0439 \u0442\u043e\u043a \u0434\u043e \u0442\u0435\u0445 \u043f\u043e\u0440, \u043f\u043e\u043a\u0430 \u043d\u0430\u043f\u0440\u044f\u0436\u0435\u043d\u0438\u0435 \u043d\u0430 \u043a\u043b\u0435\u043c\u043c\u0430\u0445 \u043d\u0435 \u043f\u043e\u0434\u043d\u0438\u043c\u0435\u0442\u0441\u044f \u0434\u043e \u0443\u0441\u0442\u0430\u043d\u043e\u0432\u043b\u0435\u043d\u043d\u043e\u0433\u043e \u0443\u0440\u043e\u0432\u043d\u044f.<\/li>\n<li><strong>\u041f\u043e\u0433\u043b\u043e\u0449\u0435\u043d\u0438\u0435<\/strong>\u00a0\u2013 \u0437\u0430\u0432\u0435\u0440\u0448\u0430\u0435\u0442 \u0437\u0430\u0440\u044f\u0434\u043a\u0443 \u043f\u043e\u0447\u0442\u0438 \u0434\u043e 100% \u043f\u0440\u0438 \u043f\u043e\u0441\u0442\u043e\u044f\u043d\u043d\u043e\u043c \u043d\u0430\u043f\u0440\u044f\u0436\u0435\u043d\u0438\u0438. \u0422\u043e\u043a \u0443\u043c\u0435\u043d\u044c\u0448\u0430\u0435\u0442\u0441\u044f \u043f\u043e \u043c\u0435\u0440\u0435 \u0442\u043e\u0433\u043e, \u043a\u0430\u043a \u0431\u0430\u0442\u0430\u0440\u0435\u044f \u0434\u043e\u0441\u0442\u0438\u0433\u0430\u0435\u0442 \u0441\u0432\u043e\u0435\u0439 \u043f\u043e\u043b\u043d\u043e\u0439 \u0435\u043c\u043a\u043e\u0441\u0442\u0438.<\/li>\n<li><strong>Float<\/strong>\u00a0\u2013 \u043f\u043e\u0434\u0434\u0435\u0440\u0436\u0438\u0432\u0430\u044e\u0449\u0430\u044f \u0437\u0430\u0440\u044f\u0434\u043a\u0430 \u043f\u0440\u0438 \u043f\u043e\u0441\u0442\u043e\u044f\u043d\u043d\u043e\u043c \u043d\u0430\u043f\u0440\u044f\u0436\u0435\u043d\u0438\u0438, \u043f\u043e\u0434\u0434\u0435\u0440\u0436\u0438\u0432\u0430\u044e\u0449\u0430\u044f \u0437\u0430\u0440\u044f\u0434 \u0431\u0430\u0442\u0430\u0440\u0435\u0438 \u043d\u0430 100 %<\/li>\n<\/ul>\n<p><strong>\u0422\u0435\u0445\u043d\u0438\u0447\u0435\u0441\u043a\u0438\u0435 \u0445\u0430\u0440\u0430\u043a\u0442\u0435\u0440\u0438\u0441\u0442\u0438\u043a\u0438:<\/strong><\/p>\n<ul>\n<li>\u0412\u0435\u0441: 1,5 \u043a\u0433<\/li>\n<li>\u0420\u0430\u0437\u043c\u0435\u0440\u044b: 22x9x5,4 \u0441\u043c<\/li>\n<li>\u0417\u0430\u0440\u044f\u0434\u043d\u043e\u0435 \u0443\u0441\u0442\u0440\u043e\u0439\u0441\u0442\u0432\u043e Li-LiFePO4 5\u0410 12\u0412 IP10, \u043e\u0442 \u043e\u0445\u043b\u0430\u0436\u0434\u0430\u0435\u043c\u043e\u0433\u043e<\/li>\n<li>\u0412\u0445\u043e\u0434\u043d\u043e\u0435 \u043d\u0430\u043f\u0440\u044f\u0436\u0435\u043d\u0438\u0435: 100-240 \u0412<\/li>\n<li>\u0412\u0445\u043e\u0434\u043d\u0430\u044f \u043c\u043e\u0449\u043d\u043e\u0441\u0442\u044c: 170 \u0412\u0442<\/li>\n<\/ul>\n<\/div>\n<\/div>\n<\/div>\n<\/div>\n<\/div>\n<\/div>\n<\/div>\n<\/div>\n<\/div>\n<\/div>\n<\/div>\n<\/div>\n<\/div>\n<\/div>\n<\/div>\n<\/div>\n<\/div>\n","protected":false},"excerpt":{"rendered":"<p>\u0417\u0410\u0420\u042f\u0414\u041d\u041e\u0415 \u0423\u0421\u0422\u0420\u041e\u0419\u0421\u0422\u0412\u041e ENERGY RESEARCH LITHIUM 12V 10\u0410 &#8212; LiFePO4 \u0417\u0410\u0420\u042f\u0414\u041d\u041e\u0415 \u0423\u0421\u0422\u0420\u041e\u0419\u0421\u0422\u0412\u041e ENERGY RESEARCH LITHIUM 12V 10\u0410 &#8212; LiFePO4 \u041a\u043e\u0434: LITHIUM-CHARGE-12V \u041e\u043f\u0438\u0441\u0430\u043d\u0438\u0435 \u041c\u0430\u0441\u0441\u043e\u0432\u0430\u044f \u0437\u0430\u0440\u044f\u0434\u043a\u0430\u00a0\u2013 \u043e\u0431\u0435\u0441\u043f\u0435\u0447\u0438\u0432\u0430\u0435\u0442 \u0431\u043e\u043b\u044c\u0448\u0443\u044e \u0447\u0430\u0441\u0442\u044c \u0437\u0430\u0440\u044f\u0434\u0430 (60-80%). \u0417\u0430\u0440\u044f\u0434\u043d\u043e\u0435 \u0443\u0441\u0442\u0440\u043e\u0439\u0441\u0442\u0432\u043e \u043f\u043e\u0434\u0430\u0435\u0442 \u043c\u0430\u043a\u0441\u0438\u043c\u0430\u043b\u044c\u043d\u044b\u0439 \u0442\u043e\u043a \u0434\u043e \u0442\u0435\u0445 \u043f\u043e\u0440, \u043f\u043e\u043a\u0430 \u043d\u0430\u043f\u0440\u044f\u0436\u0435\u043d\u0438\u0435 \u043d\u0430 \u043a\u043b\u0435\u043c\u043c\u0430\u0445 \u043d\u0435 \u043f\u043e\u0434\u043d\u0438\u043c\u0435\u0442\u0441\u044f \u0434\u043e \u0443\u0441\u0442\u0430\u043d\u043e\u0432\u043b\u0435\u043d\u043d\u043e\u0433\u043e \u0443\u0440\u043e\u0432\u043d\u044f. \u041f\u043e\u0433\u043b\u043e\u0449\u0435\u043d\u0438\u0435\u00a0\u2013 \u0437\u0430\u0432\u0435\u0440\u0448\u0430\u0435\u0442 \u0437\u0430\u0440\u044f\u0434\u043a\u0443 \u043f\u043e\u0447\u0442\u0438 \u0434\u043e 100% \u043f\u0440\u0438 \u043f\u043e\u0441\u0442\u043e\u044f\u043d\u043d\u043e\u043c \u043d\u0430\u043f\u0440\u044f\u0436\u0435\u043d\u0438\u0438. \u0422\u043e\u043a [&#8230;]<\/p>\n<p><a class=\"btn btn-secondary understrap-read-more-link\" href=\"https:\/\/www.jurmalaslaivas.lv\/ru\/product\/%d0%b7%d0%b0%d1%80%d1%8f%d0%b4%d0%bd%d0%be%d0%b5-%d1%83%d1%81%d1%82%d1%80%d0%be%d0%b9%d1%81%d1%82%d0%b2%d0%be-energy-research-lithium-12v-10%d0%b0-lifepo4\/\">\u0427\u0438\u0442\u0430\u0442\u044c \u0434\u0430\u043b\u044c\u0448\u0435\u2026<\/a><\/p>\n","protected":false},"featured_media":58585,"comment_status":"closed","ping_status":"closed","template":"","meta":{"_acf_changed":false,"inline_featured_image":false},"product_brand":[],"product_cat":[810,814],"product_tag":[2023,2028,2030,2025,2006,2029,2024,1809,2026,2027],"class_list":{"0":"post-58595","1":"product","2":"type-product","3":"status-publish","4":"has-post-thumbnail","6":"product_cat-810","7":"product_cat-814","8":"product_tag-akumulatoru-ladetaji","9":"product_tag-battery-chargers","10":"product_tag-deep-discharge-battery-chargers","11":"product_tag-dzilas-izlades-akumulatoru-ladetaji","12":"product_tag-energy-research","13":"product_tag-lithium-battery-charger","14":"product_tag-litija-akumulatoru-ladetaji","15":"product_tag-minn-kota","16":"product_tag-2026","17":"product_tag-2027","19":"first","20":"instock","21":"shipping-taxable","22":"purchasable","23":"product-type-simple"},"acf":[],"yoast_head":"<!-- This site is optimized with the Yoast SEO plugin v27.0 - https:\/\/yoast.com\/product\/yoast-seo-wordpress\/ -->\n<title>\u0417\u0410\u0420\u042f\u0414\u041d\u041e\u0415 \u0423\u0421\u0422\u0420\u041e\u0419\u0421\u0422\u0412\u041e ENERGY RESEARCH LITHIUM 12V 10\u0410 - LiFePO4 - Jurmalas Laivas<\/title>\n<meta name=\"description\" content=\"\u0417\u0410\u0420\u042f\u0414\u041d\u041e\u0415 \u0423\u0421\u0422\u0420\u041e\u0419\u0421\u0422\u0412\u041e ENERGY RESEARCH LITHIUM 12V 10\u0410 - LiFePO4 \u043e\u0431\u0435\u0441\u043f\u0435\u0447\u0438\u0432\u0430\u0435\u0442 \u0431\u043e\u043b\u044c\u0448\u0443\u044e \u0447\u0430\u0441\u0442\u044c \u0437\u0430\u0440\u044f\u0434\u0430 (60-80%). \u0412\u0435\u0441: 1,5 \u043a\u0433. \u0420\u0430\u0437\u043c\u0435\u0440\u044b: 22x9x5,4 \u0441\u043c\" \/>\n<meta name=\"robots\" content=\"index, follow, max-snippet:-1, max-image-preview:large, max-video-preview:-1\" \/>\n<link rel=\"canonical\" href=\"https:\/\/www.jurmalaslaivas.lv\/ru\/product\/%d0%b7%d0%b0%d1%80%d1%8f%d0%b4%d0%bd%d0%be%d0%b5-%d1%83%d1%81%d1%82%d1%80%d0%be%d0%b9%d1%81%d1%82%d0%b2%d0%be-energy-research-lithium-12v-10%d0%b0-lifepo4\/\" \/>\n<meta property=\"og:locale\" content=\"ru_RU\" \/>\n<meta property=\"og:type\" content=\"article\" \/>\n<meta property=\"og:title\" content=\"\u0417\u0410\u0420\u042f\u0414\u041d\u041e\u0415 \u0423\u0421\u0422\u0420\u041e\u0419\u0421\u0422\u0412\u041e ENERGY RESEARCH LITHIUM 12V 10\u0410 - LiFePO4 - Jurmalas Laivas\" \/>\n<meta property=\"og:description\" content=\"\u0417\u0410\u0420\u042f\u0414\u041d\u041e\u0415 \u0423\u0421\u0422\u0420\u041e\u0419\u0421\u0422\u0412\u041e ENERGY RESEARCH LITHIUM 12V 10\u0410 - LiFePO4 \u043e\u0431\u0435\u0441\u043f\u0435\u0447\u0438\u0432\u0430\u0435\u0442 \u0431\u043e\u043b\u044c\u0448\u0443\u044e \u0447\u0430\u0441\u0442\u044c \u0437\u0430\u0440\u044f\u0434\u0430 (60-80%). \u0412\u0435\u0441: 1,5 \u043a\u0433. \u0420\u0430\u0437\u043c\u0435\u0440\u044b: 22x9x5,4 \u0441\u043c\" \/>\n<meta property=\"og:url\" content=\"https:\/\/www.jurmalaslaivas.lv\/ru\/product\/%d0%b7%d0%b0%d1%80%d1%8f%d0%b4%d0%bd%d0%be%d0%b5-%d1%83%d1%81%d1%82%d1%80%d0%be%d0%b9%d1%81%d1%82%d0%b2%d0%be-energy-research-lithium-12v-10%d0%b0-lifepo4\/\" \/>\n<meta property=\"og:site_name\" content=\"Jurmalas Laivas\" \/>\n<meta property=\"article:publisher\" content=\"https:\/\/www.facebook.com\/jurmalaslaivas\" \/>\n<meta property=\"article:modified_time\" content=\"2026-02-22T11:53:37+00:00\" \/>\n<meta property=\"og:image\" content=\"https:\/\/www.jurmalaslaivas.lv\/wp-content\/uploads\/2025\/10\/12V10A-IP65.jpg\" \/>\n\t<meta property=\"og:image:width\" content=\"900\" \/>\n\t<meta property=\"og:image:height\" content=\"900\" \/>\n\t<meta property=\"og:image:type\" content=\"image\/jpeg\" \/>\n<meta name=\"twitter:card\" content=\"summary_large_image\" \/>\n<meta name=\"twitter:label1\" content=\"\u041f\u0440\u0438\u043c\u0435\u0440\u043d\u043e\u0435 \u0432\u0440\u0435\u043c\u044f \u0434\u043b\u044f \u0447\u0442\u0435\u043d\u0438\u044f\" \/>\n\t<meta name=\"twitter:data1\" content=\"1 \u043c\u0438\u043d\u0443\u0442\u0430\" \/>\n<script type=\"application\/ld+json\" class=\"yoast-schema-graph\">{\"@context\":\"https:\/\/schema.org\",\"@graph\":[{\"@type\":\"WebPage\",\"@id\":\"https:\/\/www.jurmalaslaivas.lv\/ru\/product\/%d0%b7%d0%b0%d1%80%d1%8f%d0%b4%d0%bd%d0%be%d0%b5-%d1%83%d1%81%d1%82%d1%80%d0%be%d0%b9%d1%81%d1%82%d0%b2%d0%be-energy-research-lithium-12v-10%d0%b0-lifepo4\/\",\"url\":\"https:\/\/www.jurmalaslaivas.lv\/ru\/product\/%d0%b7%d0%b0%d1%80%d1%8f%d0%b4%d0%bd%d0%be%d0%b5-%d1%83%d1%81%d1%82%d1%80%d0%be%d0%b9%d1%81%d1%82%d0%b2%d0%be-energy-research-lithium-12v-10%d0%b0-lifepo4\/\",\"name\":\"\u0417\u0410\u0420\u042f\u0414\u041d\u041e\u0415 \u0423\u0421\u0422\u0420\u041e\u0419\u0421\u0422\u0412\u041e ENERGY RESEARCH LITHIUM 12V 10\u0410 - LiFePO4 - Jurmalas Laivas\",\"isPartOf\":{\"@id\":\"https:\/\/www.jurmalaslaivas.lv\/ru\/#website\"},\"primaryImageOfPage\":{\"@id\":\"https:\/\/www.jurmalaslaivas.lv\/ru\/product\/%d0%b7%d0%b0%d1%80%d1%8f%d0%b4%d0%bd%d0%be%d0%b5-%d1%83%d1%81%d1%82%d1%80%d0%be%d0%b9%d1%81%d1%82%d0%b2%d0%be-energy-research-lithium-12v-10%d0%b0-lifepo4\/#primaryimage\"},\"image\":{\"@id\":\"https:\/\/www.jurmalaslaivas.lv\/ru\/product\/%d0%b7%d0%b0%d1%80%d1%8f%d0%b4%d0%bd%d0%be%d0%b5-%d1%83%d1%81%d1%82%d1%80%d0%be%d0%b9%d1%81%d1%82%d0%b2%d0%be-energy-research-lithium-12v-10%d0%b0-lifepo4\/#primaryimage\"},\"thumbnailUrl\":\"https:\/\/www.jurmalaslaivas.lv\/wp-content\/uploads\/2025\/10\/12V10A-IP65.jpg\",\"datePublished\":\"2025-10-30T12:27:26+00:00\",\"dateModified\":\"2026-02-22T11:53:37+00:00\",\"description\":\"\u0417\u0410\u0420\u042f\u0414\u041d\u041e\u0415 \u0423\u0421\u0422\u0420\u041e\u0419\u0421\u0422\u0412\u041e ENERGY RESEARCH LITHIUM 12V 10\u0410 - LiFePO4 \u043e\u0431\u0435\u0441\u043f\u0435\u0447\u0438\u0432\u0430\u0435\u0442 \u0431\u043e\u043b\u044c\u0448\u0443\u044e \u0447\u0430\u0441\u0442\u044c \u0437\u0430\u0440\u044f\u0434\u0430 (60-80%). \u0412\u0435\u0441: 1,5 \u043a\u0433. \u0420\u0430\u0437\u043c\u0435\u0440\u044b: 22x9x5,4 \u0441\u043c\",\"breadcrumb\":{\"@id\":\"https:\/\/www.jurmalaslaivas.lv\/ru\/product\/%d0%b7%d0%b0%d1%80%d1%8f%d0%b4%d0%bd%d0%be%d0%b5-%d1%83%d1%81%d1%82%d1%80%d0%be%d0%b9%d1%81%d1%82%d0%b2%d0%be-energy-research-lithium-12v-10%d0%b0-lifepo4\/#breadcrumb\"},\"inLanguage\":\"ru-RU\",\"potentialAction\":[{\"@type\":\"ReadAction\",\"target\":[\"https:\/\/www.jurmalaslaivas.lv\/ru\/product\/%d0%b7%d0%b0%d1%80%d1%8f%d0%b4%d0%bd%d0%be%d0%b5-%d1%83%d1%81%d1%82%d1%80%d0%be%d0%b9%d1%81%d1%82%d0%b2%d0%be-energy-research-lithium-12v-10%d0%b0-lifepo4\/\"]}]},{\"@type\":\"ImageObject\",\"inLanguage\":\"ru-RU\",\"@id\":\"https:\/\/www.jurmalaslaivas.lv\/ru\/product\/%d0%b7%d0%b0%d1%80%d1%8f%d0%b4%d0%bd%d0%be%d0%b5-%d1%83%d1%81%d1%82%d1%80%d0%be%d0%b9%d1%81%d1%82%d0%b2%d0%be-energy-research-lithium-12v-10%d0%b0-lifepo4\/#primaryimage\",\"url\":\"https:\/\/www.jurmalaslaivas.lv\/wp-content\/uploads\/2025\/10\/12V10A-IP65.jpg\",\"contentUrl\":\"https:\/\/www.jurmalaslaivas.lv\/wp-content\/uploads\/2025\/10\/12V10A-IP65.jpg\",\"width\":900,\"height\":900,\"caption\":\"Litija akumulatora l\u0101d\u0113t\u0101js ENERGY RESEARCH LITHIUM 12V 10A - LiFePO4\"},{\"@type\":\"BreadcrumbList\",\"@id\":\"https:\/\/www.jurmalaslaivas.lv\/ru\/product\/%d0%b7%d0%b0%d1%80%d1%8f%d0%b4%d0%bd%d0%be%d0%b5-%d1%83%d1%81%d1%82%d1%80%d0%be%d0%b9%d1%81%d1%82%d0%b2%d0%be-energy-research-lithium-12v-10%d0%b0-lifepo4\/#breadcrumb\",\"itemListElement\":[{\"@type\":\"ListItem\",\"position\":1,\"name\":\"Home\",\"item\":\"https:\/\/www.jurmalaslaivas.lv\/ru\/\"},{\"@type\":\"ListItem\",\"position\":2,\"name\":\"\u041c\u0430\u0433\u0430\u0437\u0438\u043d\",\"item\":\"https:\/\/www.jurmalaslaivas.lv\/ru\/%d0%bc%d0%b0%d0%b3%d0%b0%d0%b7%d0%b8%d0%bd\/\"},{\"@type\":\"ListItem\",\"position\":3,\"name\":\"\u0417\u0410\u0420\u042f\u0414\u041d\u041e\u0415 \u0423\u0421\u0422\u0420\u041e\u0419\u0421\u0422\u0412\u041e ENERGY RESEARCH LITHIUM 12V 10\u0410 &#8211; LiFePO4\"}]},{\"@type\":\"WebSite\",\"@id\":\"https:\/\/www.jurmalaslaivas.lv\/ru\/#website\",\"url\":\"https:\/\/www.jurmalaslaivas.lv\/ru\/\",\"name\":\"Jurmalaslaivas.lv\",\"description\":\"Laivu noma un veikals\",\"publisher\":{\"@id\":\"https:\/\/www.jurmalaslaivas.lv\/ru\/#organization\"},\"potentialAction\":[{\"@type\":\"SearchAction\",\"target\":{\"@type\":\"EntryPoint\",\"urlTemplate\":\"https:\/\/www.jurmalaslaivas.lv\/ru\/?s={search_term_string}\"},\"query-input\":{\"@type\":\"PropertyValueSpecification\",\"valueRequired\":true,\"valueName\":\"search_term_string\"}}],\"inLanguage\":\"ru-RU\"},{\"@type\":\"Organization\",\"@id\":\"https:\/\/www.jurmalaslaivas.lv\/ru\/#organization\",\"name\":\"Jurmalaslaivas.lv\",\"url\":\"https:\/\/www.jurmalaslaivas.lv\/ru\/\",\"logo\":{\"@type\":\"ImageObject\",\"inLanguage\":\"ru-RU\",\"@id\":\"https:\/\/www.jurmalaslaivas.lv\/ru\/#\/schema\/logo\/image\/\",\"url\":\"https:\/\/www.jurmalaslaivas.lv\/wp-content\/uploads\/2022\/11\/jurmalas-laivas-balts-ar-rami.png\",\"contentUrl\":\"https:\/\/www.jurmalaslaivas.lv\/wp-content\/uploads\/2022\/11\/jurmalas-laivas-balts-ar-rami.png\",\"width\":500,\"height\":500,\"caption\":\"Jurmalaslaivas.lv\"},\"image\":{\"@id\":\"https:\/\/www.jurmalaslaivas.lv\/ru\/#\/schema\/logo\/image\/\"},\"sameAs\":[\"https:\/\/www.facebook.com\/jurmalaslaivas\"]}]}<\/script>\n<!-- \/ Yoast SEO plugin. -->","yoast_head_json":{"title":"\u0417\u0410\u0420\u042f\u0414\u041d\u041e\u0415 \u0423\u0421\u0422\u0420\u041e\u0419\u0421\u0422\u0412\u041e ENERGY RESEARCH LITHIUM 12V 10\u0410 - LiFePO4 - Jurmalas Laivas","description":"\u0417\u0410\u0420\u042f\u0414\u041d\u041e\u0415 \u0423\u0421\u0422\u0420\u041e\u0419\u0421\u0422\u0412\u041e ENERGY RESEARCH LITHIUM 12V 10\u0410 - LiFePO4 \u043e\u0431\u0435\u0441\u043f\u0435\u0447\u0438\u0432\u0430\u0435\u0442 \u0431\u043e\u043b\u044c\u0448\u0443\u044e \u0447\u0430\u0441\u0442\u044c \u0437\u0430\u0440\u044f\u0434\u0430 (60-80%). \u0412\u0435\u0441: 1,5 \u043a\u0433. \u0420\u0430\u0437\u043c\u0435\u0440\u044b: 22x9x5,4 \u0441\u043c","robots":{"index":"index","follow":"follow","max-snippet":"max-snippet:-1","max-image-preview":"max-image-preview:large","max-video-preview":"max-video-preview:-1"},"canonical":"https:\/\/www.jurmalaslaivas.lv\/ru\/product\/%d0%b7%d0%b0%d1%80%d1%8f%d0%b4%d0%bd%d0%be%d0%b5-%d1%83%d1%81%d1%82%d1%80%d0%be%d0%b9%d1%81%d1%82%d0%b2%d0%be-energy-research-lithium-12v-10%d0%b0-lifepo4\/","og_locale":"ru_RU","og_type":"article","og_title":"\u0417\u0410\u0420\u042f\u0414\u041d\u041e\u0415 \u0423\u0421\u0422\u0420\u041e\u0419\u0421\u0422\u0412\u041e ENERGY RESEARCH LITHIUM 12V 10\u0410 - LiFePO4 - Jurmalas Laivas","og_description":"\u0417\u0410\u0420\u042f\u0414\u041d\u041e\u0415 \u0423\u0421\u0422\u0420\u041e\u0419\u0421\u0422\u0412\u041e ENERGY RESEARCH LITHIUM 12V 10\u0410 - LiFePO4 \u043e\u0431\u0435\u0441\u043f\u0435\u0447\u0438\u0432\u0430\u0435\u0442 \u0431\u043e\u043b\u044c\u0448\u0443\u044e \u0447\u0430\u0441\u0442\u044c \u0437\u0430\u0440\u044f\u0434\u0430 (60-80%). \u0412\u0435\u0441: 1,5 \u043a\u0433. \u0420\u0430\u0437\u043c\u0435\u0440\u044b: 22x9x5,4 \u0441\u043c","og_url":"https:\/\/www.jurmalaslaivas.lv\/ru\/product\/%d0%b7%d0%b0%d1%80%d1%8f%d0%b4%d0%bd%d0%be%d0%b5-%d1%83%d1%81%d1%82%d1%80%d0%be%d0%b9%d1%81%d1%82%d0%b2%d0%be-energy-research-lithium-12v-10%d0%b0-lifepo4\/","og_site_name":"Jurmalas Laivas","article_publisher":"https:\/\/www.facebook.com\/jurmalaslaivas","article_modified_time":"2026-02-22T11:53:37+00:00","og_image":[{"width":900,"height":900,"url":"https:\/\/www.jurmalaslaivas.lv\/wp-content\/uploads\/2025\/10\/12V10A-IP65.jpg","type":"image\/jpeg"}],"twitter_card":"summary_large_image","twitter_misc":{"\u041f\u0440\u0438\u043c\u0435\u0440\u043d\u043e\u0435 \u0432\u0440\u0435\u043c\u044f \u0434\u043b\u044f \u0447\u0442\u0435\u043d\u0438\u044f":"1 \u043c\u0438\u043d\u0443\u0442\u0430"},"schema":{"@context":"https:\/\/schema.org","@graph":[{"@type":"WebPage","@id":"https:\/\/www.jurmalaslaivas.lv\/ru\/product\/%d0%b7%d0%b0%d1%80%d1%8f%d0%b4%d0%bd%d0%be%d0%b5-%d1%83%d1%81%d1%82%d1%80%d0%be%d0%b9%d1%81%d1%82%d0%b2%d0%be-energy-research-lithium-12v-10%d0%b0-lifepo4\/","url":"https:\/\/www.jurmalaslaivas.lv\/ru\/product\/%d0%b7%d0%b0%d1%80%d1%8f%d0%b4%d0%bd%d0%be%d0%b5-%d1%83%d1%81%d1%82%d1%80%d0%be%d0%b9%d1%81%d1%82%d0%b2%d0%be-energy-research-lithium-12v-10%d0%b0-lifepo4\/","name":"\u0417\u0410\u0420\u042f\u0414\u041d\u041e\u0415 \u0423\u0421\u0422\u0420\u041e\u0419\u0421\u0422\u0412\u041e ENERGY RESEARCH LITHIUM 12V 10\u0410 - LiFePO4 - Jurmalas Laivas","isPartOf":{"@id":"https:\/\/www.jurmalaslaivas.lv\/ru\/#website"},"primaryImageOfPage":{"@id":"https:\/\/www.jurmalaslaivas.lv\/ru\/product\/%d0%b7%d0%b0%d1%80%d1%8f%d0%b4%d0%bd%d0%be%d0%b5-%d1%83%d1%81%d1%82%d1%80%d0%be%d0%b9%d1%81%d1%82%d0%b2%d0%be-energy-research-lithium-12v-10%d0%b0-lifepo4\/#primaryimage"},"image":{"@id":"https:\/\/www.jurmalaslaivas.lv\/ru\/product\/%d0%b7%d0%b0%d1%80%d1%8f%d0%b4%d0%bd%d0%be%d0%b5-%d1%83%d1%81%d1%82%d1%80%d0%be%d0%b9%d1%81%d1%82%d0%b2%d0%be-energy-research-lithium-12v-10%d0%b0-lifepo4\/#primaryimage"},"thumbnailUrl":"https:\/\/www.jurmalaslaivas.lv\/wp-content\/uploads\/2025\/10\/12V10A-IP65.jpg","datePublished":"2025-10-30T12:27:26+00:00","dateModified":"2026-02-22T11:53:37+00:00","description":"\u0417\u0410\u0420\u042f\u0414\u041d\u041e\u0415 \u0423\u0421\u0422\u0420\u041e\u0419\u0421\u0422\u0412\u041e ENERGY RESEARCH LITHIUM 12V 10\u0410 - LiFePO4 \u043e\u0431\u0435\u0441\u043f\u0435\u0447\u0438\u0432\u0430\u0435\u0442 \u0431\u043e\u043b\u044c\u0448\u0443\u044e \u0447\u0430\u0441\u0442\u044c \u0437\u0430\u0440\u044f\u0434\u0430 (60-80%). \u0412\u0435\u0441: 1,5 \u043a\u0433. \u0420\u0430\u0437\u043c\u0435\u0440\u044b: 22x9x5,4 \u0441\u043c","breadcrumb":{"@id":"https:\/\/www.jurmalaslaivas.lv\/ru\/product\/%d0%b7%d0%b0%d1%80%d1%8f%d0%b4%d0%bd%d0%be%d0%b5-%d1%83%d1%81%d1%82%d1%80%d0%be%d0%b9%d1%81%d1%82%d0%b2%d0%be-energy-research-lithium-12v-10%d0%b0-lifepo4\/#breadcrumb"},"inLanguage":"ru-RU","potentialAction":[{"@type":"ReadAction","target":["https:\/\/www.jurmalaslaivas.lv\/ru\/product\/%d0%b7%d0%b0%d1%80%d1%8f%d0%b4%d0%bd%d0%be%d0%b5-%d1%83%d1%81%d1%82%d1%80%d0%be%d0%b9%d1%81%d1%82%d0%b2%d0%be-energy-research-lithium-12v-10%d0%b0-lifepo4\/"]}]},{"@type":"ImageObject","inLanguage":"ru-RU","@id":"https:\/\/www.jurmalaslaivas.lv\/ru\/product\/%d0%b7%d0%b0%d1%80%d1%8f%d0%b4%d0%bd%d0%be%d0%b5-%d1%83%d1%81%d1%82%d1%80%d0%be%d0%b9%d1%81%d1%82%d0%b2%d0%be-energy-research-lithium-12v-10%d0%b0-lifepo4\/#primaryimage","url":"https:\/\/www.jurmalaslaivas.lv\/wp-content\/uploads\/2025\/10\/12V10A-IP65.jpg","contentUrl":"https:\/\/www.jurmalaslaivas.lv\/wp-content\/uploads\/2025\/10\/12V10A-IP65.jpg","width":900,"height":900,"caption":"Litija akumulatora l\u0101d\u0113t\u0101js ENERGY RESEARCH LITHIUM 12V 10A - LiFePO4"},{"@type":"BreadcrumbList","@id":"https:\/\/www.jurmalaslaivas.lv\/ru\/product\/%d0%b7%d0%b0%d1%80%d1%8f%d0%b4%d0%bd%d0%be%d0%b5-%d1%83%d1%81%d1%82%d1%80%d0%be%d0%b9%d1%81%d1%82%d0%b2%d0%be-energy-research-lithium-12v-10%d0%b0-lifepo4\/#breadcrumb","itemListElement":[{"@type":"ListItem","position":1,"name":"Home","item":"https:\/\/www.jurmalaslaivas.lv\/ru\/"},{"@type":"ListItem","position":2,"name":"\u041c\u0430\u0433\u0430\u0437\u0438\u043d","item":"https:\/\/www.jurmalaslaivas.lv\/ru\/%d0%bc%d0%b0%d0%b3%d0%b0%d0%b7%d0%b8%d0%bd\/"},{"@type":"ListItem","position":3,"name":"\u0417\u0410\u0420\u042f\u0414\u041d\u041e\u0415 \u0423\u0421\u0422\u0420\u041e\u0419\u0421\u0422\u0412\u041e ENERGY RESEARCH LITHIUM 12V 10\u0410 &#8211; LiFePO4"}]},{"@type":"WebSite","@id":"https:\/\/www.jurmalaslaivas.lv\/ru\/#website","url":"https:\/\/www.jurmalaslaivas.lv\/ru\/","name":"Jurmalaslaivas.lv","description":"Laivu noma un veikals","publisher":{"@id":"https:\/\/www.jurmalaslaivas.lv\/ru\/#organization"},"potentialAction":[{"@type":"SearchAction","target":{"@type":"EntryPoint","urlTemplate":"https:\/\/www.jurmalaslaivas.lv\/ru\/?s={search_term_string}"},"query-input":{"@type":"PropertyValueSpecification","valueRequired":true,"valueName":"search_term_string"}}],"inLanguage":"ru-RU"},{"@type":"Organization","@id":"https:\/\/www.jurmalaslaivas.lv\/ru\/#organization","name":"Jurmalaslaivas.lv","url":"https:\/\/www.jurmalaslaivas.lv\/ru\/","logo":{"@type":"ImageObject","inLanguage":"ru-RU","@id":"https:\/\/www.jurmalaslaivas.lv\/ru\/#\/schema\/logo\/image\/","url":"https:\/\/www.jurmalaslaivas.lv\/wp-content\/uploads\/2022\/11\/jurmalas-laivas-balts-ar-rami.png","contentUrl":"https:\/\/www.jurmalaslaivas.lv\/wp-content\/uploads\/2022\/11\/jurmalas-laivas-balts-ar-rami.png","width":500,"height":500,"caption":"Jurmalaslaivas.lv"},"image":{"@id":"https:\/\/www.jurmalaslaivas.lv\/ru\/#\/schema\/logo\/image\/"},"sameAs":["https:\/\/www.facebook.com\/jurmalaslaivas"]}]}},"_links":{"self":[{"href":"https:\/\/www.jurmalaslaivas.lv\/ru\/wp-json\/wp\/v2\/product\/58595","targetHints":{"allow":["GET"]}}],"collection":[{"href":"https:\/\/www.jurmalaslaivas.lv\/ru\/wp-json\/wp\/v2\/product"}],"about":[{"href":"https:\/\/www.jurmalaslaivas.lv\/ru\/wp-json\/wp\/v2\/types\/product"}],"replies":[{"embeddable":true,"href":"https:\/\/www.jurmalaslaivas.lv\/ru\/wp-json\/wp\/v2\/comments?post=58595"}],"wp:featuredmedia":[{"embeddable":true,"href":"https:\/\/www.jurmalaslaivas.lv\/ru\/wp-json\/wp\/v2\/media\/58585"}],"wp:attachment":[{"href":"https:\/\/www.jurmalaslaivas.lv\/ru\/wp-json\/wp\/v2\/media?parent=58595"}],"wp:term":[{"taxonomy":"product_brand","embeddable":true,"href":"https:\/\/www.jurmalaslaivas.lv\/ru\/wp-json\/wp\/v2\/product_brand?post=58595"},{"taxonomy":"product_cat","embeddable":true,"href":"https:\/\/www.jurmalaslaivas.lv\/ru\/wp-json\/wp\/v2\/product_cat?post=58595"},{"taxonomy":"product_tag","embeddable":true,"href":"https:\/\/www.jurmalaslaivas.lv\/ru\/wp-json\/wp\/v2\/product_tag?post=58595"}],"curies":[{"name":"wp","href":"https:\/\/api.w.org\/{rel}","templated":true}]}}