{"id":58439,"date":"2025-10-25T16:55:58","date_gmt":"2025-10-25T13:55:58","guid":{"rendered":"https:\/\/www.jurmalaslaivas.lv\/product\/minn-kota-dzenskruves-uzgriezna-komplekts-mkp-9-prop-nut-3-8-a\/"},"modified":"2026-02-22T10:50:28","modified_gmt":"2026-02-22T07:50:28","slug":"minn-kota-dzenskruves-uzgriezna-komplekts-mkp-9-prop-nut-3-8-a","status":"publish","type":"product","link":"https:\/\/www.jurmalaslaivas.lv\/ru\/product\/minn-kota-dzenskruves-uzgriezna-komplekts-mkp-9-prop-nut-3-8-a\/","title":{"rendered":"Minn Kota dzenskr\u016bves uzgrie\u017e\u0146a komplekts MKP-9   Prop Nut 3\/8&#8243; (A)"},"content":{"rendered":"<h1>Minn Kota dzenskr\u016bves uzgrie\u017e\u0146a komplekts MKP-9 Prop Nut 3\/8&#8243; (A)<\/h1>\n<p>Minn Kota dzenskr\u016bves uzgrie\u017e\u0146a komplekts MKP-9 Prop Nut 3\/8&#8243; (A)<\/p>\n<p><span class=\"title\">Item #<\/span>\u00a0<span class=\"value\">1865010<\/span><\/p>\n<p>Quickly, easily remove or replace your prop with this kit. Each kit includes a prop nut and washer. A crescent wrench is required for installation<\/p>\n<ul>\n<li>\u200bQuickly, easily remove or replace your prop with this kit.<\/li>\n<\/ul>\n<ul>\n<li>Each kit includes a prop nut, drive pins and lock washers.<\/li>\n<\/ul>\n<ul>\n<li>A crescent wrench is required for installation.<\/li>\n<\/ul>\n<ul>\n<li>Compatible with 3-1\/4&#8243; and 3-5\/8&#8243; diameter, 12 volt and 24 volt trolling motors.<\/li>\n<\/ul>\n<table class=\"table\" data-striping=\"1\">\n<tbody>\n<tr>\n<td>Model<\/td>\n<td>Prop Nut Kit &#8212; A \/ MKP-9<\/td>\n<\/tr>\n<tr>\n<td>Product Code<\/td>\n<td>1865010<\/td>\n<\/tr>\n<tr>\n<td>UPC<\/td>\n<td>0029402650101<\/td>\n<\/tr>\n<tr>\n<td>Warranty<\/td>\n<td>One-Year Warranty<\/td>\n<\/tr>\n<\/tbody>\n<\/table>\n","protected":false},"excerpt":{"rendered":"<p>Minn Kota dzenskr\u016bves uzgrie\u017e\u0146a komplekts MKP-9 Prop Nut 3\/8&#8243; (A) Minn Kota dzenskr\u016bves uzgrie\u017e\u0146a komplekts MKP-9 Prop Nut 3\/8&#8243; (A) Item #\u00a01865010 Quickly, easily remove or replace your prop with this kit. Each kit includes a prop nut and washer. A crescent wrench is required for installation \u200bQuickly, easily remove or replace your prop with [&#8230;]<\/p>\n<p><a class=\"btn btn-secondary understrap-read-more-link\" href=\"https:\/\/www.jurmalaslaivas.lv\/ru\/product\/minn-kota-dzenskruves-uzgriezna-komplekts-mkp-9-prop-nut-3-8-a\/\">\u0427\u0438\u0442\u0430\u0442\u044c \u0434\u0430\u043b\u044c\u0448\u0435\u2026<\/a><\/p>\n","protected":false},"featured_media":58442,"comment_status":"closed","ping_status":"closed","template":"","meta":{"_acf_changed":false,"inline_featured_image":false},"product_brand":[],"product_cat":[810,812,1036],"product_tag":[1967,1974,1969,1809,1968,1973,1975,1971,1970,1972],"class_list":{"0":"post-58439","1":"product","2":"type-product","3":"status-publish","4":"has-post-thumbnail","6":"product_cat-810","7":"product_cat--minn-kota","9":"product_tag-dzenskruves","10":"product_tag-electric-motor-propellers","11":"product_tag-elektromotoru-dzenskruves","12":"product_tag-minn-kota","13":"product_tag-propelleri","14":"product_tag-propellers","15":"product_tag-propellers-for-electric-motors","16":"product_tag-1971","17":"product_tag-1970","18":"product_tag-1972","20":"first","21":"instock","22":"shipping-taxable","23":"purchasable","24":"product-type-simple"},"acf":[],"yoast_head":"<!-- This site is optimized with the Yoast SEO plugin v27.0 - https:\/\/yoast.com\/product\/yoast-seo-wordpress\/ -->\n<title>Minn Kota dzenskr\u016bves uzgrie\u017e\u0146a komplekts MKP-9  Prop Nut 3\/8&quot; (A) - Jurmalas Laivas<\/title>\n<meta name=\"description\" content=\"Minn Kota dzenskr\u016bves uzgrie\u017e\u0146a komplekts MKP-9 Prop Nut 3\/8&quot; (A). Minn Kota dzenskr\u016bves uzgrie\u017e\u0146a komplekts MKP-9 Prop Nut 3\/8&quot; (A)\" \/>\n<meta name=\"robots\" content=\"index, follow, max-snippet:-1, max-image-preview:large, max-video-preview:-1\" \/>\n<link rel=\"canonical\" href=\"https:\/\/www.jurmalaslaivas.lv\/ru\/product\/minn-kota-dzenskruves-uzgriezna-komplekts-mkp-9-prop-nut-3-8-a\/\" \/>\n<meta property=\"og:locale\" content=\"ru_RU\" \/>\n<meta property=\"og:type\" content=\"article\" \/>\n<meta property=\"og:title\" content=\"Minn Kota dzenskr\u016bves uzgrie\u017e\u0146a komplekts MKP-9  Prop Nut 3\/8&quot; (A) - Jurmalas Laivas\" \/>\n<meta property=\"og:description\" content=\"Minn Kota dzenskr\u016bves uzgrie\u017e\u0146a komplekts MKP-9 Prop Nut 3\/8&quot; (A). Minn Kota dzenskr\u016bves uzgrie\u017e\u0146a komplekts MKP-9 Prop Nut 3\/8&quot; (A)\" \/>\n<meta property=\"og:url\" content=\"https:\/\/www.jurmalaslaivas.lv\/ru\/product\/minn-kota-dzenskruves-uzgriezna-komplekts-mkp-9-prop-nut-3-8-a\/\" \/>\n<meta property=\"og:site_name\" content=\"Jurmalas Laivas\" \/>\n<meta property=\"article:publisher\" content=\"https:\/\/www.facebook.com\/jurmalaslaivas\" \/>\n<meta property=\"article:modified_time\" content=\"2026-02-22T07:50:28+00:00\" \/>\n<meta property=\"og:image\" content=\"https:\/\/www.jurmalaslaivas.lv\/wp-content\/uploads\/2025\/10\/MK_1865010_MKP-9_PropNutKit.webp\" \/>\n\t<meta property=\"og:image:width\" content=\"828\" \/>\n\t<meta property=\"og:image:height\" content=\"828\" \/>\n\t<meta property=\"og:image:type\" content=\"image\/webp\" \/>\n<meta name=\"twitter:card\" content=\"summary_large_image\" \/>\n<meta name=\"twitter:label1\" content=\"\u041f\u0440\u0438\u043c\u0435\u0440\u043d\u043e\u0435 \u0432\u0440\u0435\u043c\u044f \u0434\u043b\u044f \u0447\u0442\u0435\u043d\u0438\u044f\" \/>\n\t<meta name=\"twitter:data1\" content=\"1 \u043c\u0438\u043d\u0443\u0442\u0430\" \/>\n<script type=\"application\/ld+json\" class=\"yoast-schema-graph\">{\"@context\":\"https:\/\/schema.org\",\"@graph\":[{\"@type\":\"WebPage\",\"@id\":\"https:\/\/www.jurmalaslaivas.lv\/ru\/product\/minn-kota-dzenskruves-uzgriezna-komplekts-mkp-9-prop-nut-3-8-a\/\",\"url\":\"https:\/\/www.jurmalaslaivas.lv\/ru\/product\/minn-kota-dzenskruves-uzgriezna-komplekts-mkp-9-prop-nut-3-8-a\/\",\"name\":\"Minn Kota dzenskr\u016bves uzgrie\u017e\u0146a komplekts MKP-9 Prop Nut 3\/8\\\" (A) - Jurmalas Laivas\",\"isPartOf\":{\"@id\":\"https:\/\/www.jurmalaslaivas.lv\/ru\/#website\"},\"primaryImageOfPage\":{\"@id\":\"https:\/\/www.jurmalaslaivas.lv\/ru\/product\/minn-kota-dzenskruves-uzgriezna-komplekts-mkp-9-prop-nut-3-8-a\/#primaryimage\"},\"image\":{\"@id\":\"https:\/\/www.jurmalaslaivas.lv\/ru\/product\/minn-kota-dzenskruves-uzgriezna-komplekts-mkp-9-prop-nut-3-8-a\/#primaryimage\"},\"thumbnailUrl\":\"https:\/\/www.jurmalaslaivas.lv\/wp-content\/uploads\/2025\/10\/MK_1865010_MKP-9_PropNutKit.webp\",\"datePublished\":\"2025-10-25T13:55:58+00:00\",\"dateModified\":\"2026-02-22T07:50:28+00:00\",\"description\":\"Minn Kota dzenskr\u016bves uzgrie\u017e\u0146a komplekts MKP-9 Prop Nut 3\/8\\\" (A). Minn Kota dzenskr\u016bves uzgrie\u017e\u0146a komplekts MKP-9 Prop Nut 3\/8\\\" (A)\",\"breadcrumb\":{\"@id\":\"https:\/\/www.jurmalaslaivas.lv\/ru\/product\/minn-kota-dzenskruves-uzgriezna-komplekts-mkp-9-prop-nut-3-8-a\/#breadcrumb\"},\"inLanguage\":\"ru-RU\",\"potentialAction\":[{\"@type\":\"ReadAction\",\"target\":[\"https:\/\/www.jurmalaslaivas.lv\/ru\/product\/minn-kota-dzenskruves-uzgriezna-komplekts-mkp-9-prop-nut-3-8-a\/\"]}]},{\"@type\":\"ImageObject\",\"inLanguage\":\"ru-RU\",\"@id\":\"https:\/\/www.jurmalaslaivas.lv\/ru\/product\/minn-kota-dzenskruves-uzgriezna-komplekts-mkp-9-prop-nut-3-8-a\/#primaryimage\",\"url\":\"https:\/\/www.jurmalaslaivas.lv\/wp-content\/uploads\/2025\/10\/MK_1865010_MKP-9_PropNutKit.webp\",\"contentUrl\":\"https:\/\/www.jurmalaslaivas.lv\/wp-content\/uploads\/2025\/10\/MK_1865010_MKP-9_PropNutKit.webp\",\"width\":828,\"height\":828,\"caption\":\"Minn Kota dzenskr\u016bves uzgrie\u017e\u0146a komplekts MKP-9 Prop Nut 3\/8\\\" (A)\"},{\"@type\":\"BreadcrumbList\",\"@id\":\"https:\/\/www.jurmalaslaivas.lv\/ru\/product\/minn-kota-dzenskruves-uzgriezna-komplekts-mkp-9-prop-nut-3-8-a\/#breadcrumb\",\"itemListElement\":[{\"@type\":\"ListItem\",\"position\":1,\"name\":\"Home\",\"item\":\"https:\/\/www.jurmalaslaivas.lv\/ru\/\"},{\"@type\":\"ListItem\",\"position\":2,\"name\":\"\u041c\u0430\u0433\u0430\u0437\u0438\u043d\",\"item\":\"https:\/\/www.jurmalaslaivas.lv\/ru\/%d0%bc%d0%b0%d0%b3%d0%b0%d0%b7%d0%b8%d0%bd\/\"},{\"@type\":\"ListItem\",\"position\":3,\"name\":\"Minn Kota dzenskr\u016bves uzgrie\u017e\u0146a komplekts MKP-9 Prop Nut 3\/8&#8243; (A)\"}]},{\"@type\":\"WebSite\",\"@id\":\"https:\/\/www.jurmalaslaivas.lv\/ru\/#website\",\"url\":\"https:\/\/www.jurmalaslaivas.lv\/ru\/\",\"name\":\"Jurmalaslaivas.lv\",\"description\":\"Laivu noma un veikals\",\"publisher\":{\"@id\":\"https:\/\/www.jurmalaslaivas.lv\/ru\/#organization\"},\"potentialAction\":[{\"@type\":\"SearchAction\",\"target\":{\"@type\":\"EntryPoint\",\"urlTemplate\":\"https:\/\/www.jurmalaslaivas.lv\/ru\/?s={search_term_string}\"},\"query-input\":{\"@type\":\"PropertyValueSpecification\",\"valueRequired\":true,\"valueName\":\"search_term_string\"}}],\"inLanguage\":\"ru-RU\"},{\"@type\":\"Organization\",\"@id\":\"https:\/\/www.jurmalaslaivas.lv\/ru\/#organization\",\"name\":\"Jurmalaslaivas.lv\",\"url\":\"https:\/\/www.jurmalaslaivas.lv\/ru\/\",\"logo\":{\"@type\":\"ImageObject\",\"inLanguage\":\"ru-RU\",\"@id\":\"https:\/\/www.jurmalaslaivas.lv\/ru\/#\/schema\/logo\/image\/\",\"url\":\"https:\/\/www.jurmalaslaivas.lv\/wp-content\/uploads\/2022\/11\/jurmalas-laivas-balts-ar-rami.png\",\"contentUrl\":\"https:\/\/www.jurmalaslaivas.lv\/wp-content\/uploads\/2022\/11\/jurmalas-laivas-balts-ar-rami.png\",\"width\":500,\"height\":500,\"caption\":\"Jurmalaslaivas.lv\"},\"image\":{\"@id\":\"https:\/\/www.jurmalaslaivas.lv\/ru\/#\/schema\/logo\/image\/\"},\"sameAs\":[\"https:\/\/www.facebook.com\/jurmalaslaivas\"]}]}<\/script>\n<!-- \/ Yoast SEO plugin. -->","yoast_head_json":{"title":"Minn Kota dzenskr\u016bves uzgrie\u017e\u0146a komplekts MKP-9  Prop Nut 3\/8\" (A) - Jurmalas Laivas","description":"Minn Kota dzenskr\u016bves uzgrie\u017e\u0146a komplekts MKP-9 Prop Nut 3\/8\" (A). Minn Kota dzenskr\u016bves uzgrie\u017e\u0146a komplekts MKP-9 Prop Nut 3\/8\" (A)","robots":{"index":"index","follow":"follow","max-snippet":"max-snippet:-1","max-image-preview":"max-image-preview:large","max-video-preview":"max-video-preview:-1"},"canonical":"https:\/\/www.jurmalaslaivas.lv\/ru\/product\/minn-kota-dzenskruves-uzgriezna-komplekts-mkp-9-prop-nut-3-8-a\/","og_locale":"ru_RU","og_type":"article","og_title":"Minn Kota dzenskr\u016bves uzgrie\u017e\u0146a komplekts MKP-9  Prop Nut 3\/8\" (A) - Jurmalas Laivas","og_description":"Minn Kota dzenskr\u016bves uzgrie\u017e\u0146a komplekts MKP-9 Prop Nut 3\/8\" (A). Minn Kota dzenskr\u016bves uzgrie\u017e\u0146a komplekts MKP-9 Prop Nut 3\/8\" (A)","og_url":"https:\/\/www.jurmalaslaivas.lv\/ru\/product\/minn-kota-dzenskruves-uzgriezna-komplekts-mkp-9-prop-nut-3-8-a\/","og_site_name":"Jurmalas Laivas","article_publisher":"https:\/\/www.facebook.com\/jurmalaslaivas","article_modified_time":"2026-02-22T07:50:28+00:00","og_image":[{"width":828,"height":828,"url":"https:\/\/www.jurmalaslaivas.lv\/wp-content\/uploads\/2025\/10\/MK_1865010_MKP-9_PropNutKit.webp","type":"image\/webp"}],"twitter_card":"summary_large_image","twitter_misc":{"\u041f\u0440\u0438\u043c\u0435\u0440\u043d\u043e\u0435 \u0432\u0440\u0435\u043c\u044f \u0434\u043b\u044f \u0447\u0442\u0435\u043d\u0438\u044f":"1 \u043c\u0438\u043d\u0443\u0442\u0430"},"schema":{"@context":"https:\/\/schema.org","@graph":[{"@type":"WebPage","@id":"https:\/\/www.jurmalaslaivas.lv\/ru\/product\/minn-kota-dzenskruves-uzgriezna-komplekts-mkp-9-prop-nut-3-8-a\/","url":"https:\/\/www.jurmalaslaivas.lv\/ru\/product\/minn-kota-dzenskruves-uzgriezna-komplekts-mkp-9-prop-nut-3-8-a\/","name":"Minn Kota dzenskr\u016bves uzgrie\u017e\u0146a komplekts MKP-9 Prop Nut 3\/8\" (A) - Jurmalas Laivas","isPartOf":{"@id":"https:\/\/www.jurmalaslaivas.lv\/ru\/#website"},"primaryImageOfPage":{"@id":"https:\/\/www.jurmalaslaivas.lv\/ru\/product\/minn-kota-dzenskruves-uzgriezna-komplekts-mkp-9-prop-nut-3-8-a\/#primaryimage"},"image":{"@id":"https:\/\/www.jurmalaslaivas.lv\/ru\/product\/minn-kota-dzenskruves-uzgriezna-komplekts-mkp-9-prop-nut-3-8-a\/#primaryimage"},"thumbnailUrl":"https:\/\/www.jurmalaslaivas.lv\/wp-content\/uploads\/2025\/10\/MK_1865010_MKP-9_PropNutKit.webp","datePublished":"2025-10-25T13:55:58+00:00","dateModified":"2026-02-22T07:50:28+00:00","description":"Minn Kota dzenskr\u016bves uzgrie\u017e\u0146a komplekts MKP-9 Prop Nut 3\/8\" (A). Minn Kota dzenskr\u016bves uzgrie\u017e\u0146a komplekts MKP-9 Prop Nut 3\/8\" (A)","breadcrumb":{"@id":"https:\/\/www.jurmalaslaivas.lv\/ru\/product\/minn-kota-dzenskruves-uzgriezna-komplekts-mkp-9-prop-nut-3-8-a\/#breadcrumb"},"inLanguage":"ru-RU","potentialAction":[{"@type":"ReadAction","target":["https:\/\/www.jurmalaslaivas.lv\/ru\/product\/minn-kota-dzenskruves-uzgriezna-komplekts-mkp-9-prop-nut-3-8-a\/"]}]},{"@type":"ImageObject","inLanguage":"ru-RU","@id":"https:\/\/www.jurmalaslaivas.lv\/ru\/product\/minn-kota-dzenskruves-uzgriezna-komplekts-mkp-9-prop-nut-3-8-a\/#primaryimage","url":"https:\/\/www.jurmalaslaivas.lv\/wp-content\/uploads\/2025\/10\/MK_1865010_MKP-9_PropNutKit.webp","contentUrl":"https:\/\/www.jurmalaslaivas.lv\/wp-content\/uploads\/2025\/10\/MK_1865010_MKP-9_PropNutKit.webp","width":828,"height":828,"caption":"Minn Kota dzenskr\u016bves uzgrie\u017e\u0146a komplekts MKP-9 Prop Nut 3\/8\" (A)"},{"@type":"BreadcrumbList","@id":"https:\/\/www.jurmalaslaivas.lv\/ru\/product\/minn-kota-dzenskruves-uzgriezna-komplekts-mkp-9-prop-nut-3-8-a\/#breadcrumb","itemListElement":[{"@type":"ListItem","position":1,"name":"Home","item":"https:\/\/www.jurmalaslaivas.lv\/ru\/"},{"@type":"ListItem","position":2,"name":"\u041c\u0430\u0433\u0430\u0437\u0438\u043d","item":"https:\/\/www.jurmalaslaivas.lv\/ru\/%d0%bc%d0%b0%d0%b3%d0%b0%d0%b7%d0%b8%d0%bd\/"},{"@type":"ListItem","position":3,"name":"Minn Kota dzenskr\u016bves uzgrie\u017e\u0146a komplekts MKP-9 Prop Nut 3\/8&#8243; (A)"}]},{"@type":"WebSite","@id":"https:\/\/www.jurmalaslaivas.lv\/ru\/#website","url":"https:\/\/www.jurmalaslaivas.lv\/ru\/","name":"Jurmalaslaivas.lv","description":"Laivu noma un veikals","publisher":{"@id":"https:\/\/www.jurmalaslaivas.lv\/ru\/#organization"},"potentialAction":[{"@type":"SearchAction","target":{"@type":"EntryPoint","urlTemplate":"https:\/\/www.jurmalaslaivas.lv\/ru\/?s={search_term_string}"},"query-input":{"@type":"PropertyValueSpecification","valueRequired":true,"valueName":"search_term_string"}}],"inLanguage":"ru-RU"},{"@type":"Organization","@id":"https:\/\/www.jurmalaslaivas.lv\/ru\/#organization","name":"Jurmalaslaivas.lv","url":"https:\/\/www.jurmalaslaivas.lv\/ru\/","logo":{"@type":"ImageObject","inLanguage":"ru-RU","@id":"https:\/\/www.jurmalaslaivas.lv\/ru\/#\/schema\/logo\/image\/","url":"https:\/\/www.jurmalaslaivas.lv\/wp-content\/uploads\/2022\/11\/jurmalas-laivas-balts-ar-rami.png","contentUrl":"https:\/\/www.jurmalaslaivas.lv\/wp-content\/uploads\/2022\/11\/jurmalas-laivas-balts-ar-rami.png","width":500,"height":500,"caption":"Jurmalaslaivas.lv"},"image":{"@id":"https:\/\/www.jurmalaslaivas.lv\/ru\/#\/schema\/logo\/image\/"},"sameAs":["https:\/\/www.facebook.com\/jurmalaslaivas"]}]}},"_links":{"self":[{"href":"https:\/\/www.jurmalaslaivas.lv\/ru\/wp-json\/wp\/v2\/product\/58439","targetHints":{"allow":["GET"]}}],"collection":[{"href":"https:\/\/www.jurmalaslaivas.lv\/ru\/wp-json\/wp\/v2\/product"}],"about":[{"href":"https:\/\/www.jurmalaslaivas.lv\/ru\/wp-json\/wp\/v2\/types\/product"}],"replies":[{"embeddable":true,"href":"https:\/\/www.jurmalaslaivas.lv\/ru\/wp-json\/wp\/v2\/comments?post=58439"}],"wp:featuredmedia":[{"embeddable":true,"href":"https:\/\/www.jurmalaslaivas.lv\/ru\/wp-json\/wp\/v2\/media\/58442"}],"wp:attachment":[{"href":"https:\/\/www.jurmalaslaivas.lv\/ru\/wp-json\/wp\/v2\/media?parent=58439"}],"wp:term":[{"taxonomy":"product_brand","embeddable":true,"href":"https:\/\/www.jurmalaslaivas.lv\/ru\/wp-json\/wp\/v2\/product_brand?post=58439"},{"taxonomy":"product_cat","embeddable":true,"href":"https:\/\/www.jurmalaslaivas.lv\/ru\/wp-json\/wp\/v2\/product_cat?post=58439"},{"taxonomy":"product_tag","embeddable":true,"href":"https:\/\/www.jurmalaslaivas.lv\/ru\/wp-json\/wp\/v2\/product_tag?post=58439"}],"curies":[{"name":"wp","href":"https:\/\/api.w.org\/{rel}","templated":true}]}}