{"id":54533,"date":"2024-03-18T09:37:36","date_gmt":"2024-03-18T06:37:36","guid":{"rendered":"https:\/\/www.jurmalaslaivas.lv\/product\/motorlaiva-itk-510\/"},"modified":"2026-02-12T18:26:23","modified_gmt":"2026-02-12T15:26:23","slug":"%d0%b1-%d1%83-%d0%bc%d0%be%d1%82%d0%be%d1%80%d0%bd%d0%b0%d1%8f-%d0%bb%d0%be%d0%b4%d0%ba%d0%b0-itk-510-%d0%ba%d0%be%d0%bc%d0%bf%d0%bb%d0%b5%d0%ba%d1%82-%d0%bc%d0%be%d1%82%d0%be%d1%80-%d0%bf%d1%80%d0%b8","status":"publish","type":"product","link":"https:\/\/www.jurmalaslaivas.lv\/ru\/product\/%d0%b1-%d1%83-%d0%bc%d0%be%d1%82%d0%be%d1%80%d0%bd%d0%b0%d1%8f-%d0%bb%d0%be%d0%b4%d0%ba%d0%b0-itk-510-%d0%ba%d0%be%d0%bc%d0%bf%d0%bb%d0%b5%d0%ba%d1%82-%d0%bc%d0%be%d1%82%d0%be%d1%80-%d0%bf%d1%80%d0%b8\/","title":{"rendered":"\u0411\/\u0443 \u043c\u043e\u0442\u043e\u0440\u043d\u0430\u044f \u043b\u043e\u0434\u043a\u0430 ITK 510 \u043a\u043e\u043c\u043f\u043b\u0435\u043a\u0442 \u043c\u043e\u0442\u043e\u0440 \u043f\u0440\u0438\u0446\u0435\u043f \u0431\u0430\u0448\u043d\u044f \u0434\u043b\u044f \u0432\u043e\u0434\u043d\u044b\u0445 \u043b\u044b\u0436"},"content":{"rendered":"<h1>\u0411\/\u0443 \u043c\u043e\u0442\u043e\u0440\u043d\u0430\u044f \u043b\u043e\u0434\u043a\u0430 ITK 510 \u043a\u043e\u043c\u043f\u043b\u0435\u043a\u0442 \u043c\u043e\u0442\u043e\u0440 \u043f\u0440\u0438\u0446\u0435\u043f \u0431\u0430\u0448\u043d\u044f \u0434\u043b\u044f \u0432\u043e\u0434\u043d\u044b\u0445 \u043b\u044b\u0436<\/h1>\n<p>\u0411\/\u0443 \u043c\u043e\u0442\u043e\u0440\u043d\u0430\u044f \u043b\u043e\u0434\u043a\u0430 ITK 510 \u043a\u043e\u043c\u043f\u043b\u0435\u043a\u0442 \u043c\u043e\u0442\u043e\u0440 \u043f\u0440\u0438\u0446\u0435\u043f \u0431\u0430\u0448\u043d\u044f \u0434\u043b\u044f \u0432\u043e\u0434\u043d\u044b\u0445 \u043b\u044b\u0436<\/p>\n<p>Motorlaiva ITK 510<br \/>\n2004. gads<br \/>\nGarums: 510 cm<br \/>\nPlatums: 190 cm<br \/>\nKravnes\u012bba: 600 kg<br \/>\nVietu skaits: 5<\/p>\n<p>Piekarin\u0101mais motors Evinrude 90 E-TEC<br \/>\n67 KW<br \/>\n2022. gads<br \/>\nVisas apkopes pie Evinrude d\u012blera SDK.<\/p>\n<p>Laivu piekabe Russo Balt RB 110730<br \/>\n2002. gads.<br \/>\nTehnisk\u0101 apskate.<br \/>\nPilna masa: 750 kg.<br \/>\nPa\u0161masa: 175 kg.<br \/>\n2023. gad\u0101 uzlikti jauni gult\u0146i, jauni vadi un LED apgaismojums.<\/p>\n<p>Viss ir teicam\u0101 tehnisk\u0101 k\u0101rt\u012bb\u0101.<\/p>\n<p>\u041c\u043e\u0442\u043e\u0440\u043d\u0430\u044f \u043b\u043e\u0434\u043a\u0430 \u0418\u0422\u041a 510.<br \/>\n2004 \u0433.<br \/>\n\u0414\u043b\u0438\u043d\u0430: 510 \u0441\u043c<br \/>\n\u0428\u0438\u0440\u0438\u043d\u0430: 190 \u0441\u043c<br \/>\n\u0413\u0440\u0443\u0437\u043e\u043f\u043e\u0434\u044a\u0435\u043c\u043d\u043e\u0441\u0442\u044c: 600 \u043a\u0433<br \/>\n\u041a\u043e\u043b\u0438\u0447\u0435\u0441\u0442\u0432\u043e \u043c\u0435\u0441\u0442: 5<\/p>\n<p>\u041b\u043e\u0434\u043e\u0447\u043d\u044b\u0439 \u043c\u043e\u0442\u043e\u0440 Evinrude 90 E-TEC<br \/>\n67 \u041a\u0412\u0442<br \/>\n2022 \u0433\u043e\u0434<br \/>\n\u0412\u0441\u0435 \u043e\u0431\u0441\u043b\u0443\u0436\u0438\u0432\u0430\u043d\u0438\u0435 \u0443 \u0434\u0438\u043b\u0435\u0440\u0430 Evinrude SDK.<\/p>\n<p>\u041f\u0440\u0438\u0446\u0435\u043f \u0434\u043b\u044f \u043b\u043e\u0434\u043a\u0438 \u0420\u0443\u0441\u0441\u043e \u0411\u0430\u043b\u0442 RB 110730<br \/>\n2002 \u0433.<br \/>\n\u0422\u0435\u0445\u043d\u0438\u0447\u0435\u0441\u043a\u0438\u0439 \u043e\u0441\u043c\u043e\u0442\u0440 \u0434\u043e \u043e\u043a\u0442\u044f\u0431\u0440\u044f 2024 \u0433\u043e\u0434\u0430.<br \/>\n\u041f\u043e\u043b\u043d\u0430\u044f \u043c\u0430\u0441\u0441\u0430: 750 \u043a\u0433.<br \/>\n\u0412\u0435\u0441 \u043d\u0435\u0442\u0442\u043e: 175 \u043a\u0433.<br \/>\n\u0412 2023 \u0433\u043e\u0434\u0443 \u0443\u0441\u0442\u0430\u043d\u043e\u0432\u043b\u0435\u043d\u044b \u043d\u043e\u0432\u044b\u0435 \u043f\u043e\u0434\u0448\u0438\u043f\u043d\u0438\u043a\u0438, \u043d\u043e\u0432\u044b\u0435 \u043f\u0440\u043e\u0432\u043e\u0434\u0430 \u0438 \u0441\u0432\u0435\u0442\u043e\u0434\u0438\u043e\u0434\u043d\u043e\u0435 \u043e\u0441\u0432\u0435\u0449\u0435\u043d\u0438\u0435 LED.<\/p>\n<p>\u0412\u0441\u0435 \u0432 \u043e\u0442\u043b\u0438\u0447\u043d\u043e\u043c \u0442\u0435\u0445\u043d\u0438\u0447\u0435\u0441\u043a\u043e\u043c \u0441\u043e\u0441\u0442\u043e\u044f\u043d\u0438\u0438<\/p>\n<p>Motorboat Itk 510<br \/>\nProduction year 2004<br \/>\nLength: 510 cm<br \/>\nWidth: 190 cm<br \/>\nLoad capacity: 600 kg<br \/>\nNumber of seats: 5<\/p>\n<p>Outboard motor Evinrude 90 E-TEC<br \/>\n67 KW<br \/>\nProduction year 2022<br \/>\nAll service at Evinrude dealer SDK.<\/p>\n<p>Boat trailer Russo Balt RB 110730<br \/>\nProduction year 2002.<br \/>\nFull weight: 750 kg.<br \/>\nNet weight: 175 kg.<br \/>\nIn 2023, new bearings, new wires, and LED lighting were installed.<\/p>\n<p>Everything is in excellent technical condition.<\/p>\n","protected":false},"excerpt":{"rendered":"<p>\u0411\/\u0443 \u043c\u043e\u0442\u043e\u0440\u043d\u0430\u044f \u043b\u043e\u0434\u043a\u0430 ITK 510 \u043a\u043e\u043c\u043f\u043b\u0435\u043a\u0442 \u043c\u043e\u0442\u043e\u0440 \u043f\u0440\u0438\u0446\u0435\u043f \u0431\u0430\u0448\u043d\u044f \u0434\u043b\u044f \u0432\u043e\u0434\u043d\u044b\u0445 \u043b\u044b\u0436 \u0411\/\u0443 \u043c\u043e\u0442\u043e\u0440\u043d\u0430\u044f \u043b\u043e\u0434\u043a\u0430 ITK 510 \u043a\u043e\u043c\u043f\u043b\u0435\u043a\u0442 \u043c\u043e\u0442\u043e\u0440 \u043f\u0440\u0438\u0446\u0435\u043f \u0431\u0430\u0448\u043d\u044f \u0434\u043b\u044f \u0432\u043e\u0434\u043d\u044b\u0445 \u043b\u044b\u0436 Motorlaiva ITK 510 2004. gads Garums: 510 cm Platums: 190 cm Kravnes\u012bba: 600 kg Vietu skaits: 5 Piekarin\u0101mais motors Evinrude 90 E-TEC 67 KW 2022. gads Visas apkopes pie Evinrude d\u012blera [&#8230;]<\/p>\n<p><a class=\"btn btn-secondary understrap-read-more-link\" href=\"https:\/\/www.jurmalaslaivas.lv\/ru\/product\/%d0%b1-%d1%83-%d0%bc%d0%be%d1%82%d0%be%d1%80%d0%bd%d0%b0%d1%8f-%d0%bb%d0%be%d0%b4%d0%ba%d0%b0-itk-510-%d0%ba%d0%be%d0%bc%d0%bf%d0%bb%d0%b5%d0%ba%d1%82-%d0%bc%d0%be%d1%82%d0%be%d1%80-%d0%bf%d1%80%d0%b8\/\">\u0427\u0438\u0442\u0430\u0442\u044c \u0434\u0430\u043b\u044c\u0448\u0435\u2026<\/a><\/p>\n","protected":false},"featured_media":54525,"comment_status":"closed","ping_status":"closed","template":"","meta":{"_acf_changed":false,"inline_featured_image":false},"product_brand":[],"product_cat":[1009,1075,368,423],"product_tag":[1761,1762,1763,1764,1765,1682,1766,1767,1683,1768,1769,1770,1771,1772,1773,1774,1775,1776],"class_list":{"0":"post-54533","1":"product","2":"type-product","3":"status-publish","4":"has-post-thumbnail","6":"product_cat-1009","7":"product_cat-1075","8":"product_cat-368","9":"product_cat-sakuma-lapa-ru-2","10":"product_tag-boat-motor","11":"product_tag-boat-trailer","12":"product_tag-laivu-motors","13":"product_tag-laivu-piekabe","14":"product_tag-lietota-laiva","15":"product_tag-lietota-motorlaiva","16":"product_tag-udenssleposanas-laiva","17":"product_tag-used-boat","18":"product_tag-used-motorboat","19":"product_tag-veikborda-laiva","20":"product_tag-wakeboard-boat","21":"product_tag-water-ski-boat","22":"product_tag-1771","23":"product_tag-1772","24":"product_tag-1773","25":"product_tag-1774","26":"product_tag-1775","27":"product_tag-1776","29":"first","30":"instock","31":"shipping-taxable","32":"purchasable","33":"product-type-simple"},"acf":[],"yoast_head":"<!-- This site is optimized with the Yoast SEO plugin v27.0 - https:\/\/yoast.com\/product\/yoast-seo-wordpress\/ -->\n<title>\u0411\/\u0443 \u043c\u043e\u0442\u043e\u0440\u043d\u0430\u044f \u043b\u043e\u0434\u043a\u0430 ITK 510 \u043a\u043e\u043c\u043f\u043b\u0435\u043a\u0442 \u043c\u043e\u0442\u043e\u0440 \u043f\u0440\u0438\u0446\u0435\u043f \u0431\u0430\u0448\u043d\u044f \u0434\u043b\u044f \u0432\u043e\u0434\u043d\u044b\u0445 \u043b\u044b\u0436 - Jurmalas Laivas<\/title>\n<meta name=\"description\" content=\"\u0411\/\u0443 \u043c\u043e\u0442\u043e\u0440\u043d\u0430\u044f \u043b\u043e\u0434\u043a\u0430 ITK 510 \u043a\u043e\u043c\u043f\u043b\u0435\u043a\u0442 \u043c\u043e\u0442\u043e\u0440 \u043f\u0440\u0438\u0446\u0435\u043f \u0431\u0430\u0448\u043d\u044f \u0434\u043b\u044f \u0432\u043e\u0434\u043d\u044b\u0445 \u043b\u044b\u0436\" \/>\n<meta name=\"robots\" content=\"index, follow, max-snippet:-1, max-image-preview:large, max-video-preview:-1\" \/>\n<link rel=\"canonical\" href=\"https:\/\/www.jurmalaslaivas.lv\/ru\/product\/%d0%b1-%d1%83-%d0%bc%d0%be%d1%82%d0%be%d1%80%d0%bd%d0%b0%d1%8f-%d0%bb%d0%be%d0%b4%d0%ba%d0%b0-itk-510-%d0%ba%d0%be%d0%bc%d0%bf%d0%bb%d0%b5%d0%ba%d1%82-%d0%bc%d0%be%d1%82%d0%be%d1%80-%d0%bf%d1%80%d0%b8\/\" \/>\n<meta property=\"og:locale\" content=\"ru_RU\" \/>\n<meta property=\"og:type\" content=\"article\" \/>\n<meta property=\"og:title\" content=\"\u0411\/\u0443 \u043c\u043e\u0442\u043e\u0440\u043d\u0430\u044f \u043b\u043e\u0434\u043a\u0430 ITK 510 \u043a\u043e\u043c\u043f\u043b\u0435\u043a\u0442 \u043c\u043e\u0442\u043e\u0440 \u043f\u0440\u0438\u0446\u0435\u043f \u0431\u0430\u0448\u043d\u044f \u0434\u043b\u044f \u0432\u043e\u0434\u043d\u044b\u0445 \u043b\u044b\u0436 - Jurmalas Laivas\" \/>\n<meta property=\"og:description\" content=\"\u0411\/\u0443 \u043c\u043e\u0442\u043e\u0440\u043d\u0430\u044f \u043b\u043e\u0434\u043a\u0430 ITK 510 \u043a\u043e\u043c\u043f\u043b\u0435\u043a\u0442 \u043c\u043e\u0442\u043e\u0440 \u043f\u0440\u0438\u0446\u0435\u043f \u0431\u0430\u0448\u043d\u044f \u0434\u043b\u044f \u0432\u043e\u0434\u043d\u044b\u0445 \u043b\u044b\u0436\" \/>\n<meta property=\"og:url\" content=\"https:\/\/www.jurmalaslaivas.lv\/ru\/product\/%d0%b1-%d1%83-%d0%bc%d0%be%d1%82%d0%be%d1%80%d0%bd%d0%b0%d1%8f-%d0%bb%d0%be%d0%b4%d0%ba%d0%b0-itk-510-%d0%ba%d0%be%d0%bc%d0%bf%d0%bb%d0%b5%d0%ba%d1%82-%d0%bc%d0%be%d1%82%d0%be%d1%80-%d0%bf%d1%80%d0%b8\/\" \/>\n<meta property=\"og:site_name\" content=\"Jurmalas Laivas\" \/>\n<meta property=\"article:publisher\" content=\"https:\/\/www.facebook.com\/jurmalaslaivas\" \/>\n<meta property=\"article:modified_time\" content=\"2026-02-12T15:26:23+00:00\" \/>\n<meta property=\"og:image\" content=\"https:\/\/www.jurmalaslaivas.lv\/wp-content\/uploads\/2024\/03\/20240313_153548-scaled.jpg\" \/>\n\t<meta property=\"og:image:width\" content=\"1442\" \/>\n\t<meta property=\"og:image:height\" content=\"2560\" \/>\n\t<meta property=\"og:image:type\" content=\"image\/jpeg\" \/>\n<meta name=\"twitter:card\" content=\"summary_large_image\" \/>\n<meta name=\"twitter:label1\" content=\"\u041f\u0440\u0438\u043c\u0435\u0440\u043d\u043e\u0435 \u0432\u0440\u0435\u043c\u044f \u0434\u043b\u044f \u0447\u0442\u0435\u043d\u0438\u044f\" \/>\n\t<meta name=\"twitter:data1\" content=\"2 \u043c\u0438\u043d\u0443\u0442\u044b\" \/>\n<script type=\"application\/ld+json\" class=\"yoast-schema-graph\">{\"@context\":\"https:\/\/schema.org\",\"@graph\":[{\"@type\":\"WebPage\",\"@id\":\"https:\/\/www.jurmalaslaivas.lv\/ru\/product\/%d0%b1-%d1%83-%d0%bc%d0%be%d1%82%d0%be%d1%80%d0%bd%d0%b0%d1%8f-%d0%bb%d0%be%d0%b4%d0%ba%d0%b0-itk-510-%d0%ba%d0%be%d0%bc%d0%bf%d0%bb%d0%b5%d0%ba%d1%82-%d0%bc%d0%be%d1%82%d0%be%d1%80-%d0%bf%d1%80%d0%b8\/\",\"url\":\"https:\/\/www.jurmalaslaivas.lv\/ru\/product\/%d0%b1-%d1%83-%d0%bc%d0%be%d1%82%d0%be%d1%80%d0%bd%d0%b0%d1%8f-%d0%bb%d0%be%d0%b4%d0%ba%d0%b0-itk-510-%d0%ba%d0%be%d0%bc%d0%bf%d0%bb%d0%b5%d0%ba%d1%82-%d0%bc%d0%be%d1%82%d0%be%d1%80-%d0%bf%d1%80%d0%b8\/\",\"name\":\"\u0411\/\u0443 \u043c\u043e\u0442\u043e\u0440\u043d\u0430\u044f \u043b\u043e\u0434\u043a\u0430 ITK 510 \u043a\u043e\u043c\u043f\u043b\u0435\u043a\u0442 \u043c\u043e\u0442\u043e\u0440 \u043f\u0440\u0438\u0446\u0435\u043f \u0431\u0430\u0448\u043d\u044f \u0434\u043b\u044f \u0432\u043e\u0434\u043d\u044b\u0445 \u043b\u044b\u0436 - Jurmalas Laivas\",\"isPartOf\":{\"@id\":\"https:\/\/www.jurmalaslaivas.lv\/ru\/#website\"},\"primaryImageOfPage\":{\"@id\":\"https:\/\/www.jurmalaslaivas.lv\/ru\/product\/%d0%b1-%d1%83-%d0%bc%d0%be%d1%82%d0%be%d1%80%d0%bd%d0%b0%d1%8f-%d0%bb%d0%be%d0%b4%d0%ba%d0%b0-itk-510-%d0%ba%d0%be%d0%bc%d0%bf%d0%bb%d0%b5%d0%ba%d1%82-%d0%bc%d0%be%d1%82%d0%be%d1%80-%d0%bf%d1%80%d0%b8\/#primaryimage\"},\"image\":{\"@id\":\"https:\/\/www.jurmalaslaivas.lv\/ru\/product\/%d0%b1-%d1%83-%d0%bc%d0%be%d1%82%d0%be%d1%80%d0%bd%d0%b0%d1%8f-%d0%bb%d0%be%d0%b4%d0%ba%d0%b0-itk-510-%d0%ba%d0%be%d0%bc%d0%bf%d0%bb%d0%b5%d0%ba%d1%82-%d0%bc%d0%be%d1%82%d0%be%d1%80-%d0%bf%d1%80%d0%b8\/#primaryimage\"},\"thumbnailUrl\":\"https:\/\/www.jurmalaslaivas.lv\/wp-content\/uploads\/2024\/03\/20240313_153548-scaled.jpg\",\"datePublished\":\"2024-03-18T06:37:36+00:00\",\"dateModified\":\"2026-02-12T15:26:23+00:00\",\"description\":\"\u0411\/\u0443 \u043c\u043e\u0442\u043e\u0440\u043d\u0430\u044f \u043b\u043e\u0434\u043a\u0430 ITK 510 \u043a\u043e\u043c\u043f\u043b\u0435\u043a\u0442 \u043c\u043e\u0442\u043e\u0440 \u043f\u0440\u0438\u0446\u0435\u043f \u0431\u0430\u0448\u043d\u044f \u0434\u043b\u044f \u0432\u043e\u0434\u043d\u044b\u0445 \u043b\u044b\u0436\",\"breadcrumb\":{\"@id\":\"https:\/\/www.jurmalaslaivas.lv\/ru\/product\/%d0%b1-%d1%83-%d0%bc%d0%be%d1%82%d0%be%d1%80%d0%bd%d0%b0%d1%8f-%d0%bb%d0%be%d0%b4%d0%ba%d0%b0-itk-510-%d0%ba%d0%be%d0%bc%d0%bf%d0%bb%d0%b5%d0%ba%d1%82-%d0%bc%d0%be%d1%82%d0%be%d1%80-%d0%bf%d1%80%d0%b8\/#breadcrumb\"},\"inLanguage\":\"ru-RU\",\"potentialAction\":[{\"@type\":\"ReadAction\",\"target\":[\"https:\/\/www.jurmalaslaivas.lv\/ru\/product\/%d0%b1-%d1%83-%d0%bc%d0%be%d1%82%d0%be%d1%80%d0%bd%d0%b0%d1%8f-%d0%bb%d0%be%d0%b4%d0%ba%d0%b0-itk-510-%d0%ba%d0%be%d0%bc%d0%bf%d0%bb%d0%b5%d0%ba%d1%82-%d0%bc%d0%be%d1%82%d0%be%d1%80-%d0%bf%d1%80%d0%b8\/\"]}]},{\"@type\":\"ImageObject\",\"inLanguage\":\"ru-RU\",\"@id\":\"https:\/\/www.jurmalaslaivas.lv\/ru\/product\/%d0%b1-%d1%83-%d0%bc%d0%be%d1%82%d0%be%d1%80%d0%bd%d0%b0%d1%8f-%d0%bb%d0%be%d0%b4%d0%ba%d0%b0-itk-510-%d0%ba%d0%be%d0%bc%d0%bf%d0%bb%d0%b5%d0%ba%d1%82-%d0%bc%d0%be%d1%82%d0%be%d1%80-%d0%bf%d1%80%d0%b8\/#primaryimage\",\"url\":\"https:\/\/www.jurmalaslaivas.lv\/wp-content\/uploads\/2024\/03\/20240313_153548-scaled.jpg\",\"contentUrl\":\"https:\/\/www.jurmalaslaivas.lv\/wp-content\/uploads\/2024\/03\/20240313_153548-scaled.jpg\",\"width\":1442,\"height\":2560,\"caption\":\"Motorlaiva ITK 510\"},{\"@type\":\"BreadcrumbList\",\"@id\":\"https:\/\/www.jurmalaslaivas.lv\/ru\/product\/%d0%b1-%d1%83-%d0%bc%d0%be%d1%82%d0%be%d1%80%d0%bd%d0%b0%d1%8f-%d0%bb%d0%be%d0%b4%d0%ba%d0%b0-itk-510-%d0%ba%d0%be%d0%bc%d0%bf%d0%bb%d0%b5%d0%ba%d1%82-%d0%bc%d0%be%d1%82%d0%be%d1%80-%d0%bf%d1%80%d0%b8\/#breadcrumb\",\"itemListElement\":[{\"@type\":\"ListItem\",\"position\":1,\"name\":\"Home\",\"item\":\"https:\/\/www.jurmalaslaivas.lv\/ru\/\"},{\"@type\":\"ListItem\",\"position\":2,\"name\":\"\u041c\u0430\u0433\u0430\u0437\u0438\u043d\",\"item\":\"https:\/\/www.jurmalaslaivas.lv\/ru\/%d0%bc%d0%b0%d0%b3%d0%b0%d0%b7%d0%b8%d0%bd\/\"},{\"@type\":\"ListItem\",\"position\":3,\"name\":\"\u0411\/\u0443 \u043c\u043e\u0442\u043e\u0440\u043d\u0430\u044f \u043b\u043e\u0434\u043a\u0430 ITK 510 \u043a\u043e\u043c\u043f\u043b\u0435\u043a\u0442 \u043c\u043e\u0442\u043e\u0440 \u043f\u0440\u0438\u0446\u0435\u043f \u0431\u0430\u0448\u043d\u044f \u0434\u043b\u044f \u0432\u043e\u0434\u043d\u044b\u0445 \u043b\u044b\u0436\"}]},{\"@type\":\"WebSite\",\"@id\":\"https:\/\/www.jurmalaslaivas.lv\/ru\/#website\",\"url\":\"https:\/\/www.jurmalaslaivas.lv\/ru\/\",\"name\":\"Jurmalaslaivas.lv\",\"description\":\"Laivu noma un veikals\",\"publisher\":{\"@id\":\"https:\/\/www.jurmalaslaivas.lv\/ru\/#organization\"},\"potentialAction\":[{\"@type\":\"SearchAction\",\"target\":{\"@type\":\"EntryPoint\",\"urlTemplate\":\"https:\/\/www.jurmalaslaivas.lv\/ru\/?s={search_term_string}\"},\"query-input\":{\"@type\":\"PropertyValueSpecification\",\"valueRequired\":true,\"valueName\":\"search_term_string\"}}],\"inLanguage\":\"ru-RU\"},{\"@type\":\"Organization\",\"@id\":\"https:\/\/www.jurmalaslaivas.lv\/ru\/#organization\",\"name\":\"Jurmalaslaivas.lv\",\"url\":\"https:\/\/www.jurmalaslaivas.lv\/ru\/\",\"logo\":{\"@type\":\"ImageObject\",\"inLanguage\":\"ru-RU\",\"@id\":\"https:\/\/www.jurmalaslaivas.lv\/ru\/#\/schema\/logo\/image\/\",\"url\":\"https:\/\/www.jurmalaslaivas.lv\/wp-content\/uploads\/2022\/11\/jurmalas-laivas-balts-ar-rami.png\",\"contentUrl\":\"https:\/\/www.jurmalaslaivas.lv\/wp-content\/uploads\/2022\/11\/jurmalas-laivas-balts-ar-rami.png\",\"width\":500,\"height\":500,\"caption\":\"Jurmalaslaivas.lv\"},\"image\":{\"@id\":\"https:\/\/www.jurmalaslaivas.lv\/ru\/#\/schema\/logo\/image\/\"},\"sameAs\":[\"https:\/\/www.facebook.com\/jurmalaslaivas\"]}]}<\/script>\n<!-- \/ Yoast SEO plugin. -->","yoast_head_json":{"title":"\u0411\/\u0443 \u043c\u043e\u0442\u043e\u0440\u043d\u0430\u044f \u043b\u043e\u0434\u043a\u0430 ITK 510 \u043a\u043e\u043c\u043f\u043b\u0435\u043a\u0442 \u043c\u043e\u0442\u043e\u0440 \u043f\u0440\u0438\u0446\u0435\u043f \u0431\u0430\u0448\u043d\u044f \u0434\u043b\u044f \u0432\u043e\u0434\u043d\u044b\u0445 \u043b\u044b\u0436 - Jurmalas Laivas","description":"\u0411\/\u0443 \u043c\u043e\u0442\u043e\u0440\u043d\u0430\u044f \u043b\u043e\u0434\u043a\u0430 ITK 510 \u043a\u043e\u043c\u043f\u043b\u0435\u043a\u0442 \u043c\u043e\u0442\u043e\u0440 \u043f\u0440\u0438\u0446\u0435\u043f \u0431\u0430\u0448\u043d\u044f \u0434\u043b\u044f \u0432\u043e\u0434\u043d\u044b\u0445 \u043b\u044b\u0436","robots":{"index":"index","follow":"follow","max-snippet":"max-snippet:-1","max-image-preview":"max-image-preview:large","max-video-preview":"max-video-preview:-1"},"canonical":"https:\/\/www.jurmalaslaivas.lv\/ru\/product\/%d0%b1-%d1%83-%d0%bc%d0%be%d1%82%d0%be%d1%80%d0%bd%d0%b0%d1%8f-%d0%bb%d0%be%d0%b4%d0%ba%d0%b0-itk-510-%d0%ba%d0%be%d0%bc%d0%bf%d0%bb%d0%b5%d0%ba%d1%82-%d0%bc%d0%be%d1%82%d0%be%d1%80-%d0%bf%d1%80%d0%b8\/","og_locale":"ru_RU","og_type":"article","og_title":"\u0411\/\u0443 \u043c\u043e\u0442\u043e\u0440\u043d\u0430\u044f \u043b\u043e\u0434\u043a\u0430 ITK 510 \u043a\u043e\u043c\u043f\u043b\u0435\u043a\u0442 \u043c\u043e\u0442\u043e\u0440 \u043f\u0440\u0438\u0446\u0435\u043f \u0431\u0430\u0448\u043d\u044f \u0434\u043b\u044f \u0432\u043e\u0434\u043d\u044b\u0445 \u043b\u044b\u0436 - Jurmalas Laivas","og_description":"\u0411\/\u0443 \u043c\u043e\u0442\u043e\u0440\u043d\u0430\u044f \u043b\u043e\u0434\u043a\u0430 ITK 510 \u043a\u043e\u043c\u043f\u043b\u0435\u043a\u0442 \u043c\u043e\u0442\u043e\u0440 \u043f\u0440\u0438\u0446\u0435\u043f \u0431\u0430\u0448\u043d\u044f \u0434\u043b\u044f \u0432\u043e\u0434\u043d\u044b\u0445 \u043b\u044b\u0436","og_url":"https:\/\/www.jurmalaslaivas.lv\/ru\/product\/%d0%b1-%d1%83-%d0%bc%d0%be%d1%82%d0%be%d1%80%d0%bd%d0%b0%d1%8f-%d0%bb%d0%be%d0%b4%d0%ba%d0%b0-itk-510-%d0%ba%d0%be%d0%bc%d0%bf%d0%bb%d0%b5%d0%ba%d1%82-%d0%bc%d0%be%d1%82%d0%be%d1%80-%d0%bf%d1%80%d0%b8\/","og_site_name":"Jurmalas Laivas","article_publisher":"https:\/\/www.facebook.com\/jurmalaslaivas","article_modified_time":"2026-02-12T15:26:23+00:00","og_image":[{"width":1442,"height":2560,"url":"https:\/\/www.jurmalaslaivas.lv\/wp-content\/uploads\/2024\/03\/20240313_153548-scaled.jpg","type":"image\/jpeg"}],"twitter_card":"summary_large_image","twitter_misc":{"\u041f\u0440\u0438\u043c\u0435\u0440\u043d\u043e\u0435 \u0432\u0440\u0435\u043c\u044f \u0434\u043b\u044f \u0447\u0442\u0435\u043d\u0438\u044f":"2 \u043c\u0438\u043d\u0443\u0442\u044b"},"schema":{"@context":"https:\/\/schema.org","@graph":[{"@type":"WebPage","@id":"https:\/\/www.jurmalaslaivas.lv\/ru\/product\/%d0%b1-%d1%83-%d0%bc%d0%be%d1%82%d0%be%d1%80%d0%bd%d0%b0%d1%8f-%d0%bb%d0%be%d0%b4%d0%ba%d0%b0-itk-510-%d0%ba%d0%be%d0%bc%d0%bf%d0%bb%d0%b5%d0%ba%d1%82-%d0%bc%d0%be%d1%82%d0%be%d1%80-%d0%bf%d1%80%d0%b8\/","url":"https:\/\/www.jurmalaslaivas.lv\/ru\/product\/%d0%b1-%d1%83-%d0%bc%d0%be%d1%82%d0%be%d1%80%d0%bd%d0%b0%d1%8f-%d0%bb%d0%be%d0%b4%d0%ba%d0%b0-itk-510-%d0%ba%d0%be%d0%bc%d0%bf%d0%bb%d0%b5%d0%ba%d1%82-%d0%bc%d0%be%d1%82%d0%be%d1%80-%d0%bf%d1%80%d0%b8\/","name":"\u0411\/\u0443 \u043c\u043e\u0442\u043e\u0440\u043d\u0430\u044f \u043b\u043e\u0434\u043a\u0430 ITK 510 \u043a\u043e\u043c\u043f\u043b\u0435\u043a\u0442 \u043c\u043e\u0442\u043e\u0440 \u043f\u0440\u0438\u0446\u0435\u043f \u0431\u0430\u0448\u043d\u044f \u0434\u043b\u044f \u0432\u043e\u0434\u043d\u044b\u0445 \u043b\u044b\u0436 - Jurmalas Laivas","isPartOf":{"@id":"https:\/\/www.jurmalaslaivas.lv\/ru\/#website"},"primaryImageOfPage":{"@id":"https:\/\/www.jurmalaslaivas.lv\/ru\/product\/%d0%b1-%d1%83-%d0%bc%d0%be%d1%82%d0%be%d1%80%d0%bd%d0%b0%d1%8f-%d0%bb%d0%be%d0%b4%d0%ba%d0%b0-itk-510-%d0%ba%d0%be%d0%bc%d0%bf%d0%bb%d0%b5%d0%ba%d1%82-%d0%bc%d0%be%d1%82%d0%be%d1%80-%d0%bf%d1%80%d0%b8\/#primaryimage"},"image":{"@id":"https:\/\/www.jurmalaslaivas.lv\/ru\/product\/%d0%b1-%d1%83-%d0%bc%d0%be%d1%82%d0%be%d1%80%d0%bd%d0%b0%d1%8f-%d0%bb%d0%be%d0%b4%d0%ba%d0%b0-itk-510-%d0%ba%d0%be%d0%bc%d0%bf%d0%bb%d0%b5%d0%ba%d1%82-%d0%bc%d0%be%d1%82%d0%be%d1%80-%d0%bf%d1%80%d0%b8\/#primaryimage"},"thumbnailUrl":"https:\/\/www.jurmalaslaivas.lv\/wp-content\/uploads\/2024\/03\/20240313_153548-scaled.jpg","datePublished":"2024-03-18T06:37:36+00:00","dateModified":"2026-02-12T15:26:23+00:00","description":"\u0411\/\u0443 \u043c\u043e\u0442\u043e\u0440\u043d\u0430\u044f \u043b\u043e\u0434\u043a\u0430 ITK 510 \u043a\u043e\u043c\u043f\u043b\u0435\u043a\u0442 \u043c\u043e\u0442\u043e\u0440 \u043f\u0440\u0438\u0446\u0435\u043f \u0431\u0430\u0448\u043d\u044f \u0434\u043b\u044f \u0432\u043e\u0434\u043d\u044b\u0445 \u043b\u044b\u0436","breadcrumb":{"@id":"https:\/\/www.jurmalaslaivas.lv\/ru\/product\/%d0%b1-%d1%83-%d0%bc%d0%be%d1%82%d0%be%d1%80%d0%bd%d0%b0%d1%8f-%d0%bb%d0%be%d0%b4%d0%ba%d0%b0-itk-510-%d0%ba%d0%be%d0%bc%d0%bf%d0%bb%d0%b5%d0%ba%d1%82-%d0%bc%d0%be%d1%82%d0%be%d1%80-%d0%bf%d1%80%d0%b8\/#breadcrumb"},"inLanguage":"ru-RU","potentialAction":[{"@type":"ReadAction","target":["https:\/\/www.jurmalaslaivas.lv\/ru\/product\/%d0%b1-%d1%83-%d0%bc%d0%be%d1%82%d0%be%d1%80%d0%bd%d0%b0%d1%8f-%d0%bb%d0%be%d0%b4%d0%ba%d0%b0-itk-510-%d0%ba%d0%be%d0%bc%d0%bf%d0%bb%d0%b5%d0%ba%d1%82-%d0%bc%d0%be%d1%82%d0%be%d1%80-%d0%bf%d1%80%d0%b8\/"]}]},{"@type":"ImageObject","inLanguage":"ru-RU","@id":"https:\/\/www.jurmalaslaivas.lv\/ru\/product\/%d0%b1-%d1%83-%d0%bc%d0%be%d1%82%d0%be%d1%80%d0%bd%d0%b0%d1%8f-%d0%bb%d0%be%d0%b4%d0%ba%d0%b0-itk-510-%d0%ba%d0%be%d0%bc%d0%bf%d0%bb%d0%b5%d0%ba%d1%82-%d0%bc%d0%be%d1%82%d0%be%d1%80-%d0%bf%d1%80%d0%b8\/#primaryimage","url":"https:\/\/www.jurmalaslaivas.lv\/wp-content\/uploads\/2024\/03\/20240313_153548-scaled.jpg","contentUrl":"https:\/\/www.jurmalaslaivas.lv\/wp-content\/uploads\/2024\/03\/20240313_153548-scaled.jpg","width":1442,"height":2560,"caption":"Motorlaiva ITK 510"},{"@type":"BreadcrumbList","@id":"https:\/\/www.jurmalaslaivas.lv\/ru\/product\/%d0%b1-%d1%83-%d0%bc%d0%be%d1%82%d0%be%d1%80%d0%bd%d0%b0%d1%8f-%d0%bb%d0%be%d0%b4%d0%ba%d0%b0-itk-510-%d0%ba%d0%be%d0%bc%d0%bf%d0%bb%d0%b5%d0%ba%d1%82-%d0%bc%d0%be%d1%82%d0%be%d1%80-%d0%bf%d1%80%d0%b8\/#breadcrumb","itemListElement":[{"@type":"ListItem","position":1,"name":"Home","item":"https:\/\/www.jurmalaslaivas.lv\/ru\/"},{"@type":"ListItem","position":2,"name":"\u041c\u0430\u0433\u0430\u0437\u0438\u043d","item":"https:\/\/www.jurmalaslaivas.lv\/ru\/%d0%bc%d0%b0%d0%b3%d0%b0%d0%b7%d0%b8%d0%bd\/"},{"@type":"ListItem","position":3,"name":"\u0411\/\u0443 \u043c\u043e\u0442\u043e\u0440\u043d\u0430\u044f \u043b\u043e\u0434\u043a\u0430 ITK 510 \u043a\u043e\u043c\u043f\u043b\u0435\u043a\u0442 \u043c\u043e\u0442\u043e\u0440 \u043f\u0440\u0438\u0446\u0435\u043f \u0431\u0430\u0448\u043d\u044f \u0434\u043b\u044f \u0432\u043e\u0434\u043d\u044b\u0445 \u043b\u044b\u0436"}]},{"@type":"WebSite","@id":"https:\/\/www.jurmalaslaivas.lv\/ru\/#website","url":"https:\/\/www.jurmalaslaivas.lv\/ru\/","name":"Jurmalaslaivas.lv","description":"Laivu noma un veikals","publisher":{"@id":"https:\/\/www.jurmalaslaivas.lv\/ru\/#organization"},"potentialAction":[{"@type":"SearchAction","target":{"@type":"EntryPoint","urlTemplate":"https:\/\/www.jurmalaslaivas.lv\/ru\/?s={search_term_string}"},"query-input":{"@type":"PropertyValueSpecification","valueRequired":true,"valueName":"search_term_string"}}],"inLanguage":"ru-RU"},{"@type":"Organization","@id":"https:\/\/www.jurmalaslaivas.lv\/ru\/#organization","name":"Jurmalaslaivas.lv","url":"https:\/\/www.jurmalaslaivas.lv\/ru\/","logo":{"@type":"ImageObject","inLanguage":"ru-RU","@id":"https:\/\/www.jurmalaslaivas.lv\/ru\/#\/schema\/logo\/image\/","url":"https:\/\/www.jurmalaslaivas.lv\/wp-content\/uploads\/2022\/11\/jurmalas-laivas-balts-ar-rami.png","contentUrl":"https:\/\/www.jurmalaslaivas.lv\/wp-content\/uploads\/2022\/11\/jurmalas-laivas-balts-ar-rami.png","width":500,"height":500,"caption":"Jurmalaslaivas.lv"},"image":{"@id":"https:\/\/www.jurmalaslaivas.lv\/ru\/#\/schema\/logo\/image\/"},"sameAs":["https:\/\/www.facebook.com\/jurmalaslaivas"]}]}},"_links":{"self":[{"href":"https:\/\/www.jurmalaslaivas.lv\/ru\/wp-json\/wp\/v2\/product\/54533","targetHints":{"allow":["GET"]}}],"collection":[{"href":"https:\/\/www.jurmalaslaivas.lv\/ru\/wp-json\/wp\/v2\/product"}],"about":[{"href":"https:\/\/www.jurmalaslaivas.lv\/ru\/wp-json\/wp\/v2\/types\/product"}],"replies":[{"embeddable":true,"href":"https:\/\/www.jurmalaslaivas.lv\/ru\/wp-json\/wp\/v2\/comments?post=54533"}],"wp:featuredmedia":[{"embeddable":true,"href":"https:\/\/www.jurmalaslaivas.lv\/ru\/wp-json\/wp\/v2\/media\/54525"}],"wp:attachment":[{"href":"https:\/\/www.jurmalaslaivas.lv\/ru\/wp-json\/wp\/v2\/media?parent=54533"}],"wp:term":[{"taxonomy":"product_brand","embeddable":true,"href":"https:\/\/www.jurmalaslaivas.lv\/ru\/wp-json\/wp\/v2\/product_brand?post=54533"},{"taxonomy":"product_cat","embeddable":true,"href":"https:\/\/www.jurmalaslaivas.lv\/ru\/wp-json\/wp\/v2\/product_cat?post=54533"},{"taxonomy":"product_tag","embeddable":true,"href":"https:\/\/www.jurmalaslaivas.lv\/ru\/wp-json\/wp\/v2\/product_tag?post=54533"}],"curies":[{"name":"wp","href":"https:\/\/api.w.org\/{rel}","templated":true}]}}