{"id":49908,"date":"2023-02-13T21:11:37","date_gmt":"2023-02-13T18:11:37","guid":{"rendered":"https:\/\/www.jurmalaslaivas.lv\/product\/piepusama-laiva-ar-aluminija-gridu-4-20m\/"},"modified":"2024-01-12T19:33:15","modified_gmt":"2024-01-12T16:33:15","slug":"%d0%bd%d0%b0%d0%b4%d1%83%d0%b2%d0%bd%d0%b0%d1%8f-%d0%bb%d0%be%d0%b4%d0%ba%d0%b0-%d1%81-%d0%b0%d0%bb%d1%8e%d0%bc%d0%b8%d0%bd%d0%b8%d0%b5%d0%b2%d1%8b%d0%bc-%d0%bf%d0%be%d0%bb%d0%be%d0%bc-4-20m","status":"publish","type":"product","link":"https:\/\/www.jurmalaslaivas.lv\/ru\/product\/%d0%bd%d0%b0%d0%b4%d1%83%d0%b2%d0%bd%d0%b0%d1%8f-%d0%bb%d0%be%d0%b4%d0%ba%d0%b0-%d1%81-%d0%b0%d0%bb%d1%8e%d0%bc%d0%b8%d0%bd%d0%b8%d0%b5%d0%b2%d1%8b%d0%bc-%d0%bf%d0%be%d0%bb%d0%be%d0%bc-4-20m\/","title":{"rendered":"\u041d\u0430\u0434\u0443\u0432\u043d\u0430\u044f \u043b\u043e\u0434\u043a\u0430 \u0441 \u0430\u043b\u044e\u043c\u0438\u043d\u0438\u0435\u0432\u044b\u043c \u043f\u043e\u043b\u043e\u043c 4.20m"},"content":{"rendered":"<h1>\u041d\u0430\u0434\u0443\u0432\u043d\u0430\u044f \u043b\u043e\u0434\u043a\u0430 \u0441 \u0430\u043b\u044e\u043c\u0438\u043d\u0438\u0435\u0432\u044b\u043c \u043f\u043e\u043b\u043e\u043c 4.20m<\/h1>\n<p>\u041d\u0430\u0434\u0443\u0432\u043d\u0430\u044f \u043b\u043e\u0434\u043a\u0430 \u0441 \u0430\u043b\u044e\u043c\u0438\u043d\u0438\u0435\u0432\u044b\u043c \u043f\u043e\u043b\u043e\u043c 4.20m<\/p>\n<table class=\"table\">\n<tbody>\n<tr>\n<th>\u0414\u041b\u0418\u041d\u0410, \u041c<\/th>\n<td>4.20<\/td>\n<\/tr>\n<tr>\n<th>\u0428\u0418\u0420\u0418\u041d\u0410, \u041c<\/th>\n<td>1.92<\/td>\n<\/tr>\n<tr>\n<th>\u0412\u041d\u0423\u0422\u0420\u0415\u041d\u041d\u042f\u042f \u0414\u041b\u0418\u041d\u0410, \u041c<\/th>\n<td>2.90<\/td>\n<\/tr>\n<tr>\n<th>\u0412\u041d\u0423\u0422\u0420\u0415\u041d\u041d\u042f\u042f \u0428\u0418\u0420\u0418\u041d\u0410, \u041c<\/th>\n<td>0.90<\/td>\n<\/tr>\n<tr>\n<th>\u0414\u0418\u0410\u041c\u0415\u0422\u0420 \u0411\u0410\u041b\u041e\u041d\u0410, \u041c<\/th>\n<td>0.50<\/td>\n<\/tr>\n<tr>\n<th>\u041a\u041e\u041b\u0418\u0427\u0415\u0421\u0422\u0412\u041e \u0427\u0415\u041b\u041e\u0412\u0415\u041a<\/th>\n<td>8<\/td>\n<\/tr>\n<tr>\n<th>\u041a\u041e\u041b\u0418\u0427\u0415\u0421\u0422\u0412\u041e \u041a\u0410\u041c\u0415\u0420<\/th>\n<td>4+\u041a\u0418\u041b\u042c<\/td>\n<\/tr>\n<tr>\n<th>\u0413\u0420\u0423\u0417\u041e\u041f\u041e\u0414\u042a\u0415\u041c\u041d\u041e\u0421\u0422\u042c, \u041a\u0413<\/th>\n<td>1087<\/td>\n<\/tr>\n<tr>\n<th>\u0412\u0415\u0421 \u041a\u041e\u041c\u041f\u041b\u0415\u041a\u0422\u0410, \u041a\u0413<\/th>\n<td>90<\/td>\n<\/tr>\n<tr>\n<th>\u041c\u041e\u0422\u041e\u0420 KW\/HP<\/th>\n<td>22\/30<\/td>\n<\/tr>\n<tr>\n<th>\u041a\u0410\u0422\u0415\u0413\u041e\u0420\u0418\u042f \u041b\u041e\u0414\u041a\u0418<\/th>\n<td>C<\/td>\n<\/tr>\n<tr>\n<th>\u0422\u0418\u041f \u0414\u041d\u0410<\/th>\n<td>\u0410\u043b\u044e\u043c\u0438\u043d\u0438\u0435\u0432\u043e\u0435<\/td>\n<\/tr>\n<\/tbody>\n<\/table>\n<p><strong>\u0421\u0442\u0430\u043d\u0434\u0430\u0440\u0442\u043d\u043e\u0435 \u043a\u043e\u043c\u043f\u043b\u0435\u043a\u0442\u0430\u0446\u0438\u044f<\/strong><br \/>\n\u2022 \u041f\u0430\u0440\u0430 \u0441\u043e\u0441\u0442\u043e\u044f\u0449\u0438\u0445 \u0438\u0437 \u0434\u0432\u0443\u0445 \u0447\u0430\u0441\u0442\u0435\u0439 \u0432\u0435\u0441\u043b\u0435\u043b,\u00a0\u0438\u0437 \u0430\u043d\u043e\u0434\u0438\u0440\u043e\u0432\u0430\u043d\u043d\u043e\u0433\u043e \u0430\u043b\u044e\u043c\u0438\u043d\u0438\u044f<br \/>\n\u2022 \u0421\u0438\u0434\u0435\u043d\u044c\u0435 \u0438\u0437 \u0444\u0430\u043d\u0435\u0440\u044b \u043c\u043e\u0440\u0441\u043a\u043e\u0433\u043e \u043a\u043b\u0430\u0441\u0441\u0430<br \/>\n\u2022 \u0421\u0443\u043c\u043a\u0430 \u0434\u043b\u044f \u043f\u0435\u0440\u0435\u043d\u043e\u0441\u043a\u0438 \u043b\u043e\u0434\u043a\u0438<br \/>\n\u2022 \u041d\u0430\u043f\u043e\u043b\u044c\u043d\u0430\u044f \u0441\u0443\u043c\u043a\u0430<br \/>\n\u2022 \u0420\u0435\u043c\u043a\u043e\u043c\u043f\u043b\u0435\u043a\u0442<br \/>\n\u2022 \u041d\u043e\u0436\u043d\u043e\u0439 \u0438\u043b\u0438 \u0440\u0443\u0447\u043d\u043e\u0439 \u043d\u0430\u0441\u043e\u0441<\/p>\n","protected":false},"excerpt":{"rendered":"<p>&nbsp;<\/p>\n<p>\u0410\u0440\u0442\u0438\u043a\u0443\u043b: MB-420AL [&#8230;]<\/p>\n<p><a class=\"btn btn-secondary understrap-read-more-link\" href=\"https:\/\/www.jurmalaslaivas.lv\/ru\/product\/%d0%bd%d0%b0%d0%b4%d1%83%d0%b2%d0%bd%d0%b0%d1%8f-%d0%bb%d0%be%d0%b4%d0%ba%d0%b0-%d1%81-%d0%b0%d0%bb%d1%8e%d0%bc%d0%b8%d0%bd%d0%b8%d0%b5%d0%b2%d1%8b%d0%bc-%d0%bf%d0%be%d0%bb%d0%be%d0%bc-4-20m\/\">\u0427\u0438\u0442\u0430\u0442\u044c \u0434\u0430\u043b\u044c\u0448\u0435\u2026<\/a><\/p>\n","protected":false},"featured_media":49906,"comment_status":"closed","ping_status":"closed","template":"","meta":{"_acf_changed":false,"inline_featured_image":false},"product_brand":[],"product_cat":[572,1008],"product_tag":[1269,1274,1493,1462,1489,1279,1434,1491,1486,1280,1490,1283,1285,1488,1288,1464,1492],"class_list":{"0":"post-49908","1":"product","2":"type-product","3":"status-publish","4":"has-post-thumbnail","6":"product_cat-572","7":"product_cat---wave-fun","8":"product_tag-airu-laiva","9":"product_tag-boat","10":"product_tag-buy-a-boat","11":"product_tag-inflatable-pvc-boat","12":"product_tag-kur-pirkt-laivu","13":"product_tag-laiva","14":"product_tag-laivas","15":"product_tag-laivas-cena","16":"product_tag-pvc-laiva","17":"product_tag-rowing-boat","18":"product_tag-1490","19":"product_tag-1283","20":"product_tag-1285","21":"product_tag-1488","22":"product_tag-1288","23":"product_tag-1464","24":"product_tag-1492","26":"first","27":"instock","28":"shipping-taxable","29":"purchasable","30":"product-type-simple"},"acf":[],"yoast_head":"<!-- This site is optimized with the Yoast SEO plugin v27.0 - https:\/\/yoast.com\/product\/yoast-seo-wordpress\/ -->\n<title>\u041d\u0430\u0434\u0443\u0432\u043d\u0430\u044f \u043b\u043e\u0434\u043a\u0430 \u0441 \u0430\u043b\u044e\u043c\u0438\u043d\u0438\u0435\u0432\u044b\u043c \u043f\u043e\u043b\u043e\u043c 4.20m - Jurmalas Laivas<\/title>\n<meta name=\"description\" content=\"\u041d\u0430\u0434\u0443\u0432\u043d\u0430\u044f \u043b\u043e\u0434\u043a\u0430 \u0441 \u0430\u043b\u044e\u043c\u0438\u043d\u0438\u0435\u0432\u044b\u043c \u043f\u043e\u043b\u043e\u043c 4.20m. Wave Fun. \u0413\u0420\u0423\u0417\u041e\u041f\u041e\u0414\u042a\u0415\u041c\u041d\u041e\u0421\u0422\u042c, \u041a\u0413 1087 \u0412\u0415\u0421 \u041a\u041e\u041c\u041f\u041b\u0415\u041a\u0422\u0410, \u041a\u0413 90 \u041c\u041e\u0422\u041e\u0420 KW\/HP 22\/30 \u041b\u043e\u0434\u043e\u0447\u043d\u044b\u0439 \u043c\u0430\u0433\u0430\u0437\u0438\u043d \u0438 \u043f\u0440\u043e\u043a\u0430\u0442 \u043b\u043e\u0434\u043e\u043a\" \/>\n<meta name=\"robots\" content=\"index, follow, max-snippet:-1, max-image-preview:large, max-video-preview:-1\" \/>\n<link rel=\"canonical\" href=\"https:\/\/www.jurmalaslaivas.lv\/ru\/product\/%d0%bd%d0%b0%d0%b4%d1%83%d0%b2%d0%bd%d0%b0%d1%8f-%d0%bb%d0%be%d0%b4%d0%ba%d0%b0-%d1%81-%d0%b0%d0%bb%d1%8e%d0%bc%d0%b8%d0%bd%d0%b8%d0%b5%d0%b2%d1%8b%d0%bc-%d0%bf%d0%be%d0%bb%d0%be%d0%bc-4-20m\/\" \/>\n<meta property=\"og:locale\" content=\"ru_RU\" \/>\n<meta property=\"og:type\" content=\"article\" \/>\n<meta property=\"og:title\" content=\"\u041d\u0430\u0434\u0443\u0432\u043d\u0430\u044f \u043b\u043e\u0434\u043a\u0430 \u0441 \u0430\u043b\u044e\u043c\u0438\u043d\u0438\u0435\u0432\u044b\u043c \u043f\u043e\u043b\u043e\u043c 4.20m - Jurmalas Laivas\" \/>\n<meta property=\"og:description\" content=\"\u041d\u0430\u0434\u0443\u0432\u043d\u0430\u044f \u043b\u043e\u0434\u043a\u0430 \u0441 \u0430\u043b\u044e\u043c\u0438\u043d\u0438\u0435\u0432\u044b\u043c \u043f\u043e\u043b\u043e\u043c 4.20m. Wave Fun. \u0413\u0420\u0423\u0417\u041e\u041f\u041e\u0414\u042a\u0415\u041c\u041d\u041e\u0421\u0422\u042c, \u041a\u0413 1087 \u0412\u0415\u0421 \u041a\u041e\u041c\u041f\u041b\u0415\u041a\u0422\u0410, \u041a\u0413 90 \u041c\u041e\u0422\u041e\u0420 KW\/HP 22\/30 \u041b\u043e\u0434\u043e\u0447\u043d\u044b\u0439 \u043c\u0430\u0433\u0430\u0437\u0438\u043d \u0438 \u043f\u0440\u043e\u043a\u0430\u0442 \u043b\u043e\u0434\u043e\u043a\" \/>\n<meta property=\"og:url\" content=\"https:\/\/www.jurmalaslaivas.lv\/ru\/product\/%d0%bd%d0%b0%d0%b4%d1%83%d0%b2%d0%bd%d0%b0%d1%8f-%d0%bb%d0%be%d0%b4%d0%ba%d0%b0-%d1%81-%d0%b0%d0%bb%d1%8e%d0%bc%d0%b8%d0%bd%d0%b8%d0%b5%d0%b2%d1%8b%d0%bc-%d0%bf%d0%be%d0%bb%d0%be%d0%bc-4-20m\/\" \/>\n<meta property=\"og:site_name\" content=\"Jurmalas Laivas\" \/>\n<meta property=\"article:publisher\" content=\"https:\/\/www.facebook.com\/jurmalaslaivas\" \/>\n<meta property=\"article:modified_time\" content=\"2024-01-12T16:33:15+00:00\" \/>\n<meta property=\"og:image\" content=\"https:\/\/www.jurmalaslaivas.lv\/wp-content\/uploads\/2023\/02\/430M.jpg\" \/>\n\t<meta property=\"og:image:width\" content=\"1080\" \/>\n\t<meta property=\"og:image:height\" content=\"1080\" \/>\n\t<meta property=\"og:image:type\" content=\"image\/jpeg\" \/>\n<meta name=\"twitter:card\" content=\"summary_large_image\" \/>\n<meta name=\"twitter:label1\" content=\"\u041f\u0440\u0438\u043c\u0435\u0440\u043d\u043e\u0435 \u0432\u0440\u0435\u043c\u044f \u0434\u043b\u044f \u0447\u0442\u0435\u043d\u0438\u044f\" \/>\n\t<meta name=\"twitter:data1\" content=\"1 \u043c\u0438\u043d\u0443\u0442\u0430\" \/>\n<script type=\"application\/ld+json\" class=\"yoast-schema-graph\">{\"@context\":\"https:\/\/schema.org\",\"@graph\":[{\"@type\":\"WebPage\",\"@id\":\"https:\/\/www.jurmalaslaivas.lv\/ru\/product\/%d0%bd%d0%b0%d0%b4%d1%83%d0%b2%d0%bd%d0%b0%d1%8f-%d0%bb%d0%be%d0%b4%d0%ba%d0%b0-%d1%81-%d0%b0%d0%bb%d1%8e%d0%bc%d0%b8%d0%bd%d0%b8%d0%b5%d0%b2%d1%8b%d0%bc-%d0%bf%d0%be%d0%bb%d0%be%d0%bc-4-20m\/\",\"url\":\"https:\/\/www.jurmalaslaivas.lv\/ru\/product\/%d0%bd%d0%b0%d0%b4%d1%83%d0%b2%d0%bd%d0%b0%d1%8f-%d0%bb%d0%be%d0%b4%d0%ba%d0%b0-%d1%81-%d0%b0%d0%bb%d1%8e%d0%bc%d0%b8%d0%bd%d0%b8%d0%b5%d0%b2%d1%8b%d0%bc-%d0%bf%d0%be%d0%bb%d0%be%d0%bc-4-20m\/\",\"name\":\"\u041d\u0430\u0434\u0443\u0432\u043d\u0430\u044f \u043b\u043e\u0434\u043a\u0430 \u0441 \u0430\u043b\u044e\u043c\u0438\u043d\u0438\u0435\u0432\u044b\u043c \u043f\u043e\u043b\u043e\u043c 4.20m - Jurmalas Laivas\",\"isPartOf\":{\"@id\":\"https:\/\/www.jurmalaslaivas.lv\/ru\/#website\"},\"primaryImageOfPage\":{\"@id\":\"https:\/\/www.jurmalaslaivas.lv\/ru\/product\/%d0%bd%d0%b0%d0%b4%d1%83%d0%b2%d0%bd%d0%b0%d1%8f-%d0%bb%d0%be%d0%b4%d0%ba%d0%b0-%d1%81-%d0%b0%d0%bb%d1%8e%d0%bc%d0%b8%d0%bd%d0%b8%d0%b5%d0%b2%d1%8b%d0%bc-%d0%bf%d0%be%d0%bb%d0%be%d0%bc-4-20m\/#primaryimage\"},\"image\":{\"@id\":\"https:\/\/www.jurmalaslaivas.lv\/ru\/product\/%d0%bd%d0%b0%d0%b4%d1%83%d0%b2%d0%bd%d0%b0%d1%8f-%d0%bb%d0%be%d0%b4%d0%ba%d0%b0-%d1%81-%d0%b0%d0%bb%d1%8e%d0%bc%d0%b8%d0%bd%d0%b8%d0%b5%d0%b2%d1%8b%d0%bc-%d0%bf%d0%be%d0%bb%d0%be%d0%bc-4-20m\/#primaryimage\"},\"thumbnailUrl\":\"https:\/\/www.jurmalaslaivas.lv\/wp-content\/uploads\/2023\/02\/430M.jpg\",\"datePublished\":\"2023-02-13T18:11:37+00:00\",\"dateModified\":\"2024-01-12T16:33:15+00:00\",\"description\":\"\u041d\u0430\u0434\u0443\u0432\u043d\u0430\u044f \u043b\u043e\u0434\u043a\u0430 \u0441 \u0430\u043b\u044e\u043c\u0438\u043d\u0438\u0435\u0432\u044b\u043c \u043f\u043e\u043b\u043e\u043c 4.20m. Wave Fun. \u0413\u0420\u0423\u0417\u041e\u041f\u041e\u0414\u042a\u0415\u041c\u041d\u041e\u0421\u0422\u042c, \u041a\u0413 1087 \u0412\u0415\u0421 \u041a\u041e\u041c\u041f\u041b\u0415\u041a\u0422\u0410, \u041a\u0413 90 \u041c\u041e\u0422\u041e\u0420 KW\/HP 22\/30 \u041b\u043e\u0434\u043e\u0447\u043d\u044b\u0439 \u043c\u0430\u0433\u0430\u0437\u0438\u043d \u0438 \u043f\u0440\u043e\u043a\u0430\u0442 \u043b\u043e\u0434\u043e\u043a\",\"breadcrumb\":{\"@id\":\"https:\/\/www.jurmalaslaivas.lv\/ru\/product\/%d0%bd%d0%b0%d0%b4%d1%83%d0%b2%d0%bd%d0%b0%d1%8f-%d0%bb%d0%be%d0%b4%d0%ba%d0%b0-%d1%81-%d0%b0%d0%bb%d1%8e%d0%bc%d0%b8%d0%bd%d0%b8%d0%b5%d0%b2%d1%8b%d0%bc-%d0%bf%d0%be%d0%bb%d0%be%d0%bc-4-20m\/#breadcrumb\"},\"inLanguage\":\"ru-RU\",\"potentialAction\":[{\"@type\":\"ReadAction\",\"target\":[\"https:\/\/www.jurmalaslaivas.lv\/ru\/product\/%d0%bd%d0%b0%d0%b4%d1%83%d0%b2%d0%bd%d0%b0%d1%8f-%d0%bb%d0%be%d0%b4%d0%ba%d0%b0-%d1%81-%d0%b0%d0%bb%d1%8e%d0%bc%d0%b8%d0%bd%d0%b8%d0%b5%d0%b2%d1%8b%d0%bc-%d0%bf%d0%be%d0%bb%d0%be%d0%bc-4-20m\/\"]}]},{\"@type\":\"ImageObject\",\"inLanguage\":\"ru-RU\",\"@id\":\"https:\/\/www.jurmalaslaivas.lv\/ru\/product\/%d0%bd%d0%b0%d0%b4%d1%83%d0%b2%d0%bd%d0%b0%d1%8f-%d0%bb%d0%be%d0%b4%d0%ba%d0%b0-%d1%81-%d0%b0%d0%bb%d1%8e%d0%bc%d0%b8%d0%bd%d0%b8%d0%b5%d0%b2%d1%8b%d0%bc-%d0%bf%d0%be%d0%bb%d0%be%d0%bc-4-20m\/#primaryimage\",\"url\":\"https:\/\/www.jurmalaslaivas.lv\/wp-content\/uploads\/2023\/02\/430M.jpg\",\"contentUrl\":\"https:\/\/www.jurmalaslaivas.lv\/wp-content\/uploads\/2023\/02\/430M.jpg\",\"width\":1080,\"height\":1080,\"caption\":\"Piep\u016b\u0161ama laiva ar alum\u012bnija gr\u012bdu 4.20m\"},{\"@type\":\"BreadcrumbList\",\"@id\":\"https:\/\/www.jurmalaslaivas.lv\/ru\/product\/%d0%bd%d0%b0%d0%b4%d1%83%d0%b2%d0%bd%d0%b0%d1%8f-%d0%bb%d0%be%d0%b4%d0%ba%d0%b0-%d1%81-%d0%b0%d0%bb%d1%8e%d0%bc%d0%b8%d0%bd%d0%b8%d0%b5%d0%b2%d1%8b%d0%bc-%d0%bf%d0%be%d0%bb%d0%be%d0%bc-4-20m\/#breadcrumb\",\"itemListElement\":[{\"@type\":\"ListItem\",\"position\":1,\"name\":\"Home\",\"item\":\"https:\/\/www.jurmalaslaivas.lv\/ru\/\"},{\"@type\":\"ListItem\",\"position\":2,\"name\":\"\u041c\u0430\u0433\u0430\u0437\u0438\u043d\",\"item\":\"https:\/\/www.jurmalaslaivas.lv\/ru\/%d0%bc%d0%b0%d0%b3%d0%b0%d0%b7%d0%b8%d0%bd\/\"},{\"@type\":\"ListItem\",\"position\":3,\"name\":\"\u041d\u0430\u0434\u0443\u0432\u043d\u0430\u044f \u043b\u043e\u0434\u043a\u0430 \u0441 \u0430\u043b\u044e\u043c\u0438\u043d\u0438\u0435\u0432\u044b\u043c \u043f\u043e\u043b\u043e\u043c 4.20m\"}]},{\"@type\":\"WebSite\",\"@id\":\"https:\/\/www.jurmalaslaivas.lv\/ru\/#website\",\"url\":\"https:\/\/www.jurmalaslaivas.lv\/ru\/\",\"name\":\"Jurmalaslaivas.lv\",\"description\":\"Laivu noma un veikals\",\"publisher\":{\"@id\":\"https:\/\/www.jurmalaslaivas.lv\/ru\/#organization\"},\"potentialAction\":[{\"@type\":\"SearchAction\",\"target\":{\"@type\":\"EntryPoint\",\"urlTemplate\":\"https:\/\/www.jurmalaslaivas.lv\/ru\/?s={search_term_string}\"},\"query-input\":{\"@type\":\"PropertyValueSpecification\",\"valueRequired\":true,\"valueName\":\"search_term_string\"}}],\"inLanguage\":\"ru-RU\"},{\"@type\":\"Organization\",\"@id\":\"https:\/\/www.jurmalaslaivas.lv\/ru\/#organization\",\"name\":\"Jurmalaslaivas.lv\",\"url\":\"https:\/\/www.jurmalaslaivas.lv\/ru\/\",\"logo\":{\"@type\":\"ImageObject\",\"inLanguage\":\"ru-RU\",\"@id\":\"https:\/\/www.jurmalaslaivas.lv\/ru\/#\/schema\/logo\/image\/\",\"url\":\"https:\/\/www.jurmalaslaivas.lv\/wp-content\/uploads\/2022\/11\/jurmalas-laivas-balts-ar-rami.png\",\"contentUrl\":\"https:\/\/www.jurmalaslaivas.lv\/wp-content\/uploads\/2022\/11\/jurmalas-laivas-balts-ar-rami.png\",\"width\":500,\"height\":500,\"caption\":\"Jurmalaslaivas.lv\"},\"image\":{\"@id\":\"https:\/\/www.jurmalaslaivas.lv\/ru\/#\/schema\/logo\/image\/\"},\"sameAs\":[\"https:\/\/www.facebook.com\/jurmalaslaivas\"]}]}<\/script>\n<!-- \/ Yoast SEO plugin. -->","yoast_head_json":{"title":"\u041d\u0430\u0434\u0443\u0432\u043d\u0430\u044f \u043b\u043e\u0434\u043a\u0430 \u0441 \u0430\u043b\u044e\u043c\u0438\u043d\u0438\u0435\u0432\u044b\u043c \u043f\u043e\u043b\u043e\u043c 4.20m - Jurmalas Laivas","description":"\u041d\u0430\u0434\u0443\u0432\u043d\u0430\u044f \u043b\u043e\u0434\u043a\u0430 \u0441 \u0430\u043b\u044e\u043c\u0438\u043d\u0438\u0435\u0432\u044b\u043c \u043f\u043e\u043b\u043e\u043c 4.20m. Wave Fun. \u0413\u0420\u0423\u0417\u041e\u041f\u041e\u0414\u042a\u0415\u041c\u041d\u041e\u0421\u0422\u042c, \u041a\u0413 1087 \u0412\u0415\u0421 \u041a\u041e\u041c\u041f\u041b\u0415\u041a\u0422\u0410, \u041a\u0413 90 \u041c\u041e\u0422\u041e\u0420 KW\/HP 22\/30 \u041b\u043e\u0434\u043e\u0447\u043d\u044b\u0439 \u043c\u0430\u0433\u0430\u0437\u0438\u043d \u0438 \u043f\u0440\u043e\u043a\u0430\u0442 \u043b\u043e\u0434\u043e\u043a","robots":{"index":"index","follow":"follow","max-snippet":"max-snippet:-1","max-image-preview":"max-image-preview:large","max-video-preview":"max-video-preview:-1"},"canonical":"https:\/\/www.jurmalaslaivas.lv\/ru\/product\/%d0%bd%d0%b0%d0%b4%d1%83%d0%b2%d0%bd%d0%b0%d1%8f-%d0%bb%d0%be%d0%b4%d0%ba%d0%b0-%d1%81-%d0%b0%d0%bb%d1%8e%d0%bc%d0%b8%d0%bd%d0%b8%d0%b5%d0%b2%d1%8b%d0%bc-%d0%bf%d0%be%d0%bb%d0%be%d0%bc-4-20m\/","og_locale":"ru_RU","og_type":"article","og_title":"\u041d\u0430\u0434\u0443\u0432\u043d\u0430\u044f \u043b\u043e\u0434\u043a\u0430 \u0441 \u0430\u043b\u044e\u043c\u0438\u043d\u0438\u0435\u0432\u044b\u043c \u043f\u043e\u043b\u043e\u043c 4.20m - Jurmalas Laivas","og_description":"\u041d\u0430\u0434\u0443\u0432\u043d\u0430\u044f \u043b\u043e\u0434\u043a\u0430 \u0441 \u0430\u043b\u044e\u043c\u0438\u043d\u0438\u0435\u0432\u044b\u043c \u043f\u043e\u043b\u043e\u043c 4.20m. Wave Fun. \u0413\u0420\u0423\u0417\u041e\u041f\u041e\u0414\u042a\u0415\u041c\u041d\u041e\u0421\u0422\u042c, \u041a\u0413 1087 \u0412\u0415\u0421 \u041a\u041e\u041c\u041f\u041b\u0415\u041a\u0422\u0410, \u041a\u0413 90 \u041c\u041e\u0422\u041e\u0420 KW\/HP 22\/30 \u041b\u043e\u0434\u043e\u0447\u043d\u044b\u0439 \u043c\u0430\u0433\u0430\u0437\u0438\u043d \u0438 \u043f\u0440\u043e\u043a\u0430\u0442 \u043b\u043e\u0434\u043e\u043a","og_url":"https:\/\/www.jurmalaslaivas.lv\/ru\/product\/%d0%bd%d0%b0%d0%b4%d1%83%d0%b2%d0%bd%d0%b0%d1%8f-%d0%bb%d0%be%d0%b4%d0%ba%d0%b0-%d1%81-%d0%b0%d0%bb%d1%8e%d0%bc%d0%b8%d0%bd%d0%b8%d0%b5%d0%b2%d1%8b%d0%bc-%d0%bf%d0%be%d0%bb%d0%be%d0%bc-4-20m\/","og_site_name":"Jurmalas Laivas","article_publisher":"https:\/\/www.facebook.com\/jurmalaslaivas","article_modified_time":"2024-01-12T16:33:15+00:00","og_image":[{"width":1080,"height":1080,"url":"https:\/\/www.jurmalaslaivas.lv\/wp-content\/uploads\/2023\/02\/430M.jpg","type":"image\/jpeg"}],"twitter_card":"summary_large_image","twitter_misc":{"\u041f\u0440\u0438\u043c\u0435\u0440\u043d\u043e\u0435 \u0432\u0440\u0435\u043c\u044f \u0434\u043b\u044f \u0447\u0442\u0435\u043d\u0438\u044f":"1 \u043c\u0438\u043d\u0443\u0442\u0430"},"schema":{"@context":"https:\/\/schema.org","@graph":[{"@type":"WebPage","@id":"https:\/\/www.jurmalaslaivas.lv\/ru\/product\/%d0%bd%d0%b0%d0%b4%d1%83%d0%b2%d0%bd%d0%b0%d1%8f-%d0%bb%d0%be%d0%b4%d0%ba%d0%b0-%d1%81-%d0%b0%d0%bb%d1%8e%d0%bc%d0%b8%d0%bd%d0%b8%d0%b5%d0%b2%d1%8b%d0%bc-%d0%bf%d0%be%d0%bb%d0%be%d0%bc-4-20m\/","url":"https:\/\/www.jurmalaslaivas.lv\/ru\/product\/%d0%bd%d0%b0%d0%b4%d1%83%d0%b2%d0%bd%d0%b0%d1%8f-%d0%bb%d0%be%d0%b4%d0%ba%d0%b0-%d1%81-%d0%b0%d0%bb%d1%8e%d0%bc%d0%b8%d0%bd%d0%b8%d0%b5%d0%b2%d1%8b%d0%bc-%d0%bf%d0%be%d0%bb%d0%be%d0%bc-4-20m\/","name":"\u041d\u0430\u0434\u0443\u0432\u043d\u0430\u044f \u043b\u043e\u0434\u043a\u0430 \u0441 \u0430\u043b\u044e\u043c\u0438\u043d\u0438\u0435\u0432\u044b\u043c \u043f\u043e\u043b\u043e\u043c 4.20m - Jurmalas Laivas","isPartOf":{"@id":"https:\/\/www.jurmalaslaivas.lv\/ru\/#website"},"primaryImageOfPage":{"@id":"https:\/\/www.jurmalaslaivas.lv\/ru\/product\/%d0%bd%d0%b0%d0%b4%d1%83%d0%b2%d0%bd%d0%b0%d1%8f-%d0%bb%d0%be%d0%b4%d0%ba%d0%b0-%d1%81-%d0%b0%d0%bb%d1%8e%d0%bc%d0%b8%d0%bd%d0%b8%d0%b5%d0%b2%d1%8b%d0%bc-%d0%bf%d0%be%d0%bb%d0%be%d0%bc-4-20m\/#primaryimage"},"image":{"@id":"https:\/\/www.jurmalaslaivas.lv\/ru\/product\/%d0%bd%d0%b0%d0%b4%d1%83%d0%b2%d0%bd%d0%b0%d1%8f-%d0%bb%d0%be%d0%b4%d0%ba%d0%b0-%d1%81-%d0%b0%d0%bb%d1%8e%d0%bc%d0%b8%d0%bd%d0%b8%d0%b5%d0%b2%d1%8b%d0%bc-%d0%bf%d0%be%d0%bb%d0%be%d0%bc-4-20m\/#primaryimage"},"thumbnailUrl":"https:\/\/www.jurmalaslaivas.lv\/wp-content\/uploads\/2023\/02\/430M.jpg","datePublished":"2023-02-13T18:11:37+00:00","dateModified":"2024-01-12T16:33:15+00:00","description":"\u041d\u0430\u0434\u0443\u0432\u043d\u0430\u044f \u043b\u043e\u0434\u043a\u0430 \u0441 \u0430\u043b\u044e\u043c\u0438\u043d\u0438\u0435\u0432\u044b\u043c \u043f\u043e\u043b\u043e\u043c 4.20m. Wave Fun. \u0413\u0420\u0423\u0417\u041e\u041f\u041e\u0414\u042a\u0415\u041c\u041d\u041e\u0421\u0422\u042c, \u041a\u0413 1087 \u0412\u0415\u0421 \u041a\u041e\u041c\u041f\u041b\u0415\u041a\u0422\u0410, \u041a\u0413 90 \u041c\u041e\u0422\u041e\u0420 KW\/HP 22\/30 \u041b\u043e\u0434\u043e\u0447\u043d\u044b\u0439 \u043c\u0430\u0433\u0430\u0437\u0438\u043d \u0438 \u043f\u0440\u043e\u043a\u0430\u0442 \u043b\u043e\u0434\u043e\u043a","breadcrumb":{"@id":"https:\/\/www.jurmalaslaivas.lv\/ru\/product\/%d0%bd%d0%b0%d0%b4%d1%83%d0%b2%d0%bd%d0%b0%d1%8f-%d0%bb%d0%be%d0%b4%d0%ba%d0%b0-%d1%81-%d0%b0%d0%bb%d1%8e%d0%bc%d0%b8%d0%bd%d0%b8%d0%b5%d0%b2%d1%8b%d0%bc-%d0%bf%d0%be%d0%bb%d0%be%d0%bc-4-20m\/#breadcrumb"},"inLanguage":"ru-RU","potentialAction":[{"@type":"ReadAction","target":["https:\/\/www.jurmalaslaivas.lv\/ru\/product\/%d0%bd%d0%b0%d0%b4%d1%83%d0%b2%d0%bd%d0%b0%d1%8f-%d0%bb%d0%be%d0%b4%d0%ba%d0%b0-%d1%81-%d0%b0%d0%bb%d1%8e%d0%bc%d0%b8%d0%bd%d0%b8%d0%b5%d0%b2%d1%8b%d0%bc-%d0%bf%d0%be%d0%bb%d0%be%d0%bc-4-20m\/"]}]},{"@type":"ImageObject","inLanguage":"ru-RU","@id":"https:\/\/www.jurmalaslaivas.lv\/ru\/product\/%d0%bd%d0%b0%d0%b4%d1%83%d0%b2%d0%bd%d0%b0%d1%8f-%d0%bb%d0%be%d0%b4%d0%ba%d0%b0-%d1%81-%d0%b0%d0%bb%d1%8e%d0%bc%d0%b8%d0%bd%d0%b8%d0%b5%d0%b2%d1%8b%d0%bc-%d0%bf%d0%be%d0%bb%d0%be%d0%bc-4-20m\/#primaryimage","url":"https:\/\/www.jurmalaslaivas.lv\/wp-content\/uploads\/2023\/02\/430M.jpg","contentUrl":"https:\/\/www.jurmalaslaivas.lv\/wp-content\/uploads\/2023\/02\/430M.jpg","width":1080,"height":1080,"caption":"Piep\u016b\u0161ama laiva ar alum\u012bnija gr\u012bdu 4.20m"},{"@type":"BreadcrumbList","@id":"https:\/\/www.jurmalaslaivas.lv\/ru\/product\/%d0%bd%d0%b0%d0%b4%d1%83%d0%b2%d0%bd%d0%b0%d1%8f-%d0%bb%d0%be%d0%b4%d0%ba%d0%b0-%d1%81-%d0%b0%d0%bb%d1%8e%d0%bc%d0%b8%d0%bd%d0%b8%d0%b5%d0%b2%d1%8b%d0%bc-%d0%bf%d0%be%d0%bb%d0%be%d0%bc-4-20m\/#breadcrumb","itemListElement":[{"@type":"ListItem","position":1,"name":"Home","item":"https:\/\/www.jurmalaslaivas.lv\/ru\/"},{"@type":"ListItem","position":2,"name":"\u041c\u0430\u0433\u0430\u0437\u0438\u043d","item":"https:\/\/www.jurmalaslaivas.lv\/ru\/%d0%bc%d0%b0%d0%b3%d0%b0%d0%b7%d0%b8%d0%bd\/"},{"@type":"ListItem","position":3,"name":"\u041d\u0430\u0434\u0443\u0432\u043d\u0430\u044f \u043b\u043e\u0434\u043a\u0430 \u0441 \u0430\u043b\u044e\u043c\u0438\u043d\u0438\u0435\u0432\u044b\u043c \u043f\u043e\u043b\u043e\u043c 4.20m"}]},{"@type":"WebSite","@id":"https:\/\/www.jurmalaslaivas.lv\/ru\/#website","url":"https:\/\/www.jurmalaslaivas.lv\/ru\/","name":"Jurmalaslaivas.lv","description":"Laivu noma un veikals","publisher":{"@id":"https:\/\/www.jurmalaslaivas.lv\/ru\/#organization"},"potentialAction":[{"@type":"SearchAction","target":{"@type":"EntryPoint","urlTemplate":"https:\/\/www.jurmalaslaivas.lv\/ru\/?s={search_term_string}"},"query-input":{"@type":"PropertyValueSpecification","valueRequired":true,"valueName":"search_term_string"}}],"inLanguage":"ru-RU"},{"@type":"Organization","@id":"https:\/\/www.jurmalaslaivas.lv\/ru\/#organization","name":"Jurmalaslaivas.lv","url":"https:\/\/www.jurmalaslaivas.lv\/ru\/","logo":{"@type":"ImageObject","inLanguage":"ru-RU","@id":"https:\/\/www.jurmalaslaivas.lv\/ru\/#\/schema\/logo\/image\/","url":"https:\/\/www.jurmalaslaivas.lv\/wp-content\/uploads\/2022\/11\/jurmalas-laivas-balts-ar-rami.png","contentUrl":"https:\/\/www.jurmalaslaivas.lv\/wp-content\/uploads\/2022\/11\/jurmalas-laivas-balts-ar-rami.png","width":500,"height":500,"caption":"Jurmalaslaivas.lv"},"image":{"@id":"https:\/\/www.jurmalaslaivas.lv\/ru\/#\/schema\/logo\/image\/"},"sameAs":["https:\/\/www.facebook.com\/jurmalaslaivas"]}]}},"_links":{"self":[{"href":"https:\/\/www.jurmalaslaivas.lv\/ru\/wp-json\/wp\/v2\/product\/49908","targetHints":{"allow":["GET"]}}],"collection":[{"href":"https:\/\/www.jurmalaslaivas.lv\/ru\/wp-json\/wp\/v2\/product"}],"about":[{"href":"https:\/\/www.jurmalaslaivas.lv\/ru\/wp-json\/wp\/v2\/types\/product"}],"replies":[{"embeddable":true,"href":"https:\/\/www.jurmalaslaivas.lv\/ru\/wp-json\/wp\/v2\/comments?post=49908"}],"wp:featuredmedia":[{"embeddable":true,"href":"https:\/\/www.jurmalaslaivas.lv\/ru\/wp-json\/wp\/v2\/media\/49906"}],"wp:attachment":[{"href":"https:\/\/www.jurmalaslaivas.lv\/ru\/wp-json\/wp\/v2\/media?parent=49908"}],"wp:term":[{"taxonomy":"product_brand","embeddable":true,"href":"https:\/\/www.jurmalaslaivas.lv\/ru\/wp-json\/wp\/v2\/product_brand?post=49908"},{"taxonomy":"product_cat","embeddable":true,"href":"https:\/\/www.jurmalaslaivas.lv\/ru\/wp-json\/wp\/v2\/product_cat?post=49908"},{"taxonomy":"product_tag","embeddable":true,"href":"https:\/\/www.jurmalaslaivas.lv\/ru\/wp-json\/wp\/v2\/product_tag?post=49908"}],"curies":[{"name":"wp","href":"https:\/\/api.w.org\/{rel}","templated":true}]}}