{"id":49597,"date":"2023-01-31T13:02:16","date_gmt":"2023-01-31T10:02:16","guid":{"rendered":"https:\/\/www.jurmalaslaivas.lv\/product\/dzinejs-parsun-20hp-efi-l-talvadiba-starteris\/"},"modified":"2023-01-31T13:05:41","modified_gmt":"2023-01-31T10:05:41","slug":"%d0%b4%d0%b2%d0%b8%d0%b3%d0%b0%d1%82%d0%b5%d0%bb%d1%8c-parsun-20hp-efi-l-%d0%b4%d0%b8%d1%81%d1%82%d0%b0%d0%bd%d1%86%d0%b8%d0%be%d0%bd%d0%bd%d0%be%d0%b5-%d1%83%d0%bf%d1%80%d0%b0%d0%b2%d0%bb%d0%b5","status":"publish","type":"product","link":"https:\/\/www.jurmalaslaivas.lv\/ru\/product\/%d0%b4%d0%b2%d0%b8%d0%b3%d0%b0%d1%82%d0%b5%d0%bb%d1%8c-parsun-20hp-efi-l-%d0%b4%d0%b8%d1%81%d1%82%d0%b0%d0%bd%d1%86%d0%b8%d0%be%d0%bd%d0%bd%d0%be%d0%b5-%d1%83%d0%bf%d1%80%d0%b0%d0%b2%d0%bb%d0%b5\/","title":{"rendered":"\u0414\u0432\u0438\u0433\u0430\u0442\u0435\u043b\u044c Parsun 20Hp EFI -L &#8212; \u0414\u0438\u0441\u0442\u0430\u043d\u0446\u0438\u043e\u043d\u043d\u043e\u0435 \u0443\u043f\u0440\u0430\u0432\u043b\u0435\u043d\u0438\u0435 &#8212; \u0421\u0442\u0430\u0440\u0442\u0435\u0440"},"content":{"rendered":"<h1>\u0414\u0432\u0438\u0433\u0430\u0442\u0435\u043b\u044c Parsun 20Hp EFI -L &#8212; \u0414\u0438\u0441\u0442\u0430\u043d\u0446\u0438\u043e\u043d\u043d\u043e\u0435 \u0443\u043f\u0440\u0430\u0432\u043b\u0435\u043d\u0438\u0435 &#8212; \u0421\u0442\u0430\u0440\u0442\u0435\u0440<\/h1>\n<div class=\"EBI4ProductParametr\">\n<div class=\"EBI4ProductParametrTitle\">\n<p>\u0414\u0432\u0438\u0433\u0430\u0442\u0435\u043b\u044c Parsun 20Hp EFI -L &#8212; \u0414\u0438\u0441\u0442\u0430\u043d\u0446\u0438\u043e\u043d\u043d\u043e\u0435 \u0443\u043f\u0440\u0430\u0432\u043b\u0435\u043d\u0438\u0435 &#8212; \u0421\u0442\u0430\u0440\u0442\u0435\u0440<\/p>\n<p>\u041f\u043e\u0441\u0442\u0430\u0432\u0449\u0438\u043a PARSUN (\u041a\u0438\u0442\u0430\u0439)<br \/>\n\u041a\u043e\u0434 \u043f\u0440\u043e\u0434\u0443\u043a\u0442\u0430 F20EFWL-EFI<\/p>\n<p>\u041e\u0441\u043d\u043e\u0432\u043d\u044b\u0435 \u043f\u0430\u0440\u0430\u043c\u0435\u0442\u0440\u044b<br \/>\n\u041c\u043e\u0449\u043d\u043e\u0441\u0442\u044c \u043a\u0412\u0442 14,7<br \/>\n20 \u043b.\u0441.<br \/>\n\u041c\u0430\u043a\u0441\u0438\u043c\u0430\u043b\u044c\u043d\u043e\u0435 \u0447\u0438\u0441\u043b\u043e \u043e\u0431\u043e\u0440\u043e\u0442\u043e\u0432 \u0432 \u043c\u0438\u043d\u0443\u0442\u0443 \u041c\u0438\u043d-\u041c\u0430\u043a\u0441 6000<br \/>\n\u041a\u043e\u043b\u0438\u0447\u0435\u0441\u0442\u0432\u043e \u0446\u0438\u043b\u0438\u043d\u0434\u0440\u043e\u0432 2<br \/>\n\u0420\u0430\u0431\u043e\u0447\u0438\u0439 \u043e\u0431\u044a\u0435\u043c \u0441\u043c3 362<br \/>\n\u0421\u0442\u0430\u0440\u0442\u0435\u0440\u043d\u0430\u044f \u0441\u0438\u0441\u0442\u0435\u043c\u0430 \u042d\u043b\u0435\u043a\u0442\u0440\u0438\u0447\u0435\u0441\u043a\u0438\u0439 \u0441\u0442\u0430\u0440\u0442\u0435\u0440<br \/>\n\u0422\u0438\u043f \u0443\u043f\u0440\u0430\u0432\u043b\u0435\u043d\u0438\u044f \u0414\u0438\u0441\u0442\u0430\u043d\u0446\u0438\u043e\u043d\u043d\u043e\u0435 \u0443\u043f\u0440\u0430\u0432\u043b\u0435\u043d\u0438\u0435<br \/>\n\u0414\u043b\u0438\u043d\u0430 \u043d\u043e\u0433\u0438 \u0434\u044e\u0439\u043c\u043e\u0432 20<br \/>\n\u0412\u0435\u0441 \u043a\u0433 55,7<br \/>\n\u0413\u0430\u0440\u0430\u043d\u0442\u0438\u044f 2 \u0433\u043e\u0434\u0430<\/p>\n<\/div>\n<\/div>\n","protected":false},"excerpt":{"rendered":"<p>\u0414\u0432\u0438\u0433\u0430\u0442\u0435\u043b\u044c Parsun 20Hp EFI -L &#8212; \u0414\u0438\u0441\u0442\u0430\u043d\u0446\u0438\u043e\u043d\u043d\u043e\u0435 \u0443\u043f\u0440\u0430\u0432\u043b\u0435\u043d\u0438\u0435 &#8212; \u0421\u0442\u0430\u0440\u0442\u0435\u0440 \u0414\u0432\u0438\u0433\u0430\u0442\u0435\u043b\u044c Parsun 20Hp EFI -L &#8212; \u0414\u0438\u0441\u0442\u0430\u043d\u0446\u0438\u043e\u043d\u043d\u043e\u0435 \u0443\u043f\u0440\u0430\u0432\u043b\u0435\u043d\u0438\u0435 &#8212; \u0421\u0442\u0430\u0440\u0442\u0435\u0440 \u041f\u043e\u0441\u0442\u0430\u0432\u0449\u0438\u043a PARSUN (\u041a\u0438\u0442\u0430\u0439) \u041a\u043e\u0434 \u043f\u0440\u043e\u0434\u0443\u043a\u0442\u0430 F20EFWL-EFI \u041e\u0441\u043d\u043e\u0432\u043d\u044b\u0435 \u043f\u0430\u0440\u0430\u043c\u0435\u0442\u0440\u044b \u041c\u043e\u0449\u043d\u043e\u0441\u0442\u044c \u043a\u0412\u0442 14,7 20 \u043b.\u0441. \u041c\u0430\u043a\u0441\u0438\u043c\u0430\u043b\u044c\u043d\u043e\u0435 \u0447\u0438\u0441\u043b\u043e \u043e\u0431\u043e\u0440\u043e\u0442\u043e\u0432 \u0432 \u043c\u0438\u043d\u0443\u0442\u0443 \u041c\u0438\u043d-\u041c\u0430\u043a\u0441 6000 \u041a\u043e\u043b\u0438\u0447\u0435\u0441\u0442\u0432\u043e \u0446\u0438\u043b\u0438\u043d\u0434\u0440\u043e\u0432 2 \u0420\u0430\u0431\u043e\u0447\u0438\u0439 \u043e\u0431\u044a\u0435\u043c \u0441\u043c3 362 \u0421\u0442\u0430\u0440\u0442\u0435\u0440\u043d\u0430\u044f \u0441\u0438\u0441\u0442\u0435\u043c\u0430 \u042d\u043b\u0435\u043a\u0442\u0440\u0438\u0447\u0435\u0441\u043a\u0438\u0439 \u0441\u0442\u0430\u0440\u0442\u0435\u0440 \u0422\u0438\u043f \u0443\u043f\u0440\u0430\u0432\u043b\u0435\u043d\u0438\u044f \u0414\u0438\u0441\u0442\u0430\u043d\u0446\u0438\u043e\u043d\u043d\u043e\u0435 \u0443\u043f\u0440\u0430\u0432\u043b\u0435\u043d\u0438\u0435 [&#8230;]<\/p>\n<p><a class=\"btn btn-secondary understrap-read-more-link\" href=\"https:\/\/www.jurmalaslaivas.lv\/ru\/product\/%d0%b4%d0%b2%d0%b8%d0%b3%d0%b0%d1%82%d0%b5%d0%bb%d1%8c-parsun-20hp-efi-l-%d0%b4%d0%b8%d1%81%d1%82%d0%b0%d0%bd%d1%86%d0%b8%d0%be%d0%bd%d0%bd%d0%be%d0%b5-%d1%83%d0%bf%d1%80%d0%b0%d0%b2%d0%bb%d0%b5\/\">\u0427\u0438\u0442\u0430\u0442\u044c \u0434\u0430\u043b\u044c\u0448\u0435\u2026<\/a><\/p>\n","protected":false},"featured_media":49595,"comment_status":"closed","ping_status":"closed","template":"","meta":{"_acf_changed":false,"inline_featured_image":false},"product_brand":[],"product_cat":[570,1041],"product_tag":[2241,2245,2239,2246,2247,2240,2244,2242,2243],"class_list":{"0":"post-49597","1":"product","2":"type-product","3":"status-publish","4":"has-post-thumbnail","6":"product_cat-570","7":"product_cat----parsun-outboards","8":"product_tag-benzina-dzineji","9":"product_tag-boat-motors","10":"product_tag-laivu-motori","11":"product_tag-outboard-boat-motors","12":"product_tag-petrol-engines","13":"product_tag-piekarinamie-laivu-motori","14":"product_tag-2244","15":"product_tag-2242","16":"product_tag-2243","18":"first","19":"instock","20":"shipping-taxable","21":"purchasable","22":"product-type-simple"},"acf":[],"yoast_head":"<!-- This site is optimized with the Yoast SEO plugin v27.0 - https:\/\/yoast.com\/product\/yoast-seo-wordpress\/ -->\n<title>\u0414\u0432\u0438\u0433\u0430\u0442\u0435\u043b\u044c Parsun 20Hp EFI -L - \u0414\u0438\u0441\u0442\u0430\u043d\u0446\u0438\u043e\u043d\u043d\u043e\u0435 \u0443\u043f\u0440\u0430\u0432\u043b\u0435\u043d\u0438\u0435 - \u0421\u0442\u0430\u0440\u0442\u0435\u0440 - Jurmalas Laivas<\/title>\n<meta name=\"description\" content=\"\u0414\u0432\u0438\u0433\u0430\u0442\u0435\u043b\u044c Parsun 20Hp EFI -L - \u0414\u0438\u0441\u0442\u0430\u043d\u0446\u0438\u043e\u043d\u043d\u043e\u0435 \u0443\u043f\u0440\u0430\u0432\u043b\u0435\u043d\u0438\u0435 - \u0421\u0442\u0430\u0440\u0442\u0435\u0440. \u041f\u043e\u0441\u0442\u0430\u0432\u0449\u0438\u043a PARSUN (\u041a\u0438\u0442\u0430\u0439)\u041a\u043e\u0434 \u043f\u0440\u043e\u0434\u0443\u043a\u0442\u0430 F20EFWL-EFI \u041c\u043e\u0449\u043d\u043e\u0441\u0442\u044c \u043a\u0412\u0442 14,7 20 \u043b.\u0441.\" \/>\n<meta name=\"robots\" content=\"index, follow, max-snippet:-1, max-image-preview:large, max-video-preview:-1\" \/>\n<link rel=\"canonical\" href=\"https:\/\/www.jurmalaslaivas.lv\/ru\/product\/%d0%b4%d0%b2%d0%b8%d0%b3%d0%b0%d1%82%d0%b5%d0%bb%d1%8c-parsun-20hp-efi-l-%d0%b4%d0%b8%d1%81%d1%82%d0%b0%d0%bd%d1%86%d0%b8%d0%be%d0%bd%d0%bd%d0%be%d0%b5-%d1%83%d0%bf%d1%80%d0%b0%d0%b2%d0%bb%d0%b5\/\" \/>\n<meta property=\"og:locale\" content=\"ru_RU\" \/>\n<meta property=\"og:type\" content=\"article\" \/>\n<meta property=\"og:title\" content=\"\u0414\u0432\u0438\u0433\u0430\u0442\u0435\u043b\u044c Parsun 20Hp EFI -L - \u0414\u0438\u0441\u0442\u0430\u043d\u0446\u0438\u043e\u043d\u043d\u043e\u0435 \u0443\u043f\u0440\u0430\u0432\u043b\u0435\u043d\u0438\u0435 - \u0421\u0442\u0430\u0440\u0442\u0435\u0440 - Jurmalas Laivas\" \/>\n<meta property=\"og:description\" content=\"\u0414\u0432\u0438\u0433\u0430\u0442\u0435\u043b\u044c Parsun 20Hp EFI -L - \u0414\u0438\u0441\u0442\u0430\u043d\u0446\u0438\u043e\u043d\u043d\u043e\u0435 \u0443\u043f\u0440\u0430\u0432\u043b\u0435\u043d\u0438\u0435 - \u0421\u0442\u0430\u0440\u0442\u0435\u0440. \u041f\u043e\u0441\u0442\u0430\u0432\u0449\u0438\u043a PARSUN (\u041a\u0438\u0442\u0430\u0439)\u041a\u043e\u0434 \u043f\u0440\u043e\u0434\u0443\u043a\u0442\u0430 F20EFWL-EFI \u041c\u043e\u0449\u043d\u043e\u0441\u0442\u044c \u043a\u0412\u0442 14,7 20 \u043b.\u0441.\" \/>\n<meta property=\"og:url\" content=\"https:\/\/www.jurmalaslaivas.lv\/ru\/product\/%d0%b4%d0%b2%d0%b8%d0%b3%d0%b0%d1%82%d0%b5%d0%bb%d1%8c-parsun-20hp-efi-l-%d0%b4%d0%b8%d1%81%d1%82%d0%b0%d0%bd%d1%86%d0%b8%d0%be%d0%bd%d0%bd%d0%be%d0%b5-%d1%83%d0%bf%d1%80%d0%b0%d0%b2%d0%bb%d0%b5\/\" \/>\n<meta property=\"og:site_name\" content=\"Jurmalas Laivas\" \/>\n<meta property=\"article:publisher\" content=\"https:\/\/www.facebook.com\/jurmalaslaivas\" \/>\n<meta property=\"article:modified_time\" content=\"2023-01-31T10:05:41+00:00\" \/>\n<meta property=\"og:image\" content=\"https:\/\/www.jurmalaslaivas.lv\/wp-content\/uploads\/2023\/01\/Parsun20Talvadiba.jpg\" \/>\n\t<meta property=\"og:image:width\" content=\"559\" \/>\n\t<meta property=\"og:image:height\" content=\"900\" \/>\n\t<meta property=\"og:image:type\" content=\"image\/jpeg\" \/>\n<meta name=\"twitter:card\" content=\"summary_large_image\" \/>\n<meta name=\"twitter:label1\" content=\"\u041f\u0440\u0438\u043c\u0435\u0440\u043d\u043e\u0435 \u0432\u0440\u0435\u043c\u044f \u0434\u043b\u044f \u0447\u0442\u0435\u043d\u0438\u044f\" \/>\n\t<meta name=\"twitter:data1\" content=\"1 \u043c\u0438\u043d\u0443\u0442\u0430\" \/>\n<script type=\"application\/ld+json\" class=\"yoast-schema-graph\">{\"@context\":\"https:\/\/schema.org\",\"@graph\":[{\"@type\":\"WebPage\",\"@id\":\"https:\/\/www.jurmalaslaivas.lv\/ru\/product\/%d0%b4%d0%b2%d0%b8%d0%b3%d0%b0%d1%82%d0%b5%d0%bb%d1%8c-parsun-20hp-efi-l-%d0%b4%d0%b8%d1%81%d1%82%d0%b0%d0%bd%d1%86%d0%b8%d0%be%d0%bd%d0%bd%d0%be%d0%b5-%d1%83%d0%bf%d1%80%d0%b0%d0%b2%d0%bb%d0%b5\/\",\"url\":\"https:\/\/www.jurmalaslaivas.lv\/ru\/product\/%d0%b4%d0%b2%d0%b8%d0%b3%d0%b0%d1%82%d0%b5%d0%bb%d1%8c-parsun-20hp-efi-l-%d0%b4%d0%b8%d1%81%d1%82%d0%b0%d0%bd%d1%86%d0%b8%d0%be%d0%bd%d0%bd%d0%be%d0%b5-%d1%83%d0%bf%d1%80%d0%b0%d0%b2%d0%bb%d0%b5\/\",\"name\":\"\u0414\u0432\u0438\u0433\u0430\u0442\u0435\u043b\u044c Parsun 20Hp EFI -L - \u0414\u0438\u0441\u0442\u0430\u043d\u0446\u0438\u043e\u043d\u043d\u043e\u0435 \u0443\u043f\u0440\u0430\u0432\u043b\u0435\u043d\u0438\u0435 - \u0421\u0442\u0430\u0440\u0442\u0435\u0440 - Jurmalas Laivas\",\"isPartOf\":{\"@id\":\"https:\/\/www.jurmalaslaivas.lv\/ru\/#website\"},\"primaryImageOfPage\":{\"@id\":\"https:\/\/www.jurmalaslaivas.lv\/ru\/product\/%d0%b4%d0%b2%d0%b8%d0%b3%d0%b0%d1%82%d0%b5%d0%bb%d1%8c-parsun-20hp-efi-l-%d0%b4%d0%b8%d1%81%d1%82%d0%b0%d0%bd%d1%86%d0%b8%d0%be%d0%bd%d0%bd%d0%be%d0%b5-%d1%83%d0%bf%d1%80%d0%b0%d0%b2%d0%bb%d0%b5\/#primaryimage\"},\"image\":{\"@id\":\"https:\/\/www.jurmalaslaivas.lv\/ru\/product\/%d0%b4%d0%b2%d0%b8%d0%b3%d0%b0%d1%82%d0%b5%d0%bb%d1%8c-parsun-20hp-efi-l-%d0%b4%d0%b8%d1%81%d1%82%d0%b0%d0%bd%d1%86%d0%b8%d0%be%d0%bd%d0%bd%d0%be%d0%b5-%d1%83%d0%bf%d1%80%d0%b0%d0%b2%d0%bb%d0%b5\/#primaryimage\"},\"thumbnailUrl\":\"https:\/\/www.jurmalaslaivas.lv\/wp-content\/uploads\/2023\/01\/Parsun20Talvadiba.jpg\",\"datePublished\":\"2023-01-31T10:02:16+00:00\",\"dateModified\":\"2023-01-31T10:05:41+00:00\",\"description\":\"\u0414\u0432\u0438\u0433\u0430\u0442\u0435\u043b\u044c Parsun 20Hp EFI -L - \u0414\u0438\u0441\u0442\u0430\u043d\u0446\u0438\u043e\u043d\u043d\u043e\u0435 \u0443\u043f\u0440\u0430\u0432\u043b\u0435\u043d\u0438\u0435 - \u0421\u0442\u0430\u0440\u0442\u0435\u0440. \u041f\u043e\u0441\u0442\u0430\u0432\u0449\u0438\u043a PARSUN (\u041a\u0438\u0442\u0430\u0439)\u041a\u043e\u0434 \u043f\u0440\u043e\u0434\u0443\u043a\u0442\u0430 F20EFWL-EFI \u041c\u043e\u0449\u043d\u043e\u0441\u0442\u044c \u043a\u0412\u0442 14,7 20 \u043b.\u0441.\",\"breadcrumb\":{\"@id\":\"https:\/\/www.jurmalaslaivas.lv\/ru\/product\/%d0%b4%d0%b2%d0%b8%d0%b3%d0%b0%d1%82%d0%b5%d0%bb%d1%8c-parsun-20hp-efi-l-%d0%b4%d0%b8%d1%81%d1%82%d0%b0%d0%bd%d1%86%d0%b8%d0%be%d0%bd%d0%bd%d0%be%d0%b5-%d1%83%d0%bf%d1%80%d0%b0%d0%b2%d0%bb%d0%b5\/#breadcrumb\"},\"inLanguage\":\"ru-RU\",\"potentialAction\":[{\"@type\":\"ReadAction\",\"target\":[\"https:\/\/www.jurmalaslaivas.lv\/ru\/product\/%d0%b4%d0%b2%d0%b8%d0%b3%d0%b0%d1%82%d0%b5%d0%bb%d1%8c-parsun-20hp-efi-l-%d0%b4%d0%b8%d1%81%d1%82%d0%b0%d0%bd%d1%86%d0%b8%d0%be%d0%bd%d0%bd%d0%be%d0%b5-%d1%83%d0%bf%d1%80%d0%b0%d0%b2%d0%bb%d0%b5\/\"]}]},{\"@type\":\"ImageObject\",\"inLanguage\":\"ru-RU\",\"@id\":\"https:\/\/www.jurmalaslaivas.lv\/ru\/product\/%d0%b4%d0%b2%d0%b8%d0%b3%d0%b0%d1%82%d0%b5%d0%bb%d1%8c-parsun-20hp-efi-l-%d0%b4%d0%b8%d1%81%d1%82%d0%b0%d0%bd%d1%86%d0%b8%d0%be%d0%bd%d0%bd%d0%be%d0%b5-%d1%83%d0%bf%d1%80%d0%b0%d0%b2%d0%bb%d0%b5\/#primaryimage\",\"url\":\"https:\/\/www.jurmalaslaivas.lv\/wp-content\/uploads\/2023\/01\/Parsun20Talvadiba.jpg\",\"contentUrl\":\"https:\/\/www.jurmalaslaivas.lv\/wp-content\/uploads\/2023\/01\/Parsun20Talvadiba.jpg\",\"width\":559,\"height\":900,\"caption\":\"Dzin\u0113js Parsun 20Hp EFI -L - T\u0101lvad\u012bba -Starteris\"},{\"@type\":\"BreadcrumbList\",\"@id\":\"https:\/\/www.jurmalaslaivas.lv\/ru\/product\/%d0%b4%d0%b2%d0%b8%d0%b3%d0%b0%d1%82%d0%b5%d0%bb%d1%8c-parsun-20hp-efi-l-%d0%b4%d0%b8%d1%81%d1%82%d0%b0%d0%bd%d1%86%d0%b8%d0%be%d0%bd%d0%bd%d0%be%d0%b5-%d1%83%d0%bf%d1%80%d0%b0%d0%b2%d0%bb%d0%b5\/#breadcrumb\",\"itemListElement\":[{\"@type\":\"ListItem\",\"position\":1,\"name\":\"Home\",\"item\":\"https:\/\/www.jurmalaslaivas.lv\/ru\/\"},{\"@type\":\"ListItem\",\"position\":2,\"name\":\"\u041c\u0430\u0433\u0430\u0437\u0438\u043d\",\"item\":\"https:\/\/www.jurmalaslaivas.lv\/ru\/%d0%bc%d0%b0%d0%b3%d0%b0%d0%b7%d0%b8%d0%bd\/\"},{\"@type\":\"ListItem\",\"position\":3,\"name\":\"\u0414\u0432\u0438\u0433\u0430\u0442\u0435\u043b\u044c Parsun 20Hp EFI -L &#8211; \u0414\u0438\u0441\u0442\u0430\u043d\u0446\u0438\u043e\u043d\u043d\u043e\u0435 \u0443\u043f\u0440\u0430\u0432\u043b\u0435\u043d\u0438\u0435 &#8211; \u0421\u0442\u0430\u0440\u0442\u0435\u0440\"}]},{\"@type\":\"WebSite\",\"@id\":\"https:\/\/www.jurmalaslaivas.lv\/ru\/#website\",\"url\":\"https:\/\/www.jurmalaslaivas.lv\/ru\/\",\"name\":\"Jurmalaslaivas.lv\",\"description\":\"Laivu noma un veikals\",\"publisher\":{\"@id\":\"https:\/\/www.jurmalaslaivas.lv\/ru\/#organization\"},\"potentialAction\":[{\"@type\":\"SearchAction\",\"target\":{\"@type\":\"EntryPoint\",\"urlTemplate\":\"https:\/\/www.jurmalaslaivas.lv\/ru\/?s={search_term_string}\"},\"query-input\":{\"@type\":\"PropertyValueSpecification\",\"valueRequired\":true,\"valueName\":\"search_term_string\"}}],\"inLanguage\":\"ru-RU\"},{\"@type\":\"Organization\",\"@id\":\"https:\/\/www.jurmalaslaivas.lv\/ru\/#organization\",\"name\":\"Jurmalaslaivas.lv\",\"url\":\"https:\/\/www.jurmalaslaivas.lv\/ru\/\",\"logo\":{\"@type\":\"ImageObject\",\"inLanguage\":\"ru-RU\",\"@id\":\"https:\/\/www.jurmalaslaivas.lv\/ru\/#\/schema\/logo\/image\/\",\"url\":\"https:\/\/www.jurmalaslaivas.lv\/wp-content\/uploads\/2022\/11\/jurmalas-laivas-balts-ar-rami.png\",\"contentUrl\":\"https:\/\/www.jurmalaslaivas.lv\/wp-content\/uploads\/2022\/11\/jurmalas-laivas-balts-ar-rami.png\",\"width\":500,\"height\":500,\"caption\":\"Jurmalaslaivas.lv\"},\"image\":{\"@id\":\"https:\/\/www.jurmalaslaivas.lv\/ru\/#\/schema\/logo\/image\/\"},\"sameAs\":[\"https:\/\/www.facebook.com\/jurmalaslaivas\"]}]}<\/script>\n<!-- \/ Yoast SEO plugin. -->","yoast_head_json":{"title":"\u0414\u0432\u0438\u0433\u0430\u0442\u0435\u043b\u044c Parsun 20Hp EFI -L - \u0414\u0438\u0441\u0442\u0430\u043d\u0446\u0438\u043e\u043d\u043d\u043e\u0435 \u0443\u043f\u0440\u0430\u0432\u043b\u0435\u043d\u0438\u0435 - \u0421\u0442\u0430\u0440\u0442\u0435\u0440 - Jurmalas Laivas","description":"\u0414\u0432\u0438\u0433\u0430\u0442\u0435\u043b\u044c Parsun 20Hp EFI -L - \u0414\u0438\u0441\u0442\u0430\u043d\u0446\u0438\u043e\u043d\u043d\u043e\u0435 \u0443\u043f\u0440\u0430\u0432\u043b\u0435\u043d\u0438\u0435 - \u0421\u0442\u0430\u0440\u0442\u0435\u0440. \u041f\u043e\u0441\u0442\u0430\u0432\u0449\u0438\u043a PARSUN (\u041a\u0438\u0442\u0430\u0439)\u041a\u043e\u0434 \u043f\u0440\u043e\u0434\u0443\u043a\u0442\u0430 F20EFWL-EFI \u041c\u043e\u0449\u043d\u043e\u0441\u0442\u044c \u043a\u0412\u0442 14,7 20 \u043b.\u0441.","robots":{"index":"index","follow":"follow","max-snippet":"max-snippet:-1","max-image-preview":"max-image-preview:large","max-video-preview":"max-video-preview:-1"},"canonical":"https:\/\/www.jurmalaslaivas.lv\/ru\/product\/%d0%b4%d0%b2%d0%b8%d0%b3%d0%b0%d1%82%d0%b5%d0%bb%d1%8c-parsun-20hp-efi-l-%d0%b4%d0%b8%d1%81%d1%82%d0%b0%d0%bd%d1%86%d0%b8%d0%be%d0%bd%d0%bd%d0%be%d0%b5-%d1%83%d0%bf%d1%80%d0%b0%d0%b2%d0%bb%d0%b5\/","og_locale":"ru_RU","og_type":"article","og_title":"\u0414\u0432\u0438\u0433\u0430\u0442\u0435\u043b\u044c Parsun 20Hp EFI -L - \u0414\u0438\u0441\u0442\u0430\u043d\u0446\u0438\u043e\u043d\u043d\u043e\u0435 \u0443\u043f\u0440\u0430\u0432\u043b\u0435\u043d\u0438\u0435 - \u0421\u0442\u0430\u0440\u0442\u0435\u0440 - Jurmalas Laivas","og_description":"\u0414\u0432\u0438\u0433\u0430\u0442\u0435\u043b\u044c Parsun 20Hp EFI -L - \u0414\u0438\u0441\u0442\u0430\u043d\u0446\u0438\u043e\u043d\u043d\u043e\u0435 \u0443\u043f\u0440\u0430\u0432\u043b\u0435\u043d\u0438\u0435 - \u0421\u0442\u0430\u0440\u0442\u0435\u0440. \u041f\u043e\u0441\u0442\u0430\u0432\u0449\u0438\u043a PARSUN (\u041a\u0438\u0442\u0430\u0439)\u041a\u043e\u0434 \u043f\u0440\u043e\u0434\u0443\u043a\u0442\u0430 F20EFWL-EFI \u041c\u043e\u0449\u043d\u043e\u0441\u0442\u044c \u043a\u0412\u0442 14,7 20 \u043b.\u0441.","og_url":"https:\/\/www.jurmalaslaivas.lv\/ru\/product\/%d0%b4%d0%b2%d0%b8%d0%b3%d0%b0%d1%82%d0%b5%d0%bb%d1%8c-parsun-20hp-efi-l-%d0%b4%d0%b8%d1%81%d1%82%d0%b0%d0%bd%d1%86%d0%b8%d0%be%d0%bd%d0%bd%d0%be%d0%b5-%d1%83%d0%bf%d1%80%d0%b0%d0%b2%d0%bb%d0%b5\/","og_site_name":"Jurmalas Laivas","article_publisher":"https:\/\/www.facebook.com\/jurmalaslaivas","article_modified_time":"2023-01-31T10:05:41+00:00","og_image":[{"width":559,"height":900,"url":"https:\/\/www.jurmalaslaivas.lv\/wp-content\/uploads\/2023\/01\/Parsun20Talvadiba.jpg","type":"image\/jpeg"}],"twitter_card":"summary_large_image","twitter_misc":{"\u041f\u0440\u0438\u043c\u0435\u0440\u043d\u043e\u0435 \u0432\u0440\u0435\u043c\u044f \u0434\u043b\u044f \u0447\u0442\u0435\u043d\u0438\u044f":"1 \u043c\u0438\u043d\u0443\u0442\u0430"},"schema":{"@context":"https:\/\/schema.org","@graph":[{"@type":"WebPage","@id":"https:\/\/www.jurmalaslaivas.lv\/ru\/product\/%d0%b4%d0%b2%d0%b8%d0%b3%d0%b0%d1%82%d0%b5%d0%bb%d1%8c-parsun-20hp-efi-l-%d0%b4%d0%b8%d1%81%d1%82%d0%b0%d0%bd%d1%86%d0%b8%d0%be%d0%bd%d0%bd%d0%be%d0%b5-%d1%83%d0%bf%d1%80%d0%b0%d0%b2%d0%bb%d0%b5\/","url":"https:\/\/www.jurmalaslaivas.lv\/ru\/product\/%d0%b4%d0%b2%d0%b8%d0%b3%d0%b0%d1%82%d0%b5%d0%bb%d1%8c-parsun-20hp-efi-l-%d0%b4%d0%b8%d1%81%d1%82%d0%b0%d0%bd%d1%86%d0%b8%d0%be%d0%bd%d0%bd%d0%be%d0%b5-%d1%83%d0%bf%d1%80%d0%b0%d0%b2%d0%bb%d0%b5\/","name":"\u0414\u0432\u0438\u0433\u0430\u0442\u0435\u043b\u044c Parsun 20Hp EFI -L - \u0414\u0438\u0441\u0442\u0430\u043d\u0446\u0438\u043e\u043d\u043d\u043e\u0435 \u0443\u043f\u0440\u0430\u0432\u043b\u0435\u043d\u0438\u0435 - \u0421\u0442\u0430\u0440\u0442\u0435\u0440 - Jurmalas Laivas","isPartOf":{"@id":"https:\/\/www.jurmalaslaivas.lv\/ru\/#website"},"primaryImageOfPage":{"@id":"https:\/\/www.jurmalaslaivas.lv\/ru\/product\/%d0%b4%d0%b2%d0%b8%d0%b3%d0%b0%d1%82%d0%b5%d0%bb%d1%8c-parsun-20hp-efi-l-%d0%b4%d0%b8%d1%81%d1%82%d0%b0%d0%bd%d1%86%d0%b8%d0%be%d0%bd%d0%bd%d0%be%d0%b5-%d1%83%d0%bf%d1%80%d0%b0%d0%b2%d0%bb%d0%b5\/#primaryimage"},"image":{"@id":"https:\/\/www.jurmalaslaivas.lv\/ru\/product\/%d0%b4%d0%b2%d0%b8%d0%b3%d0%b0%d1%82%d0%b5%d0%bb%d1%8c-parsun-20hp-efi-l-%d0%b4%d0%b8%d1%81%d1%82%d0%b0%d0%bd%d1%86%d0%b8%d0%be%d0%bd%d0%bd%d0%be%d0%b5-%d1%83%d0%bf%d1%80%d0%b0%d0%b2%d0%bb%d0%b5\/#primaryimage"},"thumbnailUrl":"https:\/\/www.jurmalaslaivas.lv\/wp-content\/uploads\/2023\/01\/Parsun20Talvadiba.jpg","datePublished":"2023-01-31T10:02:16+00:00","dateModified":"2023-01-31T10:05:41+00:00","description":"\u0414\u0432\u0438\u0433\u0430\u0442\u0435\u043b\u044c Parsun 20Hp EFI -L - \u0414\u0438\u0441\u0442\u0430\u043d\u0446\u0438\u043e\u043d\u043d\u043e\u0435 \u0443\u043f\u0440\u0430\u0432\u043b\u0435\u043d\u0438\u0435 - \u0421\u0442\u0430\u0440\u0442\u0435\u0440. \u041f\u043e\u0441\u0442\u0430\u0432\u0449\u0438\u043a PARSUN (\u041a\u0438\u0442\u0430\u0439)\u041a\u043e\u0434 \u043f\u0440\u043e\u0434\u0443\u043a\u0442\u0430 F20EFWL-EFI \u041c\u043e\u0449\u043d\u043e\u0441\u0442\u044c \u043a\u0412\u0442 14,7 20 \u043b.\u0441.","breadcrumb":{"@id":"https:\/\/www.jurmalaslaivas.lv\/ru\/product\/%d0%b4%d0%b2%d0%b8%d0%b3%d0%b0%d1%82%d0%b5%d0%bb%d1%8c-parsun-20hp-efi-l-%d0%b4%d0%b8%d1%81%d1%82%d0%b0%d0%bd%d1%86%d0%b8%d0%be%d0%bd%d0%bd%d0%be%d0%b5-%d1%83%d0%bf%d1%80%d0%b0%d0%b2%d0%bb%d0%b5\/#breadcrumb"},"inLanguage":"ru-RU","potentialAction":[{"@type":"ReadAction","target":["https:\/\/www.jurmalaslaivas.lv\/ru\/product\/%d0%b4%d0%b2%d0%b8%d0%b3%d0%b0%d1%82%d0%b5%d0%bb%d1%8c-parsun-20hp-efi-l-%d0%b4%d0%b8%d1%81%d1%82%d0%b0%d0%bd%d1%86%d0%b8%d0%be%d0%bd%d0%bd%d0%be%d0%b5-%d1%83%d0%bf%d1%80%d0%b0%d0%b2%d0%bb%d0%b5\/"]}]},{"@type":"ImageObject","inLanguage":"ru-RU","@id":"https:\/\/www.jurmalaslaivas.lv\/ru\/product\/%d0%b4%d0%b2%d0%b8%d0%b3%d0%b0%d1%82%d0%b5%d0%bb%d1%8c-parsun-20hp-efi-l-%d0%b4%d0%b8%d1%81%d1%82%d0%b0%d0%bd%d1%86%d0%b8%d0%be%d0%bd%d0%bd%d0%be%d0%b5-%d1%83%d0%bf%d1%80%d0%b0%d0%b2%d0%bb%d0%b5\/#primaryimage","url":"https:\/\/www.jurmalaslaivas.lv\/wp-content\/uploads\/2023\/01\/Parsun20Talvadiba.jpg","contentUrl":"https:\/\/www.jurmalaslaivas.lv\/wp-content\/uploads\/2023\/01\/Parsun20Talvadiba.jpg","width":559,"height":900,"caption":"Dzin\u0113js Parsun 20Hp EFI -L - T\u0101lvad\u012bba -Starteris"},{"@type":"BreadcrumbList","@id":"https:\/\/www.jurmalaslaivas.lv\/ru\/product\/%d0%b4%d0%b2%d0%b8%d0%b3%d0%b0%d1%82%d0%b5%d0%bb%d1%8c-parsun-20hp-efi-l-%d0%b4%d0%b8%d1%81%d1%82%d0%b0%d0%bd%d1%86%d0%b8%d0%be%d0%bd%d0%bd%d0%be%d0%b5-%d1%83%d0%bf%d1%80%d0%b0%d0%b2%d0%bb%d0%b5\/#breadcrumb","itemListElement":[{"@type":"ListItem","position":1,"name":"Home","item":"https:\/\/www.jurmalaslaivas.lv\/ru\/"},{"@type":"ListItem","position":2,"name":"\u041c\u0430\u0433\u0430\u0437\u0438\u043d","item":"https:\/\/www.jurmalaslaivas.lv\/ru\/%d0%bc%d0%b0%d0%b3%d0%b0%d0%b7%d0%b8%d0%bd\/"},{"@type":"ListItem","position":3,"name":"\u0414\u0432\u0438\u0433\u0430\u0442\u0435\u043b\u044c Parsun 20Hp EFI -L &#8211; \u0414\u0438\u0441\u0442\u0430\u043d\u0446\u0438\u043e\u043d\u043d\u043e\u0435 \u0443\u043f\u0440\u0430\u0432\u043b\u0435\u043d\u0438\u0435 &#8211; \u0421\u0442\u0430\u0440\u0442\u0435\u0440"}]},{"@type":"WebSite","@id":"https:\/\/www.jurmalaslaivas.lv\/ru\/#website","url":"https:\/\/www.jurmalaslaivas.lv\/ru\/","name":"Jurmalaslaivas.lv","description":"Laivu noma un veikals","publisher":{"@id":"https:\/\/www.jurmalaslaivas.lv\/ru\/#organization"},"potentialAction":[{"@type":"SearchAction","target":{"@type":"EntryPoint","urlTemplate":"https:\/\/www.jurmalaslaivas.lv\/ru\/?s={search_term_string}"},"query-input":{"@type":"PropertyValueSpecification","valueRequired":true,"valueName":"search_term_string"}}],"inLanguage":"ru-RU"},{"@type":"Organization","@id":"https:\/\/www.jurmalaslaivas.lv\/ru\/#organization","name":"Jurmalaslaivas.lv","url":"https:\/\/www.jurmalaslaivas.lv\/ru\/","logo":{"@type":"ImageObject","inLanguage":"ru-RU","@id":"https:\/\/www.jurmalaslaivas.lv\/ru\/#\/schema\/logo\/image\/","url":"https:\/\/www.jurmalaslaivas.lv\/wp-content\/uploads\/2022\/11\/jurmalas-laivas-balts-ar-rami.png","contentUrl":"https:\/\/www.jurmalaslaivas.lv\/wp-content\/uploads\/2022\/11\/jurmalas-laivas-balts-ar-rami.png","width":500,"height":500,"caption":"Jurmalaslaivas.lv"},"image":{"@id":"https:\/\/www.jurmalaslaivas.lv\/ru\/#\/schema\/logo\/image\/"},"sameAs":["https:\/\/www.facebook.com\/jurmalaslaivas"]}]}},"_links":{"self":[{"href":"https:\/\/www.jurmalaslaivas.lv\/ru\/wp-json\/wp\/v2\/product\/49597","targetHints":{"allow":["GET"]}}],"collection":[{"href":"https:\/\/www.jurmalaslaivas.lv\/ru\/wp-json\/wp\/v2\/product"}],"about":[{"href":"https:\/\/www.jurmalaslaivas.lv\/ru\/wp-json\/wp\/v2\/types\/product"}],"replies":[{"embeddable":true,"href":"https:\/\/www.jurmalaslaivas.lv\/ru\/wp-json\/wp\/v2\/comments?post=49597"}],"wp:featuredmedia":[{"embeddable":true,"href":"https:\/\/www.jurmalaslaivas.lv\/ru\/wp-json\/wp\/v2\/media\/49595"}],"wp:attachment":[{"href":"https:\/\/www.jurmalaslaivas.lv\/ru\/wp-json\/wp\/v2\/media?parent=49597"}],"wp:term":[{"taxonomy":"product_brand","embeddable":true,"href":"https:\/\/www.jurmalaslaivas.lv\/ru\/wp-json\/wp\/v2\/product_brand?post=49597"},{"taxonomy":"product_cat","embeddable":true,"href":"https:\/\/www.jurmalaslaivas.lv\/ru\/wp-json\/wp\/v2\/product_cat?post=49597"},{"taxonomy":"product_tag","embeddable":true,"href":"https:\/\/www.jurmalaslaivas.lv\/ru\/wp-json\/wp\/v2\/product_tag?post=49597"}],"curies":[{"name":"wp","href":"https:\/\/api.w.org\/{rel}","templated":true}]}}