{"id":49151,"date":"2022-12-15T13:22:15","date_gmt":"2022-12-15T10:22:15","guid":{"rendered":"https:\/\/www.jurmalaslaivas.lv\/product\/benzina-motors-suzuki-df20ars-efi\/"},"modified":"2024-01-16T16:32:21","modified_gmt":"2024-01-16T13:32:21","slug":"%d0%b1%d0%b5%d0%bd%d0%b7%d0%b8%d0%bd%d0%be%d0%b2%d1%8b%d0%b9-%d0%b4%d0%b2%d0%b8%d0%b3%d0%b0%d1%82%d0%b5%d0%bb%d1%8c-suzuki-df20ars-efi","status":"publish","type":"product","link":"https:\/\/www.jurmalaslaivas.lv\/ru\/product\/%d0%b1%d0%b5%d0%bd%d0%b7%d0%b8%d0%bd%d0%be%d0%b2%d1%8b%d0%b9-%d0%b4%d0%b2%d0%b8%d0%b3%d0%b0%d1%82%d0%b5%d0%bb%d1%8c-suzuki-df20ars-efi\/","title":{"rendered":"\u0411\u0435\u043d\u0437\u0438\u043d\u043e\u0432\u044b\u0439 \u0434\u0432\u0438\u0433\u0430\u0442\u0435\u043b\u044c SUZUKI DF20ARS EFI"},"content":{"rendered":"<h1 class=\"title\">\u0411\u0435\u043d\u0437\u0438\u043d\u043e\u0432\u044b\u0439 \u0434\u0432\u0438\u0433\u0430\u0442\u0435\u043b\u044c SUZUKI DF20ARS EFI<\/h1>\n<p class=\"title\">\u0411\u0435\u043d\u0437\u0438\u043d\u043e\u0432\u044b\u0439 \u0434\u0432\u0438\u0433\u0430\u0442\u0435\u043b\u044c SUZUKI DF20ARS EFI<\/p>\n<table width=\"690\" cellspacing=\"1\" cellpadding=\"1\">\n<tbody>\n<tr>\n<td colspan=\"2\"><strong>SPECIFIK\u0100CIJA<\/strong><\/td>\n<\/tr>\n<tr>\n<td>K\u0101jas garums \/\u00a0dzin\u0113ja svars\u00a0:<\/td>\n<td>\n<div>S: 381 mm \/\u00a044 kg \/ (El.start.R)\u00a048 kg<\/div>\n<div>L:\u00a0510 mm \/\u00a045 kg \/ (El.start.R)\u00a049 kg<\/div>\n<\/td>\n<\/tr>\n<tr>\n<td>Virzu\u013ca diametrs\u00a0x\u00a0g\u0101jiens :<\/td>\n<td>60.4\u00a0x\u00a057 mm<\/td>\n<\/tr>\n<tr>\n<td>Dzenskr\u016bvju vari\u0101cijas\u00a0(so\u013ci) :<\/td>\n<td>7\u00a0&#187; &#8212; 11 &#171;<\/td>\n<\/tr>\n<tr>\n<td>Starteris:<\/td>\n<td>Elektrisks (R)\u00a0\/ Rokas<\/td>\n<\/tr>\n<tr>\n<td>Dzin\u0113js tips:<\/td>\n<td>OHC<\/td>\n<\/tr>\n<tr>\n<td>Degvielas padeves sist\u0113ma :<\/td>\n<td>EFI (Elektronisk\u0101 degvielas iesmidze)<\/td>\n<\/tr>\n<tr>\n<td>Cilindru skaits :<\/td>\n<td>2<\/td>\n<\/tr>\n<tr>\n<td>Cilindra\u00a0tilpums cm<sup>3<\/sup>:<\/td>\n<td>327<\/td>\n<\/tr>\n<tr>\n<td>Maksim\u0101l\u0101 jauda Zs (kW)\u00a0:<\/td>\n<td>DF15A (11.0)<br \/>\nDF20A (14.7)<\/td>\n<\/tr>\n<tr>\n<td>Pilnas droseles darb\u012bbas diapazons:<\/td>\n<td>DF15A: 5000 &#8212; 6000 apgr. \/ min<br \/>\nDF20A: 5300 &#8212; 6300 apgr. \/ min<\/td>\n<\/tr>\n<tr>\n<td>Dzin\u0113ja vad\u012bba\u00a0:<\/td>\n<td>Rokas<\/td>\n<\/tr>\n<tr>\n<td>E\u013c\u013cas\u00a0kartera ietilp\u012bba:<\/td>\n<td>1.0l<\/td>\n<\/tr>\n<tr>\n<td>Aizdedzes sist\u0113ma:<\/td>\n<td>Elektroniska, CDI<\/td>\n<\/tr>\n<tr>\n<td>\u0122enerators:<\/td>\n<td>\n<div>Distances vad. mod. (R)\u00a012V 12A<\/div>\n<div>Rokas vad. mod. 12V 6A<br \/>\nDistances vad. mod. 12 12A<\/div>\n<\/td>\n<\/tr>\n<tr>\n<td>Dzin\u0113ja pacel\u0161ana:<\/td>\n<td>Manu\u0101la rokas<\/td>\n<\/tr>\n<tr>\n<td>Reduktora\u00a0zobratu attiec\u012bba:<\/td>\n<td>2.08:1<\/td>\n<\/tr>\n<tr>\n<td>P\u0101rnesumu p\u0101rsl\u0113g\u0161ana:<\/td>\n<td>F -N- R<\/td>\n<\/tr>\n<tr>\n<td>Atg\u0101zu izpl\u016bd:<\/td>\n<td>Caur dzenskr\u016bvi<\/td>\n<\/tr>\n<\/tbody>\n<\/table>\n<p>&nbsp;<\/p>\n<div class=\"desc\">\n<table border=\"1\" cellspacing=\"1\" cellpadding=\"1\">\n<tbody>\n<tr>\n<td><strong>ODELIS<\/strong><\/td>\n<td><strong>DZIN\u0112JA MODE\u013bA APZ\u012aM\u0112JUMI<\/strong><\/td>\n<td><strong>K\u0100JAS GARUMS<\/strong><\/td>\n<\/tr>\n<tr>\n<td>DT\u00a0= 2-Stroke<br \/>\nDF\u00a0= 4-Stroke<br \/>\nPU\u00a0= Jet Drive<\/td>\n<td>C\u00a0= Oil injection<br \/>\nE\u00a0= Electric Start, Tiller Control<br \/>\nG\u00a0= Counter Rotation<br \/>\nH\u00a0= Power Trim &amp; Tilt w\/ Elect. Start w\/Tiller Handle<br \/>\nM\u00a0= Manual Start, Tiller Control<br \/>\nN\u00a0= High thrust or sail model available in 8 and 9.9 hp<br \/>\nQH\u00a0= Tiller Control with gas assisted tilt (some DF25\/30\/40\/50)<br \/>\nR\u00a0= Remote Control, Electric start<br \/>\nS\u00a0= High performance 150 HP with EFI (designed for bass boats)<br \/>\nSF\u00a0= Super Four<br \/>\nSS\u00a0= Super six (150 HP only) with PTT, oil injection, remote control \/ Super Sport for DF250<br \/>\nT= Trim &amp; tilt, Remote Control, Electric Start (tilt only with remote &amp; electric on DT40TC prior to 1994)<br \/>\nTH\u00a0= Tiller Control with PTT (some DT55\/65, DF60\/70)<br \/>\nV\u00a0= 200 HP Exante model with Comlink, PTT, oil injection, remote control<br \/>\nZ\u00a0= Counter Rotation<\/td>\n<td>S\u00a0= 15&#8243;<br \/>\nL\u00a0= 20&#8243;<br \/>\nX\u00a0= 25&#8243;<br \/>\nXX\u00a0= 30&#8243;<br \/>\nNote: G or Z after the length indicates counter rotation<\/td>\n<\/tr>\n<\/tbody>\n<\/table>\n<\/div>\n<div class=\"params\">\n<table class=\"params\">\n<tbody>\n<tr>\n<td class=\"label\">Ra\u017eot\u0101js:<\/td>\n<td class=\"date\">Suzuki<\/td>\n<\/tr>\n<tr>\n<td class=\"label\">Ra\u017eo\u0161anas valsts:<\/td>\n<td class=\"date\">Jap\u0101n\u0101<\/td>\n<\/tr>\n<tr>\n<td class=\"label\">Garantija:<\/td>\n<td class=\"date\">2 gadi<\/td>\n<\/tr>\n<tr>\n<td class=\"label\">Artikuls:<\/td>\n<td class=\"date\">DF20ARS<\/td>\n<\/tr>\n<\/tbody>\n<\/table>\n<\/div>\n","protected":false},"excerpt":{"rendered":"<p>\u0411\u0435\u043d\u0437\u0438\u043d\u043e\u0432\u044b\u0439 \u0434\u0432\u0438\u0433\u0430\u0442\u0435\u043b\u044c SUZUKI DF20ARS EFI \u0411\u0435\u043d\u0437\u0438\u043d\u043e\u0432\u044b\u0439 \u0434\u0432\u0438\u0433\u0430\u0442\u0435\u043b\u044c SUZUKI DF20ARS EFI SPECIFIK\u0100CIJA K\u0101jas garums \/\u00a0dzin\u0113ja svars\u00a0: S: 381 mm \/\u00a044 kg \/ (El.start.R)\u00a048 kg L:\u00a0510 mm \/\u00a045 kg \/ (El.start.R)\u00a049 kg Virzu\u013ca diametrs\u00a0x\u00a0g\u0101jiens : 60.4\u00a0x\u00a057 mm Dzenskr\u016bvju vari\u0101cijas\u00a0(so\u013ci) : 7\u00a0&#187; &#8212; 11 &#171; Starteris: Elektrisks (R)\u00a0\/ Rokas Dzin\u0113js tips: OHC Degvielas padeves sist\u0113ma : EFI (Elektronisk\u0101 [&#8230;]<\/p>\n<p><a class=\"btn btn-secondary understrap-read-more-link\" href=\"https:\/\/www.jurmalaslaivas.lv\/ru\/product\/%d0%b1%d0%b5%d0%bd%d0%b7%d0%b8%d0%bd%d0%be%d0%b2%d1%8b%d0%b9-%d0%b4%d0%b2%d0%b8%d0%b3%d0%b0%d1%82%d0%b5%d0%bb%d1%8c-suzuki-df20ars-efi\/\">\u0427\u0438\u0442\u0430\u0442\u044c \u0434\u0430\u043b\u044c\u0448\u0435\u2026<\/a><\/p>\n","protected":false},"featured_media":36871,"comment_status":"closed","ping_status":"closed","template":"","meta":{"_acf_changed":false,"inline_featured_image":false},"product_brand":[],"product_cat":[570,1038,1143],"product_tag":[2241,2245,2239,2246,2247,2240,1091,2061,2244,2242,2243],"class_list":{"0":"post-49151","1":"product","2":"type-product","3":"status-publish","4":"has-post-thumbnail","6":"product_cat-570","7":"product_cat----suzuki-marine","8":"product_cat-2-5-20-hp-portable-ru","9":"product_tag-benzina-dzineji","10":"product_tag-boat-motors","11":"product_tag-laivu-motori","12":"product_tag-outboard-boat-motors","13":"product_tag-petrol-engines","14":"product_tag-piekarinamie-laivu-motori","15":"product_tag-suzuki-laivu-motori-ru","16":"product_tag-suzuki-marine","17":"product_tag-2244","18":"product_tag-2242","19":"product_tag-2243","21":"first","22":"instock","23":"shipping-taxable","24":"purchasable","25":"product-type-simple"},"acf":[],"yoast_head":"<!-- This site is optimized with the Yoast SEO plugin v27.0 - https:\/\/yoast.com\/product\/yoast-seo-wordpress\/ -->\n<title>\u0411\u0435\u043d\u0437\u0438\u043d\u043e\u0432\u044b\u0439 \u0434\u0432\u0438\u0433\u0430\u0442\u0435\u043b\u044c SUZUKI DF20ARS EFI - Jurmalas Laivas<\/title>\n<meta name=\"description\" content=\"\u0411\u0435\u043d\u0437\u0438\u043d\u043e\u0432\u044b\u0439 \u0434\u0432\u0438\u0433\u0430\u0442\u0435\u043b\u044c SUZUKI DF20ARS EFI. \u041b\u043e\u0434\u043e\u0447\u043d\u044b\u0439 \u043c\u043e\u0442\u043e\u0440. \u041f\u0440\u043e\u0434\u0430\u0436\u0430 \u0438 \u0430\u0440\u0435\u043d\u0434\u0430 \u043b\u043e\u0434\u043e\u043a. Garantija: 2 gadi Artikuls: DF20ARS. OHC\" \/>\n<meta name=\"robots\" content=\"index, follow, max-snippet:-1, max-image-preview:large, max-video-preview:-1\" \/>\n<link rel=\"canonical\" href=\"https:\/\/www.jurmalaslaivas.lv\/ru\/product\/%d0%b1%d0%b5%d0%bd%d0%b7%d0%b8%d0%bd%d0%be%d0%b2%d1%8b%d0%b9-%d0%b4%d0%b2%d0%b8%d0%b3%d0%b0%d1%82%d0%b5%d0%bb%d1%8c-suzuki-df20ars-efi\/\" \/>\n<meta property=\"og:locale\" content=\"ru_RU\" \/>\n<meta property=\"og:type\" content=\"article\" \/>\n<meta property=\"og:title\" content=\"\u0411\u0435\u043d\u0437\u0438\u043d\u043e\u0432\u044b\u0439 \u0434\u0432\u0438\u0433\u0430\u0442\u0435\u043b\u044c SUZUKI DF20ARS EFI - Jurmalas Laivas\" \/>\n<meta property=\"og:description\" content=\"\u0411\u0435\u043d\u0437\u0438\u043d\u043e\u0432\u044b\u0439 \u0434\u0432\u0438\u0433\u0430\u0442\u0435\u043b\u044c SUZUKI DF20ARS EFI. \u041b\u043e\u0434\u043e\u0447\u043d\u044b\u0439 \u043c\u043e\u0442\u043e\u0440. \u041f\u0440\u043e\u0434\u0430\u0436\u0430 \u0438 \u0430\u0440\u0435\u043d\u0434\u0430 \u043b\u043e\u0434\u043e\u043a. Garantija: 2 gadi Artikuls: DF20ARS. OHC\" \/>\n<meta property=\"og:url\" content=\"https:\/\/www.jurmalaslaivas.lv\/ru\/product\/%d0%b1%d0%b5%d0%bd%d0%b7%d0%b8%d0%bd%d0%be%d0%b2%d1%8b%d0%b9-%d0%b4%d0%b2%d0%b8%d0%b3%d0%b0%d1%82%d0%b5%d0%bb%d1%8c-suzuki-df20ars-efi\/\" \/>\n<meta property=\"og:site_name\" content=\"Jurmalas Laivas\" \/>\n<meta property=\"article:publisher\" content=\"https:\/\/www.facebook.com\/jurmalaslaivas\" \/>\n<meta property=\"article:modified_time\" content=\"2024-01-16T13:32:21+00:00\" \/>\n<meta property=\"og:image\" content=\"https:\/\/www.jurmalaslaivas.lv\/wp-content\/uploads\/2022\/02\/DF20.jpg\" \/>\n\t<meta property=\"og:image:width\" content=\"625\" \/>\n\t<meta property=\"og:image:height\" content=\"777\" \/>\n\t<meta property=\"og:image:type\" content=\"image\/jpeg\" \/>\n<meta name=\"twitter:card\" content=\"summary_large_image\" \/>\n<meta name=\"twitter:label1\" content=\"\u041f\u0440\u0438\u043c\u0435\u0440\u043d\u043e\u0435 \u0432\u0440\u0435\u043c\u044f \u0434\u043b\u044f \u0447\u0442\u0435\u043d\u0438\u044f\" \/>\n\t<meta name=\"twitter:data1\" content=\"2 \u043c\u0438\u043d\u0443\u0442\u044b\" \/>\n<script type=\"application\/ld+json\" class=\"yoast-schema-graph\">{\"@context\":\"https:\/\/schema.org\",\"@graph\":[{\"@type\":\"WebPage\",\"@id\":\"https:\/\/www.jurmalaslaivas.lv\/ru\/product\/%d0%b1%d0%b5%d0%bd%d0%b7%d0%b8%d0%bd%d0%be%d0%b2%d1%8b%d0%b9-%d0%b4%d0%b2%d0%b8%d0%b3%d0%b0%d1%82%d0%b5%d0%bb%d1%8c-suzuki-df20ars-efi\/\",\"url\":\"https:\/\/www.jurmalaslaivas.lv\/ru\/product\/%d0%b1%d0%b5%d0%bd%d0%b7%d0%b8%d0%bd%d0%be%d0%b2%d1%8b%d0%b9-%d0%b4%d0%b2%d0%b8%d0%b3%d0%b0%d1%82%d0%b5%d0%bb%d1%8c-suzuki-df20ars-efi\/\",\"name\":\"\u0411\u0435\u043d\u0437\u0438\u043d\u043e\u0432\u044b\u0439 \u0434\u0432\u0438\u0433\u0430\u0442\u0435\u043b\u044c SUZUKI DF20ARS EFI - Jurmalas Laivas\",\"isPartOf\":{\"@id\":\"https:\/\/www.jurmalaslaivas.lv\/ru\/#website\"},\"primaryImageOfPage\":{\"@id\":\"https:\/\/www.jurmalaslaivas.lv\/ru\/product\/%d0%b1%d0%b5%d0%bd%d0%b7%d0%b8%d0%bd%d0%be%d0%b2%d1%8b%d0%b9-%d0%b4%d0%b2%d0%b8%d0%b3%d0%b0%d1%82%d0%b5%d0%bb%d1%8c-suzuki-df20ars-efi\/#primaryimage\"},\"image\":{\"@id\":\"https:\/\/www.jurmalaslaivas.lv\/ru\/product\/%d0%b1%d0%b5%d0%bd%d0%b7%d0%b8%d0%bd%d0%be%d0%b2%d1%8b%d0%b9-%d0%b4%d0%b2%d0%b8%d0%b3%d0%b0%d1%82%d0%b5%d0%bb%d1%8c-suzuki-df20ars-efi\/#primaryimage\"},\"thumbnailUrl\":\"https:\/\/www.jurmalaslaivas.lv\/wp-content\/uploads\/2022\/02\/DF20.jpg\",\"datePublished\":\"2022-12-15T10:22:15+00:00\",\"dateModified\":\"2024-01-16T13:32:21+00:00\",\"description\":\"\u0411\u0435\u043d\u0437\u0438\u043d\u043e\u0432\u044b\u0439 \u0434\u0432\u0438\u0433\u0430\u0442\u0435\u043b\u044c SUZUKI DF20ARS EFI. \u041b\u043e\u0434\u043e\u0447\u043d\u044b\u0439 \u043c\u043e\u0442\u043e\u0440. \u041f\u0440\u043e\u0434\u0430\u0436\u0430 \u0438 \u0430\u0440\u0435\u043d\u0434\u0430 \u043b\u043e\u0434\u043e\u043a. Garantija: 2 gadi Artikuls: DF20ARS. OHC\",\"breadcrumb\":{\"@id\":\"https:\/\/www.jurmalaslaivas.lv\/ru\/product\/%d0%b1%d0%b5%d0%bd%d0%b7%d0%b8%d0%bd%d0%be%d0%b2%d1%8b%d0%b9-%d0%b4%d0%b2%d0%b8%d0%b3%d0%b0%d1%82%d0%b5%d0%bb%d1%8c-suzuki-df20ars-efi\/#breadcrumb\"},\"inLanguage\":\"ru-RU\",\"potentialAction\":[{\"@type\":\"ReadAction\",\"target\":[\"https:\/\/www.jurmalaslaivas.lv\/ru\/product\/%d0%b1%d0%b5%d0%bd%d0%b7%d0%b8%d0%bd%d0%be%d0%b2%d1%8b%d0%b9-%d0%b4%d0%b2%d0%b8%d0%b3%d0%b0%d1%82%d0%b5%d0%bb%d1%8c-suzuki-df20ars-efi\/\"]}]},{\"@type\":\"ImageObject\",\"inLanguage\":\"ru-RU\",\"@id\":\"https:\/\/www.jurmalaslaivas.lv\/ru\/product\/%d0%b1%d0%b5%d0%bd%d0%b7%d0%b8%d0%bd%d0%be%d0%b2%d1%8b%d0%b9-%d0%b4%d0%b2%d0%b8%d0%b3%d0%b0%d1%82%d0%b5%d0%bb%d1%8c-suzuki-df20ars-efi\/#primaryimage\",\"url\":\"https:\/\/www.jurmalaslaivas.lv\/wp-content\/uploads\/2022\/02\/DF20.jpg\",\"contentUrl\":\"https:\/\/www.jurmalaslaivas.lv\/wp-content\/uploads\/2022\/02\/DF20.jpg\",\"width\":625,\"height\":777,\"caption\":\"SUZUKI DF20AS EFI\"},{\"@type\":\"BreadcrumbList\",\"@id\":\"https:\/\/www.jurmalaslaivas.lv\/ru\/product\/%d0%b1%d0%b5%d0%bd%d0%b7%d0%b8%d0%bd%d0%be%d0%b2%d1%8b%d0%b9-%d0%b4%d0%b2%d0%b8%d0%b3%d0%b0%d1%82%d0%b5%d0%bb%d1%8c-suzuki-df20ars-efi\/#breadcrumb\",\"itemListElement\":[{\"@type\":\"ListItem\",\"position\":1,\"name\":\"Home\",\"item\":\"https:\/\/www.jurmalaslaivas.lv\/ru\/\"},{\"@type\":\"ListItem\",\"position\":2,\"name\":\"\u041c\u0430\u0433\u0430\u0437\u0438\u043d\",\"item\":\"https:\/\/www.jurmalaslaivas.lv\/ru\/%d0%bc%d0%b0%d0%b3%d0%b0%d0%b7%d0%b8%d0%bd\/\"},{\"@type\":\"ListItem\",\"position\":3,\"name\":\"\u0411\u0435\u043d\u0437\u0438\u043d\u043e\u0432\u044b\u0439 \u0434\u0432\u0438\u0433\u0430\u0442\u0435\u043b\u044c SUZUKI DF20ARS EFI\"}]},{\"@type\":\"WebSite\",\"@id\":\"https:\/\/www.jurmalaslaivas.lv\/ru\/#website\",\"url\":\"https:\/\/www.jurmalaslaivas.lv\/ru\/\",\"name\":\"Jurmalaslaivas.lv\",\"description\":\"Laivu noma un veikals\",\"publisher\":{\"@id\":\"https:\/\/www.jurmalaslaivas.lv\/ru\/#organization\"},\"potentialAction\":[{\"@type\":\"SearchAction\",\"target\":{\"@type\":\"EntryPoint\",\"urlTemplate\":\"https:\/\/www.jurmalaslaivas.lv\/ru\/?s={search_term_string}\"},\"query-input\":{\"@type\":\"PropertyValueSpecification\",\"valueRequired\":true,\"valueName\":\"search_term_string\"}}],\"inLanguage\":\"ru-RU\"},{\"@type\":\"Organization\",\"@id\":\"https:\/\/www.jurmalaslaivas.lv\/ru\/#organization\",\"name\":\"Jurmalaslaivas.lv\",\"url\":\"https:\/\/www.jurmalaslaivas.lv\/ru\/\",\"logo\":{\"@type\":\"ImageObject\",\"inLanguage\":\"ru-RU\",\"@id\":\"https:\/\/www.jurmalaslaivas.lv\/ru\/#\/schema\/logo\/image\/\",\"url\":\"https:\/\/www.jurmalaslaivas.lv\/wp-content\/uploads\/2022\/11\/jurmalas-laivas-balts-ar-rami.png\",\"contentUrl\":\"https:\/\/www.jurmalaslaivas.lv\/wp-content\/uploads\/2022\/11\/jurmalas-laivas-balts-ar-rami.png\",\"width\":500,\"height\":500,\"caption\":\"Jurmalaslaivas.lv\"},\"image\":{\"@id\":\"https:\/\/www.jurmalaslaivas.lv\/ru\/#\/schema\/logo\/image\/\"},\"sameAs\":[\"https:\/\/www.facebook.com\/jurmalaslaivas\"]}]}<\/script>\n<!-- \/ Yoast SEO plugin. -->","yoast_head_json":{"title":"\u0411\u0435\u043d\u0437\u0438\u043d\u043e\u0432\u044b\u0439 \u0434\u0432\u0438\u0433\u0430\u0442\u0435\u043b\u044c SUZUKI DF20ARS EFI - Jurmalas Laivas","description":"\u0411\u0435\u043d\u0437\u0438\u043d\u043e\u0432\u044b\u0439 \u0434\u0432\u0438\u0433\u0430\u0442\u0435\u043b\u044c SUZUKI DF20ARS EFI. \u041b\u043e\u0434\u043e\u0447\u043d\u044b\u0439 \u043c\u043e\u0442\u043e\u0440. \u041f\u0440\u043e\u0434\u0430\u0436\u0430 \u0438 \u0430\u0440\u0435\u043d\u0434\u0430 \u043b\u043e\u0434\u043e\u043a. Garantija: 2 gadi Artikuls: DF20ARS. OHC","robots":{"index":"index","follow":"follow","max-snippet":"max-snippet:-1","max-image-preview":"max-image-preview:large","max-video-preview":"max-video-preview:-1"},"canonical":"https:\/\/www.jurmalaslaivas.lv\/ru\/product\/%d0%b1%d0%b5%d0%bd%d0%b7%d0%b8%d0%bd%d0%be%d0%b2%d1%8b%d0%b9-%d0%b4%d0%b2%d0%b8%d0%b3%d0%b0%d1%82%d0%b5%d0%bb%d1%8c-suzuki-df20ars-efi\/","og_locale":"ru_RU","og_type":"article","og_title":"\u0411\u0435\u043d\u0437\u0438\u043d\u043e\u0432\u044b\u0439 \u0434\u0432\u0438\u0433\u0430\u0442\u0435\u043b\u044c SUZUKI DF20ARS EFI - Jurmalas Laivas","og_description":"\u0411\u0435\u043d\u0437\u0438\u043d\u043e\u0432\u044b\u0439 \u0434\u0432\u0438\u0433\u0430\u0442\u0435\u043b\u044c SUZUKI DF20ARS EFI. \u041b\u043e\u0434\u043e\u0447\u043d\u044b\u0439 \u043c\u043e\u0442\u043e\u0440. \u041f\u0440\u043e\u0434\u0430\u0436\u0430 \u0438 \u0430\u0440\u0435\u043d\u0434\u0430 \u043b\u043e\u0434\u043e\u043a. Garantija: 2 gadi Artikuls: DF20ARS. OHC","og_url":"https:\/\/www.jurmalaslaivas.lv\/ru\/product\/%d0%b1%d0%b5%d0%bd%d0%b7%d0%b8%d0%bd%d0%be%d0%b2%d1%8b%d0%b9-%d0%b4%d0%b2%d0%b8%d0%b3%d0%b0%d1%82%d0%b5%d0%bb%d1%8c-suzuki-df20ars-efi\/","og_site_name":"Jurmalas Laivas","article_publisher":"https:\/\/www.facebook.com\/jurmalaslaivas","article_modified_time":"2024-01-16T13:32:21+00:00","og_image":[{"width":625,"height":777,"url":"https:\/\/www.jurmalaslaivas.lv\/wp-content\/uploads\/2022\/02\/DF20.jpg","type":"image\/jpeg"}],"twitter_card":"summary_large_image","twitter_misc":{"\u041f\u0440\u0438\u043c\u0435\u0440\u043d\u043e\u0435 \u0432\u0440\u0435\u043c\u044f \u0434\u043b\u044f \u0447\u0442\u0435\u043d\u0438\u044f":"2 \u043c\u0438\u043d\u0443\u0442\u044b"},"schema":{"@context":"https:\/\/schema.org","@graph":[{"@type":"WebPage","@id":"https:\/\/www.jurmalaslaivas.lv\/ru\/product\/%d0%b1%d0%b5%d0%bd%d0%b7%d0%b8%d0%bd%d0%be%d0%b2%d1%8b%d0%b9-%d0%b4%d0%b2%d0%b8%d0%b3%d0%b0%d1%82%d0%b5%d0%bb%d1%8c-suzuki-df20ars-efi\/","url":"https:\/\/www.jurmalaslaivas.lv\/ru\/product\/%d0%b1%d0%b5%d0%bd%d0%b7%d0%b8%d0%bd%d0%be%d0%b2%d1%8b%d0%b9-%d0%b4%d0%b2%d0%b8%d0%b3%d0%b0%d1%82%d0%b5%d0%bb%d1%8c-suzuki-df20ars-efi\/","name":"\u0411\u0435\u043d\u0437\u0438\u043d\u043e\u0432\u044b\u0439 \u0434\u0432\u0438\u0433\u0430\u0442\u0435\u043b\u044c SUZUKI DF20ARS EFI - Jurmalas Laivas","isPartOf":{"@id":"https:\/\/www.jurmalaslaivas.lv\/ru\/#website"},"primaryImageOfPage":{"@id":"https:\/\/www.jurmalaslaivas.lv\/ru\/product\/%d0%b1%d0%b5%d0%bd%d0%b7%d0%b8%d0%bd%d0%be%d0%b2%d1%8b%d0%b9-%d0%b4%d0%b2%d0%b8%d0%b3%d0%b0%d1%82%d0%b5%d0%bb%d1%8c-suzuki-df20ars-efi\/#primaryimage"},"image":{"@id":"https:\/\/www.jurmalaslaivas.lv\/ru\/product\/%d0%b1%d0%b5%d0%bd%d0%b7%d0%b8%d0%bd%d0%be%d0%b2%d1%8b%d0%b9-%d0%b4%d0%b2%d0%b8%d0%b3%d0%b0%d1%82%d0%b5%d0%bb%d1%8c-suzuki-df20ars-efi\/#primaryimage"},"thumbnailUrl":"https:\/\/www.jurmalaslaivas.lv\/wp-content\/uploads\/2022\/02\/DF20.jpg","datePublished":"2022-12-15T10:22:15+00:00","dateModified":"2024-01-16T13:32:21+00:00","description":"\u0411\u0435\u043d\u0437\u0438\u043d\u043e\u0432\u044b\u0439 \u0434\u0432\u0438\u0433\u0430\u0442\u0435\u043b\u044c SUZUKI DF20ARS EFI. \u041b\u043e\u0434\u043e\u0447\u043d\u044b\u0439 \u043c\u043e\u0442\u043e\u0440. \u041f\u0440\u043e\u0434\u0430\u0436\u0430 \u0438 \u0430\u0440\u0435\u043d\u0434\u0430 \u043b\u043e\u0434\u043e\u043a. Garantija: 2 gadi Artikuls: DF20ARS. OHC","breadcrumb":{"@id":"https:\/\/www.jurmalaslaivas.lv\/ru\/product\/%d0%b1%d0%b5%d0%bd%d0%b7%d0%b8%d0%bd%d0%be%d0%b2%d1%8b%d0%b9-%d0%b4%d0%b2%d0%b8%d0%b3%d0%b0%d1%82%d0%b5%d0%bb%d1%8c-suzuki-df20ars-efi\/#breadcrumb"},"inLanguage":"ru-RU","potentialAction":[{"@type":"ReadAction","target":["https:\/\/www.jurmalaslaivas.lv\/ru\/product\/%d0%b1%d0%b5%d0%bd%d0%b7%d0%b8%d0%bd%d0%be%d0%b2%d1%8b%d0%b9-%d0%b4%d0%b2%d0%b8%d0%b3%d0%b0%d1%82%d0%b5%d0%bb%d1%8c-suzuki-df20ars-efi\/"]}]},{"@type":"ImageObject","inLanguage":"ru-RU","@id":"https:\/\/www.jurmalaslaivas.lv\/ru\/product\/%d0%b1%d0%b5%d0%bd%d0%b7%d0%b8%d0%bd%d0%be%d0%b2%d1%8b%d0%b9-%d0%b4%d0%b2%d0%b8%d0%b3%d0%b0%d1%82%d0%b5%d0%bb%d1%8c-suzuki-df20ars-efi\/#primaryimage","url":"https:\/\/www.jurmalaslaivas.lv\/wp-content\/uploads\/2022\/02\/DF20.jpg","contentUrl":"https:\/\/www.jurmalaslaivas.lv\/wp-content\/uploads\/2022\/02\/DF20.jpg","width":625,"height":777,"caption":"SUZUKI DF20AS EFI"},{"@type":"BreadcrumbList","@id":"https:\/\/www.jurmalaslaivas.lv\/ru\/product\/%d0%b1%d0%b5%d0%bd%d0%b7%d0%b8%d0%bd%d0%be%d0%b2%d1%8b%d0%b9-%d0%b4%d0%b2%d0%b8%d0%b3%d0%b0%d1%82%d0%b5%d0%bb%d1%8c-suzuki-df20ars-efi\/#breadcrumb","itemListElement":[{"@type":"ListItem","position":1,"name":"Home","item":"https:\/\/www.jurmalaslaivas.lv\/ru\/"},{"@type":"ListItem","position":2,"name":"\u041c\u0430\u0433\u0430\u0437\u0438\u043d","item":"https:\/\/www.jurmalaslaivas.lv\/ru\/%d0%bc%d0%b0%d0%b3%d0%b0%d0%b7%d0%b8%d0%bd\/"},{"@type":"ListItem","position":3,"name":"\u0411\u0435\u043d\u0437\u0438\u043d\u043e\u0432\u044b\u0439 \u0434\u0432\u0438\u0433\u0430\u0442\u0435\u043b\u044c SUZUKI DF20ARS EFI"}]},{"@type":"WebSite","@id":"https:\/\/www.jurmalaslaivas.lv\/ru\/#website","url":"https:\/\/www.jurmalaslaivas.lv\/ru\/","name":"Jurmalaslaivas.lv","description":"Laivu noma un veikals","publisher":{"@id":"https:\/\/www.jurmalaslaivas.lv\/ru\/#organization"},"potentialAction":[{"@type":"SearchAction","target":{"@type":"EntryPoint","urlTemplate":"https:\/\/www.jurmalaslaivas.lv\/ru\/?s={search_term_string}"},"query-input":{"@type":"PropertyValueSpecification","valueRequired":true,"valueName":"search_term_string"}}],"inLanguage":"ru-RU"},{"@type":"Organization","@id":"https:\/\/www.jurmalaslaivas.lv\/ru\/#organization","name":"Jurmalaslaivas.lv","url":"https:\/\/www.jurmalaslaivas.lv\/ru\/","logo":{"@type":"ImageObject","inLanguage":"ru-RU","@id":"https:\/\/www.jurmalaslaivas.lv\/ru\/#\/schema\/logo\/image\/","url":"https:\/\/www.jurmalaslaivas.lv\/wp-content\/uploads\/2022\/11\/jurmalas-laivas-balts-ar-rami.png","contentUrl":"https:\/\/www.jurmalaslaivas.lv\/wp-content\/uploads\/2022\/11\/jurmalas-laivas-balts-ar-rami.png","width":500,"height":500,"caption":"Jurmalaslaivas.lv"},"image":{"@id":"https:\/\/www.jurmalaslaivas.lv\/ru\/#\/schema\/logo\/image\/"},"sameAs":["https:\/\/www.facebook.com\/jurmalaslaivas"]}]}},"_links":{"self":[{"href":"https:\/\/www.jurmalaslaivas.lv\/ru\/wp-json\/wp\/v2\/product\/49151","targetHints":{"allow":["GET"]}}],"collection":[{"href":"https:\/\/www.jurmalaslaivas.lv\/ru\/wp-json\/wp\/v2\/product"}],"about":[{"href":"https:\/\/www.jurmalaslaivas.lv\/ru\/wp-json\/wp\/v2\/types\/product"}],"replies":[{"embeddable":true,"href":"https:\/\/www.jurmalaslaivas.lv\/ru\/wp-json\/wp\/v2\/comments?post=49151"}],"wp:featuredmedia":[{"embeddable":true,"href":"https:\/\/www.jurmalaslaivas.lv\/ru\/wp-json\/wp\/v2\/media\/36871"}],"wp:attachment":[{"href":"https:\/\/www.jurmalaslaivas.lv\/ru\/wp-json\/wp\/v2\/media?parent=49151"}],"wp:term":[{"taxonomy":"product_brand","embeddable":true,"href":"https:\/\/www.jurmalaslaivas.lv\/ru\/wp-json\/wp\/v2\/product_brand?post=49151"},{"taxonomy":"product_cat","embeddable":true,"href":"https:\/\/www.jurmalaslaivas.lv\/ru\/wp-json\/wp\/v2\/product_cat?post=49151"},{"taxonomy":"product_tag","embeddable":true,"href":"https:\/\/www.jurmalaslaivas.lv\/ru\/wp-json\/wp\/v2\/product_tag?post=49151"}],"curies":[{"name":"wp","href":"https:\/\/api.w.org\/{rel}","templated":true}]}}