{"id":9418,"date":"2019-02-10T17:56:01","date_gmt":"2019-02-10T14:56:01","guid":{"rendered":"https:\/\/waterskis.truu.lv\/ieksejas-kartibas-noteikumi\/"},"modified":"2022-12-11T10:31:45","modified_gmt":"2022-12-11T07:31:45","slug":"%d0%b2%d0%bd%d1%83%d1%82%d1%80%d0%b5%d0%bd%d0%bd%d0%b8%d0%b5-%d0%bf%d1%80%d0%b0%d0%b2%d0%b8%d0%bb%d0%b0","status":"publish","type":"page","link":"https:\/\/www.jurmalaslaivas.lv\/ru\/%d0%b2%d0%bd%d1%83%d1%82%d1%80%d0%b5%d0%bd%d0%bd%d0%b8%d0%b5-%d0%bf%d1%80%d0%b0%d0%b2%d0%b8%d0%bb%d0%b0\/","title":{"rendered":"\u0412\u043d\u0443\u0442\u0440\u0435\u043d\u043d\u0438\u0435 \u043f\u0440\u0430\u0432\u0438\u043b\u0430"},"content":{"rendered":"\n<h5 class=\"wp-block-heading\"> J\u016aRMALAS LAIVAS IEK\u0112J\u0100S K\u0100RT\u012aBAS NOTEIKUMI <\/h5>\n\n\n\n<p>\u0160ie noteikumi ir apmekl\u0113t\u0101ju ties\u012bbas, pien\u0101kumi un uzved\u012bbas normas, uzturoties J\u016brmalas \u016bdenssl\u0113po\u0161anas un veikborda parka (J\u016aVP) teritorij\u0101.<\/p>\n\n\n\n<ul class=\"wp-block-list\"><li>J\u016aVP atrodas\npriv\u0101t\u0101 teritorij\u0101, un visus J\u016aVP iek\u0161\u0113jos k\u0101rt\u012bbas noteikumus nosaka J\u016aVP\n\u012bpa\u0161nieks<\/li><li>J\u016aVP\nuztur\u0113\u0161an\u0101s paredz\u0113ta tikai t\u0101 klientiem par atbilsto\u0161o maksu<\/li><li>J\u016aVP laivu,\nkuteru, automa\u0161\u012bnas, velosip\u0113du u.c. transporta l\u012bdzek\u013cu novieto\u0161anas vietas ier\u0101da\nvien\u012bgi J\u016aVP darbinieks<\/li><li>J\u016aVP teritorij\u0101\nat\u013cauts kurin\u0101t ugunskurus tikai tam speci\u0101li ier\u0101d\u012bt\u0101s viet\u0101s un tikai ar J\u016aVP\ndarbinieka at\u013cauju<\/li><li>J\u016aVP aizliegts\nievest iero\u010dus, narkotikas un psihotrop\u0101s vielas, \u0101tri uzliesmojo\u0161as vielas. <\/li><li>Mak\u0161\u0137erniekiem j\u0101iev\u0113ro\nattiec\u012bgie iero\u010du tur\u0113\u0161anas un izmanto\u0161anas noteikumi<\/li><li>J\u016aVP viesi\nap\u0146emas iev\u0113rot visp\u0101rpie\u0146emt\u0101s uzved\u012bbas normas<\/li><li>J\u016aVP viesiem\nj\u0101iev\u0113ro klusums,&nbsp;nav at\u013cauts atska\u0146ot\njebk\u0101da veida m\u016bziku.&nbsp;Iz\u0146\u0113muma gad\u012bjumos ir saska\u0146ojams ar J\u016aVP\ndarbinieku<\/li><li>J\u016aVP teritorij\u0101\nviesi ap\u0146emas iev\u0113rot&nbsp;nakts\nmieru p\u0113c plkst. 23:00<\/li><li>J\u016aVP &nbsp;administr\u0101cija neuz\u0146emas materi\u0101lo atbild\u012bbu\npar J\u016aVP viesu transporta l\u012bdzek\u013ciem, person\u012bg\u0101m mant\u0101m<\/li><li>J\u016aVP viesiem,\natst\u0101jot J\u016aVP, ir pien\u0101kums sav\u0101kt un aiznest atkritumus uz J\u016aVP koplieto\u0161anas\natkritumu konteineriem<\/li><li>J\u016aVP viesiem ir\npien\u0101kums pieskat\u012bt savus b\u0113rnus, iev\u0113rojot dro\u0161\u012bbu pie \u016bdens.<\/li><li>J\u016aVP &nbsp;viesiem ir pien\u0101kums tur\u0113t savus l\u012bdzi\npa\u0146emtos m\u0101jdz\u012bvniekus pie pavadas un neatst\u0101t tos bez uzraudz\u012bbas<\/li><li>J\u016aVP &nbsp;viesim ir ties\u012bbas inform\u0113t J\u016aVP &nbsp;administr\u0101ciju par priek\u0161likumiem, nov\u0113rotaj\u0101m\nsaimniecisk\u0101s darb\u012bbas nek\u0101rt\u012bb\u0101m, nepiln\u012bb\u0101m J\u016aVP<\/li><li>J\u016aVP &nbsp;viesu pien\u0101kums ir saudz\u0113t J\u016aVP &nbsp;materi\u0101lo b\u0101zi un par rad\u012btiem zaud\u0113jumiem\nuz\u0146emties atbild\u012bbu piln\u0101 apm\u0113r\u0101<\/li><li>Lai izmantotu J\u016aVP\npakalpojumus, j\u0101uzr\u0101da personas apliecino\u0161s dokuments: Pase, Autovad\u012bt\u0101ja\napliec\u012bba vai ID karte, un j\u0101veic attiec\u012bgais maks\u0101jums pie J\u016aVP darbinieka p\u0113c\nnor\u0101d\u012btajiem izcenojumiem, nor\u0101dot ar\u012b autotransporta marku un valsts Nr.z\u012bmi.<\/li><li>J\u016aVP viesiem\nJ\u016aVP &nbsp;teritorija j\u0101atst\u0101j l\u012bdz plkst.\n23.00. <\/li><li>J\u016aVP &nbsp;viesu pien\u0101kums ir, beidzoties nol\u012bgtajam\npakalpojuma laikam, uzaicin\u0101t J\u016aVP darbinieku pie\u0146emt iznom\u0101to vietu un\/vai\ninvent\u0101ru<\/li><li>J\u016aVP &nbsp;darbiniekam ir ties\u012bbas izraid\u012bt no J\u016aVP\nviesus, kuri neiev\u0113ro \u0161os k\u0101rt\u012bbas noteikumus, atsakoties no ties\u012bb\u0101m sa\u0146emt\natpaka\u013c maksu par pakalpojumiem<\/li><li>&nbsp;J\u016aVP viesiem ir saisto\u0161i J\u016brmalas noteikumi\nNr.20 \u201cJ\u016brmalas teritorijas nam\u012bpa\u0161umu uztur\u0113\u0161anas, saglab\u0101\u0161anas un\nsabiedrisk\u0101s k\u0101rt\u012bbas saisto\u0161ie noteikumi\u201d<strong>&nbsp;<\/strong> un Likums \u201cLatvijas Administrat\u012bvo p\u0101rk\u0101pumu kodekss\u201d<\/li><li>J\u016aVP&nbsp; teritorij\u0101\ntiek fotograf\u0113ts un film\u0113ts. Ieg\u016btie materi\u0101li var tikt izmantoti publicit\u0101tes\nnol\u016bkos<\/li><\/ul>\n\n\n\n<p><\/p>\n\n\n\n<p><\/p>\n","protected":false},"excerpt":{"rendered":"<p>J\u016aRMALAS LAIVAS IEK\u0112J\u0100S K\u0100RT\u012aBAS NOTEIKUMI \u0160ie noteikumi ir apmekl\u0113t\u0101ju ties\u012bbas, pien\u0101kumi un uzved\u012bbas normas, uzturoties J\u016brmalas \u016bdenssl\u0113po\u0161anas un veikborda parka (J\u016aVP) teritorij\u0101. J\u016aVP atrodas priv\u0101t\u0101 teritorij\u0101, un visus J\u016aVP iek\u0161\u0113jos k\u0101rt\u012bbas noteikumus nosaka J\u016aVP \u012bpa\u0161nieks J\u016aVP uztur\u0113\u0161an\u0101s paredz\u0113ta tikai t\u0101 klientiem par atbilsto\u0161o maksu J\u016aVP laivu, kuteru, automa\u0161\u012bnas, velosip\u0113du u.c. transporta l\u012bdzek\u013cu novieto\u0161anas vietas ier\u0101da [&#8230;]<\/p>\n<p><a class=\"btn btn-secondary understrap-read-more-link\" href=\"https:\/\/www.jurmalaslaivas.lv\/ru\/%d0%b2%d0%bd%d1%83%d1%82%d1%80%d0%b5%d0%bd%d0%bd%d0%b8%d0%b5-%d0%bf%d1%80%d0%b0%d0%b2%d0%b8%d0%bb%d0%b0\/\">\u0427\u0438\u0442\u0430\u0442\u044c \u0434\u0430\u043b\u044c\u0448\u0435\u2026<\/a><\/p>\n","protected":false},"author":5,"featured_media":48755,"parent":0,"menu_order":0,"comment_status":"closed","ping_status":"closed","template":"","meta":{"_acf_changed":false,"inline_featured_image":false,"footnotes":""},"class_list":["post-9418","page","type-page","status-publish","has-post-thumbnail","hentry"],"acf":[],"yoast_head":"<!-- This site is optimized with the Yoast SEO plugin v27.0 - https:\/\/yoast.com\/product\/yoast-seo-wordpress\/ -->\n<title>\u0412\u043d\u0443\u0442\u0440\u0435\u043d\u043d\u0438\u0435 \u043f\u0440\u0430\u0432\u0438\u043b\u0430 - Jurmalas Laivas<\/title>\n<meta name=\"description\" content=\"\u0412\u043d\u0443\u0442\u0440\u0435\u043d\u043d\u0438\u0435 \u043f\u0440\u0430\u0432\u0438\u043b\u0430. Jurmala Boats\" \/>\n<meta name=\"robots\" content=\"index, follow, max-snippet:-1, max-image-preview:large, max-video-preview:-1\" \/>\n<link rel=\"canonical\" href=\"https:\/\/www.jurmalaslaivas.lv\/ru\/%d0%b2%d0%bd%d1%83%d1%82%d1%80%d0%b5%d0%bd%d0%bd%d0%b8%d0%b5-%d0%bf%d1%80%d0%b0%d0%b2%d0%b8%d0%bb%d0%b0\/\" \/>\n<meta property=\"og:locale\" content=\"ru_RU\" \/>\n<meta property=\"og:type\" content=\"article\" \/>\n<meta property=\"og:title\" content=\"\u0412\u043d\u0443\u0442\u0440\u0435\u043d\u043d\u0438\u0435 \u043f\u0440\u0430\u0432\u0438\u043b\u0430 - Jurmalas Laivas\" \/>\n<meta property=\"og:description\" content=\"\u0412\u043d\u0443\u0442\u0440\u0435\u043d\u043d\u0438\u0435 \u043f\u0440\u0430\u0432\u0438\u043b\u0430. Jurmala Boats\" \/>\n<meta property=\"og:url\" content=\"https:\/\/www.jurmalaslaivas.lv\/ru\/%d0%b2%d0%bd%d1%83%d1%82%d1%80%d0%b5%d0%bd%d0%bd%d0%b8%d0%b5-%d0%bf%d1%80%d0%b0%d0%b2%d0%b8%d0%bb%d0%b0\/\" \/>\n<meta property=\"og:site_name\" content=\"Jurmalas Laivas\" \/>\n<meta property=\"article:publisher\" content=\"https:\/\/www.facebook.com\/jurmalaslaivas\" \/>\n<meta property=\"article:modified_time\" content=\"2022-12-11T07:31:45+00:00\" \/>\n<meta property=\"og:image\" content=\"https:\/\/www.jurmalaslaivas.lv\/wp-content\/uploads\/2022\/11\/cropped-JurmalasLaivas-black.png\" \/>\n\t<meta property=\"og:image:width\" content=\"512\" \/>\n\t<meta property=\"og:image:height\" content=\"512\" \/>\n\t<meta property=\"og:image:type\" content=\"image\/png\" \/>\n<meta name=\"twitter:card\" content=\"summary_large_image\" \/>\n<meta name=\"twitter:label1\" content=\"\u041f\u0440\u0438\u043c\u0435\u0440\u043d\u043e\u0435 \u0432\u0440\u0435\u043c\u044f \u0434\u043b\u044f \u0447\u0442\u0435\u043d\u0438\u044f\" \/>\n\t<meta name=\"twitter:data1\" content=\"2 \u043c\u0438\u043d\u0443\u0442\u044b\" \/>\n<script type=\"application\/ld+json\" class=\"yoast-schema-graph\">{\"@context\":\"https:\/\/schema.org\",\"@graph\":[{\"@type\":\"WebPage\",\"@id\":\"https:\/\/www.jurmalaslaivas.lv\/ru\/%d0%b2%d0%bd%d1%83%d1%82%d1%80%d0%b5%d0%bd%d0%bd%d0%b8%d0%b5-%d0%bf%d1%80%d0%b0%d0%b2%d0%b8%d0%bb%d0%b0\/\",\"url\":\"https:\/\/www.jurmalaslaivas.lv\/ru\/%d0%b2%d0%bd%d1%83%d1%82%d1%80%d0%b5%d0%bd%d0%bd%d0%b8%d0%b5-%d0%bf%d1%80%d0%b0%d0%b2%d0%b8%d0%bb%d0%b0\/\",\"name\":\"\u0412\u043d\u0443\u0442\u0440\u0435\u043d\u043d\u0438\u0435 \u043f\u0440\u0430\u0432\u0438\u043b\u0430 - Jurmalas Laivas\",\"isPartOf\":{\"@id\":\"https:\/\/www.jurmalaslaivas.lv\/ru\/#website\"},\"primaryImageOfPage\":{\"@id\":\"https:\/\/www.jurmalaslaivas.lv\/ru\/%d0%b2%d0%bd%d1%83%d1%82%d1%80%d0%b5%d0%bd%d0%bd%d0%b8%d0%b5-%d0%bf%d1%80%d0%b0%d0%b2%d0%b8%d0%bb%d0%b0\/#primaryimage\"},\"image\":{\"@id\":\"https:\/\/www.jurmalaslaivas.lv\/ru\/%d0%b2%d0%bd%d1%83%d1%82%d1%80%d0%b5%d0%bd%d0%bd%d0%b8%d0%b5-%d0%bf%d1%80%d0%b0%d0%b2%d0%b8%d0%bb%d0%b0\/#primaryimage\"},\"thumbnailUrl\":\"https:\/\/www.jurmalaslaivas.lv\/wp-content\/uploads\/2022\/11\/cropped-JurmalasLaivas-black.png\",\"datePublished\":\"2019-02-10T14:56:01+00:00\",\"dateModified\":\"2022-12-11T07:31:45+00:00\",\"description\":\"\u0412\u043d\u0443\u0442\u0440\u0435\u043d\u043d\u0438\u0435 \u043f\u0440\u0430\u0432\u0438\u043b\u0430. Jurmala Boats\",\"breadcrumb\":{\"@id\":\"https:\/\/www.jurmalaslaivas.lv\/ru\/%d0%b2%d0%bd%d1%83%d1%82%d1%80%d0%b5%d0%bd%d0%bd%d0%b8%d0%b5-%d0%bf%d1%80%d0%b0%d0%b2%d0%b8%d0%bb%d0%b0\/#breadcrumb\"},\"inLanguage\":\"ru-RU\",\"potentialAction\":[{\"@type\":\"ReadAction\",\"target\":[\"https:\/\/www.jurmalaslaivas.lv\/ru\/%d0%b2%d0%bd%d1%83%d1%82%d1%80%d0%b5%d0%bd%d0%bd%d0%b8%d0%b5-%d0%bf%d1%80%d0%b0%d0%b2%d0%b8%d0%bb%d0%b0\/\"]}]},{\"@type\":\"ImageObject\",\"inLanguage\":\"ru-RU\",\"@id\":\"https:\/\/www.jurmalaslaivas.lv\/ru\/%d0%b2%d0%bd%d1%83%d1%82%d1%80%d0%b5%d0%bd%d0%bd%d0%b8%d0%b5-%d0%bf%d1%80%d0%b0%d0%b2%d0%b8%d0%bb%d0%b0\/#primaryimage\",\"url\":\"https:\/\/www.jurmalaslaivas.lv\/wp-content\/uploads\/2022\/11\/cropped-JurmalasLaivas-black.png\",\"contentUrl\":\"https:\/\/www.jurmalaslaivas.lv\/wp-content\/uploads\/2022\/11\/cropped-JurmalasLaivas-black.png\",\"width\":512,\"height\":512,\"caption\":\"J\u016brmalas Laivas\"},{\"@type\":\"BreadcrumbList\",\"@id\":\"https:\/\/www.jurmalaslaivas.lv\/ru\/%d0%b2%d0%bd%d1%83%d1%82%d1%80%d0%b5%d0%bd%d0%bd%d0%b8%d0%b5-%d0%bf%d1%80%d0%b0%d0%b2%d0%b8%d0%bb%d0%b0\/#breadcrumb\",\"itemListElement\":[{\"@type\":\"ListItem\",\"position\":1,\"name\":\"Home\",\"item\":\"https:\/\/www.jurmalaslaivas.lv\/ru\/\"},{\"@type\":\"ListItem\",\"position\":2,\"name\":\"\u0412\u043d\u0443\u0442\u0440\u0435\u043d\u043d\u0438\u0435 \u043f\u0440\u0430\u0432\u0438\u043b\u0430\"}]},{\"@type\":\"WebSite\",\"@id\":\"https:\/\/www.jurmalaslaivas.lv\/ru\/#website\",\"url\":\"https:\/\/www.jurmalaslaivas.lv\/ru\/\",\"name\":\"Jurmalaslaivas.lv\",\"description\":\"Laivu noma un veikals\",\"publisher\":{\"@id\":\"https:\/\/www.jurmalaslaivas.lv\/ru\/#organization\"},\"potentialAction\":[{\"@type\":\"SearchAction\",\"target\":{\"@type\":\"EntryPoint\",\"urlTemplate\":\"https:\/\/www.jurmalaslaivas.lv\/ru\/?s={search_term_string}\"},\"query-input\":{\"@type\":\"PropertyValueSpecification\",\"valueRequired\":true,\"valueName\":\"search_term_string\"}}],\"inLanguage\":\"ru-RU\"},{\"@type\":\"Organization\",\"@id\":\"https:\/\/www.jurmalaslaivas.lv\/ru\/#organization\",\"name\":\"Jurmalaslaivas.lv\",\"url\":\"https:\/\/www.jurmalaslaivas.lv\/ru\/\",\"logo\":{\"@type\":\"ImageObject\",\"inLanguage\":\"ru-RU\",\"@id\":\"https:\/\/www.jurmalaslaivas.lv\/ru\/#\/schema\/logo\/image\/\",\"url\":\"https:\/\/www.jurmalaslaivas.lv\/wp-content\/uploads\/2022\/11\/jurmalas-laivas-balts-ar-rami.png\",\"contentUrl\":\"https:\/\/www.jurmalaslaivas.lv\/wp-content\/uploads\/2022\/11\/jurmalas-laivas-balts-ar-rami.png\",\"width\":500,\"height\":500,\"caption\":\"Jurmalaslaivas.lv\"},\"image\":{\"@id\":\"https:\/\/www.jurmalaslaivas.lv\/ru\/#\/schema\/logo\/image\/\"},\"sameAs\":[\"https:\/\/www.facebook.com\/jurmalaslaivas\"]}]}<\/script>\n<!-- \/ Yoast SEO plugin. -->","yoast_head_json":{"title":"\u0412\u043d\u0443\u0442\u0440\u0435\u043d\u043d\u0438\u0435 \u043f\u0440\u0430\u0432\u0438\u043b\u0430 - Jurmalas Laivas","description":"\u0412\u043d\u0443\u0442\u0440\u0435\u043d\u043d\u0438\u0435 \u043f\u0440\u0430\u0432\u0438\u043b\u0430. Jurmala Boats","robots":{"index":"index","follow":"follow","max-snippet":"max-snippet:-1","max-image-preview":"max-image-preview:large","max-video-preview":"max-video-preview:-1"},"canonical":"https:\/\/www.jurmalaslaivas.lv\/ru\/%d0%b2%d0%bd%d1%83%d1%82%d1%80%d0%b5%d0%bd%d0%bd%d0%b8%d0%b5-%d0%bf%d1%80%d0%b0%d0%b2%d0%b8%d0%bb%d0%b0\/","og_locale":"ru_RU","og_type":"article","og_title":"\u0412\u043d\u0443\u0442\u0440\u0435\u043d\u043d\u0438\u0435 \u043f\u0440\u0430\u0432\u0438\u043b\u0430 - Jurmalas Laivas","og_description":"\u0412\u043d\u0443\u0442\u0440\u0435\u043d\u043d\u0438\u0435 \u043f\u0440\u0430\u0432\u0438\u043b\u0430. Jurmala Boats","og_url":"https:\/\/www.jurmalaslaivas.lv\/ru\/%d0%b2%d0%bd%d1%83%d1%82%d1%80%d0%b5%d0%bd%d0%bd%d0%b8%d0%b5-%d0%bf%d1%80%d0%b0%d0%b2%d0%b8%d0%bb%d0%b0\/","og_site_name":"Jurmalas Laivas","article_publisher":"https:\/\/www.facebook.com\/jurmalaslaivas","article_modified_time":"2022-12-11T07:31:45+00:00","og_image":[{"width":512,"height":512,"url":"https:\/\/www.jurmalaslaivas.lv\/wp-content\/uploads\/2022\/11\/cropped-JurmalasLaivas-black.png","type":"image\/png"}],"twitter_card":"summary_large_image","twitter_misc":{"\u041f\u0440\u0438\u043c\u0435\u0440\u043d\u043e\u0435 \u0432\u0440\u0435\u043c\u044f \u0434\u043b\u044f \u0447\u0442\u0435\u043d\u0438\u044f":"2 \u043c\u0438\u043d\u0443\u0442\u044b"},"schema":{"@context":"https:\/\/schema.org","@graph":[{"@type":"WebPage","@id":"https:\/\/www.jurmalaslaivas.lv\/ru\/%d0%b2%d0%bd%d1%83%d1%82%d1%80%d0%b5%d0%bd%d0%bd%d0%b8%d0%b5-%d0%bf%d1%80%d0%b0%d0%b2%d0%b8%d0%bb%d0%b0\/","url":"https:\/\/www.jurmalaslaivas.lv\/ru\/%d0%b2%d0%bd%d1%83%d1%82%d1%80%d0%b5%d0%bd%d0%bd%d0%b8%d0%b5-%d0%bf%d1%80%d0%b0%d0%b2%d0%b8%d0%bb%d0%b0\/","name":"\u0412\u043d\u0443\u0442\u0440\u0435\u043d\u043d\u0438\u0435 \u043f\u0440\u0430\u0432\u0438\u043b\u0430 - Jurmalas Laivas","isPartOf":{"@id":"https:\/\/www.jurmalaslaivas.lv\/ru\/#website"},"primaryImageOfPage":{"@id":"https:\/\/www.jurmalaslaivas.lv\/ru\/%d0%b2%d0%bd%d1%83%d1%82%d1%80%d0%b5%d0%bd%d0%bd%d0%b8%d0%b5-%d0%bf%d1%80%d0%b0%d0%b2%d0%b8%d0%bb%d0%b0\/#primaryimage"},"image":{"@id":"https:\/\/www.jurmalaslaivas.lv\/ru\/%d0%b2%d0%bd%d1%83%d1%82%d1%80%d0%b5%d0%bd%d0%bd%d0%b8%d0%b5-%d0%bf%d1%80%d0%b0%d0%b2%d0%b8%d0%bb%d0%b0\/#primaryimage"},"thumbnailUrl":"https:\/\/www.jurmalaslaivas.lv\/wp-content\/uploads\/2022\/11\/cropped-JurmalasLaivas-black.png","datePublished":"2019-02-10T14:56:01+00:00","dateModified":"2022-12-11T07:31:45+00:00","description":"\u0412\u043d\u0443\u0442\u0440\u0435\u043d\u043d\u0438\u0435 \u043f\u0440\u0430\u0432\u0438\u043b\u0430. Jurmala Boats","breadcrumb":{"@id":"https:\/\/www.jurmalaslaivas.lv\/ru\/%d0%b2%d0%bd%d1%83%d1%82%d1%80%d0%b5%d0%bd%d0%bd%d0%b8%d0%b5-%d0%bf%d1%80%d0%b0%d0%b2%d0%b8%d0%bb%d0%b0\/#breadcrumb"},"inLanguage":"ru-RU","potentialAction":[{"@type":"ReadAction","target":["https:\/\/www.jurmalaslaivas.lv\/ru\/%d0%b2%d0%bd%d1%83%d1%82%d1%80%d0%b5%d0%bd%d0%bd%d0%b8%d0%b5-%d0%bf%d1%80%d0%b0%d0%b2%d0%b8%d0%bb%d0%b0\/"]}]},{"@type":"ImageObject","inLanguage":"ru-RU","@id":"https:\/\/www.jurmalaslaivas.lv\/ru\/%d0%b2%d0%bd%d1%83%d1%82%d1%80%d0%b5%d0%bd%d0%bd%d0%b8%d0%b5-%d0%bf%d1%80%d0%b0%d0%b2%d0%b8%d0%bb%d0%b0\/#primaryimage","url":"https:\/\/www.jurmalaslaivas.lv\/wp-content\/uploads\/2022\/11\/cropped-JurmalasLaivas-black.png","contentUrl":"https:\/\/www.jurmalaslaivas.lv\/wp-content\/uploads\/2022\/11\/cropped-JurmalasLaivas-black.png","width":512,"height":512,"caption":"J\u016brmalas Laivas"},{"@type":"BreadcrumbList","@id":"https:\/\/www.jurmalaslaivas.lv\/ru\/%d0%b2%d0%bd%d1%83%d1%82%d1%80%d0%b5%d0%bd%d0%bd%d0%b8%d0%b5-%d0%bf%d1%80%d0%b0%d0%b2%d0%b8%d0%bb%d0%b0\/#breadcrumb","itemListElement":[{"@type":"ListItem","position":1,"name":"Home","item":"https:\/\/www.jurmalaslaivas.lv\/ru\/"},{"@type":"ListItem","position":2,"name":"\u0412\u043d\u0443\u0442\u0440\u0435\u043d\u043d\u0438\u0435 \u043f\u0440\u0430\u0432\u0438\u043b\u0430"}]},{"@type":"WebSite","@id":"https:\/\/www.jurmalaslaivas.lv\/ru\/#website","url":"https:\/\/www.jurmalaslaivas.lv\/ru\/","name":"Jurmalaslaivas.lv","description":"Laivu noma un veikals","publisher":{"@id":"https:\/\/www.jurmalaslaivas.lv\/ru\/#organization"},"potentialAction":[{"@type":"SearchAction","target":{"@type":"EntryPoint","urlTemplate":"https:\/\/www.jurmalaslaivas.lv\/ru\/?s={search_term_string}"},"query-input":{"@type":"PropertyValueSpecification","valueRequired":true,"valueName":"search_term_string"}}],"inLanguage":"ru-RU"},{"@type":"Organization","@id":"https:\/\/www.jurmalaslaivas.lv\/ru\/#organization","name":"Jurmalaslaivas.lv","url":"https:\/\/www.jurmalaslaivas.lv\/ru\/","logo":{"@type":"ImageObject","inLanguage":"ru-RU","@id":"https:\/\/www.jurmalaslaivas.lv\/ru\/#\/schema\/logo\/image\/","url":"https:\/\/www.jurmalaslaivas.lv\/wp-content\/uploads\/2022\/11\/jurmalas-laivas-balts-ar-rami.png","contentUrl":"https:\/\/www.jurmalaslaivas.lv\/wp-content\/uploads\/2022\/11\/jurmalas-laivas-balts-ar-rami.png","width":500,"height":500,"caption":"Jurmalaslaivas.lv"},"image":{"@id":"https:\/\/www.jurmalaslaivas.lv\/ru\/#\/schema\/logo\/image\/"},"sameAs":["https:\/\/www.facebook.com\/jurmalaslaivas"]}]}},"_links":{"self":[{"href":"https:\/\/www.jurmalaslaivas.lv\/ru\/wp-json\/wp\/v2\/pages\/9418","targetHints":{"allow":["GET"]}}],"collection":[{"href":"https:\/\/www.jurmalaslaivas.lv\/ru\/wp-json\/wp\/v2\/pages"}],"about":[{"href":"https:\/\/www.jurmalaslaivas.lv\/ru\/wp-json\/wp\/v2\/types\/page"}],"author":[{"embeddable":true,"href":"https:\/\/www.jurmalaslaivas.lv\/ru\/wp-json\/wp\/v2\/users\/5"}],"replies":[{"embeddable":true,"href":"https:\/\/www.jurmalaslaivas.lv\/ru\/wp-json\/wp\/v2\/comments?post=9418"}],"version-history":[{"count":3,"href":"https:\/\/www.jurmalaslaivas.lv\/ru\/wp-json\/wp\/v2\/pages\/9418\/revisions"}],"predecessor-version":[{"id":49057,"href":"https:\/\/www.jurmalaslaivas.lv\/ru\/wp-json\/wp\/v2\/pages\/9418\/revisions\/49057"}],"wp:featuredmedia":[{"embeddable":true,"href":"https:\/\/www.jurmalaslaivas.lv\/ru\/wp-json\/wp\/v2\/media\/48755"}],"wp:attachment":[{"href":"https:\/\/www.jurmalaslaivas.lv\/ru\/wp-json\/wp\/v2\/media?parent=9418"}],"curies":[{"name":"wp","href":"https:\/\/api.w.org\/{rel}","templated":true}]}}