{"id":5174,"date":"2014-12-26T17:43:10","date_gmt":"2014-12-26T14:43:10","guid":{"rendered":"http:\/\/www.waterskis.lv\/piknika-vietas\/"},"modified":"2026-02-10T14:08:31","modified_gmt":"2026-02-10T11:08:31","slug":"%d0%bc%d0%b5%d1%81%d1%82%d0%b0-%d0%b4%d0%bb%d1%8f-%d0%be%d1%82%d0%b4%d1%8b%d1%85%d0%b0","status":"publish","type":"page","link":"https:\/\/www.jurmalaslaivas.lv\/ru\/%d0%bc%d0%b5%d1%81%d1%82%d0%b0-%d0%b4%d0%bb%d1%8f-%d0%be%d1%82%d0%b4%d1%8b%d1%85%d0%b0\/","title":{"rendered":"\u041c\u0435\u0441\u0442\u0430 \u0434\u043b\u044f \u043e\u0442\u0434\u044b\u0445\u0430"},"content":{"rendered":"\n<h5 class=\"wp-block-heading\">\u041c\u0435\u0441\u0442\u0430 \u0434\u043b\u044f \u043e\u0442\u0434\u044b\u0445\u0430 \u0438 \u043f\u0438\u043a\u043d\u0438\u043a\u043e\u0432 \u0432 \u042e\u0440\u043c\u0430\u043b\u0435  \u043d\u0430 \u0431\u0435\u0440\u0435\u0433\u0443 \u0440\u0435\u043a\u0438 \u041b\u0438\u0435\u043b\u0443\u043f\u0435. \u0422\u0435\u0440\u0440\u0438\u0442\u043e\u0440\u0438\u044f \u0434\u043b\u044f \u043a\u043e\u0440\u043f\u043e\u0440\u0430\u0442\u0438\u0432\u043d\u044b\u0445 \u043c\u0435\u0440\u043e\u043f\u0440\u0438\u044f\u0442\u0438\u0439 <\/h5>\n\n\n\n<div class=\"wp-block-columns has-2-columns is-layout-flex wp-container-core-columns-is-layout-9d6595d7 wp-block-columns-is-layout-flex\">\n<div class=\"wp-block-column is-layout-flow wp-block-column-is-layout-flow\">\n<h2 class=\"wp-block-heading\">\u041d\u0430\u0448\u0435 \u043f\u0440\u0435\u0434\u043b\u043e\u0436\u0435\u043d\u0438\u0435<\/h2>\n\n\n\n<ul class=\"wp-block-list\">\n<li>\u0433\u0440\u0438\u043b\u044c<\/li>\n\n\n\n<li>\u043f\u043b\u043e\u0449\u0430\u0434\u043a\u0438 \u0434\u043b\u044f \u0441\u043f\u043e\u0440\u0442\u0438\u0432\u043d\u044b\u0445 \u0438\u0433\u0440<\/li>\n\n\n\n<li>\u043b\u043e\u0434\u043a\u0438 \u043d\u0430 \u0432\u0451\u0441\u043b\u0430\u0445,\u00a0 \u0431\u0430\u0439\u0434\u0430\u0440\u043a\u0438,\u00a0SUP \u0434\u043e\u0441\u043a\u0438<\/li>\n\n\n\n<li>\u044d\u043a\u0441\u043a\u0443\u0440\u0441\u0438\u0438 \u043d\u0430 \u043c\u043e\u0442\u043e\u0440\u043d\u043e\u0439 \u043b\u043e\u0434\u043a\u0435<\/li>\n\n\n\n<li>\u0432\u043e\u0434\u043d\u044b\u0435 \u043b\u044b\u0436\u0438 \u0438 \u0432\u0435\u0439\u043a\u0431\u043e\u0440\u0434\u0438\u043d\u0433<\/li>\n\n\n\n<li>\u043f\u043e\u0435\u0437\u0434\u043a\u0438 \u043d\u0430 \u043d\u0430\u0434\u0443\u0432\u043d\u043e\u043c \u043a\u0440\u0443\u0433\u0435<\/li>\n<\/ul>\n\n\n\n<h2 class=\"wp-block-heading\">\u0420\u0435\u0437\u0435\u0440\u0432\u0430\u0446\u0438\u044f:<\/h2>\n\n\n\n<p>Mob.: <a href=\"tel:+37128067676\">+371 28067676<\/a><br \/>E-mail: <a href=\"info@waterskis.lv\">info@jurmalaslaivas.lv<\/a><\/p>\n<\/div>\n\n\n\n<div class=\"wp-block-column is-layout-flow wp-block-column-is-layout-flow\">\n<h2 class=\"wp-block-heading\"><\/h2>\n<\/div>\n<\/div>\n\n\n\n<h2 class=\"wp-block-heading\"> \u0426\u0435\u043d\u0430 EUR\/\u0437\u0430 \u0434\u0435\u043d\u044c <\/h2>\n\n\n\n<figure class=\"wp-block-table\"><table><tbody><tr><td>\u041e\u043f\u0438\u0441\u0430\u043d\u0438\u0435<\/td><td>EUR<\/td><\/tr><tr><td>\u00a0\u0434\u043e 10 \u0447\u0435\u043b\u043e\u0432\u0435\u043a, \u0433\u0440\u0438\u043b\u044c, \u0440\u0435\u043a\u0430, \u043f\u0430\u0440\u043a\u043e\u0432\u043a\u0430 \u043d\u0430 2 \u043c\u0430\u0448\u0438\u043d\u044b. \u0414\u043e\u043f\u043e\u043b\u043d\u0438\u0442\u0435\u043b\u044c\u043d\u0430\u044f \u043f\u0430\u0440\u043a\u043e\u0432\u043a\u0430 5 \u0435\u0432\u0440\u043e<\/td><td>70<\/td><\/tr><tr><td>\u00a0\u0434\u043e 20 \u0447\u0435\u043b\u043e\u0432\u0435\u043a, \u0433\u0440\u0438\u043b\u044c, \u0440\u0435\u043a\u0430, \u043f\u0430\u0440\u043a\u043e\u0432\u043a\u0430 \u043d\u0430 3 \u043c\u0430\u0448\u0438\u043d\u044b. \u0414\u043e\u043f\u043e\u043b\u043d\u0438\u0442\u0435\u043b\u044c\u043d\u0430\u044f \u043f\u0430\u0440\u043a\u043e\u0432\u043a\u0430 5 \u0435\u0432\u0440\u043e<\/td><td>100<\/td><\/tr><\/tbody><\/table><\/figure>\n\n\n\n<h2 class=\"wp-block-heading\" id=\"mce_19\">\u0413\u0430\u043b\u0435\u0440\u0435\u044f \u043c\u0435\u0441\u0442 \u0434\u043b\u044f \u043e\u0442\u0434\u044b\u0445\u0430<\/h2>\n\n\n\n<figure class=\"wp-block-gallery has-nested-images columns-default is-cropped wp-block-gallery-1 is-layout-flex wp-block-gallery-is-layout-flex\">\n<figure class=\"wp-block-image size-large\"><img decoding=\"async\" width=\"300\" height=\"225\" data-id=\"9655\" src=\"https:\/\/www.waterskis.lv\/wp-content\/uploads\/2019\/03\/Piknika_vieta_1.jpg\" alt=\"\" class=\"wp-image-9655\"\/><figcaption class=\"wp-element-caption\"> Nr.1<\/figcaption><\/figure>\n\n\n\n<figure class=\"wp-block-image size-large\"><img decoding=\"async\" width=\"300\" height=\"195\" data-id=\"9658\" src=\"https:\/\/www.waterskis.lv\/wp-content\/uploads\/2019\/03\/Piknika_vieta_2.jpg\" alt=\"\" class=\"wp-image-9658\"\/><figcaption class=\"wp-element-caption\"> Nr.2<\/figcaption><\/figure>\n\n\n\n<figure class=\"wp-block-image size-large\"><img decoding=\"async\" width=\"300\" height=\"225\" data-id=\"9661\" src=\"https:\/\/www.waterskis.lv\/wp-content\/uploads\/2019\/03\/Piknika_vieta_3.jpg\" alt=\"J\u016brmalas \u016bdenssl\u0113po\u0161anas un veikborda parks\" class=\"wp-image-9661\"\/><figcaption class=\"wp-element-caption\"> Nr.3<\/figcaption><\/figure>\n\n\n\n<figure class=\"wp-block-image size-large\"><img decoding=\"async\" width=\"300\" height=\"225\" data-id=\"9664\" src=\"https:\/\/www.waterskis.lv\/wp-content\/uploads\/2019\/03\/Piknika_vieta_4.jpg\" alt=\"J\u016brmalas \u016bdenssl\u0113po\u0161anas un veikborda parks\" class=\"wp-image-9664\"\/><figcaption class=\"wp-element-caption\"> Nr.4<\/figcaption><\/figure>\n\n\n\n<figure class=\"wp-block-image size-large\"><img decoding=\"async\" width=\"525\" height=\"700\" data-id=\"11316\" src=\"https:\/\/www.jurmalaslaivas.lv\/wp-content\/uploads\/2019\/06\/Piknika_vieta_6-1-525x700.jpg\" alt=\"Piknika vietas J\u016brmal\u0101\" class=\"wp-image-11316\" srcset=\"https:\/\/www.jurmalaslaivas.lv\/wp-content\/uploads\/2019\/06\/Piknika_vieta_6-1-525x700.jpg 525w, https:\/\/www.jurmalaslaivas.lv\/wp-content\/uploads\/2019\/06\/Piknika_vieta_6-1-225x300.jpg 225w, https:\/\/www.jurmalaslaivas.lv\/wp-content\/uploads\/2019\/06\/Piknika_vieta_6-1-768x1024.jpg 768w, https:\/\/www.jurmalaslaivas.lv\/wp-content\/uploads\/2019\/06\/Piknika_vieta_6-1-600x800.jpg 600w\" sizes=\"(max-width: 525px) 100vw, 525px\" \/><figcaption class=\"wp-element-caption\"> Nr.5<\/figcaption><\/figure>\n\n\n\n<figure class=\"wp-block-image size-large\"><img decoding=\"async\" width=\"300\" height=\"225\" data-id=\"9676\" src=\"https:\/\/www.waterskis.lv\/wp-content\/uploads\/2019\/03\/Stavvieta.jpg\" alt=\"\" class=\"wp-image-9676\"\/><figcaption class=\"wp-element-caption\">\u0421\u0442\u043e\u044f\u043d\u043a\u0430<\/figcaption><\/figure>\n<\/figure>\n","protected":false},"excerpt":{"rendered":"<p>\u041c\u0435\u0441\u0442\u0430 \u0434\u043b\u044f \u043e\u0442\u0434\u044b\u0445\u0430 \u0438 \u043f\u0438\u043a\u043d\u0438\u043a\u043e\u0432 \u0432 \u042e\u0440\u043c\u0430\u043b\u0435 \u043d\u0430 \u0431\u0435\u0440\u0435\u0433\u0443 \u0440\u0435\u043a\u0438 \u041b\u0438\u0435\u043b\u0443\u043f\u0435. \u0422\u0435\u0440\u0440\u0438\u0442\u043e\u0440\u0438\u044f \u0434\u043b\u044f \u043a\u043e\u0440\u043f\u043e\u0440\u0430\u0442\u0438\u0432\u043d\u044b\u0445 \u043c\u0435\u0440\u043e\u043f\u0440\u0438\u044f\u0442\u0438\u0439 \u041d\u0430\u0448\u0435 \u043f\u0440\u0435\u0434\u043b\u043e\u0436\u0435\u043d\u0438\u0435 \u0420\u0435\u0437\u0435\u0440\u0432\u0430\u0446\u0438\u044f: Mob.: +371 28067676E-mail: info@jurmalaslaivas.lv \u0426\u0435\u043d\u0430 EUR\/\u0437\u0430 \u0434\u0435\u043d\u044c \u041e\u043f\u0438\u0441\u0430\u043d\u0438\u0435 EUR \u00a0\u0434\u043e 10 \u0447\u0435\u043b\u043e\u0432\u0435\u043a, \u0433\u0440\u0438\u043b\u044c, \u0440\u0435\u043a\u0430, \u043f\u0430\u0440\u043a\u043e\u0432\u043a\u0430 \u043d\u0430 2 \u043c\u0430\u0448\u0438\u043d\u044b. \u0414\u043e\u043f\u043e\u043b\u043d\u0438\u0442\u0435\u043b\u044c\u043d\u0430\u044f \u043f\u0430\u0440\u043a\u043e\u0432\u043a\u0430 5 \u0435\u0432\u0440\u043e 70 \u00a0\u0434\u043e 20 \u0447\u0435\u043b\u043e\u0432\u0435\u043a, \u0433\u0440\u0438\u043b\u044c, \u0440\u0435\u043a\u0430, \u043f\u0430\u0440\u043a\u043e\u0432\u043a\u0430 \u043d\u0430 3 \u043c\u0430\u0448\u0438\u043d\u044b. \u0414\u043e\u043f\u043e\u043b\u043d\u0438\u0442\u0435\u043b\u044c\u043d\u0430\u044f \u043f\u0430\u0440\u043a\u043e\u0432\u043a\u0430 5 \u0435\u0432\u0440\u043e 100 [&#8230;]<\/p>\n<p><a class=\"btn btn-secondary understrap-read-more-link\" href=\"https:\/\/www.jurmalaslaivas.lv\/ru\/%d0%bc%d0%b5%d1%81%d1%82%d0%b0-%d0%b4%d0%bb%d1%8f-%d0%be%d1%82%d0%b4%d1%8b%d1%85%d0%b0\/\">\u0427\u0438\u0442\u0430\u0442\u044c \u0434\u0430\u043b\u044c\u0448\u0435\u2026<\/a><\/p>\n","protected":false},"author":6,"featured_media":30666,"parent":0,"menu_order":1,"comment_status":"closed","ping_status":"closed","template":"","meta":{"_acf_changed":false,"inline_featured_image":false,"footnotes":""},"class_list":["post-5174","page","type-page","status-publish","has-post-thumbnail","hentry"],"acf":[],"yoast_head":"<!-- This site is optimized with the Yoast SEO plugin v27.0 - https:\/\/yoast.com\/product\/yoast-seo-wordpress\/ -->\n<title>\u041c\u0435\u0441\u0442\u0430 \u0434\u043b\u044f \u043e\u0442\u0434\u044b\u0445\u0430 - Jurmalas Laivas<\/title>\n<meta name=\"description\" content=\"\u041c\u0435\u0441\u0442\u0430 \u0434\u043b\u044f \u043e\u0442\u0434\u044b\u0445\u0430 \u0438 \u043f\u0438\u043a\u043d\u0438\u043a\u043e\u0432 \u0432 \u042e\u0440\u043c\u0430\u043b\u0435 \u043d\u0430 \u0431\u0435\u0440\u0435\u0433\u0443 \u0440\u0435\u043a\u0438 \u041b\u0438\u0435\u043b\u0443\u043f\u0435. \u0422\u0435\u0440\u0440\u0438\u0442\u043e\u0440\u0438\u044f \u0434\u043b\u044f \u043a\u043e\u0440\u043f\u043e\u0440\u0430\u0442\u0438\u0432\u043d\u044b\u0445 \u043c\u0435\u0440\u043e\u043f\u0440\u0438\u044f\u0442\u0438\u0439. \u0421\u0435\u043c\u0435\u0439\u043d\u044b\u0435 \u0438 \u0434\u0435\u0442\u0441\u043a\u0438\u0435 \u043f\u0440\u0430\u0437\u0434\u043d\u0438\u043a\u0438.\" \/>\n<meta name=\"robots\" content=\"index, follow, max-snippet:-1, max-image-preview:large, max-video-preview:-1\" \/>\n<link rel=\"canonical\" href=\"https:\/\/www.jurmalaslaivas.lv\/ru\/%d0%bc%d0%b5%d1%81%d1%82%d0%b0-%d0%b4%d0%bb%d1%8f-%d0%be%d1%82%d0%b4%d1%8b%d1%85%d0%b0\/\" \/>\n<meta property=\"og:locale\" content=\"ru_RU\" \/>\n<meta property=\"og:type\" content=\"article\" \/>\n<meta property=\"og:title\" content=\"\u041c\u0435\u0441\u0442\u0430 \u0434\u043b\u044f \u043e\u0442\u0434\u044b\u0445\u0430\" \/>\n<meta property=\"og:description\" content=\"\u041c\u0435\u0441\u0442\u0430 \u0434\u043b\u044f \u043e\u0442\u0434\u044b\u0445\u0430 \u0438 \u043f\u0438\u043a\u043d\u0438\u043a\u043e\u0432 \u0432 \u042e\u0440\u043c\u0430\u043b\u0435 \u043d\u0430 \u0431\u0435\u0440\u0435\u0433\u0443 \u0440\u0435\u043a\u0438 \u041b\u0438\u0435\u043b\u0443\u043f\u0435. \u0422\u0435\u0440\u0440\u0438\u0442\u043e\u0440\u0438\u044f \u0434\u043b\u044f \u043a\u043e\u0440\u043f\u043e\u0440\u0430\u0442\u0438\u0432\u043d\u044b\u0445 \u043c\u0435\u0440\u043e\u043f\u0440\u0438\u044f\u0442\u0438\u0439\" \/>\n<meta property=\"og:url\" content=\"https:\/\/www.jurmalaslaivas.lv\/ru\/%d0%bc%d0%b5%d1%81%d1%82%d0%b0-%d0%b4%d0%bb%d1%8f-%d0%be%d1%82%d0%b4%d1%8b%d1%85%d0%b0\/\" \/>\n<meta property=\"og:site_name\" content=\"Jurmalas Laivas\" \/>\n<meta property=\"article:publisher\" content=\"https:\/\/www.facebook.com\/jurmalaslaivas\" \/>\n<meta property=\"article:modified_time\" content=\"2026-02-10T11:08:31+00:00\" \/>\n<meta property=\"og:image\" content=\"https:\/\/www.jurmalaslaivas.lv\/wp-content\/uploads\/2022\/06\/teritorija-pasakumiem.jpg\" \/>\n\t<meta property=\"og:image:width\" content=\"682\" \/>\n\t<meta property=\"og:image:height\" content=\"384\" \/>\n\t<meta property=\"og:image:type\" content=\"image\/jpeg\" \/>\n<meta name=\"twitter:card\" content=\"summary_large_image\" \/>\n<meta name=\"twitter:label1\" content=\"\u041f\u0440\u0438\u043c\u0435\u0440\u043d\u043e\u0435 \u0432\u0440\u0435\u043c\u044f \u0434\u043b\u044f \u0447\u0442\u0435\u043d\u0438\u044f\" \/>\n\t<meta name=\"twitter:data1\" content=\"2 \u043c\u0438\u043d\u0443\u0442\u044b\" \/>\n<script type=\"application\/ld+json\" class=\"yoast-schema-graph\">{\"@context\":\"https:\/\/schema.org\",\"@graph\":[{\"@type\":\"WebPage\",\"@id\":\"https:\/\/www.jurmalaslaivas.lv\/ru\/%d0%bc%d0%b5%d1%81%d1%82%d0%b0-%d0%b4%d0%bb%d1%8f-%d0%be%d1%82%d0%b4%d1%8b%d1%85%d0%b0\/\",\"url\":\"https:\/\/www.jurmalaslaivas.lv\/ru\/%d0%bc%d0%b5%d1%81%d1%82%d0%b0-%d0%b4%d0%bb%d1%8f-%d0%be%d1%82%d0%b4%d1%8b%d1%85%d0%b0\/\",\"name\":\"\u041c\u0435\u0441\u0442\u0430 \u0434\u043b\u044f \u043e\u0442\u0434\u044b\u0445\u0430 - Jurmalas Laivas\",\"isPartOf\":{\"@id\":\"https:\/\/www.jurmalaslaivas.lv\/ru\/#website\"},\"primaryImageOfPage\":{\"@id\":\"https:\/\/www.jurmalaslaivas.lv\/ru\/%d0%bc%d0%b5%d1%81%d1%82%d0%b0-%d0%b4%d0%bb%d1%8f-%d0%be%d1%82%d0%b4%d1%8b%d1%85%d0%b0\/#primaryimage\"},\"image\":{\"@id\":\"https:\/\/www.jurmalaslaivas.lv\/ru\/%d0%bc%d0%b5%d1%81%d1%82%d0%b0-%d0%b4%d0%bb%d1%8f-%d0%be%d1%82%d0%b4%d1%8b%d1%85%d0%b0\/#primaryimage\"},\"thumbnailUrl\":\"https:\/\/www.jurmalaslaivas.lv\/wp-content\/uploads\/2016\/03\/atputas-vietas-pie-lielupes.jpg\",\"datePublished\":\"2014-12-26T14:43:10+00:00\",\"dateModified\":\"2026-02-10T11:08:31+00:00\",\"description\":\"\u041c\u0435\u0441\u0442\u0430 \u0434\u043b\u044f \u043e\u0442\u0434\u044b\u0445\u0430 \u0438 \u043f\u0438\u043a\u043d\u0438\u043a\u043e\u0432 \u0432 \u042e\u0440\u043c\u0430\u043b\u0435 \u043d\u0430 \u0431\u0435\u0440\u0435\u0433\u0443 \u0440\u0435\u043a\u0438 \u041b\u0438\u0435\u043b\u0443\u043f\u0435. \u0422\u0435\u0440\u0440\u0438\u0442\u043e\u0440\u0438\u044f \u0434\u043b\u044f \u043a\u043e\u0440\u043f\u043e\u0440\u0430\u0442\u0438\u0432\u043d\u044b\u0445 \u043c\u0435\u0440\u043e\u043f\u0440\u0438\u044f\u0442\u0438\u0439. \u0421\u0435\u043c\u0435\u0439\u043d\u044b\u0435 \u0438 \u0434\u0435\u0442\u0441\u043a\u0438\u0435 \u043f\u0440\u0430\u0437\u0434\u043d\u0438\u043a\u0438.\",\"breadcrumb\":{\"@id\":\"https:\/\/www.jurmalaslaivas.lv\/ru\/%d0%bc%d0%b5%d1%81%d1%82%d0%b0-%d0%b4%d0%bb%d1%8f-%d0%be%d1%82%d0%b4%d1%8b%d1%85%d0%b0\/#breadcrumb\"},\"inLanguage\":\"ru-RU\",\"potentialAction\":[{\"@type\":\"ReadAction\",\"target\":[\"https:\/\/www.jurmalaslaivas.lv\/ru\/%d0%bc%d0%b5%d1%81%d1%82%d0%b0-%d0%b4%d0%bb%d1%8f-%d0%be%d1%82%d0%b4%d1%8b%d1%85%d0%b0\/\"]}]},{\"@type\":\"ImageObject\",\"inLanguage\":\"ru-RU\",\"@id\":\"https:\/\/www.jurmalaslaivas.lv\/ru\/%d0%bc%d0%b5%d1%81%d1%82%d0%b0-%d0%b4%d0%bb%d1%8f-%d0%be%d1%82%d0%b4%d1%8b%d1%85%d0%b0\/#primaryimage\",\"url\":\"https:\/\/www.jurmalaslaivas.lv\/wp-content\/uploads\/2016\/03\/atputas-vietas-pie-lielupes.jpg\",\"contentUrl\":\"https:\/\/www.jurmalaslaivas.lv\/wp-content\/uploads\/2016\/03\/atputas-vietas-pie-lielupes.jpg\",\"width\":1200,\"height\":600,\"caption\":\"Pas\u0101kumu r\u012bko\u0161ana J\u016brmal\u0101\"},{\"@type\":\"BreadcrumbList\",\"@id\":\"https:\/\/www.jurmalaslaivas.lv\/ru\/%d0%bc%d0%b5%d1%81%d1%82%d0%b0-%d0%b4%d0%bb%d1%8f-%d0%be%d1%82%d0%b4%d1%8b%d1%85%d0%b0\/#breadcrumb\",\"itemListElement\":[{\"@type\":\"ListItem\",\"position\":1,\"name\":\"Home\",\"item\":\"https:\/\/www.jurmalaslaivas.lv\/ru\/\"},{\"@type\":\"ListItem\",\"position\":2,\"name\":\"\u041c\u0435\u0441\u0442\u0430 \u0434\u043b\u044f \u043e\u0442\u0434\u044b\u0445\u0430\"}]},{\"@type\":\"WebSite\",\"@id\":\"https:\/\/www.jurmalaslaivas.lv\/ru\/#website\",\"url\":\"https:\/\/www.jurmalaslaivas.lv\/ru\/\",\"name\":\"Jurmalaslaivas.lv\",\"description\":\"Laivu noma un veikals\",\"publisher\":{\"@id\":\"https:\/\/www.jurmalaslaivas.lv\/ru\/#organization\"},\"potentialAction\":[{\"@type\":\"SearchAction\",\"target\":{\"@type\":\"EntryPoint\",\"urlTemplate\":\"https:\/\/www.jurmalaslaivas.lv\/ru\/?s={search_term_string}\"},\"query-input\":{\"@type\":\"PropertyValueSpecification\",\"valueRequired\":true,\"valueName\":\"search_term_string\"}}],\"inLanguage\":\"ru-RU\"},{\"@type\":\"Organization\",\"@id\":\"https:\/\/www.jurmalaslaivas.lv\/ru\/#organization\",\"name\":\"Jurmalaslaivas.lv\",\"url\":\"https:\/\/www.jurmalaslaivas.lv\/ru\/\",\"logo\":{\"@type\":\"ImageObject\",\"inLanguage\":\"ru-RU\",\"@id\":\"https:\/\/www.jurmalaslaivas.lv\/ru\/#\/schema\/logo\/image\/\",\"url\":\"https:\/\/www.jurmalaslaivas.lv\/wp-content\/uploads\/2022\/11\/jurmalas-laivas-balts-ar-rami.png\",\"contentUrl\":\"https:\/\/www.jurmalaslaivas.lv\/wp-content\/uploads\/2022\/11\/jurmalas-laivas-balts-ar-rami.png\",\"width\":500,\"height\":500,\"caption\":\"Jurmalaslaivas.lv\"},\"image\":{\"@id\":\"https:\/\/www.jurmalaslaivas.lv\/ru\/#\/schema\/logo\/image\/\"},\"sameAs\":[\"https:\/\/www.facebook.com\/jurmalaslaivas\"]}]}<\/script>\n<!-- \/ Yoast SEO plugin. -->","yoast_head_json":{"title":"\u041c\u0435\u0441\u0442\u0430 \u0434\u043b\u044f \u043e\u0442\u0434\u044b\u0445\u0430 - Jurmalas Laivas","description":"\u041c\u0435\u0441\u0442\u0430 \u0434\u043b\u044f \u043e\u0442\u0434\u044b\u0445\u0430 \u0438 \u043f\u0438\u043a\u043d\u0438\u043a\u043e\u0432 \u0432 \u042e\u0440\u043c\u0430\u043b\u0435 \u043d\u0430 \u0431\u0435\u0440\u0435\u0433\u0443 \u0440\u0435\u043a\u0438 \u041b\u0438\u0435\u043b\u0443\u043f\u0435. \u0422\u0435\u0440\u0440\u0438\u0442\u043e\u0440\u0438\u044f \u0434\u043b\u044f \u043a\u043e\u0440\u043f\u043e\u0440\u0430\u0442\u0438\u0432\u043d\u044b\u0445 \u043c\u0435\u0440\u043e\u043f\u0440\u0438\u044f\u0442\u0438\u0439. \u0421\u0435\u043c\u0435\u0439\u043d\u044b\u0435 \u0438 \u0434\u0435\u0442\u0441\u043a\u0438\u0435 \u043f\u0440\u0430\u0437\u0434\u043d\u0438\u043a\u0438.","robots":{"index":"index","follow":"follow","max-snippet":"max-snippet:-1","max-image-preview":"max-image-preview:large","max-video-preview":"max-video-preview:-1"},"canonical":"https:\/\/www.jurmalaslaivas.lv\/ru\/%d0%bc%d0%b5%d1%81%d1%82%d0%b0-%d0%b4%d0%bb%d1%8f-%d0%be%d1%82%d0%b4%d1%8b%d1%85%d0%b0\/","og_locale":"ru_RU","og_type":"article","og_title":"\u041c\u0435\u0441\u0442\u0430 \u0434\u043b\u044f \u043e\u0442\u0434\u044b\u0445\u0430","og_description":"\u041c\u0435\u0441\u0442\u0430 \u0434\u043b\u044f \u043e\u0442\u0434\u044b\u0445\u0430 \u0438 \u043f\u0438\u043a\u043d\u0438\u043a\u043e\u0432 \u0432 \u042e\u0440\u043c\u0430\u043b\u0435 \u043d\u0430 \u0431\u0435\u0440\u0435\u0433\u0443 \u0440\u0435\u043a\u0438 \u041b\u0438\u0435\u043b\u0443\u043f\u0435. \u0422\u0435\u0440\u0440\u0438\u0442\u043e\u0440\u0438\u044f \u0434\u043b\u044f \u043a\u043e\u0440\u043f\u043e\u0440\u0430\u0442\u0438\u0432\u043d\u044b\u0445 \u043c\u0435\u0440\u043e\u043f\u0440\u0438\u044f\u0442\u0438\u0439","og_url":"https:\/\/www.jurmalaslaivas.lv\/ru\/%d0%bc%d0%b5%d1%81%d1%82%d0%b0-%d0%b4%d0%bb%d1%8f-%d0%be%d1%82%d0%b4%d1%8b%d1%85%d0%b0\/","og_site_name":"Jurmalas Laivas","article_publisher":"https:\/\/www.facebook.com\/jurmalaslaivas","article_modified_time":"2026-02-10T11:08:31+00:00","og_image":[{"width":682,"height":384,"url":"https:\/\/www.jurmalaslaivas.lv\/wp-content\/uploads\/2022\/06\/teritorija-pasakumiem.jpg","type":"image\/jpeg"}],"twitter_card":"summary_large_image","twitter_misc":{"\u041f\u0440\u0438\u043c\u0435\u0440\u043d\u043e\u0435 \u0432\u0440\u0435\u043c\u044f \u0434\u043b\u044f \u0447\u0442\u0435\u043d\u0438\u044f":"2 \u043c\u0438\u043d\u0443\u0442\u044b"},"schema":{"@context":"https:\/\/schema.org","@graph":[{"@type":"WebPage","@id":"https:\/\/www.jurmalaslaivas.lv\/ru\/%d0%bc%d0%b5%d1%81%d1%82%d0%b0-%d0%b4%d0%bb%d1%8f-%d0%be%d1%82%d0%b4%d1%8b%d1%85%d0%b0\/","url":"https:\/\/www.jurmalaslaivas.lv\/ru\/%d0%bc%d0%b5%d1%81%d1%82%d0%b0-%d0%b4%d0%bb%d1%8f-%d0%be%d1%82%d0%b4%d1%8b%d1%85%d0%b0\/","name":"\u041c\u0435\u0441\u0442\u0430 \u0434\u043b\u044f \u043e\u0442\u0434\u044b\u0445\u0430 - Jurmalas Laivas","isPartOf":{"@id":"https:\/\/www.jurmalaslaivas.lv\/ru\/#website"},"primaryImageOfPage":{"@id":"https:\/\/www.jurmalaslaivas.lv\/ru\/%d0%bc%d0%b5%d1%81%d1%82%d0%b0-%d0%b4%d0%bb%d1%8f-%d0%be%d1%82%d0%b4%d1%8b%d1%85%d0%b0\/#primaryimage"},"image":{"@id":"https:\/\/www.jurmalaslaivas.lv\/ru\/%d0%bc%d0%b5%d1%81%d1%82%d0%b0-%d0%b4%d0%bb%d1%8f-%d0%be%d1%82%d0%b4%d1%8b%d1%85%d0%b0\/#primaryimage"},"thumbnailUrl":"https:\/\/www.jurmalaslaivas.lv\/wp-content\/uploads\/2016\/03\/atputas-vietas-pie-lielupes.jpg","datePublished":"2014-12-26T14:43:10+00:00","dateModified":"2026-02-10T11:08:31+00:00","description":"\u041c\u0435\u0441\u0442\u0430 \u0434\u043b\u044f \u043e\u0442\u0434\u044b\u0445\u0430 \u0438 \u043f\u0438\u043a\u043d\u0438\u043a\u043e\u0432 \u0432 \u042e\u0440\u043c\u0430\u043b\u0435 \u043d\u0430 \u0431\u0435\u0440\u0435\u0433\u0443 \u0440\u0435\u043a\u0438 \u041b\u0438\u0435\u043b\u0443\u043f\u0435. \u0422\u0435\u0440\u0440\u0438\u0442\u043e\u0440\u0438\u044f \u0434\u043b\u044f \u043a\u043e\u0440\u043f\u043e\u0440\u0430\u0442\u0438\u0432\u043d\u044b\u0445 \u043c\u0435\u0440\u043e\u043f\u0440\u0438\u044f\u0442\u0438\u0439. \u0421\u0435\u043c\u0435\u0439\u043d\u044b\u0435 \u0438 \u0434\u0435\u0442\u0441\u043a\u0438\u0435 \u043f\u0440\u0430\u0437\u0434\u043d\u0438\u043a\u0438.","breadcrumb":{"@id":"https:\/\/www.jurmalaslaivas.lv\/ru\/%d0%bc%d0%b5%d1%81%d1%82%d0%b0-%d0%b4%d0%bb%d1%8f-%d0%be%d1%82%d0%b4%d1%8b%d1%85%d0%b0\/#breadcrumb"},"inLanguage":"ru-RU","potentialAction":[{"@type":"ReadAction","target":["https:\/\/www.jurmalaslaivas.lv\/ru\/%d0%bc%d0%b5%d1%81%d1%82%d0%b0-%d0%b4%d0%bb%d1%8f-%d0%be%d1%82%d0%b4%d1%8b%d1%85%d0%b0\/"]}]},{"@type":"ImageObject","inLanguage":"ru-RU","@id":"https:\/\/www.jurmalaslaivas.lv\/ru\/%d0%bc%d0%b5%d1%81%d1%82%d0%b0-%d0%b4%d0%bb%d1%8f-%d0%be%d1%82%d0%b4%d1%8b%d1%85%d0%b0\/#primaryimage","url":"https:\/\/www.jurmalaslaivas.lv\/wp-content\/uploads\/2016\/03\/atputas-vietas-pie-lielupes.jpg","contentUrl":"https:\/\/www.jurmalaslaivas.lv\/wp-content\/uploads\/2016\/03\/atputas-vietas-pie-lielupes.jpg","width":1200,"height":600,"caption":"Pas\u0101kumu r\u012bko\u0161ana J\u016brmal\u0101"},{"@type":"BreadcrumbList","@id":"https:\/\/www.jurmalaslaivas.lv\/ru\/%d0%bc%d0%b5%d1%81%d1%82%d0%b0-%d0%b4%d0%bb%d1%8f-%d0%be%d1%82%d0%b4%d1%8b%d1%85%d0%b0\/#breadcrumb","itemListElement":[{"@type":"ListItem","position":1,"name":"Home","item":"https:\/\/www.jurmalaslaivas.lv\/ru\/"},{"@type":"ListItem","position":2,"name":"\u041c\u0435\u0441\u0442\u0430 \u0434\u043b\u044f \u043e\u0442\u0434\u044b\u0445\u0430"}]},{"@type":"WebSite","@id":"https:\/\/www.jurmalaslaivas.lv\/ru\/#website","url":"https:\/\/www.jurmalaslaivas.lv\/ru\/","name":"Jurmalaslaivas.lv","description":"Laivu noma un veikals","publisher":{"@id":"https:\/\/www.jurmalaslaivas.lv\/ru\/#organization"},"potentialAction":[{"@type":"SearchAction","target":{"@type":"EntryPoint","urlTemplate":"https:\/\/www.jurmalaslaivas.lv\/ru\/?s={search_term_string}"},"query-input":{"@type":"PropertyValueSpecification","valueRequired":true,"valueName":"search_term_string"}}],"inLanguage":"ru-RU"},{"@type":"Organization","@id":"https:\/\/www.jurmalaslaivas.lv\/ru\/#organization","name":"Jurmalaslaivas.lv","url":"https:\/\/www.jurmalaslaivas.lv\/ru\/","logo":{"@type":"ImageObject","inLanguage":"ru-RU","@id":"https:\/\/www.jurmalaslaivas.lv\/ru\/#\/schema\/logo\/image\/","url":"https:\/\/www.jurmalaslaivas.lv\/wp-content\/uploads\/2022\/11\/jurmalas-laivas-balts-ar-rami.png","contentUrl":"https:\/\/www.jurmalaslaivas.lv\/wp-content\/uploads\/2022\/11\/jurmalas-laivas-balts-ar-rami.png","width":500,"height":500,"caption":"Jurmalaslaivas.lv"},"image":{"@id":"https:\/\/www.jurmalaslaivas.lv\/ru\/#\/schema\/logo\/image\/"},"sameAs":["https:\/\/www.facebook.com\/jurmalaslaivas"]}]}},"_links":{"self":[{"href":"https:\/\/www.jurmalaslaivas.lv\/ru\/wp-json\/wp\/v2\/pages\/5174","targetHints":{"allow":["GET"]}}],"collection":[{"href":"https:\/\/www.jurmalaslaivas.lv\/ru\/wp-json\/wp\/v2\/pages"}],"about":[{"href":"https:\/\/www.jurmalaslaivas.lv\/ru\/wp-json\/wp\/v2\/types\/page"}],"author":[{"embeddable":true,"href":"https:\/\/www.jurmalaslaivas.lv\/ru\/wp-json\/wp\/v2\/users\/6"}],"replies":[{"embeddable":true,"href":"https:\/\/www.jurmalaslaivas.lv\/ru\/wp-json\/wp\/v2\/comments?post=5174"}],"version-history":[{"count":18,"href":"https:\/\/www.jurmalaslaivas.lv\/ru\/wp-json\/wp\/v2\/pages\/5174\/revisions"}],"predecessor-version":[{"id":59143,"href":"https:\/\/www.jurmalaslaivas.lv\/ru\/wp-json\/wp\/v2\/pages\/5174\/revisions\/59143"}],"wp:featuredmedia":[{"embeddable":true,"href":"https:\/\/www.jurmalaslaivas.lv\/ru\/wp-json\/wp\/v2\/media\/30666"}],"wp:attachment":[{"href":"https:\/\/www.jurmalaslaivas.lv\/ru\/wp-json\/wp\/v2\/media?parent=5174"}],"curies":[{"name":"wp","href":"https:\/\/api.w.org\/{rel}","templated":true}]}}