{"id":58617,"date":"2025-10-30T16:27:17","date_gmt":"2025-10-30T13:27:17","guid":{"rendered":"https:\/\/www.jurmalaslaivas.lv\/product\/litija-akumulatoru-ladetajs-energy-research-lithium-battery-charger-36v-8amp\/"},"modified":"2025-10-30T16:33:43","modified_gmt":"2025-10-30T13:33:43","slug":"litija-akumulatoru-ladetajs-energy-research-lithium-battery-charger-36v-8amp","status":"publish","type":"product","link":"https:\/\/www.jurmalaslaivas.lv\/en\/product\/litija-akumulatoru-ladetajs-energy-research-lithium-battery-charger-36v-8amp\/","title":{"rendered":"Energy Research Lithium battery charger 36V\u00a08AMP"},"content":{"rendered":"<h1>Energy Research Lithium battery charger 36V 8AMP<\/h1>\n<p>Energy Research Lithium battery charger 36V 8AMP<\/p>\n<table width=\"205\">\n<tbody>\n<tr>\n<td width=\"205\">LITHIUM-CHARGE-36V<\/td>\n<\/tr>\n<\/tbody>\n<\/table>\n<p>&nbsp;<\/p>\n","protected":false},"excerpt":{"rendered":"<p>Energy Research Lithium battery charger 36V 8AMP Energy Research Lithium battery charger 36V 8AMP LITHIUM-CHARGE-36V &nbsp; [&#8230;]<\/p>\n<p><a class=\"btn btn-secondary understrap-read-more-link\" href=\"https:\/\/www.jurmalaslaivas.lv\/en\/product\/litija-akumulatoru-ladetajs-energy-research-lithium-battery-charger-36v-8amp\/\">Read More&#8230;<\/a><\/p>\n","protected":false},"featured_media":58615,"comment_status":"closed","ping_status":"closed","template":"","meta":{"_acf_changed":false,"inline_featured_image":false},"product_brand":[],"product_cat":[708,711],"product_tag":[2015,2020,2022,2017,1996,2021,2016,1801,2018,2019],"class_list":{"0":"post-58617","1":"product","2":"type-product","3":"status-publish","4":"has-post-thumbnail","6":"product_cat-boat-electric-motors-accessories","7":"product_cat-chargers","8":"product_tag-akumulatoru-ladetaji","9":"product_tag-battery-chargers","10":"product_tag-deep-discharge-battery-chargers","11":"product_tag-dzilas-izlades-akumulatoru-ladetaji","12":"product_tag-energy-research","13":"product_tag-lithium-battery-charger","14":"product_tag-litija-akumulatoru-ladetaji","15":"product_tag-minn-kota","16":"product_tag-2018","17":"product_tag-2019","19":"first","20":"instock","21":"shipping-taxable","22":"purchasable","23":"product-type-simple"},"acf":[],"yoast_head":"<!-- This site is optimized with the Yoast SEO plugin v27.0 - https:\/\/yoast.com\/product\/yoast-seo-wordpress\/ -->\n<title>Energy Research Lithium battery charger 36V\u00a08AMP - Jurmalas Laivas<\/title>\n<meta name=\"description\" content=\"Energy Research Lithium battery charger 36V\u00a08AMP. Kods: LITHIUM-CHARGE-36V\" \/>\n<meta name=\"robots\" content=\"index, follow, max-snippet:-1, max-image-preview:large, max-video-preview:-1\" \/>\n<link rel=\"canonical\" href=\"https:\/\/www.jurmalaslaivas.lv\/en\/product\/litija-akumulatoru-ladetajs-energy-research-lithium-battery-charger-36v-8amp\/\" \/>\n<meta property=\"og:locale\" content=\"en_US\" \/>\n<meta property=\"og:type\" content=\"article\" \/>\n<meta property=\"og:title\" content=\"Energy Research Lithium battery charger 36V\u00a08AMP - Jurmalas Laivas\" \/>\n<meta property=\"og:description\" content=\"Energy Research Lithium battery charger 36V\u00a08AMP. Kods: LITHIUM-CHARGE-36V\" \/>\n<meta property=\"og:url\" content=\"https:\/\/www.jurmalaslaivas.lv\/en\/product\/litija-akumulatoru-ladetajs-energy-research-lithium-battery-charger-36v-8amp\/\" \/>\n<meta property=\"og:site_name\" content=\"Jurmalas Laivas\" \/>\n<meta property=\"article:publisher\" content=\"https:\/\/www.facebook.com\/jurmalaslaivas\" \/>\n<meta property=\"article:modified_time\" content=\"2025-10-30T13:33:43+00:00\" \/>\n<meta property=\"og:image\" content=\"https:\/\/www.jurmalaslaivas.lv\/wp-content\/uploads\/2025\/10\/36V8A.jpg\" \/>\n\t<meta property=\"og:image:width\" content=\"380\" \/>\n\t<meta property=\"og:image:height\" content=\"300\" \/>\n\t<meta property=\"og:image:type\" content=\"image\/jpeg\" \/>\n<meta name=\"twitter:card\" content=\"summary_large_image\" \/>\n<meta name=\"twitter:label1\" content=\"Est. reading time\" \/>\n\t<meta name=\"twitter:data1\" content=\"1 minute\" \/>\n<script type=\"application\/ld+json\" class=\"yoast-schema-graph\">{\"@context\":\"https:\/\/schema.org\",\"@graph\":[{\"@type\":\"WebPage\",\"@id\":\"https:\/\/www.jurmalaslaivas.lv\/en\/product\/litija-akumulatoru-ladetajs-energy-research-lithium-battery-charger-36v-8amp\/\",\"url\":\"https:\/\/www.jurmalaslaivas.lv\/en\/product\/litija-akumulatoru-ladetajs-energy-research-lithium-battery-charger-36v-8amp\/\",\"name\":\"Energy Research Lithium battery charger 36V\u00a08AMP - Jurmalas Laivas\",\"isPartOf\":{\"@id\":\"https:\/\/www.jurmalaslaivas.lv\/en\/#website\"},\"primaryImageOfPage\":{\"@id\":\"https:\/\/www.jurmalaslaivas.lv\/en\/product\/litija-akumulatoru-ladetajs-energy-research-lithium-battery-charger-36v-8amp\/#primaryimage\"},\"image\":{\"@id\":\"https:\/\/www.jurmalaslaivas.lv\/en\/product\/litija-akumulatoru-ladetajs-energy-research-lithium-battery-charger-36v-8amp\/#primaryimage\"},\"thumbnailUrl\":\"https:\/\/www.jurmalaslaivas.lv\/wp-content\/uploads\/2025\/10\/36V8A.jpg\",\"datePublished\":\"2025-10-30T13:27:17+00:00\",\"dateModified\":\"2025-10-30T13:33:43+00:00\",\"description\":\"Energy Research Lithium battery charger 36V\u00a08AMP. Kods: LITHIUM-CHARGE-36V\",\"breadcrumb\":{\"@id\":\"https:\/\/www.jurmalaslaivas.lv\/en\/product\/litija-akumulatoru-ladetajs-energy-research-lithium-battery-charger-36v-8amp\/#breadcrumb\"},\"inLanguage\":\"en-US\",\"potentialAction\":[{\"@type\":\"ReadAction\",\"target\":[\"https:\/\/www.jurmalaslaivas.lv\/en\/product\/litija-akumulatoru-ladetajs-energy-research-lithium-battery-charger-36v-8amp\/\"]}]},{\"@type\":\"ImageObject\",\"inLanguage\":\"en-US\",\"@id\":\"https:\/\/www.jurmalaslaivas.lv\/en\/product\/litija-akumulatoru-ladetajs-energy-research-lithium-battery-charger-36v-8amp\/#primaryimage\",\"url\":\"https:\/\/www.jurmalaslaivas.lv\/wp-content\/uploads\/2025\/10\/36V8A.jpg\",\"contentUrl\":\"https:\/\/www.jurmalaslaivas.lv\/wp-content\/uploads\/2025\/10\/36V8A.jpg\",\"width\":380,\"height\":300,\"caption\":\"Litija akumulatoru l\u0101d\u0113t\u0101js Energy Research Lithium battery charger 36V\u00a08AMP\"},{\"@type\":\"BreadcrumbList\",\"@id\":\"https:\/\/www.jurmalaslaivas.lv\/en\/product\/litija-akumulatoru-ladetajs-energy-research-lithium-battery-charger-36v-8amp\/#breadcrumb\",\"itemListElement\":[{\"@type\":\"ListItem\",\"position\":1,\"name\":\"Home\",\"item\":\"https:\/\/www.jurmalaslaivas.lv\/en\/\"},{\"@type\":\"ListItem\",\"position\":2,\"name\":\"Shop\",\"item\":\"https:\/\/www.jurmalaslaivas.lv\/en\/shop-2shop\/\"},{\"@type\":\"ListItem\",\"position\":3,\"name\":\"Energy Research Lithium battery charger 36V\u00a08AMP\"}]},{\"@type\":\"WebSite\",\"@id\":\"https:\/\/www.jurmalaslaivas.lv\/en\/#website\",\"url\":\"https:\/\/www.jurmalaslaivas.lv\/en\/\",\"name\":\"Jurmalaslaivas.lv\",\"description\":\"Laivu noma un veikals\",\"publisher\":{\"@id\":\"https:\/\/www.jurmalaslaivas.lv\/en\/#organization\"},\"potentialAction\":[{\"@type\":\"SearchAction\",\"target\":{\"@type\":\"EntryPoint\",\"urlTemplate\":\"https:\/\/www.jurmalaslaivas.lv\/en\/?s={search_term_string}\"},\"query-input\":{\"@type\":\"PropertyValueSpecification\",\"valueRequired\":true,\"valueName\":\"search_term_string\"}}],\"inLanguage\":\"en-US\"},{\"@type\":\"Organization\",\"@id\":\"https:\/\/www.jurmalaslaivas.lv\/en\/#organization\",\"name\":\"Jurmalaslaivas.lv\",\"url\":\"https:\/\/www.jurmalaslaivas.lv\/en\/\",\"logo\":{\"@type\":\"ImageObject\",\"inLanguage\":\"en-US\",\"@id\":\"https:\/\/www.jurmalaslaivas.lv\/en\/#\/schema\/logo\/image\/\",\"url\":\"https:\/\/www.jurmalaslaivas.lv\/wp-content\/uploads\/2022\/11\/jurmalas-laivas-balts-ar-rami.png\",\"contentUrl\":\"https:\/\/www.jurmalaslaivas.lv\/wp-content\/uploads\/2022\/11\/jurmalas-laivas-balts-ar-rami.png\",\"width\":500,\"height\":500,\"caption\":\"Jurmalaslaivas.lv\"},\"image\":{\"@id\":\"https:\/\/www.jurmalaslaivas.lv\/en\/#\/schema\/logo\/image\/\"},\"sameAs\":[\"https:\/\/www.facebook.com\/jurmalaslaivas\"]}]}<\/script>\n<!-- \/ Yoast SEO plugin. -->","yoast_head_json":{"title":"Energy Research Lithium battery charger 36V\u00a08AMP - Jurmalas Laivas","description":"Energy Research Lithium battery charger 36V\u00a08AMP. Kods: LITHIUM-CHARGE-36V","robots":{"index":"index","follow":"follow","max-snippet":"max-snippet:-1","max-image-preview":"max-image-preview:large","max-video-preview":"max-video-preview:-1"},"canonical":"https:\/\/www.jurmalaslaivas.lv\/en\/product\/litija-akumulatoru-ladetajs-energy-research-lithium-battery-charger-36v-8amp\/","og_locale":"en_US","og_type":"article","og_title":"Energy Research Lithium battery charger 36V\u00a08AMP - Jurmalas Laivas","og_description":"Energy Research Lithium battery charger 36V\u00a08AMP. Kods: LITHIUM-CHARGE-36V","og_url":"https:\/\/www.jurmalaslaivas.lv\/en\/product\/litija-akumulatoru-ladetajs-energy-research-lithium-battery-charger-36v-8amp\/","og_site_name":"Jurmalas Laivas","article_publisher":"https:\/\/www.facebook.com\/jurmalaslaivas","article_modified_time":"2025-10-30T13:33:43+00:00","og_image":[{"width":380,"height":300,"url":"https:\/\/www.jurmalaslaivas.lv\/wp-content\/uploads\/2025\/10\/36V8A.jpg","type":"image\/jpeg"}],"twitter_card":"summary_large_image","twitter_misc":{"Est. reading time":"1 minute"},"schema":{"@context":"https:\/\/schema.org","@graph":[{"@type":"WebPage","@id":"https:\/\/www.jurmalaslaivas.lv\/en\/product\/litija-akumulatoru-ladetajs-energy-research-lithium-battery-charger-36v-8amp\/","url":"https:\/\/www.jurmalaslaivas.lv\/en\/product\/litija-akumulatoru-ladetajs-energy-research-lithium-battery-charger-36v-8amp\/","name":"Energy Research Lithium battery charger 36V\u00a08AMP - Jurmalas Laivas","isPartOf":{"@id":"https:\/\/www.jurmalaslaivas.lv\/en\/#website"},"primaryImageOfPage":{"@id":"https:\/\/www.jurmalaslaivas.lv\/en\/product\/litija-akumulatoru-ladetajs-energy-research-lithium-battery-charger-36v-8amp\/#primaryimage"},"image":{"@id":"https:\/\/www.jurmalaslaivas.lv\/en\/product\/litija-akumulatoru-ladetajs-energy-research-lithium-battery-charger-36v-8amp\/#primaryimage"},"thumbnailUrl":"https:\/\/www.jurmalaslaivas.lv\/wp-content\/uploads\/2025\/10\/36V8A.jpg","datePublished":"2025-10-30T13:27:17+00:00","dateModified":"2025-10-30T13:33:43+00:00","description":"Energy Research Lithium battery charger 36V\u00a08AMP. Kods: LITHIUM-CHARGE-36V","breadcrumb":{"@id":"https:\/\/www.jurmalaslaivas.lv\/en\/product\/litija-akumulatoru-ladetajs-energy-research-lithium-battery-charger-36v-8amp\/#breadcrumb"},"inLanguage":"en-US","potentialAction":[{"@type":"ReadAction","target":["https:\/\/www.jurmalaslaivas.lv\/en\/product\/litija-akumulatoru-ladetajs-energy-research-lithium-battery-charger-36v-8amp\/"]}]},{"@type":"ImageObject","inLanguage":"en-US","@id":"https:\/\/www.jurmalaslaivas.lv\/en\/product\/litija-akumulatoru-ladetajs-energy-research-lithium-battery-charger-36v-8amp\/#primaryimage","url":"https:\/\/www.jurmalaslaivas.lv\/wp-content\/uploads\/2025\/10\/36V8A.jpg","contentUrl":"https:\/\/www.jurmalaslaivas.lv\/wp-content\/uploads\/2025\/10\/36V8A.jpg","width":380,"height":300,"caption":"Litija akumulatoru l\u0101d\u0113t\u0101js Energy Research Lithium battery charger 36V\u00a08AMP"},{"@type":"BreadcrumbList","@id":"https:\/\/www.jurmalaslaivas.lv\/en\/product\/litija-akumulatoru-ladetajs-energy-research-lithium-battery-charger-36v-8amp\/#breadcrumb","itemListElement":[{"@type":"ListItem","position":1,"name":"Home","item":"https:\/\/www.jurmalaslaivas.lv\/en\/"},{"@type":"ListItem","position":2,"name":"Shop","item":"https:\/\/www.jurmalaslaivas.lv\/en\/shop-2shop\/"},{"@type":"ListItem","position":3,"name":"Energy Research Lithium battery charger 36V\u00a08AMP"}]},{"@type":"WebSite","@id":"https:\/\/www.jurmalaslaivas.lv\/en\/#website","url":"https:\/\/www.jurmalaslaivas.lv\/en\/","name":"Jurmalaslaivas.lv","description":"Laivu noma un veikals","publisher":{"@id":"https:\/\/www.jurmalaslaivas.lv\/en\/#organization"},"potentialAction":[{"@type":"SearchAction","target":{"@type":"EntryPoint","urlTemplate":"https:\/\/www.jurmalaslaivas.lv\/en\/?s={search_term_string}"},"query-input":{"@type":"PropertyValueSpecification","valueRequired":true,"valueName":"search_term_string"}}],"inLanguage":"en-US"},{"@type":"Organization","@id":"https:\/\/www.jurmalaslaivas.lv\/en\/#organization","name":"Jurmalaslaivas.lv","url":"https:\/\/www.jurmalaslaivas.lv\/en\/","logo":{"@type":"ImageObject","inLanguage":"en-US","@id":"https:\/\/www.jurmalaslaivas.lv\/en\/#\/schema\/logo\/image\/","url":"https:\/\/www.jurmalaslaivas.lv\/wp-content\/uploads\/2022\/11\/jurmalas-laivas-balts-ar-rami.png","contentUrl":"https:\/\/www.jurmalaslaivas.lv\/wp-content\/uploads\/2022\/11\/jurmalas-laivas-balts-ar-rami.png","width":500,"height":500,"caption":"Jurmalaslaivas.lv"},"image":{"@id":"https:\/\/www.jurmalaslaivas.lv\/en\/#\/schema\/logo\/image\/"},"sameAs":["https:\/\/www.facebook.com\/jurmalaslaivas"]}]}},"_links":{"self":[{"href":"https:\/\/www.jurmalaslaivas.lv\/en\/wp-json\/wp\/v2\/product\/58617","targetHints":{"allow":["GET"]}}],"collection":[{"href":"https:\/\/www.jurmalaslaivas.lv\/en\/wp-json\/wp\/v2\/product"}],"about":[{"href":"https:\/\/www.jurmalaslaivas.lv\/en\/wp-json\/wp\/v2\/types\/product"}],"replies":[{"embeddable":true,"href":"https:\/\/www.jurmalaslaivas.lv\/en\/wp-json\/wp\/v2\/comments?post=58617"}],"wp:featuredmedia":[{"embeddable":true,"href":"https:\/\/www.jurmalaslaivas.lv\/en\/wp-json\/wp\/v2\/media\/58615"}],"wp:attachment":[{"href":"https:\/\/www.jurmalaslaivas.lv\/en\/wp-json\/wp\/v2\/media?parent=58617"}],"wp:term":[{"taxonomy":"product_brand","embeddable":true,"href":"https:\/\/www.jurmalaslaivas.lv\/en\/wp-json\/wp\/v2\/product_brand?post=58617"},{"taxonomy":"product_cat","embeddable":true,"href":"https:\/\/www.jurmalaslaivas.lv\/en\/wp-json\/wp\/v2\/product_cat?post=58617"},{"taxonomy":"product_tag","embeddable":true,"href":"https:\/\/www.jurmalaslaivas.lv\/en\/wp-json\/wp\/v2\/product_tag?post=58617"}],"curies":[{"name":"wp","href":"https:\/\/api.w.org\/{rel}","templated":true}]}}