{"id":58607,"date":"2025-10-30T16:14:40","date_gmt":"2025-10-30T13:14:40","guid":{"rendered":"https:\/\/www.jurmalaslaivas.lv\/product\/litija-akumulatoru-ladetajs-energy-research-lithium-battery-charger-24v-12amp\/"},"modified":"2025-10-30T16:16:47","modified_gmt":"2025-10-30T13:16:47","slug":"energy-research-lithium-battery-charger-24v-12amp","status":"publish","type":"product","link":"https:\/\/www.jurmalaslaivas.lv\/en\/product\/energy-research-lithium-battery-charger-24v-12amp\/","title":{"rendered":"Energy Research Lithium battery charger 24V\u00a012AMP"},"content":{"rendered":"<h1>Energy Research Lithium battery charger 24V 12AMP<\/h1>\n<p>Energy Research Lithium battery charger 24V 12AMP<\/p>\n<table width=\"205\">\n<tbody>\n<tr>\n<td width=\"205\">LITHIUMCHARGE24V-12A<\/td>\n<\/tr>\n<\/tbody>\n<\/table>\n<p>&nbsp;<\/p>\n<p>Our lithium chargers are specially designed to charge our ER-Power Buddy batteries to max capacity within the shortest time possible, depending on the voltage of the battery you own, and the voltage of the charger. The charger goes through 3 phases to charge and maintain your battery.<\/p>\n<ol>\n<li>Bulk charging &#8211; delivers most of the charge (60-80%) The chargers delivers maximum currnt until the terminal voltage has risen to the set level.<\/li>\n<li>Absorption &#8211; completes the charging up to nearly 100% at a constant voltage. The current tapers off as the battery reaches full capacity.<\/li>\n<li>Float &#8211; maintenance charging at constant voltage, keeping the battery at 100% charge.<\/li>\n<\/ol>\n<div class=\"fl-row fl-row-full-width fl-row-bg-color fl-node-601800c58a438\" data-node=\"601800c58a438\">\n<div class=\"fl-row-content-wrap\">\n<div class=\"fl-row-content fl-row-fixed-width fl-node-content\">\n<div class=\"fl-col-group fl-node-601800c58a43a fl-col-group-equal-height fl-col-group-align-top\" data-node=\"601800c58a43a\">\n<div class=\"fl-col fl-node-601800c58a440\" data-node=\"601800c58a440\">\n<div class=\"fl-col-content fl-node-content\">\n<div class=\"fl-module fl-module-list fl-node-601800c58a44a\" data-node=\"601800c58a44a\">\n<div class=\"fl-module-content fl-node-content\">\n<div class=\"fl-list fl-list-regular\" role=\"list\">\n<div class=\"fl-list-item fl-list-item-0\" role=\"listitem\">\n<div class=\"fl-list-item-wrapper\">\n<div class=\"fl-list-item-content\">\n<div class=\"fl-list-item-content-text\">\n<h3><strong>Charging: 24V &#8211; 12AMP<\/strong><\/h3>\n<\/div>\n<\/div>\n<\/div>\n<\/div>\n<div class=\"fl-list-item fl-list-item-1\" role=\"listitem\">\n<div class=\"fl-list-item-wrapper\">\n<div class=\"fl-list-item-content\">\n<p>&nbsp;<\/p>\n<div class=\"fl-list-item-content-text\">\n<h3><strong>Easy handling\u00a0<\/strong><\/h3>\n<\/div>\n<\/div>\n<\/div>\n<\/div>\n<div class=\"fl-list-item fl-list-item-2\" role=\"listitem\">\n<div class=\"fl-list-item-wrapper\">\n<div class=\"fl-list-item-content\">\n<p>&nbsp;<\/p>\n<div class=\"fl-list-item-content-text\">\n<h3><strong>IP-65 waterproof<\/strong><\/h3>\n<\/div>\n<\/div>\n<\/div>\n<\/div>\n<div class=\"fl-list-item fl-list-item-3\" role=\"listitem\">\n<div class=\"fl-list-item-wrapper\">\n<div class=\"fl-list-item-content\">\n<p>&nbsp;<\/p>\n<div class=\"fl-list-item-content-text\">\n<h3><strong>Protects your battery<\/strong><\/h3>\n<\/div>\n<\/div>\n<\/div>\n<\/div>\n<\/div>\n<\/div>\n<\/div>\n<div class=\"fl-module fl-module-button fl-node-601800c58a464\" data-node=\"601800c58a464\">\n<div class=\"fl-module-content fl-node-content\">\n<div class=\"fl-button-wrap fl-button-width-auto fl-button-center\"><a class=\"fl-button\" role=\"button\" href=\"https:\/\/energy-research.com\/wp-content\/uploads\/2021\/02\/ER-24V12A-Li-LFP-IP65-Datasheet.pdf\" target=\"_blank\" rel=\"noopener\"><span class=\"fl-button-text\">DATASHEET<\/span><\/a><\/div>\n<\/div>\n<\/div>\n<\/div>\n<\/div>\n<\/div>\n<\/div>\n<\/div>\n<\/div>\n<div class=\"fl-row fl-row-full-width fl-row-bg-color fl-node-601800c58a44e fl-row-custom-height fl-row-align-center\" data-node=\"601800c58a44e\">\n<div class=\"fl-row-content-wrap\">\n<div class=\"fl-row-content fl-row-fixed-width fl-node-content\">\n<div class=\"fl-col-group fl-node-601800c58a451\" data-node=\"601800c58a451\">\n<div class=\"fl-col fl-node-601800c58a453 fl-col-small\" data-node=\"601800c58a453\">\n<div class=\"fl-col-content fl-node-content\">\n<div class=\"fl-module fl-module-list fl-node-601800c58a44c\" data-node=\"601800c58a44c\">\n<div class=\"fl-module-content fl-node-content\">\n<div class=\"fl-list fl-list-regular\" role=\"list\">\n<div class=\"fl-list-item fl-list-item-0\" role=\"listitem\">\n<div class=\"fl-list-item-wrapper\">\n<div class=\"fl-list-item-content\">\n<p>&nbsp;<\/p>\n<div class=\"fl-list-item-content-text\">\n<h3><strong>Compact &amp; Lightweight<\/strong><\/h3>\n<p>2,5KG<\/p>\n<\/div>\n<\/div>\n<\/div>\n<\/div>\n<div class=\"fl-list-item fl-list-item-1\" role=\"listitem\">\n<div class=\"fl-list-item-wrapper\">\n<div class=\"fl-list-item-content\">\n<p>&nbsp;<\/p>\n<div class=\"fl-list-item-content-text\">\n<h3><strong>\u00a0 \u00a0Easy handling\u00a0<\/strong><\/h3>\n<\/div>\n<\/div>\n<\/div>\n<\/div>\n<div class=\"fl-list-item fl-list-item-2\" role=\"listitem\">\n<div class=\"fl-list-item-wrapper\">\n<div class=\"fl-list-item-content\">\n<p>&nbsp;<\/p>\n<div class=\"fl-list-item-content-text\">\n<h3><strong>\u00a0 \u00a0Affordable<\/strong><\/h3>\n<\/div>\n<\/div>\n<\/div>\n<\/div>\n<\/div>\n<\/div>\n<\/div>\n<\/div>\n<\/div>\n<div class=\"fl-col fl-node-601800c58a458 fl-col-small\" data-node=\"601800c58a458\">\n<div class=\"fl-col-content fl-node-content\">\n<div class=\"fl-module fl-module-list fl-node-601800c58a455\" data-node=\"601800c58a455\">\n<div class=\"fl-module-content fl-node-content\">\n<div class=\"fl-list fl-list-regular\" role=\"list\">\n<div class=\"fl-list-item fl-list-item-0\" role=\"listitem\">\n<div class=\"fl-list-item-wrapper\">\n<div class=\"fl-list-item-content\">\n<p>&nbsp;<\/p>\n<div class=\"fl-list-item-content-text\">\n<h3><strong>Performance<\/strong><\/h3>\n<p>3 phases &#8211; prevent battery from overcharging<\/p>\n<\/div>\n<\/div>\n<\/div>\n<\/div>\n<\/div>\n<\/div>\n<\/div>\n<\/div>\n<\/div>\n<\/div>\n<\/div>\n<\/div>\n<\/div>\n","protected":false},"excerpt":{"rendered":"<p>Energy Research Lithium battery charger 24V 12AMP Energy Research Lithium battery charger 24V 12AMP LITHIUMCHARGE24V-12A &nbsp; Our lithium chargers are specially designed to charge our ER-Power Buddy batteries to max capacity within the shortest time possible, depending on the voltage of the battery you own, and the voltage of the charger. The charger goes through [&#8230;]<\/p>\n<p><a class=\"btn btn-secondary understrap-read-more-link\" href=\"https:\/\/www.jurmalaslaivas.lv\/en\/product\/energy-research-lithium-battery-charger-24v-12amp\/\">Read More&#8230;<\/a><\/p>\n","protected":false},"featured_media":58605,"comment_status":"closed","ping_status":"closed","template":"","meta":{"_acf_changed":false,"inline_featured_image":false},"product_brand":[],"product_cat":[708,711],"product_tag":[2015,2020,2022,2017,1996,2021,2016,1801,2018,2019],"class_list":{"0":"post-58607","1":"product","2":"type-product","3":"status-publish","4":"has-post-thumbnail","6":"product_cat-boat-electric-motors-accessories","7":"product_cat-chargers","8":"product_tag-akumulatoru-ladetaji","9":"product_tag-battery-chargers","10":"product_tag-deep-discharge-battery-chargers","11":"product_tag-dzilas-izlades-akumulatoru-ladetaji","12":"product_tag-energy-research","13":"product_tag-lithium-battery-charger","14":"product_tag-litija-akumulatoru-ladetaji","15":"product_tag-minn-kota","16":"product_tag-2018","17":"product_tag-2019","19":"first","20":"instock","21":"shipping-taxable","22":"purchasable","23":"product-type-simple"},"acf":[],"yoast_head":"<!-- This site is optimized with the Yoast SEO plugin v27.0 - https:\/\/yoast.com\/product\/yoast-seo-wordpress\/ -->\n<title>Energy Research Lithium battery charger 24V\u00a012AMP - Jurmalas Laivas<\/title>\n<meta name=\"description\" content=\"Energy Research Lithium battery charger 24V\u00a012AMP. are specially designed to charge our ER-Power Buddy batteries to max capacity within the shortest time\" \/>\n<meta name=\"robots\" content=\"index, follow, max-snippet:-1, max-image-preview:large, max-video-preview:-1\" \/>\n<link rel=\"canonical\" href=\"https:\/\/www.jurmalaslaivas.lv\/en\/product\/energy-research-lithium-battery-charger-24v-12amp\/\" \/>\n<meta property=\"og:locale\" content=\"en_US\" \/>\n<meta property=\"og:type\" content=\"article\" \/>\n<meta property=\"og:title\" content=\"Energy Research Lithium battery charger 24V\u00a012AMP - Jurmalas Laivas\" \/>\n<meta property=\"og:description\" content=\"Energy Research Lithium battery charger 24V\u00a012AMP. are specially designed to charge our ER-Power Buddy batteries to max capacity within the shortest time\" \/>\n<meta property=\"og:url\" content=\"https:\/\/www.jurmalaslaivas.lv\/en\/product\/energy-research-lithium-battery-charger-24v-12amp\/\" \/>\n<meta property=\"og:site_name\" content=\"Jurmalas Laivas\" \/>\n<meta property=\"article:publisher\" content=\"https:\/\/www.facebook.com\/jurmalaslaivas\" \/>\n<meta property=\"article:modified_time\" content=\"2025-10-30T13:16:47+00:00\" \/>\n<meta property=\"og:image\" content=\"https:\/\/www.jurmalaslaivas.lv\/wp-content\/uploads\/2025\/10\/24V12A-IP65-1.jpg\" \/>\n\t<meta property=\"og:image:width\" content=\"900\" \/>\n\t<meta property=\"og:image:height\" content=\"900\" \/>\n\t<meta property=\"og:image:type\" content=\"image\/jpeg\" \/>\n<meta name=\"twitter:card\" content=\"summary_large_image\" \/>\n<meta name=\"twitter:label1\" content=\"Est. reading time\" \/>\n\t<meta name=\"twitter:data1\" content=\"1 minute\" \/>\n<script type=\"application\/ld+json\" class=\"yoast-schema-graph\">{\"@context\":\"https:\/\/schema.org\",\"@graph\":[{\"@type\":\"WebPage\",\"@id\":\"https:\/\/www.jurmalaslaivas.lv\/en\/product\/energy-research-lithium-battery-charger-24v-12amp\/\",\"url\":\"https:\/\/www.jurmalaslaivas.lv\/en\/product\/energy-research-lithium-battery-charger-24v-12amp\/\",\"name\":\"Energy Research Lithium battery charger 24V\u00a012AMP - Jurmalas Laivas\",\"isPartOf\":{\"@id\":\"https:\/\/www.jurmalaslaivas.lv\/en\/#website\"},\"primaryImageOfPage\":{\"@id\":\"https:\/\/www.jurmalaslaivas.lv\/en\/product\/energy-research-lithium-battery-charger-24v-12amp\/#primaryimage\"},\"image\":{\"@id\":\"https:\/\/www.jurmalaslaivas.lv\/en\/product\/energy-research-lithium-battery-charger-24v-12amp\/#primaryimage\"},\"thumbnailUrl\":\"https:\/\/www.jurmalaslaivas.lv\/wp-content\/uploads\/2025\/10\/24V12A-IP65-1.jpg\",\"datePublished\":\"2025-10-30T13:14:40+00:00\",\"dateModified\":\"2025-10-30T13:16:47+00:00\",\"description\":\"Energy Research Lithium battery charger 24V\u00a012AMP. are specially designed to charge our ER-Power Buddy batteries to max capacity within the shortest time\",\"breadcrumb\":{\"@id\":\"https:\/\/www.jurmalaslaivas.lv\/en\/product\/energy-research-lithium-battery-charger-24v-12amp\/#breadcrumb\"},\"inLanguage\":\"en-US\",\"potentialAction\":[{\"@type\":\"ReadAction\",\"target\":[\"https:\/\/www.jurmalaslaivas.lv\/en\/product\/energy-research-lithium-battery-charger-24v-12amp\/\"]}]},{\"@type\":\"ImageObject\",\"inLanguage\":\"en-US\",\"@id\":\"https:\/\/www.jurmalaslaivas.lv\/en\/product\/energy-research-lithium-battery-charger-24v-12amp\/#primaryimage\",\"url\":\"https:\/\/www.jurmalaslaivas.lv\/wp-content\/uploads\/2025\/10\/24V12A-IP65-1.jpg\",\"contentUrl\":\"https:\/\/www.jurmalaslaivas.lv\/wp-content\/uploads\/2025\/10\/24V12A-IP65-1.jpg\",\"width\":900,\"height\":900,\"caption\":\"Litija akumulatoru l\u0101d\u0113t\u0101js Energy Research Lithium battery charger 24V\u00a012AMP\"},{\"@type\":\"BreadcrumbList\",\"@id\":\"https:\/\/www.jurmalaslaivas.lv\/en\/product\/energy-research-lithium-battery-charger-24v-12amp\/#breadcrumb\",\"itemListElement\":[{\"@type\":\"ListItem\",\"position\":1,\"name\":\"Home\",\"item\":\"https:\/\/www.jurmalaslaivas.lv\/en\/\"},{\"@type\":\"ListItem\",\"position\":2,\"name\":\"Shop\",\"item\":\"https:\/\/www.jurmalaslaivas.lv\/en\/shop-2shop\/\"},{\"@type\":\"ListItem\",\"position\":3,\"name\":\"Energy Research Lithium battery charger 24V\u00a012AMP\"}]},{\"@type\":\"WebSite\",\"@id\":\"https:\/\/www.jurmalaslaivas.lv\/en\/#website\",\"url\":\"https:\/\/www.jurmalaslaivas.lv\/en\/\",\"name\":\"Jurmalaslaivas.lv\",\"description\":\"Laivu noma un veikals\",\"publisher\":{\"@id\":\"https:\/\/www.jurmalaslaivas.lv\/en\/#organization\"},\"potentialAction\":[{\"@type\":\"SearchAction\",\"target\":{\"@type\":\"EntryPoint\",\"urlTemplate\":\"https:\/\/www.jurmalaslaivas.lv\/en\/?s={search_term_string}\"},\"query-input\":{\"@type\":\"PropertyValueSpecification\",\"valueRequired\":true,\"valueName\":\"search_term_string\"}}],\"inLanguage\":\"en-US\"},{\"@type\":\"Organization\",\"@id\":\"https:\/\/www.jurmalaslaivas.lv\/en\/#organization\",\"name\":\"Jurmalaslaivas.lv\",\"url\":\"https:\/\/www.jurmalaslaivas.lv\/en\/\",\"logo\":{\"@type\":\"ImageObject\",\"inLanguage\":\"en-US\",\"@id\":\"https:\/\/www.jurmalaslaivas.lv\/en\/#\/schema\/logo\/image\/\",\"url\":\"https:\/\/www.jurmalaslaivas.lv\/wp-content\/uploads\/2022\/11\/jurmalas-laivas-balts-ar-rami.png\",\"contentUrl\":\"https:\/\/www.jurmalaslaivas.lv\/wp-content\/uploads\/2022\/11\/jurmalas-laivas-balts-ar-rami.png\",\"width\":500,\"height\":500,\"caption\":\"Jurmalaslaivas.lv\"},\"image\":{\"@id\":\"https:\/\/www.jurmalaslaivas.lv\/en\/#\/schema\/logo\/image\/\"},\"sameAs\":[\"https:\/\/www.facebook.com\/jurmalaslaivas\"]}]}<\/script>\n<!-- \/ Yoast SEO plugin. -->","yoast_head_json":{"title":"Energy Research Lithium battery charger 24V\u00a012AMP - Jurmalas Laivas","description":"Energy Research Lithium battery charger 24V\u00a012AMP. are specially designed to charge our ER-Power Buddy batteries to max capacity within the shortest time","robots":{"index":"index","follow":"follow","max-snippet":"max-snippet:-1","max-image-preview":"max-image-preview:large","max-video-preview":"max-video-preview:-1"},"canonical":"https:\/\/www.jurmalaslaivas.lv\/en\/product\/energy-research-lithium-battery-charger-24v-12amp\/","og_locale":"en_US","og_type":"article","og_title":"Energy Research Lithium battery charger 24V\u00a012AMP - Jurmalas Laivas","og_description":"Energy Research Lithium battery charger 24V\u00a012AMP. are specially designed to charge our ER-Power Buddy batteries to max capacity within the shortest time","og_url":"https:\/\/www.jurmalaslaivas.lv\/en\/product\/energy-research-lithium-battery-charger-24v-12amp\/","og_site_name":"Jurmalas Laivas","article_publisher":"https:\/\/www.facebook.com\/jurmalaslaivas","article_modified_time":"2025-10-30T13:16:47+00:00","og_image":[{"width":900,"height":900,"url":"https:\/\/www.jurmalaslaivas.lv\/wp-content\/uploads\/2025\/10\/24V12A-IP65-1.jpg","type":"image\/jpeg"}],"twitter_card":"summary_large_image","twitter_misc":{"Est. reading time":"1 minute"},"schema":{"@context":"https:\/\/schema.org","@graph":[{"@type":"WebPage","@id":"https:\/\/www.jurmalaslaivas.lv\/en\/product\/energy-research-lithium-battery-charger-24v-12amp\/","url":"https:\/\/www.jurmalaslaivas.lv\/en\/product\/energy-research-lithium-battery-charger-24v-12amp\/","name":"Energy Research Lithium battery charger 24V\u00a012AMP - Jurmalas Laivas","isPartOf":{"@id":"https:\/\/www.jurmalaslaivas.lv\/en\/#website"},"primaryImageOfPage":{"@id":"https:\/\/www.jurmalaslaivas.lv\/en\/product\/energy-research-lithium-battery-charger-24v-12amp\/#primaryimage"},"image":{"@id":"https:\/\/www.jurmalaslaivas.lv\/en\/product\/energy-research-lithium-battery-charger-24v-12amp\/#primaryimage"},"thumbnailUrl":"https:\/\/www.jurmalaslaivas.lv\/wp-content\/uploads\/2025\/10\/24V12A-IP65-1.jpg","datePublished":"2025-10-30T13:14:40+00:00","dateModified":"2025-10-30T13:16:47+00:00","description":"Energy Research Lithium battery charger 24V\u00a012AMP. are specially designed to charge our ER-Power Buddy batteries to max capacity within the shortest time","breadcrumb":{"@id":"https:\/\/www.jurmalaslaivas.lv\/en\/product\/energy-research-lithium-battery-charger-24v-12amp\/#breadcrumb"},"inLanguage":"en-US","potentialAction":[{"@type":"ReadAction","target":["https:\/\/www.jurmalaslaivas.lv\/en\/product\/energy-research-lithium-battery-charger-24v-12amp\/"]}]},{"@type":"ImageObject","inLanguage":"en-US","@id":"https:\/\/www.jurmalaslaivas.lv\/en\/product\/energy-research-lithium-battery-charger-24v-12amp\/#primaryimage","url":"https:\/\/www.jurmalaslaivas.lv\/wp-content\/uploads\/2025\/10\/24V12A-IP65-1.jpg","contentUrl":"https:\/\/www.jurmalaslaivas.lv\/wp-content\/uploads\/2025\/10\/24V12A-IP65-1.jpg","width":900,"height":900,"caption":"Litija akumulatoru l\u0101d\u0113t\u0101js Energy Research Lithium battery charger 24V\u00a012AMP"},{"@type":"BreadcrumbList","@id":"https:\/\/www.jurmalaslaivas.lv\/en\/product\/energy-research-lithium-battery-charger-24v-12amp\/#breadcrumb","itemListElement":[{"@type":"ListItem","position":1,"name":"Home","item":"https:\/\/www.jurmalaslaivas.lv\/en\/"},{"@type":"ListItem","position":2,"name":"Shop","item":"https:\/\/www.jurmalaslaivas.lv\/en\/shop-2shop\/"},{"@type":"ListItem","position":3,"name":"Energy Research Lithium battery charger 24V\u00a012AMP"}]},{"@type":"WebSite","@id":"https:\/\/www.jurmalaslaivas.lv\/en\/#website","url":"https:\/\/www.jurmalaslaivas.lv\/en\/","name":"Jurmalaslaivas.lv","description":"Laivu noma un veikals","publisher":{"@id":"https:\/\/www.jurmalaslaivas.lv\/en\/#organization"},"potentialAction":[{"@type":"SearchAction","target":{"@type":"EntryPoint","urlTemplate":"https:\/\/www.jurmalaslaivas.lv\/en\/?s={search_term_string}"},"query-input":{"@type":"PropertyValueSpecification","valueRequired":true,"valueName":"search_term_string"}}],"inLanguage":"en-US"},{"@type":"Organization","@id":"https:\/\/www.jurmalaslaivas.lv\/en\/#organization","name":"Jurmalaslaivas.lv","url":"https:\/\/www.jurmalaslaivas.lv\/en\/","logo":{"@type":"ImageObject","inLanguage":"en-US","@id":"https:\/\/www.jurmalaslaivas.lv\/en\/#\/schema\/logo\/image\/","url":"https:\/\/www.jurmalaslaivas.lv\/wp-content\/uploads\/2022\/11\/jurmalas-laivas-balts-ar-rami.png","contentUrl":"https:\/\/www.jurmalaslaivas.lv\/wp-content\/uploads\/2022\/11\/jurmalas-laivas-balts-ar-rami.png","width":500,"height":500,"caption":"Jurmalaslaivas.lv"},"image":{"@id":"https:\/\/www.jurmalaslaivas.lv\/en\/#\/schema\/logo\/image\/"},"sameAs":["https:\/\/www.facebook.com\/jurmalaslaivas"]}]}},"_links":{"self":[{"href":"https:\/\/www.jurmalaslaivas.lv\/en\/wp-json\/wp\/v2\/product\/58607","targetHints":{"allow":["GET"]}}],"collection":[{"href":"https:\/\/www.jurmalaslaivas.lv\/en\/wp-json\/wp\/v2\/product"}],"about":[{"href":"https:\/\/www.jurmalaslaivas.lv\/en\/wp-json\/wp\/v2\/types\/product"}],"replies":[{"embeddable":true,"href":"https:\/\/www.jurmalaslaivas.lv\/en\/wp-json\/wp\/v2\/comments?post=58607"}],"wp:featuredmedia":[{"embeddable":true,"href":"https:\/\/www.jurmalaslaivas.lv\/en\/wp-json\/wp\/v2\/media\/58605"}],"wp:attachment":[{"href":"https:\/\/www.jurmalaslaivas.lv\/en\/wp-json\/wp\/v2\/media?parent=58607"}],"wp:term":[{"taxonomy":"product_brand","embeddable":true,"href":"https:\/\/www.jurmalaslaivas.lv\/en\/wp-json\/wp\/v2\/product_brand?post=58607"},{"taxonomy":"product_cat","embeddable":true,"href":"https:\/\/www.jurmalaslaivas.lv\/en\/wp-json\/wp\/v2\/product_cat?post=58607"},{"taxonomy":"product_tag","embeddable":true,"href":"https:\/\/www.jurmalaslaivas.lv\/en\/wp-json\/wp\/v2\/product_tag?post=58607"}],"curies":[{"name":"wp","href":"https:\/\/api.w.org\/{rel}","templated":true}]}}