{"id":58438,"date":"2025-10-25T16:55:58","date_gmt":"2025-10-25T13:55:58","guid":{"rendered":"https:\/\/www.jurmalaslaivas.lv\/product\/minn-kota-dzenskruves-uzgriezna-komplekts-mkp-9-prop-nut-3-8-a\/"},"modified":"2026-02-22T10:50:27","modified_gmt":"2026-02-22T07:50:27","slug":"minn-kota-dzenskruves-uzgriezna-komplekts-mkp-9-prop-nut-3-8-a","status":"publish","type":"product","link":"https:\/\/www.jurmalaslaivas.lv\/en\/product\/minn-kota-dzenskruves-uzgriezna-komplekts-mkp-9-prop-nut-3-8-a\/","title":{"rendered":"Minn Kota dzenskr\u016bves uzgrie\u017e\u0146a komplekts MKP-9   Prop Nut 3\/8&#8243; (A)"},"content":{"rendered":"<h1>Minn Kota dzenskr\u016bves uzgrie\u017e\u0146a komplekts MKP-9 Prop Nut 3\/8&#8243; (A)<\/h1>\n<p>Minn Kota dzenskr\u016bves uzgrie\u017e\u0146a komplekts MKP-9 Prop Nut 3\/8&#8243; (A)<\/p>\n<p><span class=\"title\">Item #<\/span>\u00a0<span class=\"value\">1865010<\/span><\/p>\n<p>Quickly, easily remove or replace your prop with this kit. Each kit includes a prop nut and washer. A crescent wrench is required for installation<\/p>\n<ul>\n<li>\u200bQuickly, easily remove or replace your prop with this kit.<\/li>\n<\/ul>\n<ul>\n<li>Each kit includes a prop nut, drive pins and lock washers.<\/li>\n<\/ul>\n<ul>\n<li>A crescent wrench is required for installation.<\/li>\n<\/ul>\n<ul>\n<li>Compatible with 3-1\/4&#8243; and 3-5\/8&#8243; diameter, 12 volt and 24 volt trolling motors.<\/li>\n<\/ul>\n<table class=\"table\" data-striping=\"1\">\n<tbody>\n<tr>\n<td>Model<\/td>\n<td>Prop Nut Kit &#8211; A \/ MKP-9<\/td>\n<\/tr>\n<tr>\n<td>Product Code<\/td>\n<td>1865010<\/td>\n<\/tr>\n<tr>\n<td>UPC<\/td>\n<td>0029402650101<\/td>\n<\/tr>\n<tr>\n<td>Warranty<\/td>\n<td>One-Year Warranty<\/td>\n<\/tr>\n<\/tbody>\n<\/table>\n","protected":false},"excerpt":{"rendered":"<p>Minn Kota dzenskr\u016bves uzgrie\u017e\u0146a komplekts MKP-9 Prop Nut 3\/8&#8243; (A) Minn Kota dzenskr\u016bves uzgrie\u017e\u0146a komplekts MKP-9 Prop Nut 3\/8&#8243; (A) Item #\u00a01865010 Quickly, easily remove or replace your prop with this kit. Each kit includes a prop nut and washer. A crescent wrench is required for installation \u200bQuickly, easily remove or replace your prop with [&#8230;]<\/p>\n<p><a class=\"btn btn-secondary understrap-read-more-link\" href=\"https:\/\/www.jurmalaslaivas.lv\/en\/product\/minn-kota-dzenskruves-uzgriezna-komplekts-mkp-9-prop-nut-3-8-a\/\">Read More&#8230;<\/a><\/p>\n","protected":false},"featured_media":58441,"comment_status":"closed","ping_status":"closed","template":"","meta":{"_acf_changed":false,"inline_featured_image":false},"product_brand":[],"product_cat":[708,709,976],"product_tag":[1958,1965,1960,1801,1959,1964,1966,1962,1961,1963],"class_list":{"0":"post-58438","1":"product","2":"type-product","3":"status-publish","4":"has-post-thumbnail","6":"product_cat-boat-electric-motors-accessories","7":"product_cat-propellers","8":"product_cat-minn-kota-spare-parts","9":"product_tag-dzenskruves","10":"product_tag-electric-motor-propellers","11":"product_tag-elektromotoru-dzenskruves","12":"product_tag-minn-kota","13":"product_tag-propelleri","14":"product_tag-propellers","15":"product_tag-propellers-for-electric-motors","16":"product_tag-1962","17":"product_tag-1961","18":"product_tag-1963","20":"first","21":"instock","22":"shipping-taxable","23":"purchasable","24":"product-type-simple"},"acf":[],"yoast_head":"<!-- This site is optimized with the Yoast SEO plugin v27.0 - https:\/\/yoast.com\/product\/yoast-seo-wordpress\/ -->\n<title>Minn Kota dzenskr\u016bves uzgrie\u017e\u0146a komplekts MKP-9  Prop Nut 3\/8&quot; (A) - Jurmalas Laivas<\/title>\n<meta name=\"description\" content=\"Minn Kota dzenskr\u016bves uzgrie\u017e\u0146a komplekts MKP-9 Prop Nut 3\/8&quot; (A). Minn Kota dzenskr\u016bves uzgrie\u017e\u0146a komplekts MKP-9 Prop Nut 3\/8&quot; (A)\" \/>\n<meta name=\"robots\" content=\"index, follow, max-snippet:-1, max-image-preview:large, max-video-preview:-1\" \/>\n<link rel=\"canonical\" href=\"https:\/\/www.jurmalaslaivas.lv\/en\/product\/minn-kota-dzenskruves-uzgriezna-komplekts-mkp-9-prop-nut-3-8-a\/\" \/>\n<meta property=\"og:locale\" content=\"en_US\" \/>\n<meta property=\"og:type\" content=\"article\" \/>\n<meta property=\"og:title\" content=\"Minn Kota dzenskr\u016bves uzgrie\u017e\u0146a komplekts MKP-9  Prop Nut 3\/8&quot; (A) - Jurmalas Laivas\" \/>\n<meta property=\"og:description\" content=\"Minn Kota dzenskr\u016bves uzgrie\u017e\u0146a komplekts MKP-9 Prop Nut 3\/8&quot; (A). Minn Kota dzenskr\u016bves uzgrie\u017e\u0146a komplekts MKP-9 Prop Nut 3\/8&quot; (A)\" \/>\n<meta property=\"og:url\" content=\"https:\/\/www.jurmalaslaivas.lv\/en\/product\/minn-kota-dzenskruves-uzgriezna-komplekts-mkp-9-prop-nut-3-8-a\/\" \/>\n<meta property=\"og:site_name\" content=\"Jurmalas Laivas\" \/>\n<meta property=\"article:publisher\" content=\"https:\/\/www.facebook.com\/jurmalaslaivas\" \/>\n<meta property=\"article:modified_time\" content=\"2026-02-22T07:50:27+00:00\" \/>\n<meta property=\"og:image\" content=\"https:\/\/www.jurmalaslaivas.lv\/wp-content\/uploads\/2025\/10\/MK_1865010_MKP-9_PropNutKit.webp\" \/>\n\t<meta property=\"og:image:width\" content=\"828\" \/>\n\t<meta property=\"og:image:height\" content=\"828\" \/>\n\t<meta property=\"og:image:type\" content=\"image\/webp\" \/>\n<meta name=\"twitter:card\" content=\"summary_large_image\" \/>\n<meta name=\"twitter:label1\" content=\"Est. reading time\" \/>\n\t<meta name=\"twitter:data1\" content=\"1 minute\" \/>\n<script type=\"application\/ld+json\" class=\"yoast-schema-graph\">{\"@context\":\"https:\/\/schema.org\",\"@graph\":[{\"@type\":\"WebPage\",\"@id\":\"https:\/\/www.jurmalaslaivas.lv\/en\/product\/minn-kota-dzenskruves-uzgriezna-komplekts-mkp-9-prop-nut-3-8-a\/\",\"url\":\"https:\/\/www.jurmalaslaivas.lv\/en\/product\/minn-kota-dzenskruves-uzgriezna-komplekts-mkp-9-prop-nut-3-8-a\/\",\"name\":\"Minn Kota dzenskr\u016bves uzgrie\u017e\u0146a komplekts MKP-9 Prop Nut 3\/8\\\" (A) - Jurmalas Laivas\",\"isPartOf\":{\"@id\":\"https:\/\/www.jurmalaslaivas.lv\/en\/#website\"},\"primaryImageOfPage\":{\"@id\":\"https:\/\/www.jurmalaslaivas.lv\/en\/product\/minn-kota-dzenskruves-uzgriezna-komplekts-mkp-9-prop-nut-3-8-a\/#primaryimage\"},\"image\":{\"@id\":\"https:\/\/www.jurmalaslaivas.lv\/en\/product\/minn-kota-dzenskruves-uzgriezna-komplekts-mkp-9-prop-nut-3-8-a\/#primaryimage\"},\"thumbnailUrl\":\"https:\/\/www.jurmalaslaivas.lv\/wp-content\/uploads\/2025\/10\/MK_1865010_MKP-9_PropNutKit.webp\",\"datePublished\":\"2025-10-25T13:55:58+00:00\",\"dateModified\":\"2026-02-22T07:50:27+00:00\",\"description\":\"Minn Kota dzenskr\u016bves uzgrie\u017e\u0146a komplekts MKP-9 Prop Nut 3\/8\\\" (A). Minn Kota dzenskr\u016bves uzgrie\u017e\u0146a komplekts MKP-9 Prop Nut 3\/8\\\" (A)\",\"breadcrumb\":{\"@id\":\"https:\/\/www.jurmalaslaivas.lv\/en\/product\/minn-kota-dzenskruves-uzgriezna-komplekts-mkp-9-prop-nut-3-8-a\/#breadcrumb\"},\"inLanguage\":\"en-US\",\"potentialAction\":[{\"@type\":\"ReadAction\",\"target\":[\"https:\/\/www.jurmalaslaivas.lv\/en\/product\/minn-kota-dzenskruves-uzgriezna-komplekts-mkp-9-prop-nut-3-8-a\/\"]}]},{\"@type\":\"ImageObject\",\"inLanguage\":\"en-US\",\"@id\":\"https:\/\/www.jurmalaslaivas.lv\/en\/product\/minn-kota-dzenskruves-uzgriezna-komplekts-mkp-9-prop-nut-3-8-a\/#primaryimage\",\"url\":\"https:\/\/www.jurmalaslaivas.lv\/wp-content\/uploads\/2025\/10\/MK_1865010_MKP-9_PropNutKit.webp\",\"contentUrl\":\"https:\/\/www.jurmalaslaivas.lv\/wp-content\/uploads\/2025\/10\/MK_1865010_MKP-9_PropNutKit.webp\",\"width\":828,\"height\":828,\"caption\":\"Minn Kota dzenskr\u016bves uzgrie\u017e\u0146a komplekts MKP-9 Prop Nut 3\/8\\\" (A)\"},{\"@type\":\"BreadcrumbList\",\"@id\":\"https:\/\/www.jurmalaslaivas.lv\/en\/product\/minn-kota-dzenskruves-uzgriezna-komplekts-mkp-9-prop-nut-3-8-a\/#breadcrumb\",\"itemListElement\":[{\"@type\":\"ListItem\",\"position\":1,\"name\":\"Home\",\"item\":\"https:\/\/www.jurmalaslaivas.lv\/en\/\"},{\"@type\":\"ListItem\",\"position\":2,\"name\":\"Shop\",\"item\":\"https:\/\/www.jurmalaslaivas.lv\/en\/shop-2shop\/\"},{\"@type\":\"ListItem\",\"position\":3,\"name\":\"Minn Kota dzenskr\u016bves uzgrie\u017e\u0146a komplekts MKP-9 Prop Nut 3\/8&#8243; (A)\"}]},{\"@type\":\"WebSite\",\"@id\":\"https:\/\/www.jurmalaslaivas.lv\/en\/#website\",\"url\":\"https:\/\/www.jurmalaslaivas.lv\/en\/\",\"name\":\"Jurmalaslaivas.lv\",\"description\":\"Laivu noma un veikals\",\"publisher\":{\"@id\":\"https:\/\/www.jurmalaslaivas.lv\/en\/#organization\"},\"potentialAction\":[{\"@type\":\"SearchAction\",\"target\":{\"@type\":\"EntryPoint\",\"urlTemplate\":\"https:\/\/www.jurmalaslaivas.lv\/en\/?s={search_term_string}\"},\"query-input\":{\"@type\":\"PropertyValueSpecification\",\"valueRequired\":true,\"valueName\":\"search_term_string\"}}],\"inLanguage\":\"en-US\"},{\"@type\":\"Organization\",\"@id\":\"https:\/\/www.jurmalaslaivas.lv\/en\/#organization\",\"name\":\"Jurmalaslaivas.lv\",\"url\":\"https:\/\/www.jurmalaslaivas.lv\/en\/\",\"logo\":{\"@type\":\"ImageObject\",\"inLanguage\":\"en-US\",\"@id\":\"https:\/\/www.jurmalaslaivas.lv\/en\/#\/schema\/logo\/image\/\",\"url\":\"https:\/\/www.jurmalaslaivas.lv\/wp-content\/uploads\/2022\/11\/jurmalas-laivas-balts-ar-rami.png\",\"contentUrl\":\"https:\/\/www.jurmalaslaivas.lv\/wp-content\/uploads\/2022\/11\/jurmalas-laivas-balts-ar-rami.png\",\"width\":500,\"height\":500,\"caption\":\"Jurmalaslaivas.lv\"},\"image\":{\"@id\":\"https:\/\/www.jurmalaslaivas.lv\/en\/#\/schema\/logo\/image\/\"},\"sameAs\":[\"https:\/\/www.facebook.com\/jurmalaslaivas\"]}]}<\/script>\n<!-- \/ Yoast SEO plugin. -->","yoast_head_json":{"title":"Minn Kota dzenskr\u016bves uzgrie\u017e\u0146a komplekts MKP-9  Prop Nut 3\/8\" (A) - Jurmalas Laivas","description":"Minn Kota dzenskr\u016bves uzgrie\u017e\u0146a komplekts MKP-9 Prop Nut 3\/8\" (A). Minn Kota dzenskr\u016bves uzgrie\u017e\u0146a komplekts MKP-9 Prop Nut 3\/8\" (A)","robots":{"index":"index","follow":"follow","max-snippet":"max-snippet:-1","max-image-preview":"max-image-preview:large","max-video-preview":"max-video-preview:-1"},"canonical":"https:\/\/www.jurmalaslaivas.lv\/en\/product\/minn-kota-dzenskruves-uzgriezna-komplekts-mkp-9-prop-nut-3-8-a\/","og_locale":"en_US","og_type":"article","og_title":"Minn Kota dzenskr\u016bves uzgrie\u017e\u0146a komplekts MKP-9  Prop Nut 3\/8\" (A) - Jurmalas Laivas","og_description":"Minn Kota dzenskr\u016bves uzgrie\u017e\u0146a komplekts MKP-9 Prop Nut 3\/8\" (A). Minn Kota dzenskr\u016bves uzgrie\u017e\u0146a komplekts MKP-9 Prop Nut 3\/8\" (A)","og_url":"https:\/\/www.jurmalaslaivas.lv\/en\/product\/minn-kota-dzenskruves-uzgriezna-komplekts-mkp-9-prop-nut-3-8-a\/","og_site_name":"Jurmalas Laivas","article_publisher":"https:\/\/www.facebook.com\/jurmalaslaivas","article_modified_time":"2026-02-22T07:50:27+00:00","og_image":[{"width":828,"height":828,"url":"https:\/\/www.jurmalaslaivas.lv\/wp-content\/uploads\/2025\/10\/MK_1865010_MKP-9_PropNutKit.webp","type":"image\/webp"}],"twitter_card":"summary_large_image","twitter_misc":{"Est. reading time":"1 minute"},"schema":{"@context":"https:\/\/schema.org","@graph":[{"@type":"WebPage","@id":"https:\/\/www.jurmalaslaivas.lv\/en\/product\/minn-kota-dzenskruves-uzgriezna-komplekts-mkp-9-prop-nut-3-8-a\/","url":"https:\/\/www.jurmalaslaivas.lv\/en\/product\/minn-kota-dzenskruves-uzgriezna-komplekts-mkp-9-prop-nut-3-8-a\/","name":"Minn Kota dzenskr\u016bves uzgrie\u017e\u0146a komplekts MKP-9 Prop Nut 3\/8\" (A) - Jurmalas Laivas","isPartOf":{"@id":"https:\/\/www.jurmalaslaivas.lv\/en\/#website"},"primaryImageOfPage":{"@id":"https:\/\/www.jurmalaslaivas.lv\/en\/product\/minn-kota-dzenskruves-uzgriezna-komplekts-mkp-9-prop-nut-3-8-a\/#primaryimage"},"image":{"@id":"https:\/\/www.jurmalaslaivas.lv\/en\/product\/minn-kota-dzenskruves-uzgriezna-komplekts-mkp-9-prop-nut-3-8-a\/#primaryimage"},"thumbnailUrl":"https:\/\/www.jurmalaslaivas.lv\/wp-content\/uploads\/2025\/10\/MK_1865010_MKP-9_PropNutKit.webp","datePublished":"2025-10-25T13:55:58+00:00","dateModified":"2026-02-22T07:50:27+00:00","description":"Minn Kota dzenskr\u016bves uzgrie\u017e\u0146a komplekts MKP-9 Prop Nut 3\/8\" (A). Minn Kota dzenskr\u016bves uzgrie\u017e\u0146a komplekts MKP-9 Prop Nut 3\/8\" (A)","breadcrumb":{"@id":"https:\/\/www.jurmalaslaivas.lv\/en\/product\/minn-kota-dzenskruves-uzgriezna-komplekts-mkp-9-prop-nut-3-8-a\/#breadcrumb"},"inLanguage":"en-US","potentialAction":[{"@type":"ReadAction","target":["https:\/\/www.jurmalaslaivas.lv\/en\/product\/minn-kota-dzenskruves-uzgriezna-komplekts-mkp-9-prop-nut-3-8-a\/"]}]},{"@type":"ImageObject","inLanguage":"en-US","@id":"https:\/\/www.jurmalaslaivas.lv\/en\/product\/minn-kota-dzenskruves-uzgriezna-komplekts-mkp-9-prop-nut-3-8-a\/#primaryimage","url":"https:\/\/www.jurmalaslaivas.lv\/wp-content\/uploads\/2025\/10\/MK_1865010_MKP-9_PropNutKit.webp","contentUrl":"https:\/\/www.jurmalaslaivas.lv\/wp-content\/uploads\/2025\/10\/MK_1865010_MKP-9_PropNutKit.webp","width":828,"height":828,"caption":"Minn Kota dzenskr\u016bves uzgrie\u017e\u0146a komplekts MKP-9 Prop Nut 3\/8\" (A)"},{"@type":"BreadcrumbList","@id":"https:\/\/www.jurmalaslaivas.lv\/en\/product\/minn-kota-dzenskruves-uzgriezna-komplekts-mkp-9-prop-nut-3-8-a\/#breadcrumb","itemListElement":[{"@type":"ListItem","position":1,"name":"Home","item":"https:\/\/www.jurmalaslaivas.lv\/en\/"},{"@type":"ListItem","position":2,"name":"Shop","item":"https:\/\/www.jurmalaslaivas.lv\/en\/shop-2shop\/"},{"@type":"ListItem","position":3,"name":"Minn Kota dzenskr\u016bves uzgrie\u017e\u0146a komplekts MKP-9 Prop Nut 3\/8&#8243; (A)"}]},{"@type":"WebSite","@id":"https:\/\/www.jurmalaslaivas.lv\/en\/#website","url":"https:\/\/www.jurmalaslaivas.lv\/en\/","name":"Jurmalaslaivas.lv","description":"Laivu noma un veikals","publisher":{"@id":"https:\/\/www.jurmalaslaivas.lv\/en\/#organization"},"potentialAction":[{"@type":"SearchAction","target":{"@type":"EntryPoint","urlTemplate":"https:\/\/www.jurmalaslaivas.lv\/en\/?s={search_term_string}"},"query-input":{"@type":"PropertyValueSpecification","valueRequired":true,"valueName":"search_term_string"}}],"inLanguage":"en-US"},{"@type":"Organization","@id":"https:\/\/www.jurmalaslaivas.lv\/en\/#organization","name":"Jurmalaslaivas.lv","url":"https:\/\/www.jurmalaslaivas.lv\/en\/","logo":{"@type":"ImageObject","inLanguage":"en-US","@id":"https:\/\/www.jurmalaslaivas.lv\/en\/#\/schema\/logo\/image\/","url":"https:\/\/www.jurmalaslaivas.lv\/wp-content\/uploads\/2022\/11\/jurmalas-laivas-balts-ar-rami.png","contentUrl":"https:\/\/www.jurmalaslaivas.lv\/wp-content\/uploads\/2022\/11\/jurmalas-laivas-balts-ar-rami.png","width":500,"height":500,"caption":"Jurmalaslaivas.lv"},"image":{"@id":"https:\/\/www.jurmalaslaivas.lv\/en\/#\/schema\/logo\/image\/"},"sameAs":["https:\/\/www.facebook.com\/jurmalaslaivas"]}]}},"_links":{"self":[{"href":"https:\/\/www.jurmalaslaivas.lv\/en\/wp-json\/wp\/v2\/product\/58438","targetHints":{"allow":["GET"]}}],"collection":[{"href":"https:\/\/www.jurmalaslaivas.lv\/en\/wp-json\/wp\/v2\/product"}],"about":[{"href":"https:\/\/www.jurmalaslaivas.lv\/en\/wp-json\/wp\/v2\/types\/product"}],"replies":[{"embeddable":true,"href":"https:\/\/www.jurmalaslaivas.lv\/en\/wp-json\/wp\/v2\/comments?post=58438"}],"wp:featuredmedia":[{"embeddable":true,"href":"https:\/\/www.jurmalaslaivas.lv\/en\/wp-json\/wp\/v2\/media\/58441"}],"wp:attachment":[{"href":"https:\/\/www.jurmalaslaivas.lv\/en\/wp-json\/wp\/v2\/media?parent=58438"}],"wp:term":[{"taxonomy":"product_brand","embeddable":true,"href":"https:\/\/www.jurmalaslaivas.lv\/en\/wp-json\/wp\/v2\/product_brand?post=58438"},{"taxonomy":"product_cat","embeddable":true,"href":"https:\/\/www.jurmalaslaivas.lv\/en\/wp-json\/wp\/v2\/product_cat?post=58438"},{"taxonomy":"product_tag","embeddable":true,"href":"https:\/\/www.jurmalaslaivas.lv\/en\/wp-json\/wp\/v2\/product_tag?post=58438"}],"curies":[{"name":"wp","href":"https:\/\/api.w.org\/{rel}","templated":true}]}}