{"id":54532,"date":"2024-03-18T09:37:36","date_gmt":"2024-03-18T06:37:36","guid":{"rendered":"https:\/\/www.jurmalaslaivas.lv\/product\/motorlaiva-itk-510\/"},"modified":"2026-02-12T18:27:56","modified_gmt":"2026-02-12T15:27:56","slug":"used-motorboat-itk-510-complete-set-engine-trailer-water-skiing-tower","status":"publish","type":"product","link":"https:\/\/www.jurmalaslaivas.lv\/en\/product\/used-motorboat-itk-510-complete-set-engine-trailer-water-skiing-tower\/","title":{"rendered":"Used motorboat ITK 510 complete set engine trailer water skiing tower"},"content":{"rendered":"<h1>Used motorboat ITK 510 complete set engine trailer water skiing tower<\/h1>\n<p>Used motorboat ITK 510 complete set engine trailer water skiing tower<\/p>\n<p>Motorlaiva ITK 510<br \/>\n2004. gads<br \/>\nGarums: 510 cm<br \/>\nPlatums: 190 cm<br \/>\nKravnes\u012bba: 600 kg<br \/>\nVietu skaits: 5<\/p>\n<p>Piekarin\u0101mais motors Evinrude 90 E-TEC<br \/>\n67 KW<br \/>\n2022. gads<br \/>\nVisas apkopes pie Evinrude d\u012blera SDK.<\/p>\n<p>Laivu piekabe Russo Balt RB 110730<br \/>\n2002. gads.<br \/>\nTehnisk\u0101 apskate.<br \/>\nPilna masa: 750 kg.<br \/>\nPa\u0161masa: 175 kg.<br \/>\n2023. gad\u0101 uzlikti jauni gult\u0146i, jauni vadi un LED apgaismojums.<\/p>\n<p>Viss ir teicam\u0101 tehnisk\u0101 k\u0101rt\u012bb\u0101.<\/p>\n<p>\u041c\u043e\u0442\u043e\u0440\u043d\u0430\u044f \u043b\u043e\u0434\u043a\u0430 \u0418\u0422\u041a 510.<br \/>\n2004 \u0433.<br \/>\n\u0414\u043b\u0438\u043d\u0430: 510 \u0441\u043c<br \/>\n\u0428\u0438\u0440\u0438\u043d\u0430: 190 \u0441\u043c<br \/>\n\u0413\u0440\u0443\u0437\u043e\u043f\u043e\u0434\u044a\u0435\u043c\u043d\u043e\u0441\u0442\u044c: 600 \u043a\u0433<br \/>\n\u041a\u043e\u043b\u0438\u0447\u0435\u0441\u0442\u0432\u043e \u043c\u0435\u0441\u0442: 5<\/p>\n<p>\u041b\u043e\u0434\u043e\u0447\u043d\u044b\u0439 \u043c\u043e\u0442\u043e\u0440 Evinrude 90 E-TEC<br \/>\n67 \u041a\u0412\u0442<br \/>\n2022 \u0433\u043e\u0434<br \/>\n\u0412\u0441\u0435 \u043e\u0431\u0441\u043b\u0443\u0436\u0438\u0432\u0430\u043d\u0438\u0435 \u0443 \u0434\u0438\u043b\u0435\u0440\u0430 Evinrude SDK.<\/p>\n<p>\u041f\u0440\u0438\u0446\u0435\u043f \u0434\u043b\u044f \u043b\u043e\u0434\u043a\u0438 \u0420\u0443\u0441\u0441\u043e \u0411\u0430\u043b\u0442 RB 110730<br \/>\n2002 \u0433.<br \/>\n\u0422\u0435\u0445\u043d\u0438\u0447\u0435\u0441\u043a\u0438\u0439 \u043e\u0441\u043c\u043e\u0442\u0440 \u0434\u043e \u043e\u043a\u0442\u044f\u0431\u0440\u044f 2024 \u0433\u043e\u0434\u0430.<br \/>\n\u041f\u043e\u043b\u043d\u0430\u044f \u043c\u0430\u0441\u0441\u0430: 750 \u043a\u0433.<br \/>\n\u0412\u0435\u0441 \u043d\u0435\u0442\u0442\u043e: 175 \u043a\u0433.<br \/>\n\u0412 2023 \u0433\u043e\u0434\u0443 \u0443\u0441\u0442\u0430\u043d\u043e\u0432\u043b\u0435\u043d\u044b \u043d\u043e\u0432\u044b\u0435 \u043f\u043e\u0434\u0448\u0438\u043f\u043d\u0438\u043a\u0438, \u043d\u043e\u0432\u044b\u0435 \u043f\u0440\u043e\u0432\u043e\u0434\u0430 \u0438 \u0441\u0432\u0435\u0442\u043e\u0434\u0438\u043e\u0434\u043d\u043e\u0435 \u043e\u0441\u0432\u0435\u0449\u0435\u043d\u0438\u0435 LED.<\/p>\n<p>\u0412\u0441\u0435 \u0432 \u043e\u0442\u043b\u0438\u0447\u043d\u043e\u043c \u0442\u0435\u0445\u043d\u0438\u0447\u0435\u0441\u043a\u043e\u043c \u0441\u043e\u0441\u0442\u043e\u044f\u043d\u0438\u0438<\/p>\n<p>Motorboat Itk 510<br \/>\nProduction year 2004<br \/>\nLength: 510 cm<br \/>\nWidth: 190 cm<br \/>\nLoad capacity: 600 kg<br \/>\nNumber of seats: 5<\/p>\n<p>Outboard motor Evinrude 90 E-TEC<br \/>\n67 KW<br \/>\nProduction year 2022<br \/>\nAll service at Evinrude dealer SDK.<\/p>\n<p>Boat trailer Russo Balt RB 110730<br \/>\nProduction year 2002.<br \/>\nFull weight: 750 kg.<br \/>\nNet weight: 175 kg.<br \/>\nIn 2023, new bearings, new wires, and LED lighting were installed.<\/p>\n<p>Everything is in excellent technical condition.<\/p>\n","protected":false},"excerpt":{"rendered":"<p>Used motorboat ITK 510 complete set engine trailer water skiing tower Used motorboat ITK 510 complete set engine trailer water skiing tower Motorlaiva ITK 510 2004. gads Garums: 510 cm Platums: 190 cm Kravnes\u012bba: 600 kg Vietu skaits: 5 Piekarin\u0101mais motors Evinrude 90 E-TEC 67 KW 2022. gads Visas apkopes pie Evinrude d\u012blera SDK. Laivu [&#8230;]<\/p>\n<p><a class=\"btn btn-secondary understrap-read-more-link\" href=\"https:\/\/www.jurmalaslaivas.lv\/en\/product\/used-motorboat-itk-510-complete-set-engine-trailer-water-skiing-tower\/\">Read More&#8230;<\/a><\/p>\n","protected":false},"featured_media":54524,"comment_status":"closed","ping_status":"closed","template":"","meta":{"_acf_changed":false,"inline_featured_image":false},"product_brand":[],"product_cat":[998,1074,367,422],"product_tag":[1745,1746,1747,1748,1749,1679,1750,1751,1680,1752,1753,1754,1755,1756,1757,1758,1759,1760],"class_list":{"0":"post-54532","1":"product","2":"type-product","3":"status-publish","4":"has-post-thumbnail","6":"product_cat-motorboats-accessories","7":"product_cat-motorboats","8":"product_cat-used-goods","9":"product_cat-sakuma-lapa-en","10":"product_tag-boat-motor","11":"product_tag-boat-trailer","12":"product_tag-laivu-motors","13":"product_tag-laivu-piekabe","14":"product_tag-lietota-laiva","15":"product_tag-lietota-motorlaiva","16":"product_tag-udenssleposanas-laiva","17":"product_tag-used-boat","18":"product_tag-used-motorboat","19":"product_tag-veikborda-laiva","20":"product_tag-wakeboard-boat","21":"product_tag-water-ski-boat","22":"product_tag-1755","23":"product_tag-1756","24":"product_tag-1757","25":"product_tag-1758","26":"product_tag-1759","27":"product_tag-1760","29":"first","30":"instock","31":"shipping-taxable","32":"purchasable","33":"product-type-simple"},"acf":[],"yoast_head":"<!-- This site is optimized with the Yoast SEO plugin v27.0 - https:\/\/yoast.com\/product\/yoast-seo-wordpress\/ -->\n<title>Used motorboat ITK 510 complete set engine trailer water skiing tower - Jurmalas Laivas<\/title>\n<meta name=\"description\" content=\"Used motorboat ITK 510 complete set engine trailer water skiing tower\" \/>\n<meta name=\"robots\" content=\"index, follow, max-snippet:-1, max-image-preview:large, max-video-preview:-1\" \/>\n<link rel=\"canonical\" href=\"https:\/\/www.jurmalaslaivas.lv\/en\/product\/used-motorboat-itk-510-complete-set-engine-trailer-water-skiing-tower\/\" \/>\n<meta property=\"og:locale\" content=\"en_US\" \/>\n<meta property=\"og:type\" content=\"article\" \/>\n<meta property=\"og:title\" content=\"Used motorboat ITK 510 complete set engine trailer water skiing tower - Jurmalas Laivas\" \/>\n<meta property=\"og:description\" content=\"Used motorboat ITK 510 complete set engine trailer water skiing tower\" \/>\n<meta property=\"og:url\" content=\"https:\/\/www.jurmalaslaivas.lv\/en\/product\/used-motorboat-itk-510-complete-set-engine-trailer-water-skiing-tower\/\" \/>\n<meta property=\"og:site_name\" content=\"Jurmalas Laivas\" \/>\n<meta property=\"article:publisher\" content=\"https:\/\/www.facebook.com\/jurmalaslaivas\" \/>\n<meta property=\"article:modified_time\" content=\"2026-02-12T15:27:56+00:00\" \/>\n<meta property=\"og:image\" content=\"https:\/\/www.jurmalaslaivas.lv\/wp-content\/uploads\/2024\/03\/20240313_153548-scaled.jpg\" \/>\n\t<meta property=\"og:image:width\" content=\"1442\" \/>\n\t<meta property=\"og:image:height\" content=\"2560\" \/>\n\t<meta property=\"og:image:type\" content=\"image\/jpeg\" \/>\n<meta name=\"twitter:card\" content=\"summary_large_image\" \/>\n<meta name=\"twitter:label1\" content=\"Est. reading time\" \/>\n\t<meta name=\"twitter:data1\" content=\"2 minutes\" \/>\n<script type=\"application\/ld+json\" class=\"yoast-schema-graph\">{\"@context\":\"https:\/\/schema.org\",\"@graph\":[{\"@type\":\"WebPage\",\"@id\":\"https:\/\/www.jurmalaslaivas.lv\/en\/product\/used-motorboat-itk-510-complete-set-engine-trailer-water-skiing-tower\/\",\"url\":\"https:\/\/www.jurmalaslaivas.lv\/en\/product\/used-motorboat-itk-510-complete-set-engine-trailer-water-skiing-tower\/\",\"name\":\"Used motorboat ITK 510 complete set engine trailer water skiing tower - Jurmalas Laivas\",\"isPartOf\":{\"@id\":\"https:\/\/www.jurmalaslaivas.lv\/en\/#website\"},\"primaryImageOfPage\":{\"@id\":\"https:\/\/www.jurmalaslaivas.lv\/en\/product\/used-motorboat-itk-510-complete-set-engine-trailer-water-skiing-tower\/#primaryimage\"},\"image\":{\"@id\":\"https:\/\/www.jurmalaslaivas.lv\/en\/product\/used-motorboat-itk-510-complete-set-engine-trailer-water-skiing-tower\/#primaryimage\"},\"thumbnailUrl\":\"https:\/\/www.jurmalaslaivas.lv\/wp-content\/uploads\/2024\/03\/20240313_153548-scaled.jpg\",\"datePublished\":\"2024-03-18T06:37:36+00:00\",\"dateModified\":\"2026-02-12T15:27:56+00:00\",\"description\":\"Used motorboat ITK 510 complete set engine trailer water skiing tower\",\"breadcrumb\":{\"@id\":\"https:\/\/www.jurmalaslaivas.lv\/en\/product\/used-motorboat-itk-510-complete-set-engine-trailer-water-skiing-tower\/#breadcrumb\"},\"inLanguage\":\"en-US\",\"potentialAction\":[{\"@type\":\"ReadAction\",\"target\":[\"https:\/\/www.jurmalaslaivas.lv\/en\/product\/used-motorboat-itk-510-complete-set-engine-trailer-water-skiing-tower\/\"]}]},{\"@type\":\"ImageObject\",\"inLanguage\":\"en-US\",\"@id\":\"https:\/\/www.jurmalaslaivas.lv\/en\/product\/used-motorboat-itk-510-complete-set-engine-trailer-water-skiing-tower\/#primaryimage\",\"url\":\"https:\/\/www.jurmalaslaivas.lv\/wp-content\/uploads\/2024\/03\/20240313_153548-scaled.jpg\",\"contentUrl\":\"https:\/\/www.jurmalaslaivas.lv\/wp-content\/uploads\/2024\/03\/20240313_153548-scaled.jpg\",\"width\":1442,\"height\":2560,\"caption\":\"Motorlaiva ITK 510\"},{\"@type\":\"BreadcrumbList\",\"@id\":\"https:\/\/www.jurmalaslaivas.lv\/en\/product\/used-motorboat-itk-510-complete-set-engine-trailer-water-skiing-tower\/#breadcrumb\",\"itemListElement\":[{\"@type\":\"ListItem\",\"position\":1,\"name\":\"Home\",\"item\":\"https:\/\/www.jurmalaslaivas.lv\/en\/\"},{\"@type\":\"ListItem\",\"position\":2,\"name\":\"Shop\",\"item\":\"https:\/\/www.jurmalaslaivas.lv\/en\/shop-2shop\/\"},{\"@type\":\"ListItem\",\"position\":3,\"name\":\"Used motorboat ITK 510 complete set engine trailer water skiing tower\"}]},{\"@type\":\"WebSite\",\"@id\":\"https:\/\/www.jurmalaslaivas.lv\/en\/#website\",\"url\":\"https:\/\/www.jurmalaslaivas.lv\/en\/\",\"name\":\"Jurmalaslaivas.lv\",\"description\":\"Laivu noma un veikals\",\"publisher\":{\"@id\":\"https:\/\/www.jurmalaslaivas.lv\/en\/#organization\"},\"potentialAction\":[{\"@type\":\"SearchAction\",\"target\":{\"@type\":\"EntryPoint\",\"urlTemplate\":\"https:\/\/www.jurmalaslaivas.lv\/en\/?s={search_term_string}\"},\"query-input\":{\"@type\":\"PropertyValueSpecification\",\"valueRequired\":true,\"valueName\":\"search_term_string\"}}],\"inLanguage\":\"en-US\"},{\"@type\":\"Organization\",\"@id\":\"https:\/\/www.jurmalaslaivas.lv\/en\/#organization\",\"name\":\"Jurmalaslaivas.lv\",\"url\":\"https:\/\/www.jurmalaslaivas.lv\/en\/\",\"logo\":{\"@type\":\"ImageObject\",\"inLanguage\":\"en-US\",\"@id\":\"https:\/\/www.jurmalaslaivas.lv\/en\/#\/schema\/logo\/image\/\",\"url\":\"https:\/\/www.jurmalaslaivas.lv\/wp-content\/uploads\/2022\/11\/jurmalas-laivas-balts-ar-rami.png\",\"contentUrl\":\"https:\/\/www.jurmalaslaivas.lv\/wp-content\/uploads\/2022\/11\/jurmalas-laivas-balts-ar-rami.png\",\"width\":500,\"height\":500,\"caption\":\"Jurmalaslaivas.lv\"},\"image\":{\"@id\":\"https:\/\/www.jurmalaslaivas.lv\/en\/#\/schema\/logo\/image\/\"},\"sameAs\":[\"https:\/\/www.facebook.com\/jurmalaslaivas\"]}]}<\/script>\n<!-- \/ Yoast SEO plugin. -->","yoast_head_json":{"title":"Used motorboat ITK 510 complete set engine trailer water skiing tower - Jurmalas Laivas","description":"Used motorboat ITK 510 complete set engine trailer water skiing tower","robots":{"index":"index","follow":"follow","max-snippet":"max-snippet:-1","max-image-preview":"max-image-preview:large","max-video-preview":"max-video-preview:-1"},"canonical":"https:\/\/www.jurmalaslaivas.lv\/en\/product\/used-motorboat-itk-510-complete-set-engine-trailer-water-skiing-tower\/","og_locale":"en_US","og_type":"article","og_title":"Used motorboat ITK 510 complete set engine trailer water skiing tower - Jurmalas Laivas","og_description":"Used motorboat ITK 510 complete set engine trailer water skiing tower","og_url":"https:\/\/www.jurmalaslaivas.lv\/en\/product\/used-motorboat-itk-510-complete-set-engine-trailer-water-skiing-tower\/","og_site_name":"Jurmalas Laivas","article_publisher":"https:\/\/www.facebook.com\/jurmalaslaivas","article_modified_time":"2026-02-12T15:27:56+00:00","og_image":[{"width":1442,"height":2560,"url":"https:\/\/www.jurmalaslaivas.lv\/wp-content\/uploads\/2024\/03\/20240313_153548-scaled.jpg","type":"image\/jpeg"}],"twitter_card":"summary_large_image","twitter_misc":{"Est. reading time":"2 minutes"},"schema":{"@context":"https:\/\/schema.org","@graph":[{"@type":"WebPage","@id":"https:\/\/www.jurmalaslaivas.lv\/en\/product\/used-motorboat-itk-510-complete-set-engine-trailer-water-skiing-tower\/","url":"https:\/\/www.jurmalaslaivas.lv\/en\/product\/used-motorboat-itk-510-complete-set-engine-trailer-water-skiing-tower\/","name":"Used motorboat ITK 510 complete set engine trailer water skiing tower - Jurmalas Laivas","isPartOf":{"@id":"https:\/\/www.jurmalaslaivas.lv\/en\/#website"},"primaryImageOfPage":{"@id":"https:\/\/www.jurmalaslaivas.lv\/en\/product\/used-motorboat-itk-510-complete-set-engine-trailer-water-skiing-tower\/#primaryimage"},"image":{"@id":"https:\/\/www.jurmalaslaivas.lv\/en\/product\/used-motorboat-itk-510-complete-set-engine-trailer-water-skiing-tower\/#primaryimage"},"thumbnailUrl":"https:\/\/www.jurmalaslaivas.lv\/wp-content\/uploads\/2024\/03\/20240313_153548-scaled.jpg","datePublished":"2024-03-18T06:37:36+00:00","dateModified":"2026-02-12T15:27:56+00:00","description":"Used motorboat ITK 510 complete set engine trailer water skiing tower","breadcrumb":{"@id":"https:\/\/www.jurmalaslaivas.lv\/en\/product\/used-motorboat-itk-510-complete-set-engine-trailer-water-skiing-tower\/#breadcrumb"},"inLanguage":"en-US","potentialAction":[{"@type":"ReadAction","target":["https:\/\/www.jurmalaslaivas.lv\/en\/product\/used-motorboat-itk-510-complete-set-engine-trailer-water-skiing-tower\/"]}]},{"@type":"ImageObject","inLanguage":"en-US","@id":"https:\/\/www.jurmalaslaivas.lv\/en\/product\/used-motorboat-itk-510-complete-set-engine-trailer-water-skiing-tower\/#primaryimage","url":"https:\/\/www.jurmalaslaivas.lv\/wp-content\/uploads\/2024\/03\/20240313_153548-scaled.jpg","contentUrl":"https:\/\/www.jurmalaslaivas.lv\/wp-content\/uploads\/2024\/03\/20240313_153548-scaled.jpg","width":1442,"height":2560,"caption":"Motorlaiva ITK 510"},{"@type":"BreadcrumbList","@id":"https:\/\/www.jurmalaslaivas.lv\/en\/product\/used-motorboat-itk-510-complete-set-engine-trailer-water-skiing-tower\/#breadcrumb","itemListElement":[{"@type":"ListItem","position":1,"name":"Home","item":"https:\/\/www.jurmalaslaivas.lv\/en\/"},{"@type":"ListItem","position":2,"name":"Shop","item":"https:\/\/www.jurmalaslaivas.lv\/en\/shop-2shop\/"},{"@type":"ListItem","position":3,"name":"Used motorboat ITK 510 complete set engine trailer water skiing tower"}]},{"@type":"WebSite","@id":"https:\/\/www.jurmalaslaivas.lv\/en\/#website","url":"https:\/\/www.jurmalaslaivas.lv\/en\/","name":"Jurmalaslaivas.lv","description":"Laivu noma un veikals","publisher":{"@id":"https:\/\/www.jurmalaslaivas.lv\/en\/#organization"},"potentialAction":[{"@type":"SearchAction","target":{"@type":"EntryPoint","urlTemplate":"https:\/\/www.jurmalaslaivas.lv\/en\/?s={search_term_string}"},"query-input":{"@type":"PropertyValueSpecification","valueRequired":true,"valueName":"search_term_string"}}],"inLanguage":"en-US"},{"@type":"Organization","@id":"https:\/\/www.jurmalaslaivas.lv\/en\/#organization","name":"Jurmalaslaivas.lv","url":"https:\/\/www.jurmalaslaivas.lv\/en\/","logo":{"@type":"ImageObject","inLanguage":"en-US","@id":"https:\/\/www.jurmalaslaivas.lv\/en\/#\/schema\/logo\/image\/","url":"https:\/\/www.jurmalaslaivas.lv\/wp-content\/uploads\/2022\/11\/jurmalas-laivas-balts-ar-rami.png","contentUrl":"https:\/\/www.jurmalaslaivas.lv\/wp-content\/uploads\/2022\/11\/jurmalas-laivas-balts-ar-rami.png","width":500,"height":500,"caption":"Jurmalaslaivas.lv"},"image":{"@id":"https:\/\/www.jurmalaslaivas.lv\/en\/#\/schema\/logo\/image\/"},"sameAs":["https:\/\/www.facebook.com\/jurmalaslaivas"]}]}},"_links":{"self":[{"href":"https:\/\/www.jurmalaslaivas.lv\/en\/wp-json\/wp\/v2\/product\/54532","targetHints":{"allow":["GET"]}}],"collection":[{"href":"https:\/\/www.jurmalaslaivas.lv\/en\/wp-json\/wp\/v2\/product"}],"about":[{"href":"https:\/\/www.jurmalaslaivas.lv\/en\/wp-json\/wp\/v2\/types\/product"}],"replies":[{"embeddable":true,"href":"https:\/\/www.jurmalaslaivas.lv\/en\/wp-json\/wp\/v2\/comments?post=54532"}],"wp:featuredmedia":[{"embeddable":true,"href":"https:\/\/www.jurmalaslaivas.lv\/en\/wp-json\/wp\/v2\/media\/54524"}],"wp:attachment":[{"href":"https:\/\/www.jurmalaslaivas.lv\/en\/wp-json\/wp\/v2\/media?parent=54532"}],"wp:term":[{"taxonomy":"product_brand","embeddable":true,"href":"https:\/\/www.jurmalaslaivas.lv\/en\/wp-json\/wp\/v2\/product_brand?post=54532"},{"taxonomy":"product_cat","embeddable":true,"href":"https:\/\/www.jurmalaslaivas.lv\/en\/wp-json\/wp\/v2\/product_cat?post=54532"},{"taxonomy":"product_tag","embeddable":true,"href":"https:\/\/www.jurmalaslaivas.lv\/en\/wp-json\/wp\/v2\/product_tag?post=54532"}],"curies":[{"name":"wp","href":"https:\/\/api.w.org\/{rel}","templated":true}]}}