{"id":53023,"date":"2023-11-27T11:48:57","date_gmt":"2023-11-27T08:48:57","guid":{"rendered":"https:\/\/www.jurmalaslaivas.lv\/product\/benzina-motors-mercury-f100-l-efi\/"},"modified":"2023-12-06T15:43:41","modified_gmt":"2023-12-06T12:43:41","slug":"petrol-engine-mercury-f100-l-efi","status":"publish","type":"product","link":"https:\/\/www.jurmalaslaivas.lv\/en\/product\/petrol-engine-mercury-f100-l-efi\/","title":{"rendered":"Petrol engine MERCURY F100 L EFI"},"content":{"rendered":"<h1 class=\"title\">Petrol engine MERCURY F100 L EFI<\/h1>\n<p class=\"title\">Petrol engine MERCURY F100 L EFI<\/p>\n<p>Mercury four-stroke boat engines &#8211; it has more than 70 years of experience in the production of boat engines. Mercury four-stroke engines provide up to 30% fuel economy. Safety &#8211; more than 70 years of experience in the production of boat engines, anti-corrosion coating, Discharge Ignition (CDI) ensures greater safety and easy starting, increased maneuverability and fuel economy. 4 tilting positions ensure easy access to areas with low water levels, Vibro-protective throttle valve control handle guarantees smooth engine response to operator control actions, built-in discharge ignition system block ensures accurate and timely ignition system work.<\/p>\n<div class=\"desc\">\n<p><strong>SPECIFIK\u0100CIJA MERCURY FourStroke\u00a0F100 L EFI<\/strong><\/p>\n<table class=\"specs-table\">\n<tbody class=\"exposed\">\n<tr>\n<th>Jauda HP \/ kW<\/th>\n<td>\n<ul>\n<li>100\/74<\/li>\n<\/ul>\n<\/td>\n<\/tr>\n<tr>\n<th>Motora tips<\/th>\n<td>\n<ul>\n<li>8 v\u0101rstu vienreiz\u0113j\u0101 kamera (SOHC)<\/li>\n<li>Inline 4<\/li>\n<\/ul>\n<\/td>\n<\/tr>\n<tr>\n<th>Displacement (L)<\/th>\n<td>\n<ul>\n<li>2.1<\/li>\n<\/ul>\n<\/td>\n<\/tr>\n<tr>\n<th>Pilna Jauda RPM<\/th>\n<td>\n<ul>\n<li>5000-6000<\/li>\n<\/ul>\n<\/td>\n<\/tr>\n<tr>\n<th>Gaisa indukcija<\/th>\n<td>\n<ul>\n<li>Performance-Tuned Scroll iepl\u016bdes kolektors<\/li>\n<\/ul>\n<\/td>\n<\/tr>\n<tr>\n<th>Degvielas indukcijas sist\u0113ma<\/th>\n<td>\n<ul>\n<li>Datoru kontrol\u0113ta daudzpadeves elektronisk\u0101 degvielas iesmidzin\u0101\u0161ana (EFI)<\/li>\n<\/ul>\n<\/td>\n<\/tr>\n<tr>\n<th>\u0122eneratora amp \/ Watt<\/th>\n<td>\n<ul>\n<li>35 amp \/ 441 vati ar \u016bdens dzes\u0113\u0161anas sprieguma regulatoru<\/li>\n<\/ul>\n<\/td>\n<\/tr>\n<tr>\n<th>Ieteicam\u0101 degviela<\/th>\n<td>\n<ul>\n<li>Bezsvina 90RON minimums<\/li>\n<\/ul>\n<\/td>\n<\/tr>\n<tr>\n<th>Ieteicam\u0101 e\u013c\u013ca<\/th>\n<td>\n<ul>\n<li>Dz\u012bvsudraba \u010detrst\u016bra e\u013c\u013ca 10W-30<\/li>\n<\/ul>\n<\/td>\n<\/tr>\n<tr>\n<th>Motora aizsardz\u012bbas br\u012bdin\u0101\u0161anas sist\u0113ma<\/th>\n<td>\n<ul>\n<li>SmartCraft Engine Guardian<\/li>\n<\/ul>\n<\/td>\n<\/tr>\n<\/tbody>\n<tbody class=\"specs-reveal\">\n<tr>\n<th>Savietojams ar SmartCraft digit\u0101lo tehnolo\u0123iju<\/th>\n<td>\n<ul>\n<li>J\u0101<\/li>\n<\/ul>\n<\/td>\n<\/tr>\n<tr>\n<th>Starteris<\/th>\n<td>\n<ul>\n<li>Smart Start Electric<\/li>\n<\/ul>\n<\/td>\n<\/tr>\n<tr>\n<th>Kontrole<\/th>\n<td>\n<ul>\n<li>\u00a0Mechanical throttle &amp; shift<\/li>\n<\/ul>\n<\/td>\n<\/tr>\n<tr>\n<th>St\u016bre<\/th>\n<td>\n<ul>\n<li>Big Tiller savietojams<\/li>\n<li>Divi kabe\u013ci meh\u0101niski<\/li>\n<li>Hidraulisk\u0101 st\u016bres iek\u0101rta<\/li>\n<\/ul>\n<\/td>\n<\/tr>\n<tr>\n<th>Motora k\u0101jas garums<\/th>\n<td>\n<ul>\n<li>20 &#8220;\/ 508 mm<\/li>\n<li>25 &#8220;\/ 635 mm<\/li>\n<\/ul>\n<\/td>\n<\/tr>\n<tr>\n<th>Gearcase ratio<\/th>\n<td>\n<ul>\n<li>2.07: 1<\/li>\n<\/ul>\n<\/td>\n<\/tr>\n<tr>\n<th>Motora svars * Viegl\u0101kais pieejamais modelis<\/th>\n<td>\n<ul>\n<li>163 kg<\/li>\n<\/ul>\n<\/td>\n<\/tr>\n<tr>\n<th>CARB zvaig\u017e\u0146u v\u0113rt\u0113jums<\/th>\n<td>\n<ul>\n<li>3<\/li>\n<\/ul>\n<\/td>\n<\/tr>\n<tr>\n<th>Bore and stroke<\/th>\n<td>\n<ul>\n<li>3,5 x 3,2 &#8220;\/ 90 x 81 mm<\/li>\n<\/ul>\n<\/td>\n<\/tr>\n<tr>\n<th>Aizdeg\u0161an\u0101s<\/th>\n<td>\n<ul>\n<li>SmartCraft ECM 70 digit\u0101lais indukt\u012bvs<\/li>\n<\/ul>\n<\/td>\n<\/tr>\n<tr>\n<th>Degvielas sist\u0113ma<\/th>\n<td>\n<ul>\n<li>Elektronisk\u0101 degvielas iesmidzin\u0101\u0161ana (EFI)<\/li>\n<\/ul>\n<\/td>\n<\/tr>\n<tr>\n<th>Dzes\u0113\u0161anas sist\u0113ma<\/th>\n<td>\n<ul>\n<li>\u016adens dzes\u0113\u0161ana ar termostatu<\/li>\n<\/ul>\n<\/td>\n<\/tr>\n<tr>\n<th>\u0100trumk\u0101rba<\/th>\n<td>\n<ul>\n<li>F-N-R<\/li>\n<\/ul>\n<\/td>\n<\/tr>\n<tr>\n<th>Virziena varianti<\/th>\n<td>\n<ul>\n<li>Standarta<\/li>\n<\/ul>\n<\/td>\n<\/tr>\n<tr>\n<th>Trim sist\u0113mu<\/th>\n<td>\n<ul>\n<li>Power Tilt<\/li>\n<li>Power Trim<\/li>\n<\/ul>\n<\/td>\n<\/tr>\n<tr>\n<th>Izpl\u016bdes sist\u0113ma<\/th>\n<td>\n<ul>\n<li>Caur prop<\/li>\n<\/ul>\n<\/td>\n<\/tr>\n<tr>\n<th>Da\u013c\u0113ja \u016bdens apstr\u0101des diapazons (gr\u0101di)<\/th>\n<td>\n<ul>\n<li>20<\/li>\n<\/ul>\n<\/td>\n<\/tr>\n<tr>\n<th>Kr\u0101sa<\/th>\n<td>\n<ul>\n<li>Melna<\/li>\n<\/ul>\n<\/td>\n<\/tr>\n<tr>\n<th>E\u013c\u013co\u0161anas sist\u0113ma<\/th>\n<td>\n<ul>\n<li>Wet sump<\/li>\n<\/ul>\n<\/td>\n<\/tr>\n<tr>\n<th>E\u013c\u013cas ietilp\u012bba<\/th>\n<td>\n<ul>\n<li>5.5 qts \/ 5.2 l<\/li>\n<\/ul>\n<\/td>\n<\/tr>\n<tr>\n<th>Maksim\u0101lais apgriezienu diapazons<\/th>\n<td>\n<ul>\n<li>22 \u00b0 (-6 \u00b0 l\u012bdz 16 \u00b0)<\/li>\n<\/ul>\n<\/td>\n<\/tr>\n<tr>\n<th>Maksim\u0101lais nolai\u0161an\u0101s diapazons<\/th>\n<td>\n<ul>\n<li>70 \u00b0 (-6 \u00b0 l\u012bdz 64 \u00b0)<\/li>\n<\/ul>\n<\/td>\n<\/tr>\n<\/tbody>\n<\/table>\n<\/div>\n<div class=\"params\">\n<table class=\"params\">\n<tbody>\n<tr>\n<td class=\"label\">Ra\u017eot\u0101js:<\/td>\n<td class=\"date\">Mercury<\/td>\n<\/tr>\n<tr class=\"nth\">\n<td class=\"label\">Kr\u0101sa:<\/td>\n<td class=\"date\">Melna<\/td>\n<\/tr>\n<tr>\n<td class=\"label\">Garantija:<\/td>\n<td class=\"date\">5 gadi<\/td>\n<\/tr>\n<tr>\n<td class=\"label\">Kategorija:<\/td>\n<td class=\"date\">Elektrisks Smart Start<\/td>\n<\/tr>\n<tr>\n<td class=\"label\">Motora vad\u012bba:<\/td>\n<td class=\"date\">rokas \/ st\u016bres \/ hidrauliska st\u016bres<\/td>\n<\/tr>\n<tr class=\"nth\">\n<td class=\"label\">Motora k\u0101jas garums:<\/td>\n<td class=\"date\">508 \/ 635 mm<\/td>\n<\/tr>\n<\/tbody>\n<\/table>\n<\/div>\n<p>&nbsp;<\/p>\n","protected":false},"excerpt":{"rendered":"<p>Petrol engine MERCURY F100 L EFI Petrol engine MERCURY F100 L EFI Mercury four-stroke boat engines &#8211; it has more than 70 years of experience in the production of boat engines. Mercury four-stroke engines provide up to 30% fuel economy. Safety &#8211; more than 70 years of experience in the production of boat engines, anti-corrosion [&#8230;]<\/p>\n<p><a class=\"btn btn-secondary understrap-read-more-link\" href=\"https:\/\/www.jurmalaslaivas.lv\/en\/product\/petrol-engine-mercury-f100-l-efi\/\">Read More&#8230;<\/a><\/p>\n","protected":false},"featured_media":53021,"comment_status":"closed","ping_status":"closed","template":"","meta":{"_acf_changed":false,"inline_featured_image":false},"product_brand":[],"product_cat":[713,971,1152],"product_tag":[2231,2235,2229,2236,2237,2230,2234,2232,2233],"class_list":{"0":"post-53023","1":"product","2":"type-product","3":"status-publish","4":"has-post-thumbnail","6":"product_cat-outboard-engines-acessories","7":"product_cat-mercury-outboards-en","8":"product_cat-mercury-fourstroke-40-to-150-hp","9":"product_tag-benzina-dzineji","10":"product_tag-boat-motors","11":"product_tag-laivu-motori","12":"product_tag-outboard-boat-motors","13":"product_tag-petrol-engines","14":"product_tag-piekarinamie-laivu-motori","15":"product_tag-2234","16":"product_tag-2232","17":"product_tag-2233","19":"first","20":"instock","21":"shipping-taxable","22":"purchasable","23":"product-type-simple"},"acf":[],"yoast_head":"<!-- This site is optimized with the Yoast SEO plugin v27.0 - https:\/\/yoast.com\/product\/yoast-seo-wordpress\/ -->\n<title>Petrol engine MERCURY F100 L EFI - Jurmalas Laivas<\/title>\n<meta name=\"description\" content=\"Petrol engine MERCURY F100 L EFI. Mercury four-stroke outboard boat engines has more than 70 years of experience in the production of boat motors.\" \/>\n<meta name=\"robots\" content=\"index, follow, max-snippet:-1, max-image-preview:large, max-video-preview:-1\" \/>\n<link rel=\"canonical\" href=\"https:\/\/www.jurmalaslaivas.lv\/en\/product\/petrol-engine-mercury-f100-l-efi\/\" \/>\n<meta property=\"og:locale\" content=\"en_US\" \/>\n<meta property=\"og:type\" content=\"article\" \/>\n<meta property=\"og:title\" content=\"Petrol engine MERCURY F100 L EFI - Jurmalas Laivas\" \/>\n<meta property=\"og:description\" content=\"Petrol engine MERCURY F100 L EFI. Mercury four-stroke outboard boat engines has more than 70 years of experience in the production of boat motors.\" \/>\n<meta property=\"og:url\" content=\"https:\/\/www.jurmalaslaivas.lv\/en\/product\/petrol-engine-mercury-f100-l-efi\/\" \/>\n<meta property=\"og:site_name\" content=\"Jurmalas Laivas\" \/>\n<meta property=\"article:publisher\" content=\"https:\/\/www.facebook.com\/jurmalaslaivas\" \/>\n<meta property=\"article:modified_time\" content=\"2023-12-06T12:43:41+00:00\" \/>\n<meta property=\"og:image\" content=\"https:\/\/www.jurmalaslaivas.lv\/wp-content\/uploads\/2023\/11\/Mercury100.jpg\" \/>\n\t<meta property=\"og:image:width\" content=\"255\" \/>\n\t<meta property=\"og:image:height\" content=\"551\" \/>\n\t<meta property=\"og:image:type\" content=\"image\/jpeg\" \/>\n<meta name=\"twitter:card\" content=\"summary_large_image\" \/>\n<meta name=\"twitter:label1\" content=\"Est. reading time\" \/>\n\t<meta name=\"twitter:data1\" content=\"2 minutes\" \/>\n<script type=\"application\/ld+json\" class=\"yoast-schema-graph\">{\"@context\":\"https:\/\/schema.org\",\"@graph\":[{\"@type\":\"WebPage\",\"@id\":\"https:\/\/www.jurmalaslaivas.lv\/en\/product\/petrol-engine-mercury-f100-l-efi\/\",\"url\":\"https:\/\/www.jurmalaslaivas.lv\/en\/product\/petrol-engine-mercury-f100-l-efi\/\",\"name\":\"Petrol engine MERCURY F100 L EFI - Jurmalas Laivas\",\"isPartOf\":{\"@id\":\"https:\/\/www.jurmalaslaivas.lv\/en\/#website\"},\"primaryImageOfPage\":{\"@id\":\"https:\/\/www.jurmalaslaivas.lv\/en\/product\/petrol-engine-mercury-f100-l-efi\/#primaryimage\"},\"image\":{\"@id\":\"https:\/\/www.jurmalaslaivas.lv\/en\/product\/petrol-engine-mercury-f100-l-efi\/#primaryimage\"},\"thumbnailUrl\":\"https:\/\/www.jurmalaslaivas.lv\/wp-content\/uploads\/2023\/11\/Mercury100.jpg\",\"datePublished\":\"2023-11-27T08:48:57+00:00\",\"dateModified\":\"2023-12-06T12:43:41+00:00\",\"description\":\"Petrol engine MERCURY F100 L EFI. Mercury four-stroke outboard boat engines has more than 70 years of experience in the production of boat motors.\",\"breadcrumb\":{\"@id\":\"https:\/\/www.jurmalaslaivas.lv\/en\/product\/petrol-engine-mercury-f100-l-efi\/#breadcrumb\"},\"inLanguage\":\"en-US\",\"potentialAction\":[{\"@type\":\"ReadAction\",\"target\":[\"https:\/\/www.jurmalaslaivas.lv\/en\/product\/petrol-engine-mercury-f100-l-efi\/\"]}]},{\"@type\":\"ImageObject\",\"inLanguage\":\"en-US\",\"@id\":\"https:\/\/www.jurmalaslaivas.lv\/en\/product\/petrol-engine-mercury-f100-l-efi\/#primaryimage\",\"url\":\"https:\/\/www.jurmalaslaivas.lv\/wp-content\/uploads\/2023\/11\/Mercury100.jpg\",\"contentUrl\":\"https:\/\/www.jurmalaslaivas.lv\/wp-content\/uploads\/2023\/11\/Mercury100.jpg\",\"width\":255,\"height\":551,\"caption\":\"Benz\u012bna motors MERCURY F100 L EFI\"},{\"@type\":\"BreadcrumbList\",\"@id\":\"https:\/\/www.jurmalaslaivas.lv\/en\/product\/petrol-engine-mercury-f100-l-efi\/#breadcrumb\",\"itemListElement\":[{\"@type\":\"ListItem\",\"position\":1,\"name\":\"Home\",\"item\":\"https:\/\/www.jurmalaslaivas.lv\/en\/\"},{\"@type\":\"ListItem\",\"position\":2,\"name\":\"Shop\",\"item\":\"https:\/\/www.jurmalaslaivas.lv\/en\/shop-2shop\/\"},{\"@type\":\"ListItem\",\"position\":3,\"name\":\"Petrol engine MERCURY F100 L EFI\"}]},{\"@type\":\"WebSite\",\"@id\":\"https:\/\/www.jurmalaslaivas.lv\/en\/#website\",\"url\":\"https:\/\/www.jurmalaslaivas.lv\/en\/\",\"name\":\"Jurmalaslaivas.lv\",\"description\":\"Laivu noma un veikals\",\"publisher\":{\"@id\":\"https:\/\/www.jurmalaslaivas.lv\/en\/#organization\"},\"potentialAction\":[{\"@type\":\"SearchAction\",\"target\":{\"@type\":\"EntryPoint\",\"urlTemplate\":\"https:\/\/www.jurmalaslaivas.lv\/en\/?s={search_term_string}\"},\"query-input\":{\"@type\":\"PropertyValueSpecification\",\"valueRequired\":true,\"valueName\":\"search_term_string\"}}],\"inLanguage\":\"en-US\"},{\"@type\":\"Organization\",\"@id\":\"https:\/\/www.jurmalaslaivas.lv\/en\/#organization\",\"name\":\"Jurmalaslaivas.lv\",\"url\":\"https:\/\/www.jurmalaslaivas.lv\/en\/\",\"logo\":{\"@type\":\"ImageObject\",\"inLanguage\":\"en-US\",\"@id\":\"https:\/\/www.jurmalaslaivas.lv\/en\/#\/schema\/logo\/image\/\",\"url\":\"https:\/\/www.jurmalaslaivas.lv\/wp-content\/uploads\/2022\/11\/jurmalas-laivas-balts-ar-rami.png\",\"contentUrl\":\"https:\/\/www.jurmalaslaivas.lv\/wp-content\/uploads\/2022\/11\/jurmalas-laivas-balts-ar-rami.png\",\"width\":500,\"height\":500,\"caption\":\"Jurmalaslaivas.lv\"},\"image\":{\"@id\":\"https:\/\/www.jurmalaslaivas.lv\/en\/#\/schema\/logo\/image\/\"},\"sameAs\":[\"https:\/\/www.facebook.com\/jurmalaslaivas\"]}]}<\/script>\n<!-- \/ Yoast SEO plugin. -->","yoast_head_json":{"title":"Petrol engine MERCURY F100 L EFI - Jurmalas Laivas","description":"Petrol engine MERCURY F100 L EFI. Mercury four-stroke outboard boat engines has more than 70 years of experience in the production of boat motors.","robots":{"index":"index","follow":"follow","max-snippet":"max-snippet:-1","max-image-preview":"max-image-preview:large","max-video-preview":"max-video-preview:-1"},"canonical":"https:\/\/www.jurmalaslaivas.lv\/en\/product\/petrol-engine-mercury-f100-l-efi\/","og_locale":"en_US","og_type":"article","og_title":"Petrol engine MERCURY F100 L EFI - Jurmalas Laivas","og_description":"Petrol engine MERCURY F100 L EFI. Mercury four-stroke outboard boat engines has more than 70 years of experience in the production of boat motors.","og_url":"https:\/\/www.jurmalaslaivas.lv\/en\/product\/petrol-engine-mercury-f100-l-efi\/","og_site_name":"Jurmalas Laivas","article_publisher":"https:\/\/www.facebook.com\/jurmalaslaivas","article_modified_time":"2023-12-06T12:43:41+00:00","og_image":[{"width":255,"height":551,"url":"https:\/\/www.jurmalaslaivas.lv\/wp-content\/uploads\/2023\/11\/Mercury100.jpg","type":"image\/jpeg"}],"twitter_card":"summary_large_image","twitter_misc":{"Est. reading time":"2 minutes"},"schema":{"@context":"https:\/\/schema.org","@graph":[{"@type":"WebPage","@id":"https:\/\/www.jurmalaslaivas.lv\/en\/product\/petrol-engine-mercury-f100-l-efi\/","url":"https:\/\/www.jurmalaslaivas.lv\/en\/product\/petrol-engine-mercury-f100-l-efi\/","name":"Petrol engine MERCURY F100 L EFI - Jurmalas Laivas","isPartOf":{"@id":"https:\/\/www.jurmalaslaivas.lv\/en\/#website"},"primaryImageOfPage":{"@id":"https:\/\/www.jurmalaslaivas.lv\/en\/product\/petrol-engine-mercury-f100-l-efi\/#primaryimage"},"image":{"@id":"https:\/\/www.jurmalaslaivas.lv\/en\/product\/petrol-engine-mercury-f100-l-efi\/#primaryimage"},"thumbnailUrl":"https:\/\/www.jurmalaslaivas.lv\/wp-content\/uploads\/2023\/11\/Mercury100.jpg","datePublished":"2023-11-27T08:48:57+00:00","dateModified":"2023-12-06T12:43:41+00:00","description":"Petrol engine MERCURY F100 L EFI. Mercury four-stroke outboard boat engines has more than 70 years of experience in the production of boat motors.","breadcrumb":{"@id":"https:\/\/www.jurmalaslaivas.lv\/en\/product\/petrol-engine-mercury-f100-l-efi\/#breadcrumb"},"inLanguage":"en-US","potentialAction":[{"@type":"ReadAction","target":["https:\/\/www.jurmalaslaivas.lv\/en\/product\/petrol-engine-mercury-f100-l-efi\/"]}]},{"@type":"ImageObject","inLanguage":"en-US","@id":"https:\/\/www.jurmalaslaivas.lv\/en\/product\/petrol-engine-mercury-f100-l-efi\/#primaryimage","url":"https:\/\/www.jurmalaslaivas.lv\/wp-content\/uploads\/2023\/11\/Mercury100.jpg","contentUrl":"https:\/\/www.jurmalaslaivas.lv\/wp-content\/uploads\/2023\/11\/Mercury100.jpg","width":255,"height":551,"caption":"Benz\u012bna motors MERCURY F100 L EFI"},{"@type":"BreadcrumbList","@id":"https:\/\/www.jurmalaslaivas.lv\/en\/product\/petrol-engine-mercury-f100-l-efi\/#breadcrumb","itemListElement":[{"@type":"ListItem","position":1,"name":"Home","item":"https:\/\/www.jurmalaslaivas.lv\/en\/"},{"@type":"ListItem","position":2,"name":"Shop","item":"https:\/\/www.jurmalaslaivas.lv\/en\/shop-2shop\/"},{"@type":"ListItem","position":3,"name":"Petrol engine MERCURY F100 L EFI"}]},{"@type":"WebSite","@id":"https:\/\/www.jurmalaslaivas.lv\/en\/#website","url":"https:\/\/www.jurmalaslaivas.lv\/en\/","name":"Jurmalaslaivas.lv","description":"Laivu noma un veikals","publisher":{"@id":"https:\/\/www.jurmalaslaivas.lv\/en\/#organization"},"potentialAction":[{"@type":"SearchAction","target":{"@type":"EntryPoint","urlTemplate":"https:\/\/www.jurmalaslaivas.lv\/en\/?s={search_term_string}"},"query-input":{"@type":"PropertyValueSpecification","valueRequired":true,"valueName":"search_term_string"}}],"inLanguage":"en-US"},{"@type":"Organization","@id":"https:\/\/www.jurmalaslaivas.lv\/en\/#organization","name":"Jurmalaslaivas.lv","url":"https:\/\/www.jurmalaslaivas.lv\/en\/","logo":{"@type":"ImageObject","inLanguage":"en-US","@id":"https:\/\/www.jurmalaslaivas.lv\/en\/#\/schema\/logo\/image\/","url":"https:\/\/www.jurmalaslaivas.lv\/wp-content\/uploads\/2022\/11\/jurmalas-laivas-balts-ar-rami.png","contentUrl":"https:\/\/www.jurmalaslaivas.lv\/wp-content\/uploads\/2022\/11\/jurmalas-laivas-balts-ar-rami.png","width":500,"height":500,"caption":"Jurmalaslaivas.lv"},"image":{"@id":"https:\/\/www.jurmalaslaivas.lv\/en\/#\/schema\/logo\/image\/"},"sameAs":["https:\/\/www.facebook.com\/jurmalaslaivas"]}]}},"_links":{"self":[{"href":"https:\/\/www.jurmalaslaivas.lv\/en\/wp-json\/wp\/v2\/product\/53023","targetHints":{"allow":["GET"]}}],"collection":[{"href":"https:\/\/www.jurmalaslaivas.lv\/en\/wp-json\/wp\/v2\/product"}],"about":[{"href":"https:\/\/www.jurmalaslaivas.lv\/en\/wp-json\/wp\/v2\/types\/product"}],"replies":[{"embeddable":true,"href":"https:\/\/www.jurmalaslaivas.lv\/en\/wp-json\/wp\/v2\/comments?post=53023"}],"wp:featuredmedia":[{"embeddable":true,"href":"https:\/\/www.jurmalaslaivas.lv\/en\/wp-json\/wp\/v2\/media\/53021"}],"wp:attachment":[{"href":"https:\/\/www.jurmalaslaivas.lv\/en\/wp-json\/wp\/v2\/media?parent=53023"}],"wp:term":[{"taxonomy":"product_brand","embeddable":true,"href":"https:\/\/www.jurmalaslaivas.lv\/en\/wp-json\/wp\/v2\/product_brand?post=53023"},{"taxonomy":"product_cat","embeddable":true,"href":"https:\/\/www.jurmalaslaivas.lv\/en\/wp-json\/wp\/v2\/product_cat?post=53023"},{"taxonomy":"product_tag","embeddable":true,"href":"https:\/\/www.jurmalaslaivas.lv\/en\/wp-json\/wp\/v2\/product_tag?post=53023"}],"curies":[{"name":"wp","href":"https:\/\/api.w.org\/{rel}","templated":true}]}}