{"id":53004,"date":"2023-11-27T10:31:47","date_gmt":"2023-11-27T07:31:47","guid":{"rendered":"https:\/\/www.jurmalaslaivas.lv\/product\/benzina-motors-mercury-f50-efi\/"},"modified":"2023-12-06T15:33:47","modified_gmt":"2023-12-06T12:33:47","slug":"petrol-engine-mercury-f50-efi","status":"publish","type":"product","link":"https:\/\/www.jurmalaslaivas.lv\/en\/product\/petrol-engine-mercury-f50-efi\/","title":{"rendered":"Petrol engine MERCURY F50 EFI"},"content":{"rendered":"<h1 class=\"title\">Petrol engine MERCURY F50 EFI<\/h1>\n<p>Petrol engine MERCURY F50 EFI<\/p>\n<p>Mercury four-stroke boat engines &#8211; it is more than 70 years of experience in the production of boat engines. Mercury four-stroke engines provide up to 30% fuel economy. Safety &#8211; more than 70 years of experience in the production of boat engines, anti-corrosion coating, Discharge Ignition (CDI) ensures greater safety and easy starting, increased maneuverability and fuel economy. 4 tilting positions ensure easy access to areas with low water levels, Vibro-protective throttle valve control handle guarantees smooth engine response to operator control actions, built-in discharge ignition system block ensures accurate and timely ignition system work.<\/p>\n<p><span style=\"background-color: var(--bs-body-bg); color: var(--bs-body-color); font-family: var(--bs-body-font-family); font-size: var(--bs-body-font-size); font-weight: var(--bs-body-font-weight); text-align: var(--bs-body-text-align);\">PRODUKTA APRAKSTS<\/span><\/p>\n<div class=\"desc\">\n<table class=\"specs-table\">\n<tbody class=\"exposed\">\n<tr>\n<th>Jauda HP \/ kW<\/th>\n<td>\n<ul>\n<li>50\/37<\/li>\n<\/ul>\n<\/td>\n<\/tr>\n<tr>\n<th>Motora tips<\/th>\n<td>\n<ul>\n<li>Inline 4<\/li>\n<\/ul>\n<\/td>\n<\/tr>\n<tr>\n<th>(CID \/ CC)<\/th>\n<td>\n<ul>\n<li>60.8 \/ 995<\/li>\n<\/ul>\n<\/td>\n<\/tr>\n<tr>\n<th>Pilna Jauda RPM<\/th>\n<td>\n<ul>\n<li>5500-6000<\/li>\n<\/ul>\n<\/td>\n<\/tr>\n<tr>\n<th>Degvielas indukcijas sist\u0113ma<\/th>\n<td>\n<ul>\n<li>2 v\u0101rsti uz cilindru, vienreiz\u0113j\u0101 kamera (SOHC)<\/li>\n<\/ul>\n<\/td>\n<\/tr>\n<tr>\n<th>\u0122eneratora amp \/ Watt<\/th>\n<td>\n<ul>\n<li>18 amp \/ 226 vatu<\/li>\n<\/ul>\n<\/td>\n<\/tr>\n<tr>\n<th>Ieteicam\u0101 degviela<\/th>\n<td>\n<ul>\n<li>87% okt\u0101nskaitlis \/ l\u012bdz 10% etanola<\/li>\n<\/ul>\n<\/td>\n<\/tr>\n<tr>\n<th>Ieteicam\u0101 e\u013c\u013ca<\/p>\n<ul>\n<li><\/li>\n<\/ul>\n<\/th>\n<td>\n<ul>\n<li>Mercury FourStroke 25W40 Marine Oil<\/li>\n<\/ul>\n<\/td>\n<\/tr>\n<tr>\n<th>Motora aizsardz\u012bbas br\u012bdin\u0101\u0161anas sist\u0113ma<\/th>\n<td>\n<ul>\n<li>SmartCraft Engine Guardian<\/li>\n<\/ul>\n<\/td>\n<\/tr>\n<tr>\n<th>Savietojams ar SmartCraft digit\u0101lo tehnolo\u0123iju<\/th>\n<td>\n<ul>\n<li>J\u0101<\/li>\n<\/ul>\n<\/td>\n<\/tr>\n<\/tbody>\n<tbody class=\"specs-reveal\">\n<tr>\n<th>Starteris<\/th>\n<td>\n<ul>\n<li>Elektrisk\u0101 (pagrieziena atsl\u0113ga)<\/li>\n<\/ul>\n<\/td>\n<\/tr>\n<tr>\n<th>Vad\u012bba<\/th>\n<td>\n<ul>\n<li>Big Tiller Compatible<\/li>\n<li>Remote<\/li>\n<li>Tiller Kit<\/li>\n<\/ul>\n<\/td>\n<\/tr>\n<tr>\n<th>Motora k\u0101jas garums<\/th>\n<td>\n<ul>\n<li>20 &#8220;\/ 508 mm<\/li>\n<\/ul>\n<\/td>\n<\/tr>\n<tr>\n<th>Gearcase ratio<\/p>\n<ul>\n<li><\/li>\n<\/ul>\n<\/th>\n<td>\n<ul>\n<li>1.83:1 or 2.33:1 (CT model)<\/li>\n<\/ul>\n<\/td>\n<\/tr>\n<tr>\n<th>Motora svars * Viegl\u0101kais pieejamais modelis<\/th>\n<td>\n<ul>\n<li>112 kg<\/li>\n<\/ul>\n<\/td>\n<\/tr>\n<tr>\n<th>CARB zvaig\u017e\u0146u v\u0113rt\u0113jums<\/th>\n<td>\n<ul>\n<li>3<\/li>\n<\/ul>\n<\/td>\n<\/tr>\n<tr>\n<th>Bore and stroke<\/th>\n<td>\n<ul>\n<li>2,56 x 2,95 &#8220;\/ 65 x 75 mm<\/li>\n<\/ul>\n<\/td>\n<\/tr>\n<tr>\n<th>Aizdedze<\/th>\n<td>\n<ul>\n<li>ECM 70<\/li>\n<\/ul>\n<\/td>\n<\/tr>\n<tr>\n<th>Degvielas sist\u0113ma<\/th>\n<td>\n<ul>\n<li>Elektronisk\u0101 degvielas iesmidzin\u0101\u0161ana (EFI)<\/li>\n<li>ECM 07 Digital Inductive (CT model)<\/li>\n<li>ECM 70<\/li>\n<\/ul>\n<\/td>\n<\/tr>\n<tr>\n<th>Dzes\u0113\u0161anas sist\u0113ma<\/th>\n<td>\n<ul>\n<li>\u016adens dzes\u0113\u0161ana ar termostatu<\/li>\n<\/ul>\n<\/td>\n<\/tr>\n<tr>\n<th>\u0100trumk\u0101rba<\/th>\n<td>\n<ul>\n<li>F-N-R<\/li>\n<\/ul>\n<\/td>\n<\/tr>\n<tr>\n<th>Virziena varianti<\/th>\n<td>\n<ul>\n<li>Command Thrust (CT)<\/li>\n<li>Standard<\/li>\n<\/ul>\n<\/td>\n<\/tr>\n<tr>\n<th>Trim sist\u0113ma<\/th>\n<td>\n<ul>\n<li>Power Trim<\/li>\n<\/ul>\n<\/td>\n<\/tr>\n<tr>\n<th>Izpl\u016bdes sist\u0113ma<\/th>\n<td>\n<ul>\n<li>Through prop<\/li>\n<\/ul>\n<\/td>\n<\/tr>\n<tr>\n<th>Da\u013c\u0113ja \u016bdens apstr\u0101des diapazons (gr\u0101di)<\/th>\n<td>\n<ul>\n<li>20<\/li>\n<\/ul>\n<\/td>\n<\/tr>\n<tr>\n<th>Degvielas tvertne (p\u0113c izv\u0113les)<\/th>\n<td>\n<ul>\n<li>J\u0101<\/li>\n<\/ul>\n<\/td>\n<\/tr>\n<tr>\n<th>Kr\u0101sa<\/th>\n<td>\n<ul>\n<li>Melna<\/li>\n<\/ul>\n<\/td>\n<\/tr>\n<tr>\n<th>E\u013c\u013co\u0161anas sist\u0113ma<\/th>\n<td>\n<ul>\n<li>Wet sump<\/li>\n<\/ul>\n<\/td>\n<\/tr>\n<\/tbody>\n<\/table>\n<\/div>\n<div class=\"params\">\n<table class=\"params\">\n<tbody>\n<tr>\n<td class=\"label\">Ra\u017eot\u0101js:<\/td>\n<td class=\"date\">MERCURY<\/td>\n<\/tr>\n<tr class=\"nth\">\n<td class=\"label\">Kr\u0101sa:<\/td>\n<td class=\"date\">Melna<\/td>\n<\/tr>\n<tr>\n<td class=\"label\">Garantija:<\/td>\n<td class=\"date\">5 gadi<\/td>\n<\/tr>\n<tr>\n<td class=\"label\">Kategorija:<\/td>\n<td class=\"date\">Elektrisks ar atsl\u0113gu<\/td>\n<\/tr>\n<\/tbody>\n<\/table>\n<\/div>\n","protected":false},"excerpt":{"rendered":"<p>&nbsp;<\/p>\n<p>&nbsp; [&#8230;]<\/p>\n<p><a class=\"btn btn-secondary understrap-read-more-link\" href=\"https:\/\/www.jurmalaslaivas.lv\/en\/product\/petrol-engine-mercury-f50-efi\/\">Read More&#8230;<\/a><\/p>\n","protected":false},"featured_media":53002,"comment_status":"closed","ping_status":"closed","template":"","meta":{"_acf_changed":false,"inline_featured_image":false},"product_brand":[],"product_cat":[713,971,1152],"product_tag":[2231,2235,2229,2236,2237,2230,2234,2232,2233],"class_list":{"0":"post-53004","1":"product","2":"type-product","3":"status-publish","4":"has-post-thumbnail","6":"product_cat-outboard-engines-acessories","7":"product_cat-mercury-outboards-en","8":"product_cat-mercury-fourstroke-40-to-150-hp","9":"product_tag-benzina-dzineji","10":"product_tag-boat-motors","11":"product_tag-laivu-motori","12":"product_tag-outboard-boat-motors","13":"product_tag-petrol-engines","14":"product_tag-piekarinamie-laivu-motori","15":"product_tag-2234","16":"product_tag-2232","17":"product_tag-2233","19":"first","20":"instock","21":"shipping-taxable","22":"purchasable","23":"product-type-simple"},"acf":[],"yoast_head":"<!-- This site is optimized with the Yoast SEO plugin v27.0 - https:\/\/yoast.com\/product\/yoast-seo-wordpress\/ -->\n<title>Petrol engine MERCURY F50 EFI - Jurmalas Laivas<\/title>\n<meta name=\"description\" content=\"Petrol engine MERCURY F50 EFI. Mercury four-stroke boat engines - it is more than 70 years of experience in the production of Outboard boat engines.\" \/>\n<meta name=\"robots\" content=\"index, follow, max-snippet:-1, max-image-preview:large, max-video-preview:-1\" \/>\n<link rel=\"canonical\" href=\"https:\/\/www.jurmalaslaivas.lv\/en\/product\/petrol-engine-mercury-f50-efi\/\" \/>\n<meta property=\"og:locale\" content=\"en_US\" \/>\n<meta property=\"og:type\" content=\"article\" \/>\n<meta property=\"og:title\" content=\"Petrol engine MERCURY F50 EFI - Jurmalas Laivas\" \/>\n<meta property=\"og:description\" content=\"Petrol engine MERCURY F50 EFI. Mercury four-stroke boat engines - it is more than 70 years of experience in the production of Outboard boat engines.\" \/>\n<meta property=\"og:url\" content=\"https:\/\/www.jurmalaslaivas.lv\/en\/product\/petrol-engine-mercury-f50-efi\/\" \/>\n<meta property=\"og:site_name\" content=\"Jurmalas Laivas\" \/>\n<meta property=\"article:publisher\" content=\"https:\/\/www.facebook.com\/jurmalaslaivas\" \/>\n<meta property=\"article:modified_time\" content=\"2023-12-06T12:33:47+00:00\" \/>\n<meta property=\"og:image\" content=\"https:\/\/www.jurmalaslaivas.lv\/wp-content\/uploads\/2023\/11\/Mercury50.jpeg\" \/>\n\t<meta property=\"og:image:width\" content=\"255\" \/>\n\t<meta property=\"og:image:height\" content=\"585\" \/>\n\t<meta property=\"og:image:type\" content=\"image\/jpeg\" \/>\n<meta name=\"twitter:card\" content=\"summary_large_image\" \/>\n<meta name=\"twitter:label1\" content=\"Est. reading time\" \/>\n\t<meta name=\"twitter:data1\" content=\"2 minutes\" \/>\n<script type=\"application\/ld+json\" class=\"yoast-schema-graph\">{\"@context\":\"https:\/\/schema.org\",\"@graph\":[{\"@type\":\"WebPage\",\"@id\":\"https:\/\/www.jurmalaslaivas.lv\/en\/product\/petrol-engine-mercury-f50-efi\/\",\"url\":\"https:\/\/www.jurmalaslaivas.lv\/en\/product\/petrol-engine-mercury-f50-efi\/\",\"name\":\"Petrol engine MERCURY F50 EFI - Jurmalas Laivas\",\"isPartOf\":{\"@id\":\"https:\/\/www.jurmalaslaivas.lv\/en\/#website\"},\"primaryImageOfPage\":{\"@id\":\"https:\/\/www.jurmalaslaivas.lv\/en\/product\/petrol-engine-mercury-f50-efi\/#primaryimage\"},\"image\":{\"@id\":\"https:\/\/www.jurmalaslaivas.lv\/en\/product\/petrol-engine-mercury-f50-efi\/#primaryimage\"},\"thumbnailUrl\":\"https:\/\/www.jurmalaslaivas.lv\/wp-content\/uploads\/2023\/11\/Mercury50.jpeg\",\"datePublished\":\"2023-11-27T07:31:47+00:00\",\"dateModified\":\"2023-12-06T12:33:47+00:00\",\"description\":\"Petrol engine MERCURY F50 EFI. Mercury four-stroke boat engines - it is more than 70 years of experience in the production of Outboard boat engines.\",\"breadcrumb\":{\"@id\":\"https:\/\/www.jurmalaslaivas.lv\/en\/product\/petrol-engine-mercury-f50-efi\/#breadcrumb\"},\"inLanguage\":\"en-US\",\"potentialAction\":[{\"@type\":\"ReadAction\",\"target\":[\"https:\/\/www.jurmalaslaivas.lv\/en\/product\/petrol-engine-mercury-f50-efi\/\"]}]},{\"@type\":\"ImageObject\",\"inLanguage\":\"en-US\",\"@id\":\"https:\/\/www.jurmalaslaivas.lv\/en\/product\/petrol-engine-mercury-f50-efi\/#primaryimage\",\"url\":\"https:\/\/www.jurmalaslaivas.lv\/wp-content\/uploads\/2023\/11\/Mercury50.jpeg\",\"contentUrl\":\"https:\/\/www.jurmalaslaivas.lv\/wp-content\/uploads\/2023\/11\/Mercury50.jpeg\",\"width\":255,\"height\":585,\"caption\":\"Benz\u012bna motors MERCURY F50 EFI\"},{\"@type\":\"BreadcrumbList\",\"@id\":\"https:\/\/www.jurmalaslaivas.lv\/en\/product\/petrol-engine-mercury-f50-efi\/#breadcrumb\",\"itemListElement\":[{\"@type\":\"ListItem\",\"position\":1,\"name\":\"Home\",\"item\":\"https:\/\/www.jurmalaslaivas.lv\/en\/\"},{\"@type\":\"ListItem\",\"position\":2,\"name\":\"Shop\",\"item\":\"https:\/\/www.jurmalaslaivas.lv\/en\/shop-2shop\/\"},{\"@type\":\"ListItem\",\"position\":3,\"name\":\"Petrol engine MERCURY F50 EFI\"}]},{\"@type\":\"WebSite\",\"@id\":\"https:\/\/www.jurmalaslaivas.lv\/en\/#website\",\"url\":\"https:\/\/www.jurmalaslaivas.lv\/en\/\",\"name\":\"Jurmalaslaivas.lv\",\"description\":\"Laivu noma un veikals\",\"publisher\":{\"@id\":\"https:\/\/www.jurmalaslaivas.lv\/en\/#organization\"},\"potentialAction\":[{\"@type\":\"SearchAction\",\"target\":{\"@type\":\"EntryPoint\",\"urlTemplate\":\"https:\/\/www.jurmalaslaivas.lv\/en\/?s={search_term_string}\"},\"query-input\":{\"@type\":\"PropertyValueSpecification\",\"valueRequired\":true,\"valueName\":\"search_term_string\"}}],\"inLanguage\":\"en-US\"},{\"@type\":\"Organization\",\"@id\":\"https:\/\/www.jurmalaslaivas.lv\/en\/#organization\",\"name\":\"Jurmalaslaivas.lv\",\"url\":\"https:\/\/www.jurmalaslaivas.lv\/en\/\",\"logo\":{\"@type\":\"ImageObject\",\"inLanguage\":\"en-US\",\"@id\":\"https:\/\/www.jurmalaslaivas.lv\/en\/#\/schema\/logo\/image\/\",\"url\":\"https:\/\/www.jurmalaslaivas.lv\/wp-content\/uploads\/2022\/11\/jurmalas-laivas-balts-ar-rami.png\",\"contentUrl\":\"https:\/\/www.jurmalaslaivas.lv\/wp-content\/uploads\/2022\/11\/jurmalas-laivas-balts-ar-rami.png\",\"width\":500,\"height\":500,\"caption\":\"Jurmalaslaivas.lv\"},\"image\":{\"@id\":\"https:\/\/www.jurmalaslaivas.lv\/en\/#\/schema\/logo\/image\/\"},\"sameAs\":[\"https:\/\/www.facebook.com\/jurmalaslaivas\"]}]}<\/script>\n<!-- \/ Yoast SEO plugin. -->","yoast_head_json":{"title":"Petrol engine MERCURY F50 EFI - Jurmalas Laivas","description":"Petrol engine MERCURY F50 EFI. Mercury four-stroke boat engines - it is more than 70 years of experience in the production of Outboard boat engines.","robots":{"index":"index","follow":"follow","max-snippet":"max-snippet:-1","max-image-preview":"max-image-preview:large","max-video-preview":"max-video-preview:-1"},"canonical":"https:\/\/www.jurmalaslaivas.lv\/en\/product\/petrol-engine-mercury-f50-efi\/","og_locale":"en_US","og_type":"article","og_title":"Petrol engine MERCURY F50 EFI - Jurmalas Laivas","og_description":"Petrol engine MERCURY F50 EFI. Mercury four-stroke boat engines - it is more than 70 years of experience in the production of Outboard boat engines.","og_url":"https:\/\/www.jurmalaslaivas.lv\/en\/product\/petrol-engine-mercury-f50-efi\/","og_site_name":"Jurmalas Laivas","article_publisher":"https:\/\/www.facebook.com\/jurmalaslaivas","article_modified_time":"2023-12-06T12:33:47+00:00","og_image":[{"width":255,"height":585,"url":"https:\/\/www.jurmalaslaivas.lv\/wp-content\/uploads\/2023\/11\/Mercury50.jpeg","type":"image\/jpeg"}],"twitter_card":"summary_large_image","twitter_misc":{"Est. reading time":"2 minutes"},"schema":{"@context":"https:\/\/schema.org","@graph":[{"@type":"WebPage","@id":"https:\/\/www.jurmalaslaivas.lv\/en\/product\/petrol-engine-mercury-f50-efi\/","url":"https:\/\/www.jurmalaslaivas.lv\/en\/product\/petrol-engine-mercury-f50-efi\/","name":"Petrol engine MERCURY F50 EFI - Jurmalas Laivas","isPartOf":{"@id":"https:\/\/www.jurmalaslaivas.lv\/en\/#website"},"primaryImageOfPage":{"@id":"https:\/\/www.jurmalaslaivas.lv\/en\/product\/petrol-engine-mercury-f50-efi\/#primaryimage"},"image":{"@id":"https:\/\/www.jurmalaslaivas.lv\/en\/product\/petrol-engine-mercury-f50-efi\/#primaryimage"},"thumbnailUrl":"https:\/\/www.jurmalaslaivas.lv\/wp-content\/uploads\/2023\/11\/Mercury50.jpeg","datePublished":"2023-11-27T07:31:47+00:00","dateModified":"2023-12-06T12:33:47+00:00","description":"Petrol engine MERCURY F50 EFI. Mercury four-stroke boat engines - it is more than 70 years of experience in the production of Outboard boat engines.","breadcrumb":{"@id":"https:\/\/www.jurmalaslaivas.lv\/en\/product\/petrol-engine-mercury-f50-efi\/#breadcrumb"},"inLanguage":"en-US","potentialAction":[{"@type":"ReadAction","target":["https:\/\/www.jurmalaslaivas.lv\/en\/product\/petrol-engine-mercury-f50-efi\/"]}]},{"@type":"ImageObject","inLanguage":"en-US","@id":"https:\/\/www.jurmalaslaivas.lv\/en\/product\/petrol-engine-mercury-f50-efi\/#primaryimage","url":"https:\/\/www.jurmalaslaivas.lv\/wp-content\/uploads\/2023\/11\/Mercury50.jpeg","contentUrl":"https:\/\/www.jurmalaslaivas.lv\/wp-content\/uploads\/2023\/11\/Mercury50.jpeg","width":255,"height":585,"caption":"Benz\u012bna motors MERCURY F50 EFI"},{"@type":"BreadcrumbList","@id":"https:\/\/www.jurmalaslaivas.lv\/en\/product\/petrol-engine-mercury-f50-efi\/#breadcrumb","itemListElement":[{"@type":"ListItem","position":1,"name":"Home","item":"https:\/\/www.jurmalaslaivas.lv\/en\/"},{"@type":"ListItem","position":2,"name":"Shop","item":"https:\/\/www.jurmalaslaivas.lv\/en\/shop-2shop\/"},{"@type":"ListItem","position":3,"name":"Petrol engine MERCURY F50 EFI"}]},{"@type":"WebSite","@id":"https:\/\/www.jurmalaslaivas.lv\/en\/#website","url":"https:\/\/www.jurmalaslaivas.lv\/en\/","name":"Jurmalaslaivas.lv","description":"Laivu noma un veikals","publisher":{"@id":"https:\/\/www.jurmalaslaivas.lv\/en\/#organization"},"potentialAction":[{"@type":"SearchAction","target":{"@type":"EntryPoint","urlTemplate":"https:\/\/www.jurmalaslaivas.lv\/en\/?s={search_term_string}"},"query-input":{"@type":"PropertyValueSpecification","valueRequired":true,"valueName":"search_term_string"}}],"inLanguage":"en-US"},{"@type":"Organization","@id":"https:\/\/www.jurmalaslaivas.lv\/en\/#organization","name":"Jurmalaslaivas.lv","url":"https:\/\/www.jurmalaslaivas.lv\/en\/","logo":{"@type":"ImageObject","inLanguage":"en-US","@id":"https:\/\/www.jurmalaslaivas.lv\/en\/#\/schema\/logo\/image\/","url":"https:\/\/www.jurmalaslaivas.lv\/wp-content\/uploads\/2022\/11\/jurmalas-laivas-balts-ar-rami.png","contentUrl":"https:\/\/www.jurmalaslaivas.lv\/wp-content\/uploads\/2022\/11\/jurmalas-laivas-balts-ar-rami.png","width":500,"height":500,"caption":"Jurmalaslaivas.lv"},"image":{"@id":"https:\/\/www.jurmalaslaivas.lv\/en\/#\/schema\/logo\/image\/"},"sameAs":["https:\/\/www.facebook.com\/jurmalaslaivas"]}]}},"_links":{"self":[{"href":"https:\/\/www.jurmalaslaivas.lv\/en\/wp-json\/wp\/v2\/product\/53004","targetHints":{"allow":["GET"]}}],"collection":[{"href":"https:\/\/www.jurmalaslaivas.lv\/en\/wp-json\/wp\/v2\/product"}],"about":[{"href":"https:\/\/www.jurmalaslaivas.lv\/en\/wp-json\/wp\/v2\/types\/product"}],"replies":[{"embeddable":true,"href":"https:\/\/www.jurmalaslaivas.lv\/en\/wp-json\/wp\/v2\/comments?post=53004"}],"wp:featuredmedia":[{"embeddable":true,"href":"https:\/\/www.jurmalaslaivas.lv\/en\/wp-json\/wp\/v2\/media\/53002"}],"wp:attachment":[{"href":"https:\/\/www.jurmalaslaivas.lv\/en\/wp-json\/wp\/v2\/media?parent=53004"}],"wp:term":[{"taxonomy":"product_brand","embeddable":true,"href":"https:\/\/www.jurmalaslaivas.lv\/en\/wp-json\/wp\/v2\/product_brand?post=53004"},{"taxonomy":"product_cat","embeddable":true,"href":"https:\/\/www.jurmalaslaivas.lv\/en\/wp-json\/wp\/v2\/product_cat?post=53004"},{"taxonomy":"product_tag","embeddable":true,"href":"https:\/\/www.jurmalaslaivas.lv\/en\/wp-json\/wp\/v2\/product_tag?post=53004"}],"curies":[{"name":"wp","href":"https:\/\/api.w.org\/{rel}","templated":true}]}}