{"id":51549,"date":"2023-11-06T15:38:47","date_gmt":"2023-11-06T12:38:47","guid":{"rendered":"https:\/\/www.jurmalaslaivas.lv\/product\/airi-ar-plastmasas-lapstinam-210-cm\/"},"modified":"2026-02-23T18:01:19","modified_gmt":"2026-02-23T15:01:19","slug":"oars-with-plastic-blades-210-cm","status":"publish","type":"product","link":"https:\/\/www.jurmalaslaivas.lv\/en\/product\/oars-with-plastic-blades-210-cm\/","title":{"rendered":"Oars with plastic blades 210 cm"},"content":{"rendered":"<h1>Oars with plastic blades 210 cm<\/h1>\n<p>Oars with plastic blades 210 cm<\/p>\n<p>Price for 2 pcs.<\/p>\n<p>High-quality Finnish Lahna oars with plastic paddles<\/p>\n<p>A multipurpose oar with a durable plastic blade which can be exchanged or detached for transport or storage.<\/p>\n","protected":false},"excerpt":{"rendered":"<p>&nbsp;<\/p>\n<p>Oars with plastic blades 210 cm [&#8230;]<\/p>\n<p><a class=\"btn btn-secondary understrap-read-more-link\" href=\"https:\/\/www.jurmalaslaivas.lv\/en\/product\/oars-with-plastic-blades-210-cm\/\">Read More&#8230;<\/a><\/p>\n","protected":false},"featured_media":51540,"comment_status":"closed","ping_status":"closed","template":"","meta":{"_acf_changed":false,"inline_featured_image":false},"product_brand":[],"product_cat":[673,677],"product_tag":[2103,2122,2104,2136,2138,2110,2105,2264,2107,2106,2137,2108,2109,2124],"class_list":{"0":"post-51549","1":"product","2":"type-product","3":"status-publish","4":"has-post-thumbnail","6":"product_cat-oars-holders","7":"product_cat-paddle-boat-oars","8":"product_tag-airi","9":"product_tag-airi-ar-plastmasas-lapstinu","10":"product_tag-airu-laivu-airi","11":"product_tag-aluminija-airi","12":"product_tag-aluminum-oars","13":"product_tag-lahna","14":"product_tag-oars","15":"product_tag-oars-with-plastic-blades","16":"product_tag-paddles","17":"product_tag-rowing-boat-oars","18":"product_tag-2137","19":"product_tag-2108","20":"product_tag-2109","21":"product_tag-2124","23":"first","24":"instock","25":"shipping-taxable","26":"purchasable","27":"product-type-simple"},"acf":[],"yoast_head":"<!-- This site is optimized with the Yoast SEO plugin v27.0 - https:\/\/yoast.com\/product\/yoast-seo-wordpress\/ -->\n<title>Oars with plastic blades 210 cm - Jurmalas Laivas<\/title>\n<meta name=\"description\" content=\"Oars with plastic blades 210 cm. Price for 2 pcs. High-quality Finnish Lahna oars with plastic paddles at the boat shop J\u016brmala boats\" \/>\n<meta name=\"robots\" content=\"index, follow, max-snippet:-1, max-image-preview:large, max-video-preview:-1\" \/>\n<link rel=\"canonical\" href=\"https:\/\/www.jurmalaslaivas.lv\/en\/product\/oars-with-plastic-blades-210-cm\/\" \/>\n<meta property=\"og:locale\" content=\"en_US\" \/>\n<meta property=\"og:type\" content=\"article\" \/>\n<meta property=\"og:title\" content=\"Oars with plastic blades 210 cm - Jurmalas Laivas\" \/>\n<meta property=\"og:description\" content=\"Oars with plastic blades 210 cm. Price for 2 pcs. High-quality Finnish Lahna oars with plastic paddles at the boat shop J\u016brmala boats\" \/>\n<meta property=\"og:url\" content=\"https:\/\/www.jurmalaslaivas.lv\/en\/product\/oars-with-plastic-blades-210-cm\/\" \/>\n<meta property=\"og:site_name\" content=\"Jurmalas Laivas\" \/>\n<meta property=\"article:publisher\" content=\"https:\/\/www.facebook.com\/jurmalaslaivas\" \/>\n<meta property=\"article:modified_time\" content=\"2026-02-23T15:01:19+00:00\" \/>\n<meta property=\"og:image\" content=\"https:\/\/www.jurmalaslaivas.lv\/wp-content\/uploads\/2023\/11\/Lahna.jpg\" \/>\n\t<meta property=\"og:image:width\" content=\"800\" \/>\n\t<meta property=\"og:image:height\" content=\"800\" \/>\n\t<meta property=\"og:image:type\" content=\"image\/jpeg\" \/>\n<meta name=\"twitter:card\" content=\"summary_large_image\" \/>\n<meta name=\"twitter:label1\" content=\"Est. reading time\" \/>\n\t<meta name=\"twitter:data1\" content=\"1 minute\" \/>\n<script type=\"application\/ld+json\" class=\"yoast-schema-graph\">{\"@context\":\"https:\/\/schema.org\",\"@graph\":[{\"@type\":\"WebPage\",\"@id\":\"https:\/\/www.jurmalaslaivas.lv\/en\/product\/oars-with-plastic-blades-210-cm\/\",\"url\":\"https:\/\/www.jurmalaslaivas.lv\/en\/product\/oars-with-plastic-blades-210-cm\/\",\"name\":\"Oars with plastic blades 210 cm - Jurmalas Laivas\",\"isPartOf\":{\"@id\":\"https:\/\/www.jurmalaslaivas.lv\/en\/#website\"},\"primaryImageOfPage\":{\"@id\":\"https:\/\/www.jurmalaslaivas.lv\/en\/product\/oars-with-plastic-blades-210-cm\/#primaryimage\"},\"image\":{\"@id\":\"https:\/\/www.jurmalaslaivas.lv\/en\/product\/oars-with-plastic-blades-210-cm\/#primaryimage\"},\"thumbnailUrl\":\"https:\/\/www.jurmalaslaivas.lv\/wp-content\/uploads\/2023\/11\/Lahna.jpg\",\"datePublished\":\"2023-11-06T12:38:47+00:00\",\"dateModified\":\"2026-02-23T15:01:19+00:00\",\"description\":\"Oars with plastic blades 210 cm. Price for 2 pcs. High-quality Finnish Lahna oars with plastic paddles at the boat shop J\u016brmala boats\",\"breadcrumb\":{\"@id\":\"https:\/\/www.jurmalaslaivas.lv\/en\/product\/oars-with-plastic-blades-210-cm\/#breadcrumb\"},\"inLanguage\":\"en-US\",\"potentialAction\":[{\"@type\":\"ReadAction\",\"target\":[\"https:\/\/www.jurmalaslaivas.lv\/en\/product\/oars-with-plastic-blades-210-cm\/\"]}]},{\"@type\":\"ImageObject\",\"inLanguage\":\"en-US\",\"@id\":\"https:\/\/www.jurmalaslaivas.lv\/en\/product\/oars-with-plastic-blades-210-cm\/#primaryimage\",\"url\":\"https:\/\/www.jurmalaslaivas.lv\/wp-content\/uploads\/2023\/11\/Lahna.jpg\",\"contentUrl\":\"https:\/\/www.jurmalaslaivas.lv\/wp-content\/uploads\/2023\/11\/Lahna.jpg\",\"width\":800,\"height\":800,\"caption\":\"Airi ar plastmasas l\u0101psti\u0146\u0101m 180 cm\"},{\"@type\":\"BreadcrumbList\",\"@id\":\"https:\/\/www.jurmalaslaivas.lv\/en\/product\/oars-with-plastic-blades-210-cm\/#breadcrumb\",\"itemListElement\":[{\"@type\":\"ListItem\",\"position\":1,\"name\":\"Home\",\"item\":\"https:\/\/www.jurmalaslaivas.lv\/en\/\"},{\"@type\":\"ListItem\",\"position\":2,\"name\":\"Shop\",\"item\":\"https:\/\/www.jurmalaslaivas.lv\/en\/shop-2shop\/\"},{\"@type\":\"ListItem\",\"position\":3,\"name\":\"Oars with plastic blades 210 cm\"}]},{\"@type\":\"WebSite\",\"@id\":\"https:\/\/www.jurmalaslaivas.lv\/en\/#website\",\"url\":\"https:\/\/www.jurmalaslaivas.lv\/en\/\",\"name\":\"Jurmalaslaivas.lv\",\"description\":\"Laivu noma un veikals\",\"publisher\":{\"@id\":\"https:\/\/www.jurmalaslaivas.lv\/en\/#organization\"},\"potentialAction\":[{\"@type\":\"SearchAction\",\"target\":{\"@type\":\"EntryPoint\",\"urlTemplate\":\"https:\/\/www.jurmalaslaivas.lv\/en\/?s={search_term_string}\"},\"query-input\":{\"@type\":\"PropertyValueSpecification\",\"valueRequired\":true,\"valueName\":\"search_term_string\"}}],\"inLanguage\":\"en-US\"},{\"@type\":\"Organization\",\"@id\":\"https:\/\/www.jurmalaslaivas.lv\/en\/#organization\",\"name\":\"Jurmalaslaivas.lv\",\"url\":\"https:\/\/www.jurmalaslaivas.lv\/en\/\",\"logo\":{\"@type\":\"ImageObject\",\"inLanguage\":\"en-US\",\"@id\":\"https:\/\/www.jurmalaslaivas.lv\/en\/#\/schema\/logo\/image\/\",\"url\":\"https:\/\/www.jurmalaslaivas.lv\/wp-content\/uploads\/2022\/11\/jurmalas-laivas-balts-ar-rami.png\",\"contentUrl\":\"https:\/\/www.jurmalaslaivas.lv\/wp-content\/uploads\/2022\/11\/jurmalas-laivas-balts-ar-rami.png\",\"width\":500,\"height\":500,\"caption\":\"Jurmalaslaivas.lv\"},\"image\":{\"@id\":\"https:\/\/www.jurmalaslaivas.lv\/en\/#\/schema\/logo\/image\/\"},\"sameAs\":[\"https:\/\/www.facebook.com\/jurmalaslaivas\"]}]}<\/script>\n<!-- \/ Yoast SEO plugin. -->","yoast_head_json":{"title":"Oars with plastic blades 210 cm - Jurmalas Laivas","description":"Oars with plastic blades 210 cm. Price for 2 pcs. High-quality Finnish Lahna oars with plastic paddles at the boat shop J\u016brmala boats","robots":{"index":"index","follow":"follow","max-snippet":"max-snippet:-1","max-image-preview":"max-image-preview:large","max-video-preview":"max-video-preview:-1"},"canonical":"https:\/\/www.jurmalaslaivas.lv\/en\/product\/oars-with-plastic-blades-210-cm\/","og_locale":"en_US","og_type":"article","og_title":"Oars with plastic blades 210 cm - Jurmalas Laivas","og_description":"Oars with plastic blades 210 cm. Price for 2 pcs. High-quality Finnish Lahna oars with plastic paddles at the boat shop J\u016brmala boats","og_url":"https:\/\/www.jurmalaslaivas.lv\/en\/product\/oars-with-plastic-blades-210-cm\/","og_site_name":"Jurmalas Laivas","article_publisher":"https:\/\/www.facebook.com\/jurmalaslaivas","article_modified_time":"2026-02-23T15:01:19+00:00","og_image":[{"width":800,"height":800,"url":"https:\/\/www.jurmalaslaivas.lv\/wp-content\/uploads\/2023\/11\/Lahna.jpg","type":"image\/jpeg"}],"twitter_card":"summary_large_image","twitter_misc":{"Est. reading time":"1 minute"},"schema":{"@context":"https:\/\/schema.org","@graph":[{"@type":"WebPage","@id":"https:\/\/www.jurmalaslaivas.lv\/en\/product\/oars-with-plastic-blades-210-cm\/","url":"https:\/\/www.jurmalaslaivas.lv\/en\/product\/oars-with-plastic-blades-210-cm\/","name":"Oars with plastic blades 210 cm - Jurmalas Laivas","isPartOf":{"@id":"https:\/\/www.jurmalaslaivas.lv\/en\/#website"},"primaryImageOfPage":{"@id":"https:\/\/www.jurmalaslaivas.lv\/en\/product\/oars-with-plastic-blades-210-cm\/#primaryimage"},"image":{"@id":"https:\/\/www.jurmalaslaivas.lv\/en\/product\/oars-with-plastic-blades-210-cm\/#primaryimage"},"thumbnailUrl":"https:\/\/www.jurmalaslaivas.lv\/wp-content\/uploads\/2023\/11\/Lahna.jpg","datePublished":"2023-11-06T12:38:47+00:00","dateModified":"2026-02-23T15:01:19+00:00","description":"Oars with plastic blades 210 cm. Price for 2 pcs. High-quality Finnish Lahna oars with plastic paddles at the boat shop J\u016brmala boats","breadcrumb":{"@id":"https:\/\/www.jurmalaslaivas.lv\/en\/product\/oars-with-plastic-blades-210-cm\/#breadcrumb"},"inLanguage":"en-US","potentialAction":[{"@type":"ReadAction","target":["https:\/\/www.jurmalaslaivas.lv\/en\/product\/oars-with-plastic-blades-210-cm\/"]}]},{"@type":"ImageObject","inLanguage":"en-US","@id":"https:\/\/www.jurmalaslaivas.lv\/en\/product\/oars-with-plastic-blades-210-cm\/#primaryimage","url":"https:\/\/www.jurmalaslaivas.lv\/wp-content\/uploads\/2023\/11\/Lahna.jpg","contentUrl":"https:\/\/www.jurmalaslaivas.lv\/wp-content\/uploads\/2023\/11\/Lahna.jpg","width":800,"height":800,"caption":"Airi ar plastmasas l\u0101psti\u0146\u0101m 180 cm"},{"@type":"BreadcrumbList","@id":"https:\/\/www.jurmalaslaivas.lv\/en\/product\/oars-with-plastic-blades-210-cm\/#breadcrumb","itemListElement":[{"@type":"ListItem","position":1,"name":"Home","item":"https:\/\/www.jurmalaslaivas.lv\/en\/"},{"@type":"ListItem","position":2,"name":"Shop","item":"https:\/\/www.jurmalaslaivas.lv\/en\/shop-2shop\/"},{"@type":"ListItem","position":3,"name":"Oars with plastic blades 210 cm"}]},{"@type":"WebSite","@id":"https:\/\/www.jurmalaslaivas.lv\/en\/#website","url":"https:\/\/www.jurmalaslaivas.lv\/en\/","name":"Jurmalaslaivas.lv","description":"Laivu noma un veikals","publisher":{"@id":"https:\/\/www.jurmalaslaivas.lv\/en\/#organization"},"potentialAction":[{"@type":"SearchAction","target":{"@type":"EntryPoint","urlTemplate":"https:\/\/www.jurmalaslaivas.lv\/en\/?s={search_term_string}"},"query-input":{"@type":"PropertyValueSpecification","valueRequired":true,"valueName":"search_term_string"}}],"inLanguage":"en-US"},{"@type":"Organization","@id":"https:\/\/www.jurmalaslaivas.lv\/en\/#organization","name":"Jurmalaslaivas.lv","url":"https:\/\/www.jurmalaslaivas.lv\/en\/","logo":{"@type":"ImageObject","inLanguage":"en-US","@id":"https:\/\/www.jurmalaslaivas.lv\/en\/#\/schema\/logo\/image\/","url":"https:\/\/www.jurmalaslaivas.lv\/wp-content\/uploads\/2022\/11\/jurmalas-laivas-balts-ar-rami.png","contentUrl":"https:\/\/www.jurmalaslaivas.lv\/wp-content\/uploads\/2022\/11\/jurmalas-laivas-balts-ar-rami.png","width":500,"height":500,"caption":"Jurmalaslaivas.lv"},"image":{"@id":"https:\/\/www.jurmalaslaivas.lv\/en\/#\/schema\/logo\/image\/"},"sameAs":["https:\/\/www.facebook.com\/jurmalaslaivas"]}]}},"_links":{"self":[{"href":"https:\/\/www.jurmalaslaivas.lv\/en\/wp-json\/wp\/v2\/product\/51549","targetHints":{"allow":["GET"]}}],"collection":[{"href":"https:\/\/www.jurmalaslaivas.lv\/en\/wp-json\/wp\/v2\/product"}],"about":[{"href":"https:\/\/www.jurmalaslaivas.lv\/en\/wp-json\/wp\/v2\/types\/product"}],"replies":[{"embeddable":true,"href":"https:\/\/www.jurmalaslaivas.lv\/en\/wp-json\/wp\/v2\/comments?post=51549"}],"wp:featuredmedia":[{"embeddable":true,"href":"https:\/\/www.jurmalaslaivas.lv\/en\/wp-json\/wp\/v2\/media\/51540"}],"wp:attachment":[{"href":"https:\/\/www.jurmalaslaivas.lv\/en\/wp-json\/wp\/v2\/media?parent=51549"}],"wp:term":[{"taxonomy":"product_brand","embeddable":true,"href":"https:\/\/www.jurmalaslaivas.lv\/en\/wp-json\/wp\/v2\/product_brand?post=51549"},{"taxonomy":"product_cat","embeddable":true,"href":"https:\/\/www.jurmalaslaivas.lv\/en\/wp-json\/wp\/v2\/product_cat?post=51549"},{"taxonomy":"product_tag","embeddable":true,"href":"https:\/\/www.jurmalaslaivas.lv\/en\/wp-json\/wp\/v2\/product_tag?post=51549"}],"curies":[{"name":"wp","href":"https:\/\/api.w.org\/{rel}","templated":true}]}}