{"id":49913,"date":"2023-02-13T21:16:37","date_gmt":"2023-02-13T18:16:37","guid":{"rendered":"https:\/\/www.jurmalaslaivas.lv\/product\/piepusama-laiva-ar-augstpiediena-gridu-3-30m\/"},"modified":"2023-02-14T20:16:48","modified_gmt":"2023-02-14T17:16:48","slug":"inflatable-boat-with-high-pressure-floor-3-30m","status":"publish","type":"product","link":"https:\/\/www.jurmalaslaivas.lv\/en\/product\/inflatable-boat-with-high-pressure-floor-3-30m\/","title":{"rendered":"Inflatable boat with high-pressure floor 3.30M"},"content":{"rendered":"<h1>Inflatable boat with high-pressure floor 3.30M<\/h1>\n<p>Inflatable boat with high-pressure floor 3.30M<\/p>\n<table class=\"table\">\n<tbody>\n<tr>\n<th>LENGTH, M<\/th>\n<td>3.equipment<\/td>\n<\/tr>\n<tr>\n<th>WIDTH, M<\/th>\n<td>1.73<\/td>\n<\/tr>\n<tr>\n<th>INSIDE LENGTH, M<\/th>\n<td>2.25<\/td>\n<\/tr>\n<tr>\n<th>INSIDE WIDTH, M<\/th>\n<td>0.75<\/td>\n<\/tr>\n<tr>\n<th>BALLOON`S DIAMETER, M<\/th>\n<td>0.41<\/td>\n<\/tr>\n<tr>\n<th>NUMBER OF PEOPLE<\/th>\n<td>Boat-carrying<\/td>\n<\/tr>\n<tr>\n<th>NUMBER OF COLLECTORS<\/th>\n<td>3+KEEL<\/td>\n<\/tr>\n<tr>\n<th>TONNAGE, KG<\/th>\n<td>590<\/td>\n<\/tr>\n<tr>\n<th>SET WEIGHT, KG<\/th>\n<td>66<\/td>\n<\/tr>\n<tr>\n<th>MOTOR ENGINE KW\/HP<\/th>\n<td>14.9\/20<\/td>\n<\/tr>\n<tr>\n<th>BOAT DESIGN CATEGORY<\/th>\n<td>C<\/td>\n<\/tr>\n<tr>\n<th>FLOOR TYPE<\/th>\n<td>Inflatable flooring<\/td>\n<\/tr>\n<\/tbody>\n<\/table>\n<p><strong>Standard equipments<\/strong><br \/>\n\u2022 One pair of two-piece aluminum anodized oars<br \/>\n\u2022 Marine grade plywood bench seat<br \/>\n\u2022 Boat carrying bag<br \/>\n\u2022 Floor bag<br \/>\n\u2022 Repairing kit<br \/>\n\u2022 Foot or hand pump<\/p>\n","protected":false},"excerpt":{"rendered":"<p>&nbsp;<\/p>\n<p>Articul: MB-330KIB [&#8230;]<\/p>\n<p><a class=\"btn btn-secondary understrap-read-more-link\" href=\"https:\/\/www.jurmalaslaivas.lv\/en\/product\/inflatable-boat-with-high-pressure-floor-3-30m\/\">Read More&#8230;<\/a><\/p>\n","protected":false},"featured_media":49911,"comment_status":"closed","ping_status":"closed","template":"","meta":{"_acf_changed":false,"inline_featured_image":false},"product_brand":[],"product_cat":[571,951],"product_tag":[1248,1253,1484,1457,1480,1258,1427,1482,1477,1259,1481,1262,1264,1479,1267,1459,1483],"class_list":{"0":"post-49913","1":"product","2":"type-product","3":"status-publish","4":"has-post-thumbnail","6":"product_cat-boats","7":"product_cat-inflatable-wave-fun-boats","8":"product_tag-airu-laiva","9":"product_tag-boat","10":"product_tag-buy-a-boat","11":"product_tag-inflatable-pvc-boat","12":"product_tag-kur-pirkt-laivu","13":"product_tag-laiva","14":"product_tag-laivas","15":"product_tag-laivas-cena","16":"product_tag-pvc-laiva","17":"product_tag-rowing-boat","18":"product_tag-1481","19":"product_tag-1262","20":"product_tag-1264","21":"product_tag-1479","22":"product_tag-1267","23":"product_tag-1459","24":"product_tag-1483","26":"first","27":"instock","28":"shipping-taxable","29":"purchasable","30":"product-type-simple"},"acf":[],"yoast_head":"<!-- This site is optimized with the Yoast SEO plugin v27.0 - https:\/\/yoast.com\/product\/yoast-seo-wordpress\/ -->\n<title>Inflatable boat with high-pressure floor 3.30M - Jurmalas Laivas<\/title>\n<meta name=\"description\" content=\"Inflatable boat with high-pressure floor 3.30M. SET WEIGHT, KG 66MOTOR ENGINE KW\/HP 14.9\/20BOAT DESIGN CATEGORY CFLOOR TYPE Inflatable flooring\" \/>\n<meta name=\"robots\" content=\"index, follow, max-snippet:-1, max-image-preview:large, max-video-preview:-1\" \/>\n<link rel=\"canonical\" href=\"https:\/\/www.jurmalaslaivas.lv\/en\/product\/inflatable-boat-with-high-pressure-floor-3-30m\/\" \/>\n<meta property=\"og:locale\" content=\"en_US\" \/>\n<meta property=\"og:type\" content=\"article\" \/>\n<meta property=\"og:title\" content=\"Inflatable boat with high-pressure floor 3.30M - Jurmalas Laivas\" \/>\n<meta property=\"og:description\" content=\"Inflatable boat with high-pressure floor 3.30M. SET WEIGHT, KG 66MOTOR ENGINE KW\/HP 14.9\/20BOAT DESIGN CATEGORY CFLOOR TYPE Inflatable flooring\" \/>\n<meta property=\"og:url\" content=\"https:\/\/www.jurmalaslaivas.lv\/en\/product\/inflatable-boat-with-high-pressure-floor-3-30m\/\" \/>\n<meta property=\"og:site_name\" content=\"Jurmalas Laivas\" \/>\n<meta property=\"article:publisher\" content=\"https:\/\/www.facebook.com\/jurmalaslaivas\" \/>\n<meta property=\"article:modified_time\" content=\"2023-02-14T17:16:48+00:00\" \/>\n<meta property=\"og:image\" content=\"https:\/\/www.jurmalaslaivas.lv\/wp-content\/uploads\/2023\/02\/330M.jpg\" \/>\n\t<meta property=\"og:image:width\" content=\"1080\" \/>\n\t<meta property=\"og:image:height\" content=\"1080\" \/>\n\t<meta property=\"og:image:type\" content=\"image\/jpeg\" \/>\n<meta name=\"twitter:card\" content=\"summary_large_image\" \/>\n<meta name=\"twitter:label1\" content=\"Est. reading time\" \/>\n\t<meta name=\"twitter:data1\" content=\"1 minute\" \/>\n<script type=\"application\/ld+json\" class=\"yoast-schema-graph\">{\"@context\":\"https:\/\/schema.org\",\"@graph\":[{\"@type\":\"WebPage\",\"@id\":\"https:\/\/www.jurmalaslaivas.lv\/en\/product\/inflatable-boat-with-high-pressure-floor-3-30m\/\",\"url\":\"https:\/\/www.jurmalaslaivas.lv\/en\/product\/inflatable-boat-with-high-pressure-floor-3-30m\/\",\"name\":\"Inflatable boat with high-pressure floor 3.30M - Jurmalas Laivas\",\"isPartOf\":{\"@id\":\"https:\/\/www.jurmalaslaivas.lv\/en\/#website\"},\"primaryImageOfPage\":{\"@id\":\"https:\/\/www.jurmalaslaivas.lv\/en\/product\/inflatable-boat-with-high-pressure-floor-3-30m\/#primaryimage\"},\"image\":{\"@id\":\"https:\/\/www.jurmalaslaivas.lv\/en\/product\/inflatable-boat-with-high-pressure-floor-3-30m\/#primaryimage\"},\"thumbnailUrl\":\"https:\/\/www.jurmalaslaivas.lv\/wp-content\/uploads\/2023\/02\/330M.jpg\",\"datePublished\":\"2023-02-13T18:16:37+00:00\",\"dateModified\":\"2023-02-14T17:16:48+00:00\",\"description\":\"Inflatable boat with high-pressure floor 3.30M. SET WEIGHT, KG 66MOTOR ENGINE KW\/HP 14.9\/20BOAT DESIGN CATEGORY CFLOOR TYPE Inflatable flooring\",\"breadcrumb\":{\"@id\":\"https:\/\/www.jurmalaslaivas.lv\/en\/product\/inflatable-boat-with-high-pressure-floor-3-30m\/#breadcrumb\"},\"inLanguage\":\"en-US\",\"potentialAction\":[{\"@type\":\"ReadAction\",\"target\":[\"https:\/\/www.jurmalaslaivas.lv\/en\/product\/inflatable-boat-with-high-pressure-floor-3-30m\/\"]}]},{\"@type\":\"ImageObject\",\"inLanguage\":\"en-US\",\"@id\":\"https:\/\/www.jurmalaslaivas.lv\/en\/product\/inflatable-boat-with-high-pressure-floor-3-30m\/#primaryimage\",\"url\":\"https:\/\/www.jurmalaslaivas.lv\/wp-content\/uploads\/2023\/02\/330M.jpg\",\"contentUrl\":\"https:\/\/www.jurmalaslaivas.lv\/wp-content\/uploads\/2023\/02\/330M.jpg\",\"width\":1080,\"height\":1080,\"caption\":\"Piep\u016b\u0161ama laiva ar augstpiediena gr\u012bdu 3.30M\"},{\"@type\":\"BreadcrumbList\",\"@id\":\"https:\/\/www.jurmalaslaivas.lv\/en\/product\/inflatable-boat-with-high-pressure-floor-3-30m\/#breadcrumb\",\"itemListElement\":[{\"@type\":\"ListItem\",\"position\":1,\"name\":\"Home\",\"item\":\"https:\/\/www.jurmalaslaivas.lv\/en\/\"},{\"@type\":\"ListItem\",\"position\":2,\"name\":\"Shop\",\"item\":\"https:\/\/www.jurmalaslaivas.lv\/en\/shop-2shop\/\"},{\"@type\":\"ListItem\",\"position\":3,\"name\":\"Inflatable boat with high-pressure floor 3.30M\"}]},{\"@type\":\"WebSite\",\"@id\":\"https:\/\/www.jurmalaslaivas.lv\/en\/#website\",\"url\":\"https:\/\/www.jurmalaslaivas.lv\/en\/\",\"name\":\"Jurmalaslaivas.lv\",\"description\":\"Laivu noma un veikals\",\"publisher\":{\"@id\":\"https:\/\/www.jurmalaslaivas.lv\/en\/#organization\"},\"potentialAction\":[{\"@type\":\"SearchAction\",\"target\":{\"@type\":\"EntryPoint\",\"urlTemplate\":\"https:\/\/www.jurmalaslaivas.lv\/en\/?s={search_term_string}\"},\"query-input\":{\"@type\":\"PropertyValueSpecification\",\"valueRequired\":true,\"valueName\":\"search_term_string\"}}],\"inLanguage\":\"en-US\"},{\"@type\":\"Organization\",\"@id\":\"https:\/\/www.jurmalaslaivas.lv\/en\/#organization\",\"name\":\"Jurmalaslaivas.lv\",\"url\":\"https:\/\/www.jurmalaslaivas.lv\/en\/\",\"logo\":{\"@type\":\"ImageObject\",\"inLanguage\":\"en-US\",\"@id\":\"https:\/\/www.jurmalaslaivas.lv\/en\/#\/schema\/logo\/image\/\",\"url\":\"https:\/\/www.jurmalaslaivas.lv\/wp-content\/uploads\/2022\/11\/jurmalas-laivas-balts-ar-rami.png\",\"contentUrl\":\"https:\/\/www.jurmalaslaivas.lv\/wp-content\/uploads\/2022\/11\/jurmalas-laivas-balts-ar-rami.png\",\"width\":500,\"height\":500,\"caption\":\"Jurmalaslaivas.lv\"},\"image\":{\"@id\":\"https:\/\/www.jurmalaslaivas.lv\/en\/#\/schema\/logo\/image\/\"},\"sameAs\":[\"https:\/\/www.facebook.com\/jurmalaslaivas\"]}]}<\/script>\n<!-- \/ Yoast SEO plugin. -->","yoast_head_json":{"title":"Inflatable boat with high-pressure floor 3.30M - Jurmalas Laivas","description":"Inflatable boat with high-pressure floor 3.30M. SET WEIGHT, KG 66MOTOR ENGINE KW\/HP 14.9\/20BOAT DESIGN CATEGORY CFLOOR TYPE Inflatable flooring","robots":{"index":"index","follow":"follow","max-snippet":"max-snippet:-1","max-image-preview":"max-image-preview:large","max-video-preview":"max-video-preview:-1"},"canonical":"https:\/\/www.jurmalaslaivas.lv\/en\/product\/inflatable-boat-with-high-pressure-floor-3-30m\/","og_locale":"en_US","og_type":"article","og_title":"Inflatable boat with high-pressure floor 3.30M - Jurmalas Laivas","og_description":"Inflatable boat with high-pressure floor 3.30M. SET WEIGHT, KG 66MOTOR ENGINE KW\/HP 14.9\/20BOAT DESIGN CATEGORY CFLOOR TYPE Inflatable flooring","og_url":"https:\/\/www.jurmalaslaivas.lv\/en\/product\/inflatable-boat-with-high-pressure-floor-3-30m\/","og_site_name":"Jurmalas Laivas","article_publisher":"https:\/\/www.facebook.com\/jurmalaslaivas","article_modified_time":"2023-02-14T17:16:48+00:00","og_image":[{"width":1080,"height":1080,"url":"https:\/\/www.jurmalaslaivas.lv\/wp-content\/uploads\/2023\/02\/330M.jpg","type":"image\/jpeg"}],"twitter_card":"summary_large_image","twitter_misc":{"Est. reading time":"1 minute"},"schema":{"@context":"https:\/\/schema.org","@graph":[{"@type":"WebPage","@id":"https:\/\/www.jurmalaslaivas.lv\/en\/product\/inflatable-boat-with-high-pressure-floor-3-30m\/","url":"https:\/\/www.jurmalaslaivas.lv\/en\/product\/inflatable-boat-with-high-pressure-floor-3-30m\/","name":"Inflatable boat with high-pressure floor 3.30M - Jurmalas Laivas","isPartOf":{"@id":"https:\/\/www.jurmalaslaivas.lv\/en\/#website"},"primaryImageOfPage":{"@id":"https:\/\/www.jurmalaslaivas.lv\/en\/product\/inflatable-boat-with-high-pressure-floor-3-30m\/#primaryimage"},"image":{"@id":"https:\/\/www.jurmalaslaivas.lv\/en\/product\/inflatable-boat-with-high-pressure-floor-3-30m\/#primaryimage"},"thumbnailUrl":"https:\/\/www.jurmalaslaivas.lv\/wp-content\/uploads\/2023\/02\/330M.jpg","datePublished":"2023-02-13T18:16:37+00:00","dateModified":"2023-02-14T17:16:48+00:00","description":"Inflatable boat with high-pressure floor 3.30M. SET WEIGHT, KG 66MOTOR ENGINE KW\/HP 14.9\/20BOAT DESIGN CATEGORY CFLOOR TYPE Inflatable flooring","breadcrumb":{"@id":"https:\/\/www.jurmalaslaivas.lv\/en\/product\/inflatable-boat-with-high-pressure-floor-3-30m\/#breadcrumb"},"inLanguage":"en-US","potentialAction":[{"@type":"ReadAction","target":["https:\/\/www.jurmalaslaivas.lv\/en\/product\/inflatable-boat-with-high-pressure-floor-3-30m\/"]}]},{"@type":"ImageObject","inLanguage":"en-US","@id":"https:\/\/www.jurmalaslaivas.lv\/en\/product\/inflatable-boat-with-high-pressure-floor-3-30m\/#primaryimage","url":"https:\/\/www.jurmalaslaivas.lv\/wp-content\/uploads\/2023\/02\/330M.jpg","contentUrl":"https:\/\/www.jurmalaslaivas.lv\/wp-content\/uploads\/2023\/02\/330M.jpg","width":1080,"height":1080,"caption":"Piep\u016b\u0161ama laiva ar augstpiediena gr\u012bdu 3.30M"},{"@type":"BreadcrumbList","@id":"https:\/\/www.jurmalaslaivas.lv\/en\/product\/inflatable-boat-with-high-pressure-floor-3-30m\/#breadcrumb","itemListElement":[{"@type":"ListItem","position":1,"name":"Home","item":"https:\/\/www.jurmalaslaivas.lv\/en\/"},{"@type":"ListItem","position":2,"name":"Shop","item":"https:\/\/www.jurmalaslaivas.lv\/en\/shop-2shop\/"},{"@type":"ListItem","position":3,"name":"Inflatable boat with high-pressure floor 3.30M"}]},{"@type":"WebSite","@id":"https:\/\/www.jurmalaslaivas.lv\/en\/#website","url":"https:\/\/www.jurmalaslaivas.lv\/en\/","name":"Jurmalaslaivas.lv","description":"Laivu noma un veikals","publisher":{"@id":"https:\/\/www.jurmalaslaivas.lv\/en\/#organization"},"potentialAction":[{"@type":"SearchAction","target":{"@type":"EntryPoint","urlTemplate":"https:\/\/www.jurmalaslaivas.lv\/en\/?s={search_term_string}"},"query-input":{"@type":"PropertyValueSpecification","valueRequired":true,"valueName":"search_term_string"}}],"inLanguage":"en-US"},{"@type":"Organization","@id":"https:\/\/www.jurmalaslaivas.lv\/en\/#organization","name":"Jurmalaslaivas.lv","url":"https:\/\/www.jurmalaslaivas.lv\/en\/","logo":{"@type":"ImageObject","inLanguage":"en-US","@id":"https:\/\/www.jurmalaslaivas.lv\/en\/#\/schema\/logo\/image\/","url":"https:\/\/www.jurmalaslaivas.lv\/wp-content\/uploads\/2022\/11\/jurmalas-laivas-balts-ar-rami.png","contentUrl":"https:\/\/www.jurmalaslaivas.lv\/wp-content\/uploads\/2022\/11\/jurmalas-laivas-balts-ar-rami.png","width":500,"height":500,"caption":"Jurmalaslaivas.lv"},"image":{"@id":"https:\/\/www.jurmalaslaivas.lv\/en\/#\/schema\/logo\/image\/"},"sameAs":["https:\/\/www.facebook.com\/jurmalaslaivas"]}]}},"_links":{"self":[{"href":"https:\/\/www.jurmalaslaivas.lv\/en\/wp-json\/wp\/v2\/product\/49913","targetHints":{"allow":["GET"]}}],"collection":[{"href":"https:\/\/www.jurmalaslaivas.lv\/en\/wp-json\/wp\/v2\/product"}],"about":[{"href":"https:\/\/www.jurmalaslaivas.lv\/en\/wp-json\/wp\/v2\/types\/product"}],"replies":[{"embeddable":true,"href":"https:\/\/www.jurmalaslaivas.lv\/en\/wp-json\/wp\/v2\/comments?post=49913"}],"wp:featuredmedia":[{"embeddable":true,"href":"https:\/\/www.jurmalaslaivas.lv\/en\/wp-json\/wp\/v2\/media\/49911"}],"wp:attachment":[{"href":"https:\/\/www.jurmalaslaivas.lv\/en\/wp-json\/wp\/v2\/media?parent=49913"}],"wp:term":[{"taxonomy":"product_brand","embeddable":true,"href":"https:\/\/www.jurmalaslaivas.lv\/en\/wp-json\/wp\/v2\/product_brand?post=49913"},{"taxonomy":"product_cat","embeddable":true,"href":"https:\/\/www.jurmalaslaivas.lv\/en\/wp-json\/wp\/v2\/product_cat?post=49913"},{"taxonomy":"product_tag","embeddable":true,"href":"https:\/\/www.jurmalaslaivas.lv\/en\/wp-json\/wp\/v2\/product_tag?post=49913"}],"curies":[{"name":"wp","href":"https:\/\/api.w.org\/{rel}","templated":true}]}}