{"id":49150,"date":"2022-12-15T13:22:15","date_gmt":"2022-12-15T10:22:15","guid":{"rendered":"https:\/\/www.jurmalaslaivas.lv\/product\/benzina-motors-suzuki-df20ars-efi\/"},"modified":"2023-12-05T12:32:47","modified_gmt":"2023-12-05T09:32:47","slug":"petrol-engine-suzuki-df20ars-efi","status":"publish","type":"product","link":"https:\/\/www.jurmalaslaivas.lv\/en\/product\/petrol-engine-suzuki-df20ars-efi\/","title":{"rendered":"Petrol engine SUZUKI DF20ARS EFI"},"content":{"rendered":"<h1 class=\"title\">Petrol engine SUZUKI DF20ARS EFI<\/h1>\n<p class=\"title\">Petrol engine SUZUKI DF20ARS EFI<\/p>\n<table class=\"m-tbl-def\">\n<tbody>\n<tr>\n<th class=\"w50p\">MODEL<\/th>\n<td class=\"bd-l\" colspan=\"2\">DF20A<\/td>\n<\/tr>\n<tr>\n<th>RECOMMENDED TRANSOM HEIGHT mm<\/th>\n<td class=\"bd-l w25p\">S: 381, L: 508<\/td>\n<td class=\"w25p\">S: 381, L: 508<\/td>\n<\/tr>\n<tr>\n<th>STARTING SYSTEM<\/th>\n<td class=\"bd-l\">Electric<\/td>\n<td>Manual<\/td>\n<\/tr>\n<tr>\n<th>WEIGHT kg\u00a0<sup>*1<\/sup><\/th>\n<td class=\"bd-l\">S: 48, L: 49<\/td>\n<td>S: 44, L: 45<\/td>\n<\/tr>\n<tr>\n<th>ENGINE TYPE<\/th>\n<td class=\"bd-l\" colspan=\"2\">OHC<\/td>\n<\/tr>\n<tr>\n<th>FUEL DELIVERY SYSTEM<\/th>\n<td class=\"bd-l\" colspan=\"2\">Battery-Less Multi-Point Sequential Electronic Fuel Injection<\/td>\n<\/tr>\n<tr>\n<th>NO. OF CYLINDERS<\/th>\n<td class=\"bd-l\" colspan=\"2\">2<\/td>\n<\/tr>\n<tr>\n<th>PISTON DISPLACEMENT cm<sup>3<\/sup><\/th>\n<td class=\"bd-l\" colspan=\"2\">327<\/td>\n<\/tr>\n<tr>\n<th>BORE \u00d7STROKE mm<\/th>\n<td class=\"bd-l\" colspan=\"2\">60.4&#215;57<\/td>\n<\/tr>\n<tr>\n<th>MAXIMUM OUTPUT kW<\/th>\n<td class=\"bd-l\" colspan=\"2\">14.7<\/td>\n<\/tr>\n<tr>\n<th>FULL THROTTLE OPERATING RANGE rpm<\/th>\n<td class=\"bd-l\" colspan=\"2\">5,300-6,300<\/td>\n<\/tr>\n<tr>\n<th>STEERING<\/th>\n<td class=\"bd-l\" colspan=\"2\">Tiller<\/td>\n<\/tr>\n<tr>\n<th>OIL PAN CAPACITY Lit.<\/th>\n<td class=\"bd-l\" colspan=\"2\">1.0<\/td>\n<\/tr>\n<tr>\n<th>FUEL TANK CAPACITY Lit.<\/th>\n<td class=\"bd-l\" colspan=\"2\">12<\/td>\n<\/tr>\n<tr>\n<th>IGNITION SYSTEM<\/th>\n<td class=\"bd-l\" colspan=\"2\">Digital CDI<\/td>\n<\/tr>\n<tr>\n<th>ALTERNATOR<\/th>\n<td class=\"bd-l\">12V 12A<\/td>\n<td>12V 6A<\/td>\n<\/tr>\n<tr>\n<th>ENGINE MOUNTING<\/th>\n<td class=\"bd-l\" colspan=\"2\">Shear Mount<\/td>\n<\/tr>\n<tr>\n<th>TRIM METHOD<\/th>\n<td class=\"bd-l\" colspan=\"2\">Manual Trim and Tilt\/ Power Tilt<\/td>\n<\/tr>\n<tr>\n<th>GEAR RATIO<\/th>\n<td class=\"bd-l\" colspan=\"2\">2.08:1<\/td>\n<\/tr>\n<tr>\n<th>GEAR SHIFT<\/th>\n<td class=\"bd-l\" colspan=\"2\">F-N-R<\/td>\n<\/tr>\n<tr>\n<th>EXHAUST<\/th>\n<td class=\"bd-l\" colspan=\"2\">Through Prop Hub Exhaust<\/td>\n<\/tr>\n<tr>\n<th>PROPELLER SELECTION (Pitch)<sup>*2<\/sup><br \/>\nAll propellers are the 3-blade type<\/th>\n<td class=\"bd-l\" colspan=\"2\">7&#8243;-12&#8243;<\/td>\n<\/tr>\n<\/tbody>\n<\/table>\n<p>&nbsp;<\/p>\n<table border=\"1\" cellspacing=\"1\" cellpadding=\"1\">\n<tbody>\n<tr>\n<td><strong>MODELIS<\/strong><\/td>\n<td><strong>DZIN\u0112JA MODE\u013bA APZ\u012aM\u0112JUMI<\/strong><\/td>\n<td><strong>K\u0100JAS GARUMS<\/strong><\/td>\n<\/tr>\n<tr>\n<td>DT\u00a0= 2-Stroke<br \/>\nDF\u00a0= 4-Stroke<br \/>\nPU\u00a0= Jet Drive<\/td>\n<td>C\u00a0= Oil injection<br \/>\nE\u00a0= Electric Start, Tiller Control<br \/>\nG\u00a0= Counter Rotation<br \/>\nH\u00a0= Power Trim &amp; Tilt w\/ Elect. Start w\/Tiller Handle<br \/>\nM\u00a0= Manual Start, Tiller Control<br \/>\nN\u00a0= High thrust or sail model available in 8 and 9.9 hp<br \/>\nQH\u00a0= Tiller Control with gas assisted tilt (some DF25\/30\/40\/50)<br \/>\nR\u00a0= Remote Control, Electric start<br \/>\nS\u00a0= High performance 150 HP with EFI (designed for bass boats)<br \/>\nSF\u00a0= Super Four<br \/>\nSS\u00a0= Super six (150 HP only) with PTT, oil injection, remote control \/ Super Sport for DF250<br \/>\nT= Trim &amp; tilt, Remote Control, Electric Start (tilt only with remote &amp; electric on DT40TC prior to 1994)<br \/>\nTH\u00a0= Tiller Control with PTT (some DT55\/65, DF60\/70)<br \/>\nV\u00a0= 200 HP Exante model with Comlink, PTT, oil injection, remote control<br \/>\nZ\u00a0= Counter Rotation<\/td>\n<td>S\u00a0= 15&#8243;<br \/>\nL\u00a0= 20&#8243;<br \/>\nX\u00a0= 25&#8243;<br \/>\nXX\u00a0= 30&#8243;<br \/>\nNote: G or Z after the length indicates counter rotation<\/td>\n<\/tr>\n<\/tbody>\n<\/table>\n","protected":false},"excerpt":{"rendered":"<p>Petrol engine SUZUKI DF20ARS EFI Petrol engine SUZUKI DF20ARS EFI MODEL DF20A RECOMMENDED TRANSOM HEIGHT mm S: 381, L: 508 S: 381, L: 508 STARTING SYSTEM Electric Manual WEIGHT kg\u00a0*1 S: 48, L: 49 S: 44, L: 45 ENGINE TYPE OHC FUEL DELIVERY SYSTEM Battery-Less Multi-Point Sequential Electronic Fuel Injection NO. OF CYLINDERS 2 PISTON [&#8230;]<\/p>\n<p><a class=\"btn btn-secondary understrap-read-more-link\" href=\"https:\/\/www.jurmalaslaivas.lv\/en\/product\/petrol-engine-suzuki-df20ars-efi\/\">Read More&#8230;<\/a><\/p>\n","protected":false},"featured_media":36870,"comment_status":"closed","ping_status":"closed","template":"","meta":{"_acf_changed":false,"inline_featured_image":false},"product_brand":[],"product_cat":[713,970,1137],"product_tag":[2231,2235,2229,2236,2237,2230,1090,2054,2234,2232,2233],"class_list":{"0":"post-49150","1":"product","2":"type-product","3":"status-publish","4":"has-post-thumbnail","6":"product_cat-outboard-engines-acessories","7":"product_cat-suzuki-outboards","8":"product_cat-2-5-20-hp-portable-en","9":"product_tag-benzina-dzineji","10":"product_tag-boat-motors","11":"product_tag-laivu-motori","12":"product_tag-outboard-boat-motors","13":"product_tag-petrol-engines","14":"product_tag-piekarinamie-laivu-motori","15":"product_tag-suzuki-laivu-motori-en","16":"product_tag-suzuki-marine","17":"product_tag-2234","18":"product_tag-2232","19":"product_tag-2233","21":"first","22":"instock","23":"shipping-taxable","24":"purchasable","25":"product-type-simple"},"acf":[],"yoast_head":"<!-- This site is optimized with the Yoast SEO plugin v27.0 - https:\/\/yoast.com\/product\/yoast-seo-wordpress\/ -->\n<title>Petrol engine SUZUKI DF20ARS EFI - Jurmalas Laivas<\/title>\n<meta name=\"description\" content=\"Petrol engine SUZUKI DF20ARS EFI. Suzuki Marine outboard motors. Boat motors. Suzuki engineers have successfully crafted an outboard . Jurmala Boats shop\" \/>\n<meta name=\"robots\" content=\"index, follow, max-snippet:-1, max-image-preview:large, max-video-preview:-1\" \/>\n<link rel=\"canonical\" href=\"https:\/\/www.jurmalaslaivas.lv\/en\/product\/petrol-engine-suzuki-df20ars-efi\/\" \/>\n<meta property=\"og:locale\" content=\"en_US\" \/>\n<meta property=\"og:type\" content=\"article\" \/>\n<meta property=\"og:title\" content=\"Petrol engine SUZUKI DF20ARS EFI - Jurmalas Laivas\" \/>\n<meta property=\"og:description\" content=\"Petrol engine SUZUKI DF20ARS EFI. Suzuki Marine outboard motors. Boat motors. Suzuki engineers have successfully crafted an outboard . Jurmala Boats shop\" \/>\n<meta property=\"og:url\" content=\"https:\/\/www.jurmalaslaivas.lv\/en\/product\/petrol-engine-suzuki-df20ars-efi\/\" \/>\n<meta property=\"og:site_name\" content=\"Jurmalas Laivas\" \/>\n<meta property=\"article:publisher\" content=\"https:\/\/www.facebook.com\/jurmalaslaivas\" \/>\n<meta property=\"article:modified_time\" content=\"2023-12-05T09:32:47+00:00\" \/>\n<meta property=\"og:image\" content=\"https:\/\/www.jurmalaslaivas.lv\/wp-content\/uploads\/2022\/02\/DF20.jpg\" \/>\n\t<meta property=\"og:image:width\" content=\"625\" \/>\n\t<meta property=\"og:image:height\" content=\"777\" \/>\n\t<meta property=\"og:image:type\" content=\"image\/jpeg\" \/>\n<meta name=\"twitter:card\" content=\"summary_large_image\" \/>\n<meta name=\"twitter:label1\" content=\"Est. reading time\" \/>\n\t<meta name=\"twitter:data1\" content=\"2 minutes\" \/>\n<script type=\"application\/ld+json\" class=\"yoast-schema-graph\">{\"@context\":\"https:\/\/schema.org\",\"@graph\":[{\"@type\":\"WebPage\",\"@id\":\"https:\/\/www.jurmalaslaivas.lv\/en\/product\/petrol-engine-suzuki-df20ars-efi\/\",\"url\":\"https:\/\/www.jurmalaslaivas.lv\/en\/product\/petrol-engine-suzuki-df20ars-efi\/\",\"name\":\"Petrol engine SUZUKI DF20ARS EFI - Jurmalas Laivas\",\"isPartOf\":{\"@id\":\"https:\/\/www.jurmalaslaivas.lv\/en\/#website\"},\"primaryImageOfPage\":{\"@id\":\"https:\/\/www.jurmalaslaivas.lv\/en\/product\/petrol-engine-suzuki-df20ars-efi\/#primaryimage\"},\"image\":{\"@id\":\"https:\/\/www.jurmalaslaivas.lv\/en\/product\/petrol-engine-suzuki-df20ars-efi\/#primaryimage\"},\"thumbnailUrl\":\"https:\/\/www.jurmalaslaivas.lv\/wp-content\/uploads\/2022\/02\/DF20.jpg\",\"datePublished\":\"2022-12-15T10:22:15+00:00\",\"dateModified\":\"2023-12-05T09:32:47+00:00\",\"description\":\"Petrol engine SUZUKI DF20ARS EFI. Suzuki Marine outboard motors. Boat motors. Suzuki engineers have successfully crafted an outboard . Jurmala Boats shop\",\"breadcrumb\":{\"@id\":\"https:\/\/www.jurmalaslaivas.lv\/en\/product\/petrol-engine-suzuki-df20ars-efi\/#breadcrumb\"},\"inLanguage\":\"en-US\",\"potentialAction\":[{\"@type\":\"ReadAction\",\"target\":[\"https:\/\/www.jurmalaslaivas.lv\/en\/product\/petrol-engine-suzuki-df20ars-efi\/\"]}]},{\"@type\":\"ImageObject\",\"inLanguage\":\"en-US\",\"@id\":\"https:\/\/www.jurmalaslaivas.lv\/en\/product\/petrol-engine-suzuki-df20ars-efi\/#primaryimage\",\"url\":\"https:\/\/www.jurmalaslaivas.lv\/wp-content\/uploads\/2022\/02\/DF20.jpg\",\"contentUrl\":\"https:\/\/www.jurmalaslaivas.lv\/wp-content\/uploads\/2022\/02\/DF20.jpg\",\"width\":625,\"height\":777,\"caption\":\"SUZUKI DF20AS EFI\"},{\"@type\":\"BreadcrumbList\",\"@id\":\"https:\/\/www.jurmalaslaivas.lv\/en\/product\/petrol-engine-suzuki-df20ars-efi\/#breadcrumb\",\"itemListElement\":[{\"@type\":\"ListItem\",\"position\":1,\"name\":\"Home\",\"item\":\"https:\/\/www.jurmalaslaivas.lv\/en\/\"},{\"@type\":\"ListItem\",\"position\":2,\"name\":\"Shop\",\"item\":\"https:\/\/www.jurmalaslaivas.lv\/en\/shop-2shop\/\"},{\"@type\":\"ListItem\",\"position\":3,\"name\":\"Petrol engine SUZUKI DF20ARS EFI\"}]},{\"@type\":\"WebSite\",\"@id\":\"https:\/\/www.jurmalaslaivas.lv\/en\/#website\",\"url\":\"https:\/\/www.jurmalaslaivas.lv\/en\/\",\"name\":\"Jurmalaslaivas.lv\",\"description\":\"Laivu noma un veikals\",\"publisher\":{\"@id\":\"https:\/\/www.jurmalaslaivas.lv\/en\/#organization\"},\"potentialAction\":[{\"@type\":\"SearchAction\",\"target\":{\"@type\":\"EntryPoint\",\"urlTemplate\":\"https:\/\/www.jurmalaslaivas.lv\/en\/?s={search_term_string}\"},\"query-input\":{\"@type\":\"PropertyValueSpecification\",\"valueRequired\":true,\"valueName\":\"search_term_string\"}}],\"inLanguage\":\"en-US\"},{\"@type\":\"Organization\",\"@id\":\"https:\/\/www.jurmalaslaivas.lv\/en\/#organization\",\"name\":\"Jurmalaslaivas.lv\",\"url\":\"https:\/\/www.jurmalaslaivas.lv\/en\/\",\"logo\":{\"@type\":\"ImageObject\",\"inLanguage\":\"en-US\",\"@id\":\"https:\/\/www.jurmalaslaivas.lv\/en\/#\/schema\/logo\/image\/\",\"url\":\"https:\/\/www.jurmalaslaivas.lv\/wp-content\/uploads\/2022\/11\/jurmalas-laivas-balts-ar-rami.png\",\"contentUrl\":\"https:\/\/www.jurmalaslaivas.lv\/wp-content\/uploads\/2022\/11\/jurmalas-laivas-balts-ar-rami.png\",\"width\":500,\"height\":500,\"caption\":\"Jurmalaslaivas.lv\"},\"image\":{\"@id\":\"https:\/\/www.jurmalaslaivas.lv\/en\/#\/schema\/logo\/image\/\"},\"sameAs\":[\"https:\/\/www.facebook.com\/jurmalaslaivas\"]}]}<\/script>\n<!-- \/ Yoast SEO plugin. -->","yoast_head_json":{"title":"Petrol engine SUZUKI DF20ARS EFI - Jurmalas Laivas","description":"Petrol engine SUZUKI DF20ARS EFI. Suzuki Marine outboard motors. Boat motors. Suzuki engineers have successfully crafted an outboard . Jurmala Boats shop","robots":{"index":"index","follow":"follow","max-snippet":"max-snippet:-1","max-image-preview":"max-image-preview:large","max-video-preview":"max-video-preview:-1"},"canonical":"https:\/\/www.jurmalaslaivas.lv\/en\/product\/petrol-engine-suzuki-df20ars-efi\/","og_locale":"en_US","og_type":"article","og_title":"Petrol engine SUZUKI DF20ARS EFI - Jurmalas Laivas","og_description":"Petrol engine SUZUKI DF20ARS EFI. Suzuki Marine outboard motors. Boat motors. Suzuki engineers have successfully crafted an outboard . Jurmala Boats shop","og_url":"https:\/\/www.jurmalaslaivas.lv\/en\/product\/petrol-engine-suzuki-df20ars-efi\/","og_site_name":"Jurmalas Laivas","article_publisher":"https:\/\/www.facebook.com\/jurmalaslaivas","article_modified_time":"2023-12-05T09:32:47+00:00","og_image":[{"width":625,"height":777,"url":"https:\/\/www.jurmalaslaivas.lv\/wp-content\/uploads\/2022\/02\/DF20.jpg","type":"image\/jpeg"}],"twitter_card":"summary_large_image","twitter_misc":{"Est. reading time":"2 minutes"},"schema":{"@context":"https:\/\/schema.org","@graph":[{"@type":"WebPage","@id":"https:\/\/www.jurmalaslaivas.lv\/en\/product\/petrol-engine-suzuki-df20ars-efi\/","url":"https:\/\/www.jurmalaslaivas.lv\/en\/product\/petrol-engine-suzuki-df20ars-efi\/","name":"Petrol engine SUZUKI DF20ARS EFI - Jurmalas Laivas","isPartOf":{"@id":"https:\/\/www.jurmalaslaivas.lv\/en\/#website"},"primaryImageOfPage":{"@id":"https:\/\/www.jurmalaslaivas.lv\/en\/product\/petrol-engine-suzuki-df20ars-efi\/#primaryimage"},"image":{"@id":"https:\/\/www.jurmalaslaivas.lv\/en\/product\/petrol-engine-suzuki-df20ars-efi\/#primaryimage"},"thumbnailUrl":"https:\/\/www.jurmalaslaivas.lv\/wp-content\/uploads\/2022\/02\/DF20.jpg","datePublished":"2022-12-15T10:22:15+00:00","dateModified":"2023-12-05T09:32:47+00:00","description":"Petrol engine SUZUKI DF20ARS EFI. Suzuki Marine outboard motors. Boat motors. Suzuki engineers have successfully crafted an outboard . Jurmala Boats shop","breadcrumb":{"@id":"https:\/\/www.jurmalaslaivas.lv\/en\/product\/petrol-engine-suzuki-df20ars-efi\/#breadcrumb"},"inLanguage":"en-US","potentialAction":[{"@type":"ReadAction","target":["https:\/\/www.jurmalaslaivas.lv\/en\/product\/petrol-engine-suzuki-df20ars-efi\/"]}]},{"@type":"ImageObject","inLanguage":"en-US","@id":"https:\/\/www.jurmalaslaivas.lv\/en\/product\/petrol-engine-suzuki-df20ars-efi\/#primaryimage","url":"https:\/\/www.jurmalaslaivas.lv\/wp-content\/uploads\/2022\/02\/DF20.jpg","contentUrl":"https:\/\/www.jurmalaslaivas.lv\/wp-content\/uploads\/2022\/02\/DF20.jpg","width":625,"height":777,"caption":"SUZUKI DF20AS EFI"},{"@type":"BreadcrumbList","@id":"https:\/\/www.jurmalaslaivas.lv\/en\/product\/petrol-engine-suzuki-df20ars-efi\/#breadcrumb","itemListElement":[{"@type":"ListItem","position":1,"name":"Home","item":"https:\/\/www.jurmalaslaivas.lv\/en\/"},{"@type":"ListItem","position":2,"name":"Shop","item":"https:\/\/www.jurmalaslaivas.lv\/en\/shop-2shop\/"},{"@type":"ListItem","position":3,"name":"Petrol engine SUZUKI DF20ARS EFI"}]},{"@type":"WebSite","@id":"https:\/\/www.jurmalaslaivas.lv\/en\/#website","url":"https:\/\/www.jurmalaslaivas.lv\/en\/","name":"Jurmalaslaivas.lv","description":"Laivu noma un veikals","publisher":{"@id":"https:\/\/www.jurmalaslaivas.lv\/en\/#organization"},"potentialAction":[{"@type":"SearchAction","target":{"@type":"EntryPoint","urlTemplate":"https:\/\/www.jurmalaslaivas.lv\/en\/?s={search_term_string}"},"query-input":{"@type":"PropertyValueSpecification","valueRequired":true,"valueName":"search_term_string"}}],"inLanguage":"en-US"},{"@type":"Organization","@id":"https:\/\/www.jurmalaslaivas.lv\/en\/#organization","name":"Jurmalaslaivas.lv","url":"https:\/\/www.jurmalaslaivas.lv\/en\/","logo":{"@type":"ImageObject","inLanguage":"en-US","@id":"https:\/\/www.jurmalaslaivas.lv\/en\/#\/schema\/logo\/image\/","url":"https:\/\/www.jurmalaslaivas.lv\/wp-content\/uploads\/2022\/11\/jurmalas-laivas-balts-ar-rami.png","contentUrl":"https:\/\/www.jurmalaslaivas.lv\/wp-content\/uploads\/2022\/11\/jurmalas-laivas-balts-ar-rami.png","width":500,"height":500,"caption":"Jurmalaslaivas.lv"},"image":{"@id":"https:\/\/www.jurmalaslaivas.lv\/en\/#\/schema\/logo\/image\/"},"sameAs":["https:\/\/www.facebook.com\/jurmalaslaivas"]}]}},"_links":{"self":[{"href":"https:\/\/www.jurmalaslaivas.lv\/en\/wp-json\/wp\/v2\/product\/49150","targetHints":{"allow":["GET"]}}],"collection":[{"href":"https:\/\/www.jurmalaslaivas.lv\/en\/wp-json\/wp\/v2\/product"}],"about":[{"href":"https:\/\/www.jurmalaslaivas.lv\/en\/wp-json\/wp\/v2\/types\/product"}],"replies":[{"embeddable":true,"href":"https:\/\/www.jurmalaslaivas.lv\/en\/wp-json\/wp\/v2\/comments?post=49150"}],"wp:featuredmedia":[{"embeddable":true,"href":"https:\/\/www.jurmalaslaivas.lv\/en\/wp-json\/wp\/v2\/media\/36870"}],"wp:attachment":[{"href":"https:\/\/www.jurmalaslaivas.lv\/en\/wp-json\/wp\/v2\/media?parent=49150"}],"wp:term":[{"taxonomy":"product_brand","embeddable":true,"href":"https:\/\/www.jurmalaslaivas.lv\/en\/wp-json\/wp\/v2\/product_brand?post=49150"},{"taxonomy":"product_cat","embeddable":true,"href":"https:\/\/www.jurmalaslaivas.lv\/en\/wp-json\/wp\/v2\/product_cat?post=49150"},{"taxonomy":"product_tag","embeddable":true,"href":"https:\/\/www.jurmalaslaivas.lv\/en\/wp-json\/wp\/v2\/product_tag?post=49150"}],"curies":[{"name":"wp","href":"https:\/\/api.w.org\/{rel}","templated":true}]}}