{"id":48314,"date":"2022-11-09T20:32:22","date_gmt":"2022-11-09T17:32:22","guid":{"rendered":"https:\/\/www.waterskis.lv\/products\/elektromotors-minn-kota-endura-c2-30-30%e2%80%b3-lietots\/"},"modified":"2025-10-10T17:38:11","modified_gmt":"2025-10-10T14:38:11","slug":"lietots-elektromotors-minn-kota-endura-c2-30-30%e2%80%b3","status":"publish","type":"product","link":"https:\/\/www.jurmalaslaivas.lv\/en\/product\/lietots-elektromotors-minn-kota-endura-c2-30-30%e2%80%b3\/","title":{"rendered":"Lietots elektromotors MINN KOTA ENDURA C2 30 30\u2033"},"content":{"rendered":"<h1>Lietots elektromotors MINN KOTA ENDURA C2 30 30\u2033<\/h1>\n<p>Lietots elektromotors MINN KOTA ENDURA C2 30 30\u2033<\/p>\n<p>Ra\u017eo\u0161anas gads: 2023<\/p>\n<p>1.sezonu lietots motors<\/p>\n<p>Cena bez PVN<\/p>\n","protected":false},"excerpt":{"rendered":"<p>Lietots elektromotors MINN KOTA ENDURA C2 30 30\u2033 Lietots elektromotors MINN KOTA ENDURA C2 30 30\u2033 Ra\u017eo\u0161anas gads: 2023 1.sezonu lietots motors Cena bez PVN [&#8230;]<\/p>\n<p><a class=\"btn btn-secondary understrap-read-more-link\" href=\"https:\/\/www.jurmalaslaivas.lv\/en\/product\/lietots-elektromotors-minn-kota-endura-c2-30-30%e2%80%b3\/\">Read More&#8230;<\/a><\/p>\n","protected":false},"featured_media":48306,"comment_status":"closed","ping_status":"closed","template":"","meta":{"_acf_changed":false,"inline_featured_image":false},"product_brand":[],"product_cat":[708,361,367],"product_tag":[],"class_list":{"0":"post-48314","1":"product","2":"type-product","3":"status-publish","4":"has-post-thumbnail","6":"product_cat-boat-electric-motors-accessories","7":"product_cat-sale","8":"product_cat-used-goods","10":"first","11":"instock","12":"sale","13":"shipping-taxable","14":"purchasable","15":"product-type-simple"},"acf":[],"yoast_head":"<!-- This site is optimized with the Yoast SEO plugin v27.0 - https:\/\/yoast.com\/product\/yoast-seo-wordpress\/ -->\n<title>Lietots elektromotors MINN KOTA ENDURA C2 30 30\u2033 - Jurmalas Laivas<\/title>\n<meta name=\"description\" content=\"Lietots elektromotors MINN KOTA ENDURA C2 30 30\u2033 . Ra\u017eo\u0161anas gads: 2023. 1.sezonu mazlietots motors lab\u0101 st\u0101vokl\u012b. Ir ar\u012b Minn Kota akumulatori 110 Ah.\" \/>\n<meta name=\"robots\" content=\"index, follow, max-snippet:-1, max-image-preview:large, max-video-preview:-1\" \/>\n<link rel=\"canonical\" href=\"https:\/\/www.jurmalaslaivas.lv\/en\/product\/lietots-elektromotors-minn-kota-endura-c2-30-30%e2%80%b3\/\" \/>\n<meta property=\"og:locale\" content=\"en_US\" \/>\n<meta property=\"og:type\" content=\"article\" \/>\n<meta property=\"og:title\" content=\"Lietots elektromotors MINN KOTA ENDURA C2 30 30\u2033 - Jurmalas Laivas\" \/>\n<meta property=\"og:description\" content=\"Lietots elektromotors MINN KOTA ENDURA C2 30 30\u2033 . Ra\u017eo\u0161anas gads: 2023. 1.sezonu mazlietots motors lab\u0101 st\u0101vokl\u012b. Ir ar\u012b Minn Kota akumulatori 110 Ah.\" \/>\n<meta property=\"og:url\" content=\"https:\/\/www.jurmalaslaivas.lv\/en\/product\/lietots-elektromotors-minn-kota-endura-c2-30-30%e2%80%b3\/\" \/>\n<meta property=\"og:site_name\" content=\"Jurmalas Laivas\" \/>\n<meta property=\"article:publisher\" content=\"https:\/\/www.facebook.com\/jurmalaslaivas\" \/>\n<meta property=\"article:modified_time\" content=\"2025-10-10T14:38:11+00:00\" \/>\n<meta property=\"og:image\" content=\"https:\/\/www.jurmalaslaivas.lv\/wp-content\/uploads\/2022\/11\/MK30.jpg\" \/>\n\t<meta property=\"og:image:width\" content=\"1600\" \/>\n\t<meta property=\"og:image:height\" content=\"900\" \/>\n\t<meta property=\"og:image:type\" content=\"image\/jpeg\" \/>\n<meta name=\"twitter:card\" content=\"summary_large_image\" \/>\n<meta name=\"twitter:label1\" content=\"Est. reading time\" \/>\n\t<meta name=\"twitter:data1\" content=\"1 minute\" \/>\n<script type=\"application\/ld+json\" class=\"yoast-schema-graph\">{\"@context\":\"https:\/\/schema.org\",\"@graph\":[{\"@type\":\"WebPage\",\"@id\":\"https:\/\/www.jurmalaslaivas.lv\/en\/product\/lietots-elektromotors-minn-kota-endura-c2-30-30%e2%80%b3\/\",\"url\":\"https:\/\/www.jurmalaslaivas.lv\/en\/product\/lietots-elektromotors-minn-kota-endura-c2-30-30%e2%80%b3\/\",\"name\":\"Lietots elektromotors MINN KOTA ENDURA C2 30 30\u2033 - Jurmalas Laivas\",\"isPartOf\":{\"@id\":\"https:\/\/www.jurmalaslaivas.lv\/en\/#website\"},\"primaryImageOfPage\":{\"@id\":\"https:\/\/www.jurmalaslaivas.lv\/en\/product\/lietots-elektromotors-minn-kota-endura-c2-30-30%e2%80%b3\/#primaryimage\"},\"image\":{\"@id\":\"https:\/\/www.jurmalaslaivas.lv\/en\/product\/lietots-elektromotors-minn-kota-endura-c2-30-30%e2%80%b3\/#primaryimage\"},\"thumbnailUrl\":\"https:\/\/www.jurmalaslaivas.lv\/wp-content\/uploads\/2022\/11\/MK30.jpg\",\"datePublished\":\"2022-11-09T17:32:22+00:00\",\"dateModified\":\"2025-10-10T14:38:11+00:00\",\"description\":\"Lietots elektromotors MINN KOTA ENDURA C2 30 30\u2033 . Ra\u017eo\u0161anas gads: 2023. 1.sezonu mazlietots motors lab\u0101 st\u0101vokl\u012b. Ir ar\u012b Minn Kota akumulatori 110 Ah.\",\"breadcrumb\":{\"@id\":\"https:\/\/www.jurmalaslaivas.lv\/en\/product\/lietots-elektromotors-minn-kota-endura-c2-30-30%e2%80%b3\/#breadcrumb\"},\"inLanguage\":\"en-US\",\"potentialAction\":[{\"@type\":\"ReadAction\",\"target\":[\"https:\/\/www.jurmalaslaivas.lv\/en\/product\/lietots-elektromotors-minn-kota-endura-c2-30-30%e2%80%b3\/\"]}]},{\"@type\":\"ImageObject\",\"inLanguage\":\"en-US\",\"@id\":\"https:\/\/www.jurmalaslaivas.lv\/en\/product\/lietots-elektromotors-minn-kota-endura-c2-30-30%e2%80%b3\/#primaryimage\",\"url\":\"https:\/\/www.jurmalaslaivas.lv\/wp-content\/uploads\/2022\/11\/MK30.jpg\",\"contentUrl\":\"https:\/\/www.jurmalaslaivas.lv\/wp-content\/uploads\/2022\/11\/MK30.jpg\",\"width\":1600,\"height\":900,\"caption\":\"Elektromotors MINN KOTA ENDURA C2 30 30\u2033 lietots\"},{\"@type\":\"BreadcrumbList\",\"@id\":\"https:\/\/www.jurmalaslaivas.lv\/en\/product\/lietots-elektromotors-minn-kota-endura-c2-30-30%e2%80%b3\/#breadcrumb\",\"itemListElement\":[{\"@type\":\"ListItem\",\"position\":1,\"name\":\"Home\",\"item\":\"https:\/\/www.jurmalaslaivas.lv\/en\/\"},{\"@type\":\"ListItem\",\"position\":2,\"name\":\"Shop\",\"item\":\"https:\/\/www.jurmalaslaivas.lv\/en\/shop-2shop\/\"},{\"@type\":\"ListItem\",\"position\":3,\"name\":\"Lietots elektromotors MINN KOTA ENDURA C2 30 30\u2033\"}]},{\"@type\":\"WebSite\",\"@id\":\"https:\/\/www.jurmalaslaivas.lv\/en\/#website\",\"url\":\"https:\/\/www.jurmalaslaivas.lv\/en\/\",\"name\":\"Jurmalaslaivas.lv\",\"description\":\"Laivu noma un veikals\",\"publisher\":{\"@id\":\"https:\/\/www.jurmalaslaivas.lv\/en\/#organization\"},\"potentialAction\":[{\"@type\":\"SearchAction\",\"target\":{\"@type\":\"EntryPoint\",\"urlTemplate\":\"https:\/\/www.jurmalaslaivas.lv\/en\/?s={search_term_string}\"},\"query-input\":{\"@type\":\"PropertyValueSpecification\",\"valueRequired\":true,\"valueName\":\"search_term_string\"}}],\"inLanguage\":\"en-US\"},{\"@type\":\"Organization\",\"@id\":\"https:\/\/www.jurmalaslaivas.lv\/en\/#organization\",\"name\":\"Jurmalaslaivas.lv\",\"url\":\"https:\/\/www.jurmalaslaivas.lv\/en\/\",\"logo\":{\"@type\":\"ImageObject\",\"inLanguage\":\"en-US\",\"@id\":\"https:\/\/www.jurmalaslaivas.lv\/en\/#\/schema\/logo\/image\/\",\"url\":\"https:\/\/www.jurmalaslaivas.lv\/wp-content\/uploads\/2022\/11\/jurmalas-laivas-balts-ar-rami.png\",\"contentUrl\":\"https:\/\/www.jurmalaslaivas.lv\/wp-content\/uploads\/2022\/11\/jurmalas-laivas-balts-ar-rami.png\",\"width\":500,\"height\":500,\"caption\":\"Jurmalaslaivas.lv\"},\"image\":{\"@id\":\"https:\/\/www.jurmalaslaivas.lv\/en\/#\/schema\/logo\/image\/\"},\"sameAs\":[\"https:\/\/www.facebook.com\/jurmalaslaivas\"]}]}<\/script>\n<!-- \/ Yoast SEO plugin. -->","yoast_head_json":{"title":"Lietots elektromotors MINN KOTA ENDURA C2 30 30\u2033 - Jurmalas Laivas","description":"Lietots elektromotors MINN KOTA ENDURA C2 30 30\u2033 . Ra\u017eo\u0161anas gads: 2023. 1.sezonu mazlietots motors lab\u0101 st\u0101vokl\u012b. Ir ar\u012b Minn Kota akumulatori 110 Ah.","robots":{"index":"index","follow":"follow","max-snippet":"max-snippet:-1","max-image-preview":"max-image-preview:large","max-video-preview":"max-video-preview:-1"},"canonical":"https:\/\/www.jurmalaslaivas.lv\/en\/product\/lietots-elektromotors-minn-kota-endura-c2-30-30%e2%80%b3\/","og_locale":"en_US","og_type":"article","og_title":"Lietots elektromotors MINN KOTA ENDURA C2 30 30\u2033 - Jurmalas Laivas","og_description":"Lietots elektromotors MINN KOTA ENDURA C2 30 30\u2033 . Ra\u017eo\u0161anas gads: 2023. 1.sezonu mazlietots motors lab\u0101 st\u0101vokl\u012b. Ir ar\u012b Minn Kota akumulatori 110 Ah.","og_url":"https:\/\/www.jurmalaslaivas.lv\/en\/product\/lietots-elektromotors-minn-kota-endura-c2-30-30%e2%80%b3\/","og_site_name":"Jurmalas Laivas","article_publisher":"https:\/\/www.facebook.com\/jurmalaslaivas","article_modified_time":"2025-10-10T14:38:11+00:00","og_image":[{"width":1600,"height":900,"url":"https:\/\/www.jurmalaslaivas.lv\/wp-content\/uploads\/2022\/11\/MK30.jpg","type":"image\/jpeg"}],"twitter_card":"summary_large_image","twitter_misc":{"Est. reading time":"1 minute"},"schema":{"@context":"https:\/\/schema.org","@graph":[{"@type":"WebPage","@id":"https:\/\/www.jurmalaslaivas.lv\/en\/product\/lietots-elektromotors-minn-kota-endura-c2-30-30%e2%80%b3\/","url":"https:\/\/www.jurmalaslaivas.lv\/en\/product\/lietots-elektromotors-minn-kota-endura-c2-30-30%e2%80%b3\/","name":"Lietots elektromotors MINN KOTA ENDURA C2 30 30\u2033 - Jurmalas Laivas","isPartOf":{"@id":"https:\/\/www.jurmalaslaivas.lv\/en\/#website"},"primaryImageOfPage":{"@id":"https:\/\/www.jurmalaslaivas.lv\/en\/product\/lietots-elektromotors-minn-kota-endura-c2-30-30%e2%80%b3\/#primaryimage"},"image":{"@id":"https:\/\/www.jurmalaslaivas.lv\/en\/product\/lietots-elektromotors-minn-kota-endura-c2-30-30%e2%80%b3\/#primaryimage"},"thumbnailUrl":"https:\/\/www.jurmalaslaivas.lv\/wp-content\/uploads\/2022\/11\/MK30.jpg","datePublished":"2022-11-09T17:32:22+00:00","dateModified":"2025-10-10T14:38:11+00:00","description":"Lietots elektromotors MINN KOTA ENDURA C2 30 30\u2033 . Ra\u017eo\u0161anas gads: 2023. 1.sezonu mazlietots motors lab\u0101 st\u0101vokl\u012b. Ir ar\u012b Minn Kota akumulatori 110 Ah.","breadcrumb":{"@id":"https:\/\/www.jurmalaslaivas.lv\/en\/product\/lietots-elektromotors-minn-kota-endura-c2-30-30%e2%80%b3\/#breadcrumb"},"inLanguage":"en-US","potentialAction":[{"@type":"ReadAction","target":["https:\/\/www.jurmalaslaivas.lv\/en\/product\/lietots-elektromotors-minn-kota-endura-c2-30-30%e2%80%b3\/"]}]},{"@type":"ImageObject","inLanguage":"en-US","@id":"https:\/\/www.jurmalaslaivas.lv\/en\/product\/lietots-elektromotors-minn-kota-endura-c2-30-30%e2%80%b3\/#primaryimage","url":"https:\/\/www.jurmalaslaivas.lv\/wp-content\/uploads\/2022\/11\/MK30.jpg","contentUrl":"https:\/\/www.jurmalaslaivas.lv\/wp-content\/uploads\/2022\/11\/MK30.jpg","width":1600,"height":900,"caption":"Elektromotors MINN KOTA ENDURA C2 30 30\u2033 lietots"},{"@type":"BreadcrumbList","@id":"https:\/\/www.jurmalaslaivas.lv\/en\/product\/lietots-elektromotors-minn-kota-endura-c2-30-30%e2%80%b3\/#breadcrumb","itemListElement":[{"@type":"ListItem","position":1,"name":"Home","item":"https:\/\/www.jurmalaslaivas.lv\/en\/"},{"@type":"ListItem","position":2,"name":"Shop","item":"https:\/\/www.jurmalaslaivas.lv\/en\/shop-2shop\/"},{"@type":"ListItem","position":3,"name":"Lietots elektromotors MINN KOTA ENDURA C2 30 30\u2033"}]},{"@type":"WebSite","@id":"https:\/\/www.jurmalaslaivas.lv\/en\/#website","url":"https:\/\/www.jurmalaslaivas.lv\/en\/","name":"Jurmalaslaivas.lv","description":"Laivu noma un veikals","publisher":{"@id":"https:\/\/www.jurmalaslaivas.lv\/en\/#organization"},"potentialAction":[{"@type":"SearchAction","target":{"@type":"EntryPoint","urlTemplate":"https:\/\/www.jurmalaslaivas.lv\/en\/?s={search_term_string}"},"query-input":{"@type":"PropertyValueSpecification","valueRequired":true,"valueName":"search_term_string"}}],"inLanguage":"en-US"},{"@type":"Organization","@id":"https:\/\/www.jurmalaslaivas.lv\/en\/#organization","name":"Jurmalaslaivas.lv","url":"https:\/\/www.jurmalaslaivas.lv\/en\/","logo":{"@type":"ImageObject","inLanguage":"en-US","@id":"https:\/\/www.jurmalaslaivas.lv\/en\/#\/schema\/logo\/image\/","url":"https:\/\/www.jurmalaslaivas.lv\/wp-content\/uploads\/2022\/11\/jurmalas-laivas-balts-ar-rami.png","contentUrl":"https:\/\/www.jurmalaslaivas.lv\/wp-content\/uploads\/2022\/11\/jurmalas-laivas-balts-ar-rami.png","width":500,"height":500,"caption":"Jurmalaslaivas.lv"},"image":{"@id":"https:\/\/www.jurmalaslaivas.lv\/en\/#\/schema\/logo\/image\/"},"sameAs":["https:\/\/www.facebook.com\/jurmalaslaivas"]}]}},"_links":{"self":[{"href":"https:\/\/www.jurmalaslaivas.lv\/en\/wp-json\/wp\/v2\/product\/48314","targetHints":{"allow":["GET"]}}],"collection":[{"href":"https:\/\/www.jurmalaslaivas.lv\/en\/wp-json\/wp\/v2\/product"}],"about":[{"href":"https:\/\/www.jurmalaslaivas.lv\/en\/wp-json\/wp\/v2\/types\/product"}],"replies":[{"embeddable":true,"href":"https:\/\/www.jurmalaslaivas.lv\/en\/wp-json\/wp\/v2\/comments?post=48314"}],"wp:featuredmedia":[{"embeddable":true,"href":"https:\/\/www.jurmalaslaivas.lv\/en\/wp-json\/wp\/v2\/media\/48306"}],"wp:attachment":[{"href":"https:\/\/www.jurmalaslaivas.lv\/en\/wp-json\/wp\/v2\/media?parent=48314"}],"wp:term":[{"taxonomy":"product_brand","embeddable":true,"href":"https:\/\/www.jurmalaslaivas.lv\/en\/wp-json\/wp\/v2\/product_brand?post=48314"},{"taxonomy":"product_cat","embeddable":true,"href":"https:\/\/www.jurmalaslaivas.lv\/en\/wp-json\/wp\/v2\/product_cat?post=48314"},{"taxonomy":"product_tag","embeddable":true,"href":"https:\/\/www.jurmalaslaivas.lv\/en\/wp-json\/wp\/v2\/product_tag?post=48314"}],"curies":[{"name":"wp","href":"https:\/\/api.w.org\/{rel}","templated":true}]}}