{"id":47501,"date":"2022-10-29T16:52:21","date_gmt":"2022-10-29T13:52:21","guid":{"rendered":"https:\/\/www.waterskis.lv\/products\/laiva-amber-430e\/"},"modified":"2026-02-09T13:36:39","modified_gmt":"2026-02-09T10:36:39","slug":"motorboat-amber-430e","status":"publish","type":"product","link":"https:\/\/www.jurmalaslaivas.lv\/en\/product\/motorboat-amber-430e\/","title":{"rendered":"Motorboat AMBER 430E"},"content":{"rendered":"<h1>Motorboat AMBER 430E<\/h1>\n<p>Motorboat AMBER 430E<\/p>\n<p>The long-awaited double-hull version of the excellent trimaran type boat AMBER 430 &#8211; AMBER 430E, which is also the first transformable AMBER boat, transforming from a leisure boat into a fisherman&#8217;s dream &#8211; with a platform, a comfortable rotating chair and countless storage spaces for equipment.<\/p>\n<p>A comfortable, spacious boat that can also be used in the fishing industry<\/p>\n<p>Like all Amberlat boats, the AMBER 430E is easy to operate and, unlike other boats produced by our company, can also be used in the fishing industry. The boat has wide, high, comfortably placed seats, sides and bow. In the double-hull version, the sides of the boat are higher.<\/p>\n<p>Trimaran-type, gliding boat<\/p>\n<p>Three keels placed under the floor of the boat enable its user to maintain a stable direction of travel while driving. With a 30 hp motor, when the boat starts moving, the bow rises a little and it starts gliding. When the boat is gliding, an air cushion is created under it from the middle keel to the outer keels, which allows it to quickly pick up speed and softens the ride.<\/p>\n<p>Safe and stable boat<\/p>\n<p>In fulfillment of the basic position of our company &#8211; safety and stability &#8211; air tanks are placed in the front, middle and back seat of the boat, as well as in the space between the hulls, the keels are filled with foam, which makes the boat stable and unsinkable. During the safety checks ordered by our company, the boat is filled with water and the boat does not sink when the driver is in it. The boat is equally safe when bumping into the waves or standing up while moving around the boat.<\/p>\n<p>Boat &#8211; transformer<\/p>\n<p>The design of the boat is made in such a way that the part of the platform and the part of the seat can be inserted and removed in the inner body of the boat, thus the boat can turn into a leisure boat with a classic middle chair or, by folding the transformable parts inside, the boat turns into a fishing version with a platform, a rotating chair and a lot of equipment sheds.<br \/>\n\u200b<\/p>\n<p>Technical parameters:<\/p>\n<p>Length: 430 cm<br \/>\nWidth: 155 cm<br \/>\nHeight: 0.62 m (0.72 m at the front)<br \/>\nWeight: 150 kg<br \/>\nLifting capacity: 450 kg<br \/>\nNumber of seats: 4<br \/>\nEngine: up to 30 hp<\/p>\n<p>Basic model set<\/p>\n<p>Four luggage and equipment boxes, one of them removable as needed,<br \/>\nWater drain to the deck,<br \/>\nBulkhead at the back of the boat,<br \/>\nfuel outlet,<br \/>\nStainless steel hoops under the wedges,<br \/>\nTwo mid-hull inspection hatches,<br \/>\nFour stainless steel dowels on the sides,<br \/>\nnavigation lights,<br \/>\nVertical rod holder,<br \/>\nTwo stainless steel jacks,<br \/>\nReinforced boat transom,<br \/>\nTwo untying hooks at the front and at the back,<br \/>\nSet of paddles with mud<\/p>\n<p><img decoding=\"async\" src=\"https:\/\/site-357498.mozfiles.com\/files\/357498\/medium\/430e-1.jpg\" alt=\"430e-1.jpg\" \/><\/p>\n<p><img decoding=\"async\" src=\"https:\/\/site-357498.mozfiles.com\/files\/357498\/medium\/430e__1_.jpg\" alt=\"430e__1_.jpg\" \/><\/p>\n","protected":false},"excerpt":{"rendered":"<p><img decoding=\"async\" src=\"https:\/\/site-357498.mozfiles.com\/files\/357498\/medium\/430e__1_.jpg\" alt=\"430e__1_.jpg\" \/> [&#8230;]<\/p>\n<p><a class=\"btn btn-secondary understrap-read-more-link\" href=\"https:\/\/www.jurmalaslaivas.lv\/en\/product\/motorboat-amber-430e\/\">Read More&#8230;<\/a><\/p>\n","protected":false},"featured_media":47472,"comment_status":"closed","ping_status":"closed","template":"","meta":{"_acf_changed":false,"inline_featured_image":false},"product_brand":[],"product_cat":[571,944,998,1074],"product_tag":[1248,1250,1251,1252,1257,1258,1259,1261,1262,1264,1265,1266,1267],"class_list":{"0":"post-47501","1":"product","2":"type-product","3":"status-publish","4":"has-post-thumbnail","6":"product_cat-boats","7":"product_cat-fiberglass-paddle-boats","8":"product_cat-motorboats-accessories","9":"product_cat-motorboats","10":"product_tag-airu-laiva","11":"product_tag-amber-boat","12":"product_tag-amber-laiva","13":"product_tag-amberlat","14":"product_tag-fiberglass-boat","15":"product_tag-laiva","16":"product_tag-rowing-boat","17":"product_tag-stiklaskiedras-laiva","18":"product_tag-1262","19":"product_tag-1264","20":"product_tag--amber","21":"product_tag-1266","22":"product_tag-1267","24":"first","25":"instock","26":"shipping-taxable","27":"purchasable","28":"product-type-simple"},"acf":[],"yoast_head":"<!-- This site is optimized with the Yoast SEO plugin v27.0 - https:\/\/yoast.com\/product\/yoast-seo-wordpress\/ -->\n<title>Motorboat AMBER 430E - Jurmalas Laivas<\/title>\n<meta name=\"description\" content=\"Motorboat AMBER 430E double-hull version. The first transformable AMBER boat, transforming from a leisure boat into a fisherman&#039;s dream - with a platform\" \/>\n<meta name=\"robots\" content=\"index, follow, max-snippet:-1, max-image-preview:large, max-video-preview:-1\" \/>\n<link rel=\"canonical\" href=\"https:\/\/www.jurmalaslaivas.lv\/en\/product\/motorboat-amber-430e\/\" \/>\n<meta property=\"og:locale\" content=\"en_US\" \/>\n<meta property=\"og:type\" content=\"article\" \/>\n<meta property=\"og:title\" content=\"Laiva AMBER 430E\" \/>\n<meta property=\"og:description\" content=\"Laiva \u2013 trasformerisLaivas dizains ir veidots t\u0101, ka laivas iek\u0161\u0113j\u0101 korpus\u0101 var ievietot un iz\u0146emt \u0101r\u0101 platformas da\u013cu un s\u0113dek\u013ca da\u013cu, t\u0101d\u0113j\u0101di laiva var p\u0101rtapt atp\u016btas laivas ar klasisko vid\u0113jo kr\u0113slu vai, saliekot iek\u0161\u0101 transform\u0113jam\u0101s deta\u013cas- laiva p\u0101rv\u0113r\u0161as mak\u0161\u0137er\u0113\u0161anas versij\u0101 ar platformu, rot\u0113jo\u0161o kr\u0113slu un daudz invent\u0101ra novietn\u0113m.Tehniskie parametri:Garums: 430 cmPlatums: 155 cmAugstums: 0,62 m (priek\u0161gal\u0101 0,72m)Svars: 150 kgCeltsp\u0113ja: 450 kgVietu skaits: 4Dzin\u0113js: l\u012bdz 30 z\/s\" \/>\n<meta property=\"og:url\" content=\"https:\/\/www.jurmalaslaivas.lv\/en\/product\/motorboat-amber-430e\/\" \/>\n<meta property=\"og:site_name\" content=\"Jurmalas Laivas\" \/>\n<meta property=\"article:publisher\" content=\"https:\/\/www.facebook.com\/jurmalaslaivas\" \/>\n<meta property=\"article:modified_time\" content=\"2026-02-09T10:36:39+00:00\" \/>\n<meta property=\"og:image\" content=\"https:\/\/www.jurmalaslaivas.lv\/wp-content\/uploads\/2022\/10\/430E8.jpg\" \/>\n\t<meta property=\"og:image:width\" content=\"697\" \/>\n\t<meta property=\"og:image:height\" content=\"900\" \/>\n\t<meta property=\"og:image:type\" content=\"image\/jpeg\" \/>\n<meta name=\"twitter:card\" content=\"summary_large_image\" \/>\n<meta name=\"twitter:label1\" content=\"Est. reading time\" \/>\n\t<meta name=\"twitter:data1\" content=\"4 minutes\" \/>\n<script type=\"application\/ld+json\" class=\"yoast-schema-graph\">{\"@context\":\"https:\/\/schema.org\",\"@graph\":[{\"@type\":\"WebPage\",\"@id\":\"https:\/\/www.jurmalaslaivas.lv\/en\/product\/motorboat-amber-430e\/\",\"url\":\"https:\/\/www.jurmalaslaivas.lv\/en\/product\/motorboat-amber-430e\/\",\"name\":\"Motorboat AMBER 430E - Jurmalas Laivas\",\"isPartOf\":{\"@id\":\"https:\/\/www.jurmalaslaivas.lv\/en\/#website\"},\"primaryImageOfPage\":{\"@id\":\"https:\/\/www.jurmalaslaivas.lv\/en\/product\/motorboat-amber-430e\/#primaryimage\"},\"image\":{\"@id\":\"https:\/\/www.jurmalaslaivas.lv\/en\/product\/motorboat-amber-430e\/#primaryimage\"},\"thumbnailUrl\":\"https:\/\/www.jurmalaslaivas.lv\/wp-content\/uploads\/2022\/10\/430E.jpg\",\"datePublished\":\"2022-10-29T13:52:21+00:00\",\"dateModified\":\"2026-02-09T10:36:39+00:00\",\"description\":\"Motorboat AMBER 430E double-hull version. The first transformable AMBER boat, transforming from a leisure boat into a fisherman's dream - with a platform\",\"breadcrumb\":{\"@id\":\"https:\/\/www.jurmalaslaivas.lv\/en\/product\/motorboat-amber-430e\/#breadcrumb\"},\"inLanguage\":\"en-US\",\"potentialAction\":[{\"@type\":\"ReadAction\",\"target\":[\"https:\/\/www.jurmalaslaivas.lv\/en\/product\/motorboat-amber-430e\/\"]}]},{\"@type\":\"ImageObject\",\"inLanguage\":\"en-US\",\"@id\":\"https:\/\/www.jurmalaslaivas.lv\/en\/product\/motorboat-amber-430e\/#primaryimage\",\"url\":\"https:\/\/www.jurmalaslaivas.lv\/wp-content\/uploads\/2022\/10\/430E.jpg\",\"contentUrl\":\"https:\/\/www.jurmalaslaivas.lv\/wp-content\/uploads\/2022\/10\/430E.jpg\",\"width\":1200,\"height\":817,\"caption\":\"Laiva AMBER 430E\"},{\"@type\":\"BreadcrumbList\",\"@id\":\"https:\/\/www.jurmalaslaivas.lv\/en\/product\/motorboat-amber-430e\/#breadcrumb\",\"itemListElement\":[{\"@type\":\"ListItem\",\"position\":1,\"name\":\"Home\",\"item\":\"https:\/\/www.jurmalaslaivas.lv\/en\/\"},{\"@type\":\"ListItem\",\"position\":2,\"name\":\"Shop\",\"item\":\"https:\/\/www.jurmalaslaivas.lv\/en\/shop-2shop\/\"},{\"@type\":\"ListItem\",\"position\":3,\"name\":\"Motorboat AMBER 430E\"}]},{\"@type\":\"WebSite\",\"@id\":\"https:\/\/www.jurmalaslaivas.lv\/en\/#website\",\"url\":\"https:\/\/www.jurmalaslaivas.lv\/en\/\",\"name\":\"Jurmalaslaivas.lv\",\"description\":\"Laivu noma un veikals\",\"publisher\":{\"@id\":\"https:\/\/www.jurmalaslaivas.lv\/en\/#organization\"},\"potentialAction\":[{\"@type\":\"SearchAction\",\"target\":{\"@type\":\"EntryPoint\",\"urlTemplate\":\"https:\/\/www.jurmalaslaivas.lv\/en\/?s={search_term_string}\"},\"query-input\":{\"@type\":\"PropertyValueSpecification\",\"valueRequired\":true,\"valueName\":\"search_term_string\"}}],\"inLanguage\":\"en-US\"},{\"@type\":\"Organization\",\"@id\":\"https:\/\/www.jurmalaslaivas.lv\/en\/#organization\",\"name\":\"Jurmalaslaivas.lv\",\"url\":\"https:\/\/www.jurmalaslaivas.lv\/en\/\",\"logo\":{\"@type\":\"ImageObject\",\"inLanguage\":\"en-US\",\"@id\":\"https:\/\/www.jurmalaslaivas.lv\/en\/#\/schema\/logo\/image\/\",\"url\":\"https:\/\/www.jurmalaslaivas.lv\/wp-content\/uploads\/2022\/11\/jurmalas-laivas-balts-ar-rami.png\",\"contentUrl\":\"https:\/\/www.jurmalaslaivas.lv\/wp-content\/uploads\/2022\/11\/jurmalas-laivas-balts-ar-rami.png\",\"width\":500,\"height\":500,\"caption\":\"Jurmalaslaivas.lv\"},\"image\":{\"@id\":\"https:\/\/www.jurmalaslaivas.lv\/en\/#\/schema\/logo\/image\/\"},\"sameAs\":[\"https:\/\/www.facebook.com\/jurmalaslaivas\"]}]}<\/script>\n<!-- \/ Yoast SEO plugin. -->","yoast_head_json":{"title":"Motorboat AMBER 430E - Jurmalas Laivas","description":"Motorboat AMBER 430E double-hull version. The first transformable AMBER boat, transforming from a leisure boat into a fisherman's dream - with a platform","robots":{"index":"index","follow":"follow","max-snippet":"max-snippet:-1","max-image-preview":"max-image-preview:large","max-video-preview":"max-video-preview:-1"},"canonical":"https:\/\/www.jurmalaslaivas.lv\/en\/product\/motorboat-amber-430e\/","og_locale":"en_US","og_type":"article","og_title":"Laiva AMBER 430E","og_description":"Laiva \u2013 trasformerisLaivas dizains ir veidots t\u0101, ka laivas iek\u0161\u0113j\u0101 korpus\u0101 var ievietot un iz\u0146emt \u0101r\u0101 platformas da\u013cu un s\u0113dek\u013ca da\u013cu, t\u0101d\u0113j\u0101di laiva var p\u0101rtapt atp\u016btas laivas ar klasisko vid\u0113jo kr\u0113slu vai, saliekot iek\u0161\u0101 transform\u0113jam\u0101s deta\u013cas- laiva p\u0101rv\u0113r\u0161as mak\u0161\u0137er\u0113\u0161anas versij\u0101 ar platformu, rot\u0113jo\u0161o kr\u0113slu un daudz invent\u0101ra novietn\u0113m.Tehniskie parametri:Garums: 430 cmPlatums: 155 cmAugstums: 0,62 m (priek\u0161gal\u0101 0,72m)Svars: 150 kgCeltsp\u0113ja: 450 kgVietu skaits: 4Dzin\u0113js: l\u012bdz 30 z\/s","og_url":"https:\/\/www.jurmalaslaivas.lv\/en\/product\/motorboat-amber-430e\/","og_site_name":"Jurmalas Laivas","article_publisher":"https:\/\/www.facebook.com\/jurmalaslaivas","article_modified_time":"2026-02-09T10:36:39+00:00","og_image":[{"width":697,"height":900,"url":"https:\/\/www.jurmalaslaivas.lv\/wp-content\/uploads\/2022\/10\/430E8.jpg","type":"image\/jpeg"}],"twitter_card":"summary_large_image","twitter_misc":{"Est. reading time":"4 minutes"},"schema":{"@context":"https:\/\/schema.org","@graph":[{"@type":"WebPage","@id":"https:\/\/www.jurmalaslaivas.lv\/en\/product\/motorboat-amber-430e\/","url":"https:\/\/www.jurmalaslaivas.lv\/en\/product\/motorboat-amber-430e\/","name":"Motorboat AMBER 430E - Jurmalas Laivas","isPartOf":{"@id":"https:\/\/www.jurmalaslaivas.lv\/en\/#website"},"primaryImageOfPage":{"@id":"https:\/\/www.jurmalaslaivas.lv\/en\/product\/motorboat-amber-430e\/#primaryimage"},"image":{"@id":"https:\/\/www.jurmalaslaivas.lv\/en\/product\/motorboat-amber-430e\/#primaryimage"},"thumbnailUrl":"https:\/\/www.jurmalaslaivas.lv\/wp-content\/uploads\/2022\/10\/430E.jpg","datePublished":"2022-10-29T13:52:21+00:00","dateModified":"2026-02-09T10:36:39+00:00","description":"Motorboat AMBER 430E double-hull version. The first transformable AMBER boat, transforming from a leisure boat into a fisherman's dream - with a platform","breadcrumb":{"@id":"https:\/\/www.jurmalaslaivas.lv\/en\/product\/motorboat-amber-430e\/#breadcrumb"},"inLanguage":"en-US","potentialAction":[{"@type":"ReadAction","target":["https:\/\/www.jurmalaslaivas.lv\/en\/product\/motorboat-amber-430e\/"]}]},{"@type":"ImageObject","inLanguage":"en-US","@id":"https:\/\/www.jurmalaslaivas.lv\/en\/product\/motorboat-amber-430e\/#primaryimage","url":"https:\/\/www.jurmalaslaivas.lv\/wp-content\/uploads\/2022\/10\/430E.jpg","contentUrl":"https:\/\/www.jurmalaslaivas.lv\/wp-content\/uploads\/2022\/10\/430E.jpg","width":1200,"height":817,"caption":"Laiva AMBER 430E"},{"@type":"BreadcrumbList","@id":"https:\/\/www.jurmalaslaivas.lv\/en\/product\/motorboat-amber-430e\/#breadcrumb","itemListElement":[{"@type":"ListItem","position":1,"name":"Home","item":"https:\/\/www.jurmalaslaivas.lv\/en\/"},{"@type":"ListItem","position":2,"name":"Shop","item":"https:\/\/www.jurmalaslaivas.lv\/en\/shop-2shop\/"},{"@type":"ListItem","position":3,"name":"Motorboat AMBER 430E"}]},{"@type":"WebSite","@id":"https:\/\/www.jurmalaslaivas.lv\/en\/#website","url":"https:\/\/www.jurmalaslaivas.lv\/en\/","name":"Jurmalaslaivas.lv","description":"Laivu noma un veikals","publisher":{"@id":"https:\/\/www.jurmalaslaivas.lv\/en\/#organization"},"potentialAction":[{"@type":"SearchAction","target":{"@type":"EntryPoint","urlTemplate":"https:\/\/www.jurmalaslaivas.lv\/en\/?s={search_term_string}"},"query-input":{"@type":"PropertyValueSpecification","valueRequired":true,"valueName":"search_term_string"}}],"inLanguage":"en-US"},{"@type":"Organization","@id":"https:\/\/www.jurmalaslaivas.lv\/en\/#organization","name":"Jurmalaslaivas.lv","url":"https:\/\/www.jurmalaslaivas.lv\/en\/","logo":{"@type":"ImageObject","inLanguage":"en-US","@id":"https:\/\/www.jurmalaslaivas.lv\/en\/#\/schema\/logo\/image\/","url":"https:\/\/www.jurmalaslaivas.lv\/wp-content\/uploads\/2022\/11\/jurmalas-laivas-balts-ar-rami.png","contentUrl":"https:\/\/www.jurmalaslaivas.lv\/wp-content\/uploads\/2022\/11\/jurmalas-laivas-balts-ar-rami.png","width":500,"height":500,"caption":"Jurmalaslaivas.lv"},"image":{"@id":"https:\/\/www.jurmalaslaivas.lv\/en\/#\/schema\/logo\/image\/"},"sameAs":["https:\/\/www.facebook.com\/jurmalaslaivas"]}]}},"_links":{"self":[{"href":"https:\/\/www.jurmalaslaivas.lv\/en\/wp-json\/wp\/v2\/product\/47501","targetHints":{"allow":["GET"]}}],"collection":[{"href":"https:\/\/www.jurmalaslaivas.lv\/en\/wp-json\/wp\/v2\/product"}],"about":[{"href":"https:\/\/www.jurmalaslaivas.lv\/en\/wp-json\/wp\/v2\/types\/product"}],"replies":[{"embeddable":true,"href":"https:\/\/www.jurmalaslaivas.lv\/en\/wp-json\/wp\/v2\/comments?post=47501"}],"wp:featuredmedia":[{"embeddable":true,"href":"https:\/\/www.jurmalaslaivas.lv\/en\/wp-json\/wp\/v2\/media\/47472"}],"wp:attachment":[{"href":"https:\/\/www.jurmalaslaivas.lv\/en\/wp-json\/wp\/v2\/media?parent=47501"}],"wp:term":[{"taxonomy":"product_brand","embeddable":true,"href":"https:\/\/www.jurmalaslaivas.lv\/en\/wp-json\/wp\/v2\/product_brand?post=47501"},{"taxonomy":"product_cat","embeddable":true,"href":"https:\/\/www.jurmalaslaivas.lv\/en\/wp-json\/wp\/v2\/product_cat?post=47501"},{"taxonomy":"product_tag","embeddable":true,"href":"https:\/\/www.jurmalaslaivas.lv\/en\/wp-json\/wp\/v2\/product_tag?post=47501"}],"curies":[{"name":"wp","href":"https:\/\/api.w.org\/{rel}","templated":true}]}}