{"id":47418,"date":"2022-10-29T10:50:20","date_gmt":"2022-10-29T07:50:20","guid":{"rendered":"https:\/\/www.waterskis.lv\/products\/suzuki-marine-4-stroke-engine-oil-10w40-5l\/"},"modified":"2026-02-23T17:15:36","modified_gmt":"2026-02-23T14:15:36","slug":"suzuki-marine-4-stroke-engine-oil-10w40-5l","status":"publish","type":"product","link":"https:\/\/www.jurmalaslaivas.lv\/en\/product\/suzuki-marine-4-stroke-engine-oil-10w40-5l\/","title":{"rendered":"E\u013c\u013ca Suzuki Marine 4 Stroke Engine Oil 10W40 5L"},"content":{"rendered":"<h1 class=\"product_title entry-title\">E\u013c\u013ca Suzuki Marine 4 Stroke Engine Oil 10W40 5L<\/h1>\n<p>E\u013c\u013ca Suzuki Marine 4 Stroke Engine Oil 10W40 5L<\/p>\n<p class=\"product_title entry-title\">SUZUKI MARINE GENUINE OIL \u2013\u00a0 pussint\u0113tiska sm\u0113rviela, kas \u012bpa\u0161i izstr\u0101d\u0101ta SUZUKI benz\u012bna 4 taktu piekarin\u0101majiem dzin\u0113jiem.<br \/>\n10W-30 un 10W-40 klases<br \/>\nDa\u013c\u0113ji sint\u0113tiska veiktsp\u0113ja<br \/>\nNMMA FC-W apstiprin\u0101jums<br \/>\nAugsta HTHS viskozit\u0101te<br \/>\nIzcila aizsardz\u012bba pret koroziju un oksid\u0101ciju<br \/>\nPretputo\u0161anas un pret aizs\u0113r\u0113\u0161anas \u012bpa\u0161\u012bbas<\/p>\n<ul>\n<li>SUZUKI MARINE GENUINE OIL \u2013 Semi-synthetic lubricant specially designed for SUZUKI Gasoline 4 stroke outboard engines.<\/li>\n<li>10W-30 and 10W-40 grades<\/li>\n<li>Semi synthetic performance<\/li>\n<li>NMMA FC-W approval<\/li>\n<li>High HTHS viscosity<\/li>\n<li>Outstanding protection against corrosion and oxidation<\/li>\n<li>Anti-foaming and anti-clogging properties<\/li>\n<\/ul>\n<p>&nbsp;<\/p>\n","protected":false},"excerpt":{"rendered":"<p>E\u013c\u013ca Suzuki Marine 4 Stroke Engine Oil 10W40 5L E\u013c\u013ca Suzuki Marine 4 Stroke Engine Oil 10W40 5L SUZUKI MARINE GENUINE OIL \u2013\u00a0 pussint\u0113tiska sm\u0113rviela, kas \u012bpa\u0161i izstr\u0101d\u0101ta SUZUKI benz\u012bna 4 taktu piekarin\u0101majiem dzin\u0113jiem. 10W-30 un 10W-40 klases Da\u013c\u0113ji sint\u0113tiska veiktsp\u0113ja NMMA FC-W apstiprin\u0101jums Augsta HTHS viskozit\u0101te Izcila aizsardz\u012bba pret koroziju un oksid\u0101ciju Pretputo\u0161anas un [&#8230;]<\/p>\n<p><a class=\"btn btn-secondary understrap-read-more-link\" href=\"https:\/\/www.jurmalaslaivas.lv\/en\/product\/suzuki-marine-4-stroke-engine-oil-10w40-5l\/\">Read More&#8230;<\/a><\/p>\n","protected":false},"featured_media":47416,"comment_status":"closed","ping_status":"closed","template":"","meta":{"_acf_changed":false,"inline_featured_image":false},"product_brand":[],"product_cat":[713,715],"product_tag":[2074,2075,2076,2077,2054,2078,2079],"class_list":{"0":"post-47418","1":"product","2":"type-product","3":"status-publish","4":"has-post-thumbnail","6":"product_cat-outboard-engines-acessories","7":"product_cat-oils","8":"product_tag-boat-engine-oil","9":"product_tag-ella","10":"product_tag-laivu-motoru-ella","11":"product_tag-oil","12":"product_tag-suzuki-marine","13":"product_tag-2078","14":"product_tag-2079","16":"first","17":"outofstock","18":"shipping-taxable","19":"purchasable","20":"product-type-simple"},"acf":[],"yoast_head":"<!-- This site is optimized with the Yoast SEO plugin v27.0 - https:\/\/yoast.com\/product\/yoast-seo-wordpress\/ -->\n<title>E\u013c\u013ca Suzuki Marine 4 Stroke Engine Oil 10W40 5L - Jurmalas Laivas<\/title>\n<meta name=\"description\" content=\"E\u013c\u013ca Suzuki Marine 4 Stroke Engine Oil 10W40 5L. Pussint\u0113tiska sm\u0113rviela, kas izstr\u0101d\u0101ta SUZUKI benz\u012bna 4 taktu piekarin\u0101majiem dzin\u0113jiem.10W-30 un 10W-40\" \/>\n<meta name=\"robots\" content=\"index, follow, max-snippet:-1, max-image-preview:large, max-video-preview:-1\" \/>\n<link rel=\"canonical\" href=\"https:\/\/www.jurmalaslaivas.lv\/en\/product\/suzuki-marine-4-stroke-engine-oil-10w40-5l\/\" \/>\n<meta property=\"og:locale\" content=\"en_US\" \/>\n<meta property=\"og:type\" content=\"article\" \/>\n<meta property=\"og:title\" content=\"E\u013c\u013ca Suzuki Marine 4 Stroke Engine Oil 10W40 5L - Jurmalas Laivas\" \/>\n<meta property=\"og:description\" content=\"E\u013c\u013ca Suzuki Marine 4 Stroke Engine Oil 10W40 5L. Pussint\u0113tiska sm\u0113rviela, kas izstr\u0101d\u0101ta SUZUKI benz\u012bna 4 taktu piekarin\u0101majiem dzin\u0113jiem.10W-30 un 10W-40\" \/>\n<meta property=\"og:url\" content=\"https:\/\/www.jurmalaslaivas.lv\/en\/product\/suzuki-marine-4-stroke-engine-oil-10w40-5l\/\" \/>\n<meta property=\"og:site_name\" content=\"Jurmalas Laivas\" \/>\n<meta property=\"article:publisher\" content=\"https:\/\/www.facebook.com\/jurmalaslaivas\" \/>\n<meta property=\"article:modified_time\" content=\"2026-02-23T14:15:36+00:00\" \/>\n<meta property=\"og:image\" content=\"https:\/\/www.jurmalaslaivas.lv\/wp-content\/uploads\/2022\/10\/Suzuki-5L.jpg\" \/>\n\t<meta property=\"og:image:width\" content=\"565\" \/>\n\t<meta property=\"og:image:height\" content=\"1000\" \/>\n\t<meta property=\"og:image:type\" content=\"image\/jpeg\" \/>\n<meta name=\"twitter:card\" content=\"summary_large_image\" \/>\n<meta name=\"twitter:label1\" content=\"Est. reading time\" \/>\n\t<meta name=\"twitter:data1\" content=\"1 minute\" \/>\n<script type=\"application\/ld+json\" class=\"yoast-schema-graph\">{\"@context\":\"https:\/\/schema.org\",\"@graph\":[{\"@type\":\"WebPage\",\"@id\":\"https:\/\/www.jurmalaslaivas.lv\/en\/product\/suzuki-marine-4-stroke-engine-oil-10w40-5l\/\",\"url\":\"https:\/\/www.jurmalaslaivas.lv\/en\/product\/suzuki-marine-4-stroke-engine-oil-10w40-5l\/\",\"name\":\"E\u013c\u013ca Suzuki Marine 4 Stroke Engine Oil 10W40 5L - Jurmalas Laivas\",\"isPartOf\":{\"@id\":\"https:\/\/www.jurmalaslaivas.lv\/en\/#website\"},\"primaryImageOfPage\":{\"@id\":\"https:\/\/www.jurmalaslaivas.lv\/en\/product\/suzuki-marine-4-stroke-engine-oil-10w40-5l\/#primaryimage\"},\"image\":{\"@id\":\"https:\/\/www.jurmalaslaivas.lv\/en\/product\/suzuki-marine-4-stroke-engine-oil-10w40-5l\/#primaryimage\"},\"thumbnailUrl\":\"https:\/\/www.jurmalaslaivas.lv\/wp-content\/uploads\/2022\/10\/Suzuki-5L.jpg\",\"datePublished\":\"2022-10-29T07:50:20+00:00\",\"dateModified\":\"2026-02-23T14:15:36+00:00\",\"description\":\"E\u013c\u013ca Suzuki Marine 4 Stroke Engine Oil 10W40 5L. Pussint\u0113tiska sm\u0113rviela, kas izstr\u0101d\u0101ta SUZUKI benz\u012bna 4 taktu piekarin\u0101majiem dzin\u0113jiem.10W-30 un 10W-40\",\"breadcrumb\":{\"@id\":\"https:\/\/www.jurmalaslaivas.lv\/en\/product\/suzuki-marine-4-stroke-engine-oil-10w40-5l\/#breadcrumb\"},\"inLanguage\":\"en-US\",\"potentialAction\":[{\"@type\":\"ReadAction\",\"target\":[\"https:\/\/www.jurmalaslaivas.lv\/en\/product\/suzuki-marine-4-stroke-engine-oil-10w40-5l\/\"]}]},{\"@type\":\"ImageObject\",\"inLanguage\":\"en-US\",\"@id\":\"https:\/\/www.jurmalaslaivas.lv\/en\/product\/suzuki-marine-4-stroke-engine-oil-10w40-5l\/#primaryimage\",\"url\":\"https:\/\/www.jurmalaslaivas.lv\/wp-content\/uploads\/2022\/10\/Suzuki-5L.jpg\",\"contentUrl\":\"https:\/\/www.jurmalaslaivas.lv\/wp-content\/uploads\/2022\/10\/Suzuki-5L.jpg\",\"width\":565,\"height\":1000,\"caption\":\"Suzuki Marine 4 Stroke Engine Oil 10W40 5L\"},{\"@type\":\"BreadcrumbList\",\"@id\":\"https:\/\/www.jurmalaslaivas.lv\/en\/product\/suzuki-marine-4-stroke-engine-oil-10w40-5l\/#breadcrumb\",\"itemListElement\":[{\"@type\":\"ListItem\",\"position\":1,\"name\":\"Home\",\"item\":\"https:\/\/www.jurmalaslaivas.lv\/en\/\"},{\"@type\":\"ListItem\",\"position\":2,\"name\":\"Shop\",\"item\":\"https:\/\/www.jurmalaslaivas.lv\/en\/shop-2shop\/\"},{\"@type\":\"ListItem\",\"position\":3,\"name\":\"E\u013c\u013ca Suzuki Marine 4 Stroke Engine Oil 10W40 5L\"}]},{\"@type\":\"WebSite\",\"@id\":\"https:\/\/www.jurmalaslaivas.lv\/en\/#website\",\"url\":\"https:\/\/www.jurmalaslaivas.lv\/en\/\",\"name\":\"Jurmalaslaivas.lv\",\"description\":\"Laivu noma un veikals\",\"publisher\":{\"@id\":\"https:\/\/www.jurmalaslaivas.lv\/en\/#organization\"},\"potentialAction\":[{\"@type\":\"SearchAction\",\"target\":{\"@type\":\"EntryPoint\",\"urlTemplate\":\"https:\/\/www.jurmalaslaivas.lv\/en\/?s={search_term_string}\"},\"query-input\":{\"@type\":\"PropertyValueSpecification\",\"valueRequired\":true,\"valueName\":\"search_term_string\"}}],\"inLanguage\":\"en-US\"},{\"@type\":\"Organization\",\"@id\":\"https:\/\/www.jurmalaslaivas.lv\/en\/#organization\",\"name\":\"Jurmalaslaivas.lv\",\"url\":\"https:\/\/www.jurmalaslaivas.lv\/en\/\",\"logo\":{\"@type\":\"ImageObject\",\"inLanguage\":\"en-US\",\"@id\":\"https:\/\/www.jurmalaslaivas.lv\/en\/#\/schema\/logo\/image\/\",\"url\":\"https:\/\/www.jurmalaslaivas.lv\/wp-content\/uploads\/2022\/11\/jurmalas-laivas-balts-ar-rami.png\",\"contentUrl\":\"https:\/\/www.jurmalaslaivas.lv\/wp-content\/uploads\/2022\/11\/jurmalas-laivas-balts-ar-rami.png\",\"width\":500,\"height\":500,\"caption\":\"Jurmalaslaivas.lv\"},\"image\":{\"@id\":\"https:\/\/www.jurmalaslaivas.lv\/en\/#\/schema\/logo\/image\/\"},\"sameAs\":[\"https:\/\/www.facebook.com\/jurmalaslaivas\"]}]}<\/script>\n<!-- \/ Yoast SEO plugin. -->","yoast_head_json":{"title":"E\u013c\u013ca Suzuki Marine 4 Stroke Engine Oil 10W40 5L - Jurmalas Laivas","description":"E\u013c\u013ca Suzuki Marine 4 Stroke Engine Oil 10W40 5L. Pussint\u0113tiska sm\u0113rviela, kas izstr\u0101d\u0101ta SUZUKI benz\u012bna 4 taktu piekarin\u0101majiem dzin\u0113jiem.10W-30 un 10W-40","robots":{"index":"index","follow":"follow","max-snippet":"max-snippet:-1","max-image-preview":"max-image-preview:large","max-video-preview":"max-video-preview:-1"},"canonical":"https:\/\/www.jurmalaslaivas.lv\/en\/product\/suzuki-marine-4-stroke-engine-oil-10w40-5l\/","og_locale":"en_US","og_type":"article","og_title":"E\u013c\u013ca Suzuki Marine 4 Stroke Engine Oil 10W40 5L - Jurmalas Laivas","og_description":"E\u013c\u013ca Suzuki Marine 4 Stroke Engine Oil 10W40 5L. Pussint\u0113tiska sm\u0113rviela, kas izstr\u0101d\u0101ta SUZUKI benz\u012bna 4 taktu piekarin\u0101majiem dzin\u0113jiem.10W-30 un 10W-40","og_url":"https:\/\/www.jurmalaslaivas.lv\/en\/product\/suzuki-marine-4-stroke-engine-oil-10w40-5l\/","og_site_name":"Jurmalas Laivas","article_publisher":"https:\/\/www.facebook.com\/jurmalaslaivas","article_modified_time":"2026-02-23T14:15:36+00:00","og_image":[{"width":565,"height":1000,"url":"https:\/\/www.jurmalaslaivas.lv\/wp-content\/uploads\/2022\/10\/Suzuki-5L.jpg","type":"image\/jpeg"}],"twitter_card":"summary_large_image","twitter_misc":{"Est. reading time":"1 minute"},"schema":{"@context":"https:\/\/schema.org","@graph":[{"@type":"WebPage","@id":"https:\/\/www.jurmalaslaivas.lv\/en\/product\/suzuki-marine-4-stroke-engine-oil-10w40-5l\/","url":"https:\/\/www.jurmalaslaivas.lv\/en\/product\/suzuki-marine-4-stroke-engine-oil-10w40-5l\/","name":"E\u013c\u013ca Suzuki Marine 4 Stroke Engine Oil 10W40 5L - Jurmalas Laivas","isPartOf":{"@id":"https:\/\/www.jurmalaslaivas.lv\/en\/#website"},"primaryImageOfPage":{"@id":"https:\/\/www.jurmalaslaivas.lv\/en\/product\/suzuki-marine-4-stroke-engine-oil-10w40-5l\/#primaryimage"},"image":{"@id":"https:\/\/www.jurmalaslaivas.lv\/en\/product\/suzuki-marine-4-stroke-engine-oil-10w40-5l\/#primaryimage"},"thumbnailUrl":"https:\/\/www.jurmalaslaivas.lv\/wp-content\/uploads\/2022\/10\/Suzuki-5L.jpg","datePublished":"2022-10-29T07:50:20+00:00","dateModified":"2026-02-23T14:15:36+00:00","description":"E\u013c\u013ca Suzuki Marine 4 Stroke Engine Oil 10W40 5L. Pussint\u0113tiska sm\u0113rviela, kas izstr\u0101d\u0101ta SUZUKI benz\u012bna 4 taktu piekarin\u0101majiem dzin\u0113jiem.10W-30 un 10W-40","breadcrumb":{"@id":"https:\/\/www.jurmalaslaivas.lv\/en\/product\/suzuki-marine-4-stroke-engine-oil-10w40-5l\/#breadcrumb"},"inLanguage":"en-US","potentialAction":[{"@type":"ReadAction","target":["https:\/\/www.jurmalaslaivas.lv\/en\/product\/suzuki-marine-4-stroke-engine-oil-10w40-5l\/"]}]},{"@type":"ImageObject","inLanguage":"en-US","@id":"https:\/\/www.jurmalaslaivas.lv\/en\/product\/suzuki-marine-4-stroke-engine-oil-10w40-5l\/#primaryimage","url":"https:\/\/www.jurmalaslaivas.lv\/wp-content\/uploads\/2022\/10\/Suzuki-5L.jpg","contentUrl":"https:\/\/www.jurmalaslaivas.lv\/wp-content\/uploads\/2022\/10\/Suzuki-5L.jpg","width":565,"height":1000,"caption":"Suzuki Marine 4 Stroke Engine Oil 10W40 5L"},{"@type":"BreadcrumbList","@id":"https:\/\/www.jurmalaslaivas.lv\/en\/product\/suzuki-marine-4-stroke-engine-oil-10w40-5l\/#breadcrumb","itemListElement":[{"@type":"ListItem","position":1,"name":"Home","item":"https:\/\/www.jurmalaslaivas.lv\/en\/"},{"@type":"ListItem","position":2,"name":"Shop","item":"https:\/\/www.jurmalaslaivas.lv\/en\/shop-2shop\/"},{"@type":"ListItem","position":3,"name":"E\u013c\u013ca Suzuki Marine 4 Stroke Engine Oil 10W40 5L"}]},{"@type":"WebSite","@id":"https:\/\/www.jurmalaslaivas.lv\/en\/#website","url":"https:\/\/www.jurmalaslaivas.lv\/en\/","name":"Jurmalaslaivas.lv","description":"Laivu noma un veikals","publisher":{"@id":"https:\/\/www.jurmalaslaivas.lv\/en\/#organization"},"potentialAction":[{"@type":"SearchAction","target":{"@type":"EntryPoint","urlTemplate":"https:\/\/www.jurmalaslaivas.lv\/en\/?s={search_term_string}"},"query-input":{"@type":"PropertyValueSpecification","valueRequired":true,"valueName":"search_term_string"}}],"inLanguage":"en-US"},{"@type":"Organization","@id":"https:\/\/www.jurmalaslaivas.lv\/en\/#organization","name":"Jurmalaslaivas.lv","url":"https:\/\/www.jurmalaslaivas.lv\/en\/","logo":{"@type":"ImageObject","inLanguage":"en-US","@id":"https:\/\/www.jurmalaslaivas.lv\/en\/#\/schema\/logo\/image\/","url":"https:\/\/www.jurmalaslaivas.lv\/wp-content\/uploads\/2022\/11\/jurmalas-laivas-balts-ar-rami.png","contentUrl":"https:\/\/www.jurmalaslaivas.lv\/wp-content\/uploads\/2022\/11\/jurmalas-laivas-balts-ar-rami.png","width":500,"height":500,"caption":"Jurmalaslaivas.lv"},"image":{"@id":"https:\/\/www.jurmalaslaivas.lv\/en\/#\/schema\/logo\/image\/"},"sameAs":["https:\/\/www.facebook.com\/jurmalaslaivas"]}]}},"_links":{"self":[{"href":"https:\/\/www.jurmalaslaivas.lv\/en\/wp-json\/wp\/v2\/product\/47418","targetHints":{"allow":["GET"]}}],"collection":[{"href":"https:\/\/www.jurmalaslaivas.lv\/en\/wp-json\/wp\/v2\/product"}],"about":[{"href":"https:\/\/www.jurmalaslaivas.lv\/en\/wp-json\/wp\/v2\/types\/product"}],"replies":[{"embeddable":true,"href":"https:\/\/www.jurmalaslaivas.lv\/en\/wp-json\/wp\/v2\/comments?post=47418"}],"wp:featuredmedia":[{"embeddable":true,"href":"https:\/\/www.jurmalaslaivas.lv\/en\/wp-json\/wp\/v2\/media\/47416"}],"wp:attachment":[{"href":"https:\/\/www.jurmalaslaivas.lv\/en\/wp-json\/wp\/v2\/media?parent=47418"}],"wp:term":[{"taxonomy":"product_brand","embeddable":true,"href":"https:\/\/www.jurmalaslaivas.lv\/en\/wp-json\/wp\/v2\/product_brand?post=47418"},{"taxonomy":"product_cat","embeddable":true,"href":"https:\/\/www.jurmalaslaivas.lv\/en\/wp-json\/wp\/v2\/product_cat?post=47418"},{"taxonomy":"product_tag","embeddable":true,"href":"https:\/\/www.jurmalaslaivas.lv\/en\/wp-json\/wp\/v2\/product_tag?post=47418"}],"curies":[{"name":"wp","href":"https:\/\/api.w.org\/{rel}","templated":true}]}}