{"id":25174,"date":"2020-12-24T16:23:41","date_gmt":"2020-12-24T13:23:41","guid":{"rendered":"https:\/\/www.waterskis.lv\/product\/glabsanas-rinkis-lalizas-25-kg\/"},"modified":"2026-02-23T20:34:38","modified_gmt":"2026-02-23T17:34:38","slug":"lifebuoy-ring-lalizas-25-kg","status":"publish","type":"product","link":"https:\/\/www.jurmalaslaivas.lv\/en\/product\/lifebuoy-ring-lalizas-25-kg\/","title":{"rendered":"Lifebuoy ring LALIZAS 2.5 kg"},"content":{"rendered":"<div class=\"block_content1 rte active\">\n<h1>Lifebuoy ring LALIZAS 2.5 kg<\/h1>\n<p>Lifebuoy ring LALIZAS 2.5 kg<\/p>\n<p><span style=\"background-color: var(--bs-body-bg); color: var(--bs-body-color); font-family: var(--bs-body-font-family); font-size: var(--bs-body-font-size); font-weight: var(--bs-body-font-weight); text-align: var(--bs-body-text-align);\">The lifebuoy ring is obligatory for all boats and an advantage for land-based applications. When overboard, it is a MOB system of significant importance as it is able to provide buoyancy and keep people afloat in case of emergency.<\/span><\/p>\n<p>LALIZAS lifebuoy ring is designed for both commercial and recreational use. It features an orange, rack hard, cross \u2013 linked polyethylene outer shell that will not deteriorate. Its construction permits it to remain unharmed no matter the weather conditions. LALIZAS lifebuoy ring is CE approved to SOLAS (L.S.A Code) * by DNV-GL.<\/p>\n<p>Designed for pleasure and commercial usage, features an orange, rack hard,cross &#8211; linked polyethylene outer shell that will not deteriorate and is unaffected by extreme weather conditions CE approved to SOLAS (L.S.A Code)* by DNV &#8211; GL*<\/p>\n<p>*Impa Code\u00a0330151,330156,330157,\u00a0330158,330152,\u00a0330153,330154,\u00a0330155<\/p>\n<\/div>\n<h3 id=\"table-data\" class=\"page-product-heading\">DATA SHEET<\/h3>\n<table class=\"block_content2 table-data-sheet\">\n<tbody>\n<tr class=\"odd\">\n<td>Type<\/td>\n<td>Buoyancy ring<\/td>\n<\/tr>\n<tr class=\"even\">\n<td>Height<\/td>\n<td>10,5 cm<\/td>\n<\/tr>\n<tr class=\"odd\">\n<td>External diameter<\/td>\n<td>72 cm<\/td>\n<\/tr>\n<tr class=\"even\">\n<td>Internal diameter<\/td>\n<td>44 cm<\/td>\n<\/tr>\n<tr class=\"odd\">\n<td>Weight<\/td>\n<td>2,5 kg<\/td>\n<\/tr>\n<tr class=\"even\">\n<td>Med\u017eiaga<\/td>\n<td>PE<\/td>\n<\/tr>\n<tr class=\"odd\">\n<td>Komplektacija<\/td>\n<td>SOLAS \u0161vies\u0105 atspindin\u010dios dalys.<\/td>\n<\/tr>\n<tr class=\"even\">\n<td>Spalva<\/td>\n<td>Orange<\/td>\n<\/tr>\n<tr class=\"odd\">\n<td>Certificate<\/td>\n<td>ISO 0801-09 SOLAS M.E.D.<\/td>\n<\/tr>\n<tr class=\"even\">\n<td>Purpose of usage<\/td>\n<td>Rescue<\/td>\n<\/tr>\n<tr class=\"odd\">\n<td>Country of origin<\/td>\n<td>Italy<\/td>\n<\/tr>\n<\/tbody>\n<\/table>\n","protected":false},"excerpt":{"rendered":"<p>Lifebuoy ring LALIZAS 2.5 kg Lifebuoy ring LALIZAS 2.5 kg The lifebuoy ring is obligatory for all boats and an advantage for land-based applications. When overboard, it is a MOB system of significant importance as it is able to provide buoyancy and keep people afloat in case of emergency. LALIZAS lifebuoy ring is designed for [&#8230;]<\/p>\n<p><a class=\"btn btn-secondary understrap-read-more-link\" href=\"https:\/\/www.jurmalaslaivas.lv\/en\/product\/lifebuoy-ring-lalizas-25-kg\/\">Read More&#8230;<\/a><\/p>\n","protected":false},"featured_media":25169,"comment_status":"closed","ping_status":"closed","template":"","meta":{"_acf_changed":false,"inline_featured_image":false},"product_brand":[],"product_cat":[702],"product_tag":[2160,2163,2161,2162],"class_list":{"0":"post-25174","1":"product","2":"type-product","3":"status-publish","4":"has-post-thumbnail","6":"product_cat-buoyancy-aids","7":"product_tag-glabsanas-rinki","8":"product_tag-lalizas","9":"product_tag-lifebuoys","10":"product_tag-2162","12":"first","13":"instock","14":"shipping-taxable","15":"purchasable","16":"product-type-simple"},"acf":[],"yoast_head":"<!-- This site is optimized with the Yoast SEO plugin v27.0 - https:\/\/yoast.com\/product\/yoast-seo-wordpress\/ -->\n<title>Lifebuoy ring LALIZAS 2.5 kg - Jurmalas Laivas<\/title>\n<meta name=\"description\" content=\"Lifebuoy ring LALIZAS 2.5 kg. The lifebuoy ring is obligatory for all boats and an advantage for land-based applications. When overboard, it is a MOB system\" \/>\n<meta name=\"robots\" content=\"index, follow, max-snippet:-1, max-image-preview:large, max-video-preview:-1\" \/>\n<link rel=\"canonical\" href=\"https:\/\/www.jurmalaslaivas.lv\/en\/product\/lifebuoy-ring-lalizas-25-kg\/\" \/>\n<meta property=\"og:locale\" content=\"en_US\" \/>\n<meta property=\"og:type\" content=\"article\" \/>\n<meta property=\"og:title\" content=\"Lifebuoy ring LALIZAS 2.5 kg - Jurmalas Laivas\" \/>\n<meta property=\"og:description\" content=\"Lifebuoy ring LALIZAS 2.5 kg. The lifebuoy ring is obligatory for all boats and an advantage for land-based applications. When overboard, it is a MOB system\" \/>\n<meta property=\"og:url\" content=\"https:\/\/www.jurmalaslaivas.lv\/en\/product\/lifebuoy-ring-lalizas-25-kg\/\" \/>\n<meta property=\"og:site_name\" content=\"Jurmalas Laivas\" \/>\n<meta property=\"article:publisher\" content=\"https:\/\/www.facebook.com\/jurmalaslaivas\" \/>\n<meta property=\"article:modified_time\" content=\"2026-02-23T17:34:38+00:00\" \/>\n<meta property=\"og:image\" content=\"https:\/\/www.jurmalaslaivas.lv\/wp-content\/uploads\/2020\/12\/Lalizas.jpg\" \/>\n\t<meta property=\"og:image:width\" content=\"1000\" \/>\n\t<meta property=\"og:image:height\" content=\"1000\" \/>\n\t<meta property=\"og:image:type\" content=\"image\/jpeg\" \/>\n<meta name=\"twitter:card\" content=\"summary_large_image\" \/>\n<meta name=\"twitter:label1\" content=\"Est. reading time\" \/>\n\t<meta name=\"twitter:data1\" content=\"2 minutes\" \/>\n<script type=\"application\/ld+json\" class=\"yoast-schema-graph\">{\"@context\":\"https:\/\/schema.org\",\"@graph\":[{\"@type\":\"WebPage\",\"@id\":\"https:\/\/www.jurmalaslaivas.lv\/en\/product\/lifebuoy-ring-lalizas-25-kg\/\",\"url\":\"https:\/\/www.jurmalaslaivas.lv\/en\/product\/lifebuoy-ring-lalizas-25-kg\/\",\"name\":\"Lifebuoy ring LALIZAS 2.5 kg - Jurmalas Laivas\",\"isPartOf\":{\"@id\":\"https:\/\/www.jurmalaslaivas.lv\/en\/#website\"},\"primaryImageOfPage\":{\"@id\":\"https:\/\/www.jurmalaslaivas.lv\/en\/product\/lifebuoy-ring-lalizas-25-kg\/#primaryimage\"},\"image\":{\"@id\":\"https:\/\/www.jurmalaslaivas.lv\/en\/product\/lifebuoy-ring-lalizas-25-kg\/#primaryimage\"},\"thumbnailUrl\":\"https:\/\/www.jurmalaslaivas.lv\/wp-content\/uploads\/2020\/12\/Lalizas.jpg\",\"datePublished\":\"2020-12-24T13:23:41+00:00\",\"dateModified\":\"2026-02-23T17:34:38+00:00\",\"description\":\"Lifebuoy ring LALIZAS 2.5 kg. The lifebuoy ring is obligatory for all boats and an advantage for land-based applications. When overboard, it is a MOB system\",\"breadcrumb\":{\"@id\":\"https:\/\/www.jurmalaslaivas.lv\/en\/product\/lifebuoy-ring-lalizas-25-kg\/#breadcrumb\"},\"inLanguage\":\"en-US\",\"potentialAction\":[{\"@type\":\"ReadAction\",\"target\":[\"https:\/\/www.jurmalaslaivas.lv\/en\/product\/lifebuoy-ring-lalizas-25-kg\/\"]}]},{\"@type\":\"ImageObject\",\"inLanguage\":\"en-US\",\"@id\":\"https:\/\/www.jurmalaslaivas.lv\/en\/product\/lifebuoy-ring-lalizas-25-kg\/#primaryimage\",\"url\":\"https:\/\/www.jurmalaslaivas.lv\/wp-content\/uploads\/2020\/12\/Lalizas.jpg\",\"contentUrl\":\"https:\/\/www.jurmalaslaivas.lv\/wp-content\/uploads\/2020\/12\/Lalizas.jpg\",\"width\":1000,\"height\":1000,\"caption\":\"Lifebuoy ring LALIZAS 2,5 kg\"},{\"@type\":\"BreadcrumbList\",\"@id\":\"https:\/\/www.jurmalaslaivas.lv\/en\/product\/lifebuoy-ring-lalizas-25-kg\/#breadcrumb\",\"itemListElement\":[{\"@type\":\"ListItem\",\"position\":1,\"name\":\"Home\",\"item\":\"https:\/\/www.jurmalaslaivas.lv\/en\/\"},{\"@type\":\"ListItem\",\"position\":2,\"name\":\"Shop\",\"item\":\"https:\/\/www.jurmalaslaivas.lv\/en\/shop-2shop\/\"},{\"@type\":\"ListItem\",\"position\":3,\"name\":\"Lifebuoy ring LALIZAS 2.5 kg\"}]},{\"@type\":\"WebSite\",\"@id\":\"https:\/\/www.jurmalaslaivas.lv\/en\/#website\",\"url\":\"https:\/\/www.jurmalaslaivas.lv\/en\/\",\"name\":\"Jurmalaslaivas.lv\",\"description\":\"Laivu noma un veikals\",\"publisher\":{\"@id\":\"https:\/\/www.jurmalaslaivas.lv\/en\/#organization\"},\"potentialAction\":[{\"@type\":\"SearchAction\",\"target\":{\"@type\":\"EntryPoint\",\"urlTemplate\":\"https:\/\/www.jurmalaslaivas.lv\/en\/?s={search_term_string}\"},\"query-input\":{\"@type\":\"PropertyValueSpecification\",\"valueRequired\":true,\"valueName\":\"search_term_string\"}}],\"inLanguage\":\"en-US\"},{\"@type\":\"Organization\",\"@id\":\"https:\/\/www.jurmalaslaivas.lv\/en\/#organization\",\"name\":\"Jurmalaslaivas.lv\",\"url\":\"https:\/\/www.jurmalaslaivas.lv\/en\/\",\"logo\":{\"@type\":\"ImageObject\",\"inLanguage\":\"en-US\",\"@id\":\"https:\/\/www.jurmalaslaivas.lv\/en\/#\/schema\/logo\/image\/\",\"url\":\"https:\/\/www.jurmalaslaivas.lv\/wp-content\/uploads\/2022\/11\/jurmalas-laivas-balts-ar-rami.png\",\"contentUrl\":\"https:\/\/www.jurmalaslaivas.lv\/wp-content\/uploads\/2022\/11\/jurmalas-laivas-balts-ar-rami.png\",\"width\":500,\"height\":500,\"caption\":\"Jurmalaslaivas.lv\"},\"image\":{\"@id\":\"https:\/\/www.jurmalaslaivas.lv\/en\/#\/schema\/logo\/image\/\"},\"sameAs\":[\"https:\/\/www.facebook.com\/jurmalaslaivas\"]}]}<\/script>\n<!-- \/ Yoast SEO plugin. -->","yoast_head_json":{"title":"Lifebuoy ring LALIZAS 2.5 kg - Jurmalas Laivas","description":"Lifebuoy ring LALIZAS 2.5 kg. The lifebuoy ring is obligatory for all boats and an advantage for land-based applications. When overboard, it is a MOB system","robots":{"index":"index","follow":"follow","max-snippet":"max-snippet:-1","max-image-preview":"max-image-preview:large","max-video-preview":"max-video-preview:-1"},"canonical":"https:\/\/www.jurmalaslaivas.lv\/en\/product\/lifebuoy-ring-lalizas-25-kg\/","og_locale":"en_US","og_type":"article","og_title":"Lifebuoy ring LALIZAS 2.5 kg - Jurmalas Laivas","og_description":"Lifebuoy ring LALIZAS 2.5 kg. The lifebuoy ring is obligatory for all boats and an advantage for land-based applications. When overboard, it is a MOB system","og_url":"https:\/\/www.jurmalaslaivas.lv\/en\/product\/lifebuoy-ring-lalizas-25-kg\/","og_site_name":"Jurmalas Laivas","article_publisher":"https:\/\/www.facebook.com\/jurmalaslaivas","article_modified_time":"2026-02-23T17:34:38+00:00","og_image":[{"width":1000,"height":1000,"url":"https:\/\/www.jurmalaslaivas.lv\/wp-content\/uploads\/2020\/12\/Lalizas.jpg","type":"image\/jpeg"}],"twitter_card":"summary_large_image","twitter_misc":{"Est. reading time":"2 minutes"},"schema":{"@context":"https:\/\/schema.org","@graph":[{"@type":"WebPage","@id":"https:\/\/www.jurmalaslaivas.lv\/en\/product\/lifebuoy-ring-lalizas-25-kg\/","url":"https:\/\/www.jurmalaslaivas.lv\/en\/product\/lifebuoy-ring-lalizas-25-kg\/","name":"Lifebuoy ring LALIZAS 2.5 kg - Jurmalas Laivas","isPartOf":{"@id":"https:\/\/www.jurmalaslaivas.lv\/en\/#website"},"primaryImageOfPage":{"@id":"https:\/\/www.jurmalaslaivas.lv\/en\/product\/lifebuoy-ring-lalizas-25-kg\/#primaryimage"},"image":{"@id":"https:\/\/www.jurmalaslaivas.lv\/en\/product\/lifebuoy-ring-lalizas-25-kg\/#primaryimage"},"thumbnailUrl":"https:\/\/www.jurmalaslaivas.lv\/wp-content\/uploads\/2020\/12\/Lalizas.jpg","datePublished":"2020-12-24T13:23:41+00:00","dateModified":"2026-02-23T17:34:38+00:00","description":"Lifebuoy ring LALIZAS 2.5 kg. The lifebuoy ring is obligatory for all boats and an advantage for land-based applications. When overboard, it is a MOB system","breadcrumb":{"@id":"https:\/\/www.jurmalaslaivas.lv\/en\/product\/lifebuoy-ring-lalizas-25-kg\/#breadcrumb"},"inLanguage":"en-US","potentialAction":[{"@type":"ReadAction","target":["https:\/\/www.jurmalaslaivas.lv\/en\/product\/lifebuoy-ring-lalizas-25-kg\/"]}]},{"@type":"ImageObject","inLanguage":"en-US","@id":"https:\/\/www.jurmalaslaivas.lv\/en\/product\/lifebuoy-ring-lalizas-25-kg\/#primaryimage","url":"https:\/\/www.jurmalaslaivas.lv\/wp-content\/uploads\/2020\/12\/Lalizas.jpg","contentUrl":"https:\/\/www.jurmalaslaivas.lv\/wp-content\/uploads\/2020\/12\/Lalizas.jpg","width":1000,"height":1000,"caption":"Lifebuoy ring LALIZAS 2,5 kg"},{"@type":"BreadcrumbList","@id":"https:\/\/www.jurmalaslaivas.lv\/en\/product\/lifebuoy-ring-lalizas-25-kg\/#breadcrumb","itemListElement":[{"@type":"ListItem","position":1,"name":"Home","item":"https:\/\/www.jurmalaslaivas.lv\/en\/"},{"@type":"ListItem","position":2,"name":"Shop","item":"https:\/\/www.jurmalaslaivas.lv\/en\/shop-2shop\/"},{"@type":"ListItem","position":3,"name":"Lifebuoy ring LALIZAS 2.5 kg"}]},{"@type":"WebSite","@id":"https:\/\/www.jurmalaslaivas.lv\/en\/#website","url":"https:\/\/www.jurmalaslaivas.lv\/en\/","name":"Jurmalaslaivas.lv","description":"Laivu noma un veikals","publisher":{"@id":"https:\/\/www.jurmalaslaivas.lv\/en\/#organization"},"potentialAction":[{"@type":"SearchAction","target":{"@type":"EntryPoint","urlTemplate":"https:\/\/www.jurmalaslaivas.lv\/en\/?s={search_term_string}"},"query-input":{"@type":"PropertyValueSpecification","valueRequired":true,"valueName":"search_term_string"}}],"inLanguage":"en-US"},{"@type":"Organization","@id":"https:\/\/www.jurmalaslaivas.lv\/en\/#organization","name":"Jurmalaslaivas.lv","url":"https:\/\/www.jurmalaslaivas.lv\/en\/","logo":{"@type":"ImageObject","inLanguage":"en-US","@id":"https:\/\/www.jurmalaslaivas.lv\/en\/#\/schema\/logo\/image\/","url":"https:\/\/www.jurmalaslaivas.lv\/wp-content\/uploads\/2022\/11\/jurmalas-laivas-balts-ar-rami.png","contentUrl":"https:\/\/www.jurmalaslaivas.lv\/wp-content\/uploads\/2022\/11\/jurmalas-laivas-balts-ar-rami.png","width":500,"height":500,"caption":"Jurmalaslaivas.lv"},"image":{"@id":"https:\/\/www.jurmalaslaivas.lv\/en\/#\/schema\/logo\/image\/"},"sameAs":["https:\/\/www.facebook.com\/jurmalaslaivas"]}]}},"_links":{"self":[{"href":"https:\/\/www.jurmalaslaivas.lv\/en\/wp-json\/wp\/v2\/product\/25174","targetHints":{"allow":["GET"]}}],"collection":[{"href":"https:\/\/www.jurmalaslaivas.lv\/en\/wp-json\/wp\/v2\/product"}],"about":[{"href":"https:\/\/www.jurmalaslaivas.lv\/en\/wp-json\/wp\/v2\/types\/product"}],"replies":[{"embeddable":true,"href":"https:\/\/www.jurmalaslaivas.lv\/en\/wp-json\/wp\/v2\/comments?post=25174"}],"wp:featuredmedia":[{"embeddable":true,"href":"https:\/\/www.jurmalaslaivas.lv\/en\/wp-json\/wp\/v2\/media\/25169"}],"wp:attachment":[{"href":"https:\/\/www.jurmalaslaivas.lv\/en\/wp-json\/wp\/v2\/media?parent=25174"}],"wp:term":[{"taxonomy":"product_brand","embeddable":true,"href":"https:\/\/www.jurmalaslaivas.lv\/en\/wp-json\/wp\/v2\/product_brand?post=25174"},{"taxonomy":"product_cat","embeddable":true,"href":"https:\/\/www.jurmalaslaivas.lv\/en\/wp-json\/wp\/v2\/product_cat?post=25174"},{"taxonomy":"product_tag","embeddable":true,"href":"https:\/\/www.jurmalaslaivas.lv\/en\/wp-json\/wp\/v2\/product_tag?post=25174"}],"curies":[{"name":"wp","href":"https:\/\/api.w.org\/{rel}","templated":true}]}}