{"id":15864,"date":"2020-01-28T09:59:17","date_gmt":"2020-01-28T06:59:17","guid":{"rendered":"https:\/\/www.waterskis.lv\/product\/salokams-sedeklis-paklajs\/"},"modified":"2022-12-30T13:20:29","modified_gmt":"2022-12-30T10:20:29","slug":"folding-universal-soft-seat-2","status":"publish","type":"product","link":"https:\/\/www.jurmalaslaivas.lv\/en\/product\/folding-universal-soft-seat-2\/","title":{"rendered":"Folding universal soft seat"},"content":{"rendered":"<p>Folding universal soft seat<\/p>\n<p>Folding universal soft seat. Suitable for kind of kayaks, camping.<\/p>\n<p>Material: foam \/ nylon<\/p>\n<p>Manufacturer: Poland<\/p>\n<p>Color: blue, red, green, camouflage<\/p>\n<p>Universal Seat &#8211; The rug can be used as a kayak seat, baby seat or rug for outdoor recreation.<\/p>\n","protected":false},"excerpt":{"rendered":"<p>Folding universal soft seat Folding universal soft seat. Suitable for kind of kayaks, camping. Material: foam \/ nylon Manufacturer: Poland Color: blue, red, green, camouflage Universal Seat &#8211; The rug can be used as a kayak seat, baby seat or rug for outdoor recreation. [&#8230;]<\/p>\n<p><a class=\"btn btn-secondary understrap-read-more-link\" href=\"https:\/\/www.jurmalaslaivas.lv\/en\/product\/folding-universal-soft-seat-2\/\">Read More&#8230;<\/a><\/p>\n","protected":false},"featured_media":50012,"comment_status":"closed","ping_status":"closed","template":"","meta":{"_acf_changed":false,"inline_featured_image":false},"product_brand":[],"product_cat":[326],"product_tag":[],"class_list":{"0":"post-15864","1":"product","2":"type-product","3":"status-publish","4":"has-post-thumbnail","6":"product_cat-uncategorized-ru-2","8":"first","9":"instock","10":"shipping-taxable","11":"purchasable","12":"product-type-simple"},"acf":[],"yoast_head":"<!-- This site is optimized with the Yoast SEO plugin v27.0 - https:\/\/yoast.com\/product\/yoast-seo-wordpress\/ -->\n<title>Folding universal soft seat - Jurmalas Laivas<\/title>\n<meta name=\"description\" content=\"Folding universal soft seat. Jurmalas laivas - SUP boards, kayaks, fishing and leisure equipment, accessories. Good pricing, quality manufacturers\" \/>\n<meta name=\"robots\" content=\"index, follow, max-snippet:-1, max-image-preview:large, max-video-preview:-1\" \/>\n<link rel=\"canonical\" href=\"https:\/\/www.jurmalaslaivas.lv\/en\/product\/folding-universal-soft-seat-2\/\" \/>\n<meta property=\"og:locale\" content=\"en_US\" \/>\n<meta property=\"og:type\" content=\"article\" \/>\n<meta property=\"og:title\" content=\"Folding universal soft seat - Jurmalas Laivas\" \/>\n<meta property=\"og:description\" content=\"Folding universal soft seat. Jurmalas laivas - SUP boards, kayaks, fishing and leisure equipment, accessories. Good pricing, quality manufacturers\" \/>\n<meta property=\"og:url\" content=\"https:\/\/www.jurmalaslaivas.lv\/en\/product\/folding-universal-soft-seat-2\/\" \/>\n<meta property=\"og:site_name\" content=\"Jurmalas Laivas\" \/>\n<meta property=\"article:publisher\" content=\"https:\/\/www.facebook.com\/jurmalaslaivas\" \/>\n<meta property=\"article:modified_time\" content=\"2022-12-30T10:20:29+00:00\" \/>\n<meta property=\"og:image\" content=\"https:\/\/www.jurmalaslaivas.lv\/wp-content\/uploads\/2020\/01\/soft-seat.jpg\" \/>\n\t<meta property=\"og:image:width\" content=\"1000\" \/>\n\t<meta property=\"og:image:height\" content=\"1000\" \/>\n\t<meta property=\"og:image:type\" content=\"image\/jpeg\" \/>\n<meta name=\"twitter:card\" content=\"summary_large_image\" \/>\n<meta name=\"twitter:label1\" content=\"Est. reading time\" \/>\n\t<meta name=\"twitter:data1\" content=\"1 minute\" \/>\n<script type=\"application\/ld+json\" class=\"yoast-schema-graph\">{\"@context\":\"https:\/\/schema.org\",\"@graph\":[{\"@type\":\"WebPage\",\"@id\":\"https:\/\/www.jurmalaslaivas.lv\/en\/product\/folding-universal-soft-seat-2\/\",\"url\":\"https:\/\/www.jurmalaslaivas.lv\/en\/product\/folding-universal-soft-seat-2\/\",\"name\":\"Folding universal soft seat - Jurmalas Laivas\",\"isPartOf\":{\"@id\":\"https:\/\/www.jurmalaslaivas.lv\/en\/#website\"},\"primaryImageOfPage\":{\"@id\":\"https:\/\/www.jurmalaslaivas.lv\/en\/product\/folding-universal-soft-seat-2\/#primaryimage\"},\"image\":{\"@id\":\"https:\/\/www.jurmalaslaivas.lv\/en\/product\/folding-universal-soft-seat-2\/#primaryimage\"},\"thumbnailUrl\":\"https:\/\/www.jurmalaslaivas.lv\/wp-content\/uploads\/2020\/01\/soft-seat.jpg\",\"datePublished\":\"2020-01-28T06:59:17+00:00\",\"dateModified\":\"2022-12-30T10:20:29+00:00\",\"description\":\"Folding universal soft seat. Jurmalas laivas - SUP boards, kayaks, fishing and leisure equipment, accessories. Good pricing, quality manufacturers\",\"breadcrumb\":{\"@id\":\"https:\/\/www.jurmalaslaivas.lv\/en\/product\/folding-universal-soft-seat-2\/#breadcrumb\"},\"inLanguage\":\"en-US\",\"potentialAction\":[{\"@type\":\"ReadAction\",\"target\":[\"https:\/\/www.jurmalaslaivas.lv\/en\/product\/folding-universal-soft-seat-2\/\"]}]},{\"@type\":\"ImageObject\",\"inLanguage\":\"en-US\",\"@id\":\"https:\/\/www.jurmalaslaivas.lv\/en\/product\/folding-universal-soft-seat-2\/#primaryimage\",\"url\":\"https:\/\/www.jurmalaslaivas.lv\/wp-content\/uploads\/2020\/01\/soft-seat.jpg\",\"contentUrl\":\"https:\/\/www.jurmalaslaivas.lv\/wp-content\/uploads\/2020\/01\/soft-seat.jpg\",\"width\":1000,\"height\":1000,\"caption\":\"Salok\u0101ms kajaka s\u0113deklis pakl\u0101js\"},{\"@type\":\"BreadcrumbList\",\"@id\":\"https:\/\/www.jurmalaslaivas.lv\/en\/product\/folding-universal-soft-seat-2\/#breadcrumb\",\"itemListElement\":[{\"@type\":\"ListItem\",\"position\":1,\"name\":\"Home\",\"item\":\"https:\/\/www.jurmalaslaivas.lv\/en\/\"},{\"@type\":\"ListItem\",\"position\":2,\"name\":\"Shop\",\"item\":\"https:\/\/www.jurmalaslaivas.lv\/en\/shop-2shop\/\"},{\"@type\":\"ListItem\",\"position\":3,\"name\":\"Folding universal soft seat\"}]},{\"@type\":\"WebSite\",\"@id\":\"https:\/\/www.jurmalaslaivas.lv\/en\/#website\",\"url\":\"https:\/\/www.jurmalaslaivas.lv\/en\/\",\"name\":\"Jurmalaslaivas.lv\",\"description\":\"Laivu noma un veikals\",\"publisher\":{\"@id\":\"https:\/\/www.jurmalaslaivas.lv\/en\/#organization\"},\"potentialAction\":[{\"@type\":\"SearchAction\",\"target\":{\"@type\":\"EntryPoint\",\"urlTemplate\":\"https:\/\/www.jurmalaslaivas.lv\/en\/?s={search_term_string}\"},\"query-input\":{\"@type\":\"PropertyValueSpecification\",\"valueRequired\":true,\"valueName\":\"search_term_string\"}}],\"inLanguage\":\"en-US\"},{\"@type\":\"Organization\",\"@id\":\"https:\/\/www.jurmalaslaivas.lv\/en\/#organization\",\"name\":\"Jurmalaslaivas.lv\",\"url\":\"https:\/\/www.jurmalaslaivas.lv\/en\/\",\"logo\":{\"@type\":\"ImageObject\",\"inLanguage\":\"en-US\",\"@id\":\"https:\/\/www.jurmalaslaivas.lv\/en\/#\/schema\/logo\/image\/\",\"url\":\"https:\/\/www.jurmalaslaivas.lv\/wp-content\/uploads\/2022\/11\/jurmalas-laivas-balts-ar-rami.png\",\"contentUrl\":\"https:\/\/www.jurmalaslaivas.lv\/wp-content\/uploads\/2022\/11\/jurmalas-laivas-balts-ar-rami.png\",\"width\":500,\"height\":500,\"caption\":\"Jurmalaslaivas.lv\"},\"image\":{\"@id\":\"https:\/\/www.jurmalaslaivas.lv\/en\/#\/schema\/logo\/image\/\"},\"sameAs\":[\"https:\/\/www.facebook.com\/jurmalaslaivas\"]}]}<\/script>\n<!-- \/ Yoast SEO plugin. -->","yoast_head_json":{"title":"Folding universal soft seat - Jurmalas Laivas","description":"Folding universal soft seat. Jurmalas laivas - SUP boards, kayaks, fishing and leisure equipment, accessories. Good pricing, quality manufacturers","robots":{"index":"index","follow":"follow","max-snippet":"max-snippet:-1","max-image-preview":"max-image-preview:large","max-video-preview":"max-video-preview:-1"},"canonical":"https:\/\/www.jurmalaslaivas.lv\/en\/product\/folding-universal-soft-seat-2\/","og_locale":"en_US","og_type":"article","og_title":"Folding universal soft seat - Jurmalas Laivas","og_description":"Folding universal soft seat. Jurmalas laivas - SUP boards, kayaks, fishing and leisure equipment, accessories. Good pricing, quality manufacturers","og_url":"https:\/\/www.jurmalaslaivas.lv\/en\/product\/folding-universal-soft-seat-2\/","og_site_name":"Jurmalas Laivas","article_publisher":"https:\/\/www.facebook.com\/jurmalaslaivas","article_modified_time":"2022-12-30T10:20:29+00:00","og_image":[{"width":1000,"height":1000,"url":"https:\/\/www.jurmalaslaivas.lv\/wp-content\/uploads\/2020\/01\/soft-seat.jpg","type":"image\/jpeg"}],"twitter_card":"summary_large_image","twitter_misc":{"Est. reading time":"1 minute"},"schema":{"@context":"https:\/\/schema.org","@graph":[{"@type":"WebPage","@id":"https:\/\/www.jurmalaslaivas.lv\/en\/product\/folding-universal-soft-seat-2\/","url":"https:\/\/www.jurmalaslaivas.lv\/en\/product\/folding-universal-soft-seat-2\/","name":"Folding universal soft seat - Jurmalas Laivas","isPartOf":{"@id":"https:\/\/www.jurmalaslaivas.lv\/en\/#website"},"primaryImageOfPage":{"@id":"https:\/\/www.jurmalaslaivas.lv\/en\/product\/folding-universal-soft-seat-2\/#primaryimage"},"image":{"@id":"https:\/\/www.jurmalaslaivas.lv\/en\/product\/folding-universal-soft-seat-2\/#primaryimage"},"thumbnailUrl":"https:\/\/www.jurmalaslaivas.lv\/wp-content\/uploads\/2020\/01\/soft-seat.jpg","datePublished":"2020-01-28T06:59:17+00:00","dateModified":"2022-12-30T10:20:29+00:00","description":"Folding universal soft seat. Jurmalas laivas - SUP boards, kayaks, fishing and leisure equipment, accessories. Good pricing, quality manufacturers","breadcrumb":{"@id":"https:\/\/www.jurmalaslaivas.lv\/en\/product\/folding-universal-soft-seat-2\/#breadcrumb"},"inLanguage":"en-US","potentialAction":[{"@type":"ReadAction","target":["https:\/\/www.jurmalaslaivas.lv\/en\/product\/folding-universal-soft-seat-2\/"]}]},{"@type":"ImageObject","inLanguage":"en-US","@id":"https:\/\/www.jurmalaslaivas.lv\/en\/product\/folding-universal-soft-seat-2\/#primaryimage","url":"https:\/\/www.jurmalaslaivas.lv\/wp-content\/uploads\/2020\/01\/soft-seat.jpg","contentUrl":"https:\/\/www.jurmalaslaivas.lv\/wp-content\/uploads\/2020\/01\/soft-seat.jpg","width":1000,"height":1000,"caption":"Salok\u0101ms kajaka s\u0113deklis pakl\u0101js"},{"@type":"BreadcrumbList","@id":"https:\/\/www.jurmalaslaivas.lv\/en\/product\/folding-universal-soft-seat-2\/#breadcrumb","itemListElement":[{"@type":"ListItem","position":1,"name":"Home","item":"https:\/\/www.jurmalaslaivas.lv\/en\/"},{"@type":"ListItem","position":2,"name":"Shop","item":"https:\/\/www.jurmalaslaivas.lv\/en\/shop-2shop\/"},{"@type":"ListItem","position":3,"name":"Folding universal soft seat"}]},{"@type":"WebSite","@id":"https:\/\/www.jurmalaslaivas.lv\/en\/#website","url":"https:\/\/www.jurmalaslaivas.lv\/en\/","name":"Jurmalaslaivas.lv","description":"Laivu noma un veikals","publisher":{"@id":"https:\/\/www.jurmalaslaivas.lv\/en\/#organization"},"potentialAction":[{"@type":"SearchAction","target":{"@type":"EntryPoint","urlTemplate":"https:\/\/www.jurmalaslaivas.lv\/en\/?s={search_term_string}"},"query-input":{"@type":"PropertyValueSpecification","valueRequired":true,"valueName":"search_term_string"}}],"inLanguage":"en-US"},{"@type":"Organization","@id":"https:\/\/www.jurmalaslaivas.lv\/en\/#organization","name":"Jurmalaslaivas.lv","url":"https:\/\/www.jurmalaslaivas.lv\/en\/","logo":{"@type":"ImageObject","inLanguage":"en-US","@id":"https:\/\/www.jurmalaslaivas.lv\/en\/#\/schema\/logo\/image\/","url":"https:\/\/www.jurmalaslaivas.lv\/wp-content\/uploads\/2022\/11\/jurmalas-laivas-balts-ar-rami.png","contentUrl":"https:\/\/www.jurmalaslaivas.lv\/wp-content\/uploads\/2022\/11\/jurmalas-laivas-balts-ar-rami.png","width":500,"height":500,"caption":"Jurmalaslaivas.lv"},"image":{"@id":"https:\/\/www.jurmalaslaivas.lv\/en\/#\/schema\/logo\/image\/"},"sameAs":["https:\/\/www.facebook.com\/jurmalaslaivas"]}]}},"_links":{"self":[{"href":"https:\/\/www.jurmalaslaivas.lv\/en\/wp-json\/wp\/v2\/product\/15864","targetHints":{"allow":["GET"]}}],"collection":[{"href":"https:\/\/www.jurmalaslaivas.lv\/en\/wp-json\/wp\/v2\/product"}],"about":[{"href":"https:\/\/www.jurmalaslaivas.lv\/en\/wp-json\/wp\/v2\/types\/product"}],"replies":[{"embeddable":true,"href":"https:\/\/www.jurmalaslaivas.lv\/en\/wp-json\/wp\/v2\/comments?post=15864"}],"wp:featuredmedia":[{"embeddable":true,"href":"https:\/\/www.jurmalaslaivas.lv\/en\/wp-json\/wp\/v2\/media\/50012"}],"wp:attachment":[{"href":"https:\/\/www.jurmalaslaivas.lv\/en\/wp-json\/wp\/v2\/media?parent=15864"}],"wp:term":[{"taxonomy":"product_brand","embeddable":true,"href":"https:\/\/www.jurmalaslaivas.lv\/en\/wp-json\/wp\/v2\/product_brand?post=15864"},{"taxonomy":"product_cat","embeddable":true,"href":"https:\/\/www.jurmalaslaivas.lv\/en\/wp-json\/wp\/v2\/product_cat?post=15864"},{"taxonomy":"product_tag","embeddable":true,"href":"https:\/\/www.jurmalaslaivas.lv\/en\/wp-json\/wp\/v2\/product_tag?post=15864"}],"curies":[{"name":"wp","href":"https:\/\/api.w.org\/{rel}","templated":true}]}}