{"id":9431,"date":"2019-02-15T21:42:39","date_gmt":"2019-02-15T18:42:39","guid":{"rendered":"https:\/\/waterskis.truu.lv\/rekviziti\/"},"modified":"2026-01-02T16:37:29","modified_gmt":"2026-01-02T13:37:29","slug":"properties","status":"publish","type":"page","link":"https:\/\/www.jurmalaslaivas.lv\/en\/properties\/","title":{"rendered":"Properties"},"content":{"rendered":"\n<p><strong>Jurmala Boats<\/strong><\/p>\n\n\n\n<p><strong>SIA &#8220;2GR&#8221;<\/strong><\/p>\n\n\n\n<p><strong>Biroja adrese:<\/strong><\/p>\n\n\n\n<p>\u201cSmilgas\u201d, J\u016brmala, LV-2010<br \/> <strong>T\u0101lrunis:&nbsp;<\/strong><a href=\"tel:+37129404905\">+371 28067676<\/a><br \/> <strong>E-pasts:<\/strong>&nbsp;<a href=\"mailto:info@waterskis.lv\">info@jurmalaslaivas.lv<\/a><\/p>\n\n\n\n<p><strong>Jur. adrese:<\/strong><br \/> Maz\u0101 J\u016brmalas iela 13, Pi\u0146\u0137i,\u00a0Bab\u012btes novads, LV-2107<\/p>\n\n\n\n<p><strong>Maks\u0101t\u0101js:<\/strong><br \/>\nPVN Nr. LV40103175184<\/p>\n\n\n\n<p>Luminor Bank AS Latvijas fili\u0101le<br \/>\n<strong>Konta nr:<\/strong><br \/>\nLV83RIKO0002013104019&nbsp;<\/p>\n\n\n\n<p><strong>Kods:<\/strong>&nbsp;RIKOLV2X<\/p>\n","protected":false},"excerpt":{"rendered":"<p>Jurmala Boats SIA &#8220;2GR&#8221; Biroja adrese: \u201cSmilgas\u201d, J\u016brmala, LV-2010 T\u0101lrunis:&nbsp;+371 28067676 E-pasts:&nbsp;info@jurmalaslaivas.lv Jur. adrese: Maz\u0101 J\u016brmalas iela 13, Pi\u0146\u0137i,\u00a0Bab\u012btes novads, LV-2107 Maks\u0101t\u0101js: PVN Nr. LV40103175184 Luminor Bank AS Latvijas fili\u0101le Konta nr: LV83RIKO0002013104019&nbsp; Kods:&nbsp;RIKOLV2X [&#8230;]<\/p>\n<p><a class=\"btn btn-secondary understrap-read-more-link\" href=\"https:\/\/www.jurmalaslaivas.lv\/en\/properties\/\">Read More&#8230;<\/a><\/p>\n","protected":false},"author":5,"featured_media":48754,"parent":0,"menu_order":0,"comment_status":"closed","ping_status":"closed","template":"page-templates\/contacts.php","meta":{"_acf_changed":false,"inline_featured_image":false,"footnotes":""},"class_list":["post-9431","page","type-page","status-publish","has-post-thumbnail","hentry"],"acf":[],"yoast_head":"<!-- This site is optimized with the Yoast SEO plugin v27.0 - https:\/\/yoast.com\/product\/yoast-seo-wordpress\/ -->\n<title>Properties - Jurmalas Laivas<\/title>\n<meta name=\"description\" content=\"Properties of Jurmala Boats\" \/>\n<meta name=\"robots\" content=\"index, follow, max-snippet:-1, max-image-preview:large, max-video-preview:-1\" \/>\n<link rel=\"canonical\" href=\"https:\/\/www.jurmalaslaivas.lv\/en\/properties\/\" \/>\n<meta property=\"og:locale\" content=\"en_US\" \/>\n<meta property=\"og:type\" content=\"article\" \/>\n<meta property=\"og:title\" content=\"Properties - Jurmalas Laivas\" \/>\n<meta property=\"og:description\" content=\"Properties of Jurmala Boats\" \/>\n<meta property=\"og:url\" content=\"https:\/\/www.jurmalaslaivas.lv\/en\/properties\/\" \/>\n<meta property=\"og:site_name\" content=\"Jurmalas Laivas\" \/>\n<meta property=\"article:publisher\" content=\"https:\/\/www.facebook.com\/jurmalaslaivas\" \/>\n<meta property=\"article:modified_time\" content=\"2026-01-02T13:37:29+00:00\" \/>\n<meta property=\"og:image\" content=\"https:\/\/www.jurmalaslaivas.lv\/wp-content\/uploads\/2022\/11\/cropped-JurmalasLaivas-black.png\" \/>\n\t<meta property=\"og:image:width\" content=\"512\" \/>\n\t<meta property=\"og:image:height\" content=\"512\" \/>\n\t<meta property=\"og:image:type\" content=\"image\/png\" \/>\n<meta name=\"twitter:card\" content=\"summary_large_image\" \/>\n<meta name=\"twitter:label1\" content=\"Est. reading time\" \/>\n\t<meta name=\"twitter:data1\" content=\"1 minute\" \/>\n<script type=\"application\/ld+json\" class=\"yoast-schema-graph\">{\"@context\":\"https:\/\/schema.org\",\"@graph\":[{\"@type\":\"WebPage\",\"@id\":\"https:\/\/www.jurmalaslaivas.lv\/en\/properties\/\",\"url\":\"https:\/\/www.jurmalaslaivas.lv\/en\/properties\/\",\"name\":\"Properties - Jurmalas Laivas\",\"isPartOf\":{\"@id\":\"https:\/\/www.jurmalaslaivas.lv\/en\/#website\"},\"primaryImageOfPage\":{\"@id\":\"https:\/\/www.jurmalaslaivas.lv\/en\/properties\/#primaryimage\"},\"image\":{\"@id\":\"https:\/\/www.jurmalaslaivas.lv\/en\/properties\/#primaryimage\"},\"thumbnailUrl\":\"https:\/\/www.jurmalaslaivas.lv\/wp-content\/uploads\/2022\/11\/cropped-JurmalasLaivas-black.png\",\"datePublished\":\"2019-02-15T18:42:39+00:00\",\"dateModified\":\"2026-01-02T13:37:29+00:00\",\"description\":\"Properties of Jurmala Boats\",\"breadcrumb\":{\"@id\":\"https:\/\/www.jurmalaslaivas.lv\/en\/properties\/#breadcrumb\"},\"inLanguage\":\"en-US\",\"potentialAction\":[{\"@type\":\"ReadAction\",\"target\":[\"https:\/\/www.jurmalaslaivas.lv\/en\/properties\/\"]}]},{\"@type\":\"ImageObject\",\"inLanguage\":\"en-US\",\"@id\":\"https:\/\/www.jurmalaslaivas.lv\/en\/properties\/#primaryimage\",\"url\":\"https:\/\/www.jurmalaslaivas.lv\/wp-content\/uploads\/2022\/11\/cropped-JurmalasLaivas-black.png\",\"contentUrl\":\"https:\/\/www.jurmalaslaivas.lv\/wp-content\/uploads\/2022\/11\/cropped-JurmalasLaivas-black.png\",\"width\":512,\"height\":512,\"caption\":\"J\u016brmalas Laivas\"},{\"@type\":\"BreadcrumbList\",\"@id\":\"https:\/\/www.jurmalaslaivas.lv\/en\/properties\/#breadcrumb\",\"itemListElement\":[{\"@type\":\"ListItem\",\"position\":1,\"name\":\"Home\",\"item\":\"https:\/\/www.jurmalaslaivas.lv\/en\/\"},{\"@type\":\"ListItem\",\"position\":2,\"name\":\"Properties\"}]},{\"@type\":\"WebSite\",\"@id\":\"https:\/\/www.jurmalaslaivas.lv\/en\/#website\",\"url\":\"https:\/\/www.jurmalaslaivas.lv\/en\/\",\"name\":\"Jurmalaslaivas.lv\",\"description\":\"Laivu noma un veikals\",\"publisher\":{\"@id\":\"https:\/\/www.jurmalaslaivas.lv\/en\/#organization\"},\"potentialAction\":[{\"@type\":\"SearchAction\",\"target\":{\"@type\":\"EntryPoint\",\"urlTemplate\":\"https:\/\/www.jurmalaslaivas.lv\/en\/?s={search_term_string}\"},\"query-input\":{\"@type\":\"PropertyValueSpecification\",\"valueRequired\":true,\"valueName\":\"search_term_string\"}}],\"inLanguage\":\"en-US\"},{\"@type\":\"Organization\",\"@id\":\"https:\/\/www.jurmalaslaivas.lv\/en\/#organization\",\"name\":\"Jurmalaslaivas.lv\",\"url\":\"https:\/\/www.jurmalaslaivas.lv\/en\/\",\"logo\":{\"@type\":\"ImageObject\",\"inLanguage\":\"en-US\",\"@id\":\"https:\/\/www.jurmalaslaivas.lv\/en\/#\/schema\/logo\/image\/\",\"url\":\"https:\/\/www.jurmalaslaivas.lv\/wp-content\/uploads\/2022\/11\/jurmalas-laivas-balts-ar-rami.png\",\"contentUrl\":\"https:\/\/www.jurmalaslaivas.lv\/wp-content\/uploads\/2022\/11\/jurmalas-laivas-balts-ar-rami.png\",\"width\":500,\"height\":500,\"caption\":\"Jurmalaslaivas.lv\"},\"image\":{\"@id\":\"https:\/\/www.jurmalaslaivas.lv\/en\/#\/schema\/logo\/image\/\"},\"sameAs\":[\"https:\/\/www.facebook.com\/jurmalaslaivas\"]}]}<\/script>\n<!-- \/ Yoast SEO plugin. -->","yoast_head_json":{"title":"Properties - Jurmalas Laivas","description":"Properties of Jurmala Boats","robots":{"index":"index","follow":"follow","max-snippet":"max-snippet:-1","max-image-preview":"max-image-preview:large","max-video-preview":"max-video-preview:-1"},"canonical":"https:\/\/www.jurmalaslaivas.lv\/en\/properties\/","og_locale":"en_US","og_type":"article","og_title":"Properties - Jurmalas Laivas","og_description":"Properties of Jurmala Boats","og_url":"https:\/\/www.jurmalaslaivas.lv\/en\/properties\/","og_site_name":"Jurmalas Laivas","article_publisher":"https:\/\/www.facebook.com\/jurmalaslaivas","article_modified_time":"2026-01-02T13:37:29+00:00","og_image":[{"width":512,"height":512,"url":"https:\/\/www.jurmalaslaivas.lv\/wp-content\/uploads\/2022\/11\/cropped-JurmalasLaivas-black.png","type":"image\/png"}],"twitter_card":"summary_large_image","twitter_misc":{"Est. reading time":"1 minute"},"schema":{"@context":"https:\/\/schema.org","@graph":[{"@type":"WebPage","@id":"https:\/\/www.jurmalaslaivas.lv\/en\/properties\/","url":"https:\/\/www.jurmalaslaivas.lv\/en\/properties\/","name":"Properties - Jurmalas Laivas","isPartOf":{"@id":"https:\/\/www.jurmalaslaivas.lv\/en\/#website"},"primaryImageOfPage":{"@id":"https:\/\/www.jurmalaslaivas.lv\/en\/properties\/#primaryimage"},"image":{"@id":"https:\/\/www.jurmalaslaivas.lv\/en\/properties\/#primaryimage"},"thumbnailUrl":"https:\/\/www.jurmalaslaivas.lv\/wp-content\/uploads\/2022\/11\/cropped-JurmalasLaivas-black.png","datePublished":"2019-02-15T18:42:39+00:00","dateModified":"2026-01-02T13:37:29+00:00","description":"Properties of Jurmala Boats","breadcrumb":{"@id":"https:\/\/www.jurmalaslaivas.lv\/en\/properties\/#breadcrumb"},"inLanguage":"en-US","potentialAction":[{"@type":"ReadAction","target":["https:\/\/www.jurmalaslaivas.lv\/en\/properties\/"]}]},{"@type":"ImageObject","inLanguage":"en-US","@id":"https:\/\/www.jurmalaslaivas.lv\/en\/properties\/#primaryimage","url":"https:\/\/www.jurmalaslaivas.lv\/wp-content\/uploads\/2022\/11\/cropped-JurmalasLaivas-black.png","contentUrl":"https:\/\/www.jurmalaslaivas.lv\/wp-content\/uploads\/2022\/11\/cropped-JurmalasLaivas-black.png","width":512,"height":512,"caption":"J\u016brmalas Laivas"},{"@type":"BreadcrumbList","@id":"https:\/\/www.jurmalaslaivas.lv\/en\/properties\/#breadcrumb","itemListElement":[{"@type":"ListItem","position":1,"name":"Home","item":"https:\/\/www.jurmalaslaivas.lv\/en\/"},{"@type":"ListItem","position":2,"name":"Properties"}]},{"@type":"WebSite","@id":"https:\/\/www.jurmalaslaivas.lv\/en\/#website","url":"https:\/\/www.jurmalaslaivas.lv\/en\/","name":"Jurmalaslaivas.lv","description":"Laivu noma un veikals","publisher":{"@id":"https:\/\/www.jurmalaslaivas.lv\/en\/#organization"},"potentialAction":[{"@type":"SearchAction","target":{"@type":"EntryPoint","urlTemplate":"https:\/\/www.jurmalaslaivas.lv\/en\/?s={search_term_string}"},"query-input":{"@type":"PropertyValueSpecification","valueRequired":true,"valueName":"search_term_string"}}],"inLanguage":"en-US"},{"@type":"Organization","@id":"https:\/\/www.jurmalaslaivas.lv\/en\/#organization","name":"Jurmalaslaivas.lv","url":"https:\/\/www.jurmalaslaivas.lv\/en\/","logo":{"@type":"ImageObject","inLanguage":"en-US","@id":"https:\/\/www.jurmalaslaivas.lv\/en\/#\/schema\/logo\/image\/","url":"https:\/\/www.jurmalaslaivas.lv\/wp-content\/uploads\/2022\/11\/jurmalas-laivas-balts-ar-rami.png","contentUrl":"https:\/\/www.jurmalaslaivas.lv\/wp-content\/uploads\/2022\/11\/jurmalas-laivas-balts-ar-rami.png","width":500,"height":500,"caption":"Jurmalaslaivas.lv"},"image":{"@id":"https:\/\/www.jurmalaslaivas.lv\/en\/#\/schema\/logo\/image\/"},"sameAs":["https:\/\/www.facebook.com\/jurmalaslaivas"]}]}},"_links":{"self":[{"href":"https:\/\/www.jurmalaslaivas.lv\/en\/wp-json\/wp\/v2\/pages\/9431","targetHints":{"allow":["GET"]}}],"collection":[{"href":"https:\/\/www.jurmalaslaivas.lv\/en\/wp-json\/wp\/v2\/pages"}],"about":[{"href":"https:\/\/www.jurmalaslaivas.lv\/en\/wp-json\/wp\/v2\/types\/page"}],"author":[{"embeddable":true,"href":"https:\/\/www.jurmalaslaivas.lv\/en\/wp-json\/wp\/v2\/users\/5"}],"replies":[{"embeddable":true,"href":"https:\/\/www.jurmalaslaivas.lv\/en\/wp-json\/wp\/v2\/comments?post=9431"}],"version-history":[{"count":3,"href":"https:\/\/www.jurmalaslaivas.lv\/en\/wp-json\/wp\/v2\/pages\/9431\/revisions"}],"predecessor-version":[{"id":58962,"href":"https:\/\/www.jurmalaslaivas.lv\/en\/wp-json\/wp\/v2\/pages\/9431\/revisions\/58962"}],"wp:featuredmedia":[{"embeddable":true,"href":"https:\/\/www.jurmalaslaivas.lv\/en\/wp-json\/wp\/v2\/media\/48754"}],"wp:attachment":[{"href":"https:\/\/www.jurmalaslaivas.lv\/en\/wp-json\/wp\/v2\/media?parent=9431"}],"curies":[{"name":"wp","href":"https:\/\/api.w.org\/{rel}","templated":true}]}}