{"id":9427,"date":"2019-02-15T21:32:31","date_gmt":"2019-02-15T18:32:31","guid":{"rendered":"https:\/\/waterskis.truu.lv\/piegade\/"},"modified":"2022-12-11T09:08:37","modified_gmt":"2022-12-11T06:08:37","slug":"delivery","status":"publish","type":"page","link":"https:\/\/www.jurmalaslaivas.lv\/en\/delivery\/","title":{"rendered":"Delivery"},"content":{"rendered":"\n<p><strong>J\u016brmalas \u016bdenssl\u0113po\u0161anas un veikborda park\u0101 \u2013&nbsp;bez maksas.<\/strong><\/p>\n\n\n\n<p><strong>DPD, OMNIVA kurjerpasts &#8211;&nbsp;saska\u0146\u0101 ar cenr\u0101di. Maksa par pieg\u0101di tiks iek\u013cauta r\u0113\u0137in\u0101.<br \/> <\/strong><br \/> * Sa\u0146em pas\u016bt\u012bto preci laic\u012bgi! J\u016brmalas \u016bdenssl\u0113po\u0161anas un veikborda park\u0101 neapmaks\u0101tas preces tiek uzglab\u0101tas 3 darba dienas. L\u016bdzu, inform\u0113 m\u016bs, ja v\u0113lies sa\u0146emt preci ilg\u0101k\u0101 termi\u0146\u0101.<\/p>\n\n\n\n<p>* Gad\u012bjumos, ja pieg\u0101di nodro\u0161in\u0101s DPD kurjerpasts, pieg\u0101des r\u012bt\u0101 klients sa\u0146ems SMS no DPD vai OMNIVA kurjerpasta ar PIN kodu, kas b\u016bs j\u0101ievada kurjera termin\u0101l\u012b. L\u016bdzu, saglab\u0101 sa\u0146emto SMS! <\/p>\n\n\n\n<p>*&nbsp;Lai sa\u0146emtu pas\u016bt\u012bjumu J\u016brmalas \u016bdenssl\u0113po\u0161anas un veikborda park\u0101, pa\u0146em l\u012bdzi personu apliecino\u0161u dokumentu (pase, ID karte, autovad\u012bt\u0101ja apliec\u012bba).<\/p>\n\n\n\n<p>* Pieg\u0101de notiek 1-5 darba dienu laik\u0101 no naudas sa\u0146em\u0161anas br\u012b\u017ea SIA \u201c2GR\u201d kont\u0101.<\/p>\n","protected":false},"excerpt":{"rendered":"<p>J\u016brmalas \u016bdenssl\u0113po\u0161anas un veikborda park\u0101 \u2013&nbsp;bez maksas. DPD, OMNIVA kurjerpasts &#8211;&nbsp;saska\u0146\u0101 ar cenr\u0101di. Maksa par pieg\u0101di tiks iek\u013cauta r\u0113\u0137in\u0101. * Sa\u0146em pas\u016bt\u012bto preci laic\u012bgi! J\u016brmalas \u016bdenssl\u0113po\u0161anas un veikborda park\u0101 neapmaks\u0101tas preces tiek uzglab\u0101tas 3 darba dienas. L\u016bdzu, inform\u0113 m\u016bs, ja v\u0113lies sa\u0146emt preci ilg\u0101k\u0101 termi\u0146\u0101. * Gad\u012bjumos, ja pieg\u0101di nodro\u0161in\u0101s DPD kurjerpasts, pieg\u0101des r\u012bt\u0101 klients [&#8230;]<\/p>\n<p><a class=\"btn btn-secondary understrap-read-more-link\" href=\"https:\/\/www.jurmalaslaivas.lv\/en\/delivery\/\">Read More&#8230;<\/a><\/p>\n","protected":false},"author":5,"featured_media":0,"parent":0,"menu_order":0,"comment_status":"closed","ping_status":"closed","template":"","meta":{"_acf_changed":false,"inline_featured_image":false,"footnotes":""},"class_list":["post-9427","page","type-page","status-publish","hentry"],"acf":[],"yoast_head":"<!-- This site is optimized with the Yoast SEO plugin v27.0 - https:\/\/yoast.com\/product\/yoast-seo-wordpress\/ -->\n<title>Delivery - Jurmalas Laivas<\/title>\n<meta name=\"description\" content=\"Delivery. In Jurmala water skiing and wakeboarding park - free of charge. DPD, OMNIVA courier - according to the price list. Shipping charges\" \/>\n<meta name=\"robots\" content=\"index, follow, max-snippet:-1, max-image-preview:large, max-video-preview:-1\" \/>\n<link rel=\"canonical\" href=\"https:\/\/www.jurmalaslaivas.lv\/en\/delivery\/\" \/>\n<meta property=\"og:locale\" content=\"en_US\" \/>\n<meta property=\"og:type\" content=\"article\" \/>\n<meta property=\"og:title\" content=\"Delivery - Jurmalas Laivas\" \/>\n<meta property=\"og:description\" content=\"Delivery. In Jurmala water skiing and wakeboarding park - free of charge. DPD, OMNIVA courier - according to the price list. Shipping charges\" \/>\n<meta property=\"og:url\" content=\"https:\/\/www.jurmalaslaivas.lv\/en\/delivery\/\" \/>\n<meta property=\"og:site_name\" content=\"Jurmalas Laivas\" \/>\n<meta property=\"article:publisher\" content=\"https:\/\/www.facebook.com\/jurmalaslaivas\" \/>\n<meta property=\"article:modified_time\" content=\"2022-12-11T06:08:37+00:00\" \/>\n<meta name=\"twitter:card\" content=\"summary_large_image\" \/>\n<meta name=\"twitter:label1\" content=\"Est. reading time\" \/>\n\t<meta name=\"twitter:data1\" content=\"1 minute\" \/>\n<script type=\"application\/ld+json\" class=\"yoast-schema-graph\">{\"@context\":\"https:\/\/schema.org\",\"@graph\":[{\"@type\":\"WebPage\",\"@id\":\"https:\/\/www.jurmalaslaivas.lv\/en\/delivery\/\",\"url\":\"https:\/\/www.jurmalaslaivas.lv\/en\/delivery\/\",\"name\":\"Delivery - Jurmalas Laivas\",\"isPartOf\":{\"@id\":\"https:\/\/www.jurmalaslaivas.lv\/en\/#website\"},\"datePublished\":\"2019-02-15T18:32:31+00:00\",\"dateModified\":\"2022-12-11T06:08:37+00:00\",\"description\":\"Delivery. In Jurmala water skiing and wakeboarding park - free of charge. DPD, OMNIVA courier - according to the price list. Shipping charges\",\"breadcrumb\":{\"@id\":\"https:\/\/www.jurmalaslaivas.lv\/en\/delivery\/#breadcrumb\"},\"inLanguage\":\"en-US\",\"potentialAction\":[{\"@type\":\"ReadAction\",\"target\":[\"https:\/\/www.jurmalaslaivas.lv\/en\/delivery\/\"]}]},{\"@type\":\"BreadcrumbList\",\"@id\":\"https:\/\/www.jurmalaslaivas.lv\/en\/delivery\/#breadcrumb\",\"itemListElement\":[{\"@type\":\"ListItem\",\"position\":1,\"name\":\"Home\",\"item\":\"https:\/\/www.jurmalaslaivas.lv\/en\/\"},{\"@type\":\"ListItem\",\"position\":2,\"name\":\"Delivery\"}]},{\"@type\":\"WebSite\",\"@id\":\"https:\/\/www.jurmalaslaivas.lv\/en\/#website\",\"url\":\"https:\/\/www.jurmalaslaivas.lv\/en\/\",\"name\":\"Jurmalaslaivas.lv\",\"description\":\"Laivu noma un veikals\",\"publisher\":{\"@id\":\"https:\/\/www.jurmalaslaivas.lv\/en\/#organization\"},\"potentialAction\":[{\"@type\":\"SearchAction\",\"target\":{\"@type\":\"EntryPoint\",\"urlTemplate\":\"https:\/\/www.jurmalaslaivas.lv\/en\/?s={search_term_string}\"},\"query-input\":{\"@type\":\"PropertyValueSpecification\",\"valueRequired\":true,\"valueName\":\"search_term_string\"}}],\"inLanguage\":\"en-US\"},{\"@type\":\"Organization\",\"@id\":\"https:\/\/www.jurmalaslaivas.lv\/en\/#organization\",\"name\":\"Jurmalaslaivas.lv\",\"url\":\"https:\/\/www.jurmalaslaivas.lv\/en\/\",\"logo\":{\"@type\":\"ImageObject\",\"inLanguage\":\"en-US\",\"@id\":\"https:\/\/www.jurmalaslaivas.lv\/en\/#\/schema\/logo\/image\/\",\"url\":\"https:\/\/www.jurmalaslaivas.lv\/wp-content\/uploads\/2022\/11\/jurmalas-laivas-balts-ar-rami.png\",\"contentUrl\":\"https:\/\/www.jurmalaslaivas.lv\/wp-content\/uploads\/2022\/11\/jurmalas-laivas-balts-ar-rami.png\",\"width\":500,\"height\":500,\"caption\":\"Jurmalaslaivas.lv\"},\"image\":{\"@id\":\"https:\/\/www.jurmalaslaivas.lv\/en\/#\/schema\/logo\/image\/\"},\"sameAs\":[\"https:\/\/www.facebook.com\/jurmalaslaivas\"]}]}<\/script>\n<!-- \/ Yoast SEO plugin. -->","yoast_head_json":{"title":"Delivery - Jurmalas Laivas","description":"Delivery. In Jurmala water skiing and wakeboarding park - free of charge. DPD, OMNIVA courier - according to the price list. Shipping charges","robots":{"index":"index","follow":"follow","max-snippet":"max-snippet:-1","max-image-preview":"max-image-preview:large","max-video-preview":"max-video-preview:-1"},"canonical":"https:\/\/www.jurmalaslaivas.lv\/en\/delivery\/","og_locale":"en_US","og_type":"article","og_title":"Delivery - Jurmalas Laivas","og_description":"Delivery. In Jurmala water skiing and wakeboarding park - free of charge. DPD, OMNIVA courier - according to the price list. Shipping charges","og_url":"https:\/\/www.jurmalaslaivas.lv\/en\/delivery\/","og_site_name":"Jurmalas Laivas","article_publisher":"https:\/\/www.facebook.com\/jurmalaslaivas","article_modified_time":"2022-12-11T06:08:37+00:00","twitter_card":"summary_large_image","twitter_misc":{"Est. reading time":"1 minute"},"schema":{"@context":"https:\/\/schema.org","@graph":[{"@type":"WebPage","@id":"https:\/\/www.jurmalaslaivas.lv\/en\/delivery\/","url":"https:\/\/www.jurmalaslaivas.lv\/en\/delivery\/","name":"Delivery - Jurmalas Laivas","isPartOf":{"@id":"https:\/\/www.jurmalaslaivas.lv\/en\/#website"},"datePublished":"2019-02-15T18:32:31+00:00","dateModified":"2022-12-11T06:08:37+00:00","description":"Delivery. In Jurmala water skiing and wakeboarding park - free of charge. DPD, OMNIVA courier - according to the price list. Shipping charges","breadcrumb":{"@id":"https:\/\/www.jurmalaslaivas.lv\/en\/delivery\/#breadcrumb"},"inLanguage":"en-US","potentialAction":[{"@type":"ReadAction","target":["https:\/\/www.jurmalaslaivas.lv\/en\/delivery\/"]}]},{"@type":"BreadcrumbList","@id":"https:\/\/www.jurmalaslaivas.lv\/en\/delivery\/#breadcrumb","itemListElement":[{"@type":"ListItem","position":1,"name":"Home","item":"https:\/\/www.jurmalaslaivas.lv\/en\/"},{"@type":"ListItem","position":2,"name":"Delivery"}]},{"@type":"WebSite","@id":"https:\/\/www.jurmalaslaivas.lv\/en\/#website","url":"https:\/\/www.jurmalaslaivas.lv\/en\/","name":"Jurmalaslaivas.lv","description":"Laivu noma un veikals","publisher":{"@id":"https:\/\/www.jurmalaslaivas.lv\/en\/#organization"},"potentialAction":[{"@type":"SearchAction","target":{"@type":"EntryPoint","urlTemplate":"https:\/\/www.jurmalaslaivas.lv\/en\/?s={search_term_string}"},"query-input":{"@type":"PropertyValueSpecification","valueRequired":true,"valueName":"search_term_string"}}],"inLanguage":"en-US"},{"@type":"Organization","@id":"https:\/\/www.jurmalaslaivas.lv\/en\/#organization","name":"Jurmalaslaivas.lv","url":"https:\/\/www.jurmalaslaivas.lv\/en\/","logo":{"@type":"ImageObject","inLanguage":"en-US","@id":"https:\/\/www.jurmalaslaivas.lv\/en\/#\/schema\/logo\/image\/","url":"https:\/\/www.jurmalaslaivas.lv\/wp-content\/uploads\/2022\/11\/jurmalas-laivas-balts-ar-rami.png","contentUrl":"https:\/\/www.jurmalaslaivas.lv\/wp-content\/uploads\/2022\/11\/jurmalas-laivas-balts-ar-rami.png","width":500,"height":500,"caption":"Jurmalaslaivas.lv"},"image":{"@id":"https:\/\/www.jurmalaslaivas.lv\/en\/#\/schema\/logo\/image\/"},"sameAs":["https:\/\/www.facebook.com\/jurmalaslaivas"]}]}},"_links":{"self":[{"href":"https:\/\/www.jurmalaslaivas.lv\/en\/wp-json\/wp\/v2\/pages\/9427","targetHints":{"allow":["GET"]}}],"collection":[{"href":"https:\/\/www.jurmalaslaivas.lv\/en\/wp-json\/wp\/v2\/pages"}],"about":[{"href":"https:\/\/www.jurmalaslaivas.lv\/en\/wp-json\/wp\/v2\/types\/page"}],"author":[{"embeddable":true,"href":"https:\/\/www.jurmalaslaivas.lv\/en\/wp-json\/wp\/v2\/users\/5"}],"replies":[{"embeddable":true,"href":"https:\/\/www.jurmalaslaivas.lv\/en\/wp-json\/wp\/v2\/comments?post=9427"}],"version-history":[{"count":1,"href":"https:\/\/www.jurmalaslaivas.lv\/en\/wp-json\/wp\/v2\/pages\/9427\/revisions"}],"predecessor-version":[{"id":15465,"href":"https:\/\/www.jurmalaslaivas.lv\/en\/wp-json\/wp\/v2\/pages\/9427\/revisions\/15465"}],"wp:attachment":[{"href":"https:\/\/www.jurmalaslaivas.lv\/en\/wp-json\/wp\/v2\/media?parent=9427"}],"curies":[{"name":"wp","href":"https:\/\/api.w.org\/{rel}","templated":true}]}}