{"id":9419,"date":"2019-02-10T17:57:36","date_gmt":"2019-02-10T14:57:36","guid":{"rendered":"https:\/\/waterskis.truu.lv\/iepirksanas-noteikumi\/"},"modified":"2022-12-11T10:10:36","modified_gmt":"2022-12-11T07:10:36","slug":"shopping-rules","status":"publish","type":"page","link":"https:\/\/www.jurmalaslaivas.lv\/en\/shopping-rules\/","title":{"rendered":"Shopping Rules"},"content":{"rendered":"\n<p>Ieprik\u0161an\u0101s k\u0101rt\u012bbu nosaka LR 2002. gada 28. maija LR Ministru kabineta noteikumi Nr. 207 \u201cNoteikumi par distances l\u012bgumu\u201d.<\/p>\n\n\n\n<p>Pirc\u0113jam ir ties\u012bbas atk\u0101pties no l\u012bguma 14 kalend\u0101ro dienu laik\u0101 un atgriezt preci p\u0101rdev\u0113jam, ja prece neatbilst tai, ko pas\u016bt\u012bjis pirc\u0113js. Preces atgrie\u0161anas gad\u012bjum\u0101, par preci veikt\u0101 samaksa tiek atgriezta piln\u0101 apm\u0113r\u0101, neskaitot pieg\u0101des izmaksas. Prece ir j\u0101atgrie\u017e piln\u0101 komplekt\u0101cij\u0101, k\u0101d\u0101 to pieg\u0101d\u0101jis p\u0101rdev\u0113js, ieskaitot visas preces sast\u0101vda\u013cas, k\u0101 ar\u012b ori\u0123in\u0101lo preces iepakojumu. Neiev\u0113rojot \u0161os nosac\u012bjumus, preces atgrie\u0161ana tiek atteikta. Uzs\u0101kot ieg\u0101d\u0101t\u0101 produkta lieto\u0161anu, pirc\u0113js apliecina, ka t\u0101 atbilst pas\u016bt\u012btajai precei un nevar tikt atgriezta.<\/p>\n\n\n\n<p>Pre\u010du aprakstiem un att\u0113liem ir informat\u012bva noz\u012bme. Pre\u010du cenas nor\u0101d\u012btas \u20ac val\u016bt\u0101, tai skait\u0101 PVN 21%.<\/p>\n\n\n\n<p>www.jurmalaslaivas.lv lap\u0101 veiktais pas\u016bt\u012bjums ir informat\u012bva rakstura. To veicot, nek\u0101d\u0101s finansu darb\u012bbas netiek veiktas.<\/p>\n\n\n\n<p>P\u0113c pas\u016bt\u012bjuma veik\u0161anas, 1 darba dienas laik\u0101 ar Jums sazin\u0101sies M\u016bsu p\u0101rdo\u0161anas speci\u0101listi, lai preciz\u0113tu pas\u016bt\u012bjuma deta\u013cas, tai skait\u0101 par apmaksu un pas\u016bt\u012bjuma sa\u0146em\u0161anu.<br \/>\nPas\u016bt\u012bjum\u0101 nor\u0101d\u012btie personas dati tiks glab\u0101ti stingr\u0101 konfidencialit\u0101t\u0113, netiks nodoti tre\u0161aj\u0101m person\u0101m un netiks izmantoti nek\u0101dos citos nol\u016bkos, k\u0101 tikai konkr\u0113t\u0101 pas\u016bt\u012bjuma izpildei.<\/p>\n\n\n\n<p>waterskis.lv veikal\u0101 iesp\u0113jams nor\u0113\u0137in\u0101ties ar p\u0101rskait\u012bjumu.<\/p>\n\n\n\n<p><strong>Apmaksa ar interneta banku vai apmaks\u0101jot r\u0113\u0137inu bank\u0101<\/strong><\/p>\n\n\n\n<p>R\u016bp\u012bgi aizpildi visus\npirkuma noform\u0113\u0161anai pras\u012btos datus. R\u0113\u0137ins tiks nos\u016bt\u012bts uz pas\u016bt\u012bjum\u0101\nnor\u0101d\u012bto e-pastu. Veicot apmaksu, nor\u0101di r\u0113\u0137ina numuru. Preces pieg\u0101de tiks\nveikta tikai p\u0113c pilnas r\u0113\u0137ina summas ien\u0101k\u0161anas SIA \u201c2GR\u201d&nbsp;bankas kont\u0101.\nPreces sa\u0146em\u0161anas br\u012bd\u012b b\u016bs j\u0101paraksta Pre\u010du pavadz\u012bme, kas ir pirkuma\napstiprin\u0101jums.<\/p>\n","protected":false},"excerpt":{"rendered":"<p>Ieprik\u0161an\u0101s k\u0101rt\u012bbu nosaka LR 2002. gada 28. maija LR Ministru kabineta noteikumi Nr. 207 \u201cNoteikumi par distances l\u012bgumu\u201d. Pirc\u0113jam ir ties\u012bbas atk\u0101pties no l\u012bguma 14 kalend\u0101ro dienu laik\u0101 un atgriezt preci p\u0101rdev\u0113jam, ja prece neatbilst tai, ko pas\u016bt\u012bjis pirc\u0113js. Preces atgrie\u0161anas gad\u012bjum\u0101, par preci veikt\u0101 samaksa tiek atgriezta piln\u0101 apm\u0113r\u0101, neskaitot pieg\u0101des izmaksas. Prece ir [&#8230;]<\/p>\n<p><a class=\"btn btn-secondary understrap-read-more-link\" href=\"https:\/\/www.jurmalaslaivas.lv\/en\/shopping-rules\/\">Read More&#8230;<\/a><\/p>\n","protected":false},"author":5,"featured_media":48754,"parent":0,"menu_order":0,"comment_status":"closed","ping_status":"closed","template":"","meta":{"_acf_changed":false,"inline_featured_image":false,"footnotes":""},"class_list":["post-9419","page","type-page","status-publish","has-post-thumbnail","hentry"],"acf":[],"yoast_head":"<!-- This site is optimized with the Yoast SEO plugin v27.0 - https:\/\/yoast.com\/product\/yoast-seo-wordpress\/ -->\n<title>Shopping Rules - Jurmalas Laivas<\/title>\n<meta name=\"description\" content=\"Shopping Rules. The procedure for marriage is determined by the LR Cabinet of Ministers Regulation of May 28, 2002 No. 207 &quot;Terms on the\" \/>\n<meta name=\"robots\" content=\"index, follow, max-snippet:-1, max-image-preview:large, max-video-preview:-1\" \/>\n<link rel=\"canonical\" href=\"https:\/\/www.jurmalaslaivas.lv\/en\/shopping-rules\/\" \/>\n<meta property=\"og:locale\" content=\"en_US\" \/>\n<meta property=\"og:type\" content=\"article\" \/>\n<meta property=\"og:title\" content=\"Shopping Rules - Jurmalas Laivas\" \/>\n<meta property=\"og:description\" content=\"Shopping Rules. The procedure for marriage is determined by the LR Cabinet of Ministers Regulation of May 28, 2002 No. 207 &quot;Terms on the\" \/>\n<meta property=\"og:url\" content=\"https:\/\/www.jurmalaslaivas.lv\/en\/shopping-rules\/\" \/>\n<meta property=\"og:site_name\" content=\"Jurmalas Laivas\" \/>\n<meta property=\"article:publisher\" content=\"https:\/\/www.facebook.com\/jurmalaslaivas\" \/>\n<meta property=\"article:modified_time\" content=\"2022-12-11T07:10:36+00:00\" \/>\n<meta property=\"og:image\" content=\"https:\/\/www.jurmalaslaivas.lv\/wp-content\/uploads\/2022\/11\/cropped-JurmalasLaivas-black.png\" \/>\n\t<meta property=\"og:image:width\" content=\"512\" \/>\n\t<meta property=\"og:image:height\" content=\"512\" \/>\n\t<meta property=\"og:image:type\" content=\"image\/png\" \/>\n<meta name=\"twitter:card\" content=\"summary_large_image\" \/>\n<meta name=\"twitter:label1\" content=\"Est. reading time\" \/>\n\t<meta name=\"twitter:data1\" content=\"2 minutes\" \/>\n<script type=\"application\/ld+json\" class=\"yoast-schema-graph\">{\"@context\":\"https:\/\/schema.org\",\"@graph\":[{\"@type\":\"WebPage\",\"@id\":\"https:\/\/www.jurmalaslaivas.lv\/en\/shopping-rules\/\",\"url\":\"https:\/\/www.jurmalaslaivas.lv\/en\/shopping-rules\/\",\"name\":\"Shopping Rules - Jurmalas Laivas\",\"isPartOf\":{\"@id\":\"https:\/\/www.jurmalaslaivas.lv\/en\/#website\"},\"primaryImageOfPage\":{\"@id\":\"https:\/\/www.jurmalaslaivas.lv\/en\/shopping-rules\/#primaryimage\"},\"image\":{\"@id\":\"https:\/\/www.jurmalaslaivas.lv\/en\/shopping-rules\/#primaryimage\"},\"thumbnailUrl\":\"https:\/\/www.jurmalaslaivas.lv\/wp-content\/uploads\/2022\/11\/cropped-JurmalasLaivas-black.png\",\"datePublished\":\"2019-02-10T14:57:36+00:00\",\"dateModified\":\"2022-12-11T07:10:36+00:00\",\"description\":\"Shopping Rules. The procedure for marriage is determined by the LR Cabinet of Ministers Regulation of May 28, 2002 No. 207 \\\"Terms on the\",\"breadcrumb\":{\"@id\":\"https:\/\/www.jurmalaslaivas.lv\/en\/shopping-rules\/#breadcrumb\"},\"inLanguage\":\"en-US\",\"potentialAction\":[{\"@type\":\"ReadAction\",\"target\":[\"https:\/\/www.jurmalaslaivas.lv\/en\/shopping-rules\/\"]}]},{\"@type\":\"ImageObject\",\"inLanguage\":\"en-US\",\"@id\":\"https:\/\/www.jurmalaslaivas.lv\/en\/shopping-rules\/#primaryimage\",\"url\":\"https:\/\/www.jurmalaslaivas.lv\/wp-content\/uploads\/2022\/11\/cropped-JurmalasLaivas-black.png\",\"contentUrl\":\"https:\/\/www.jurmalaslaivas.lv\/wp-content\/uploads\/2022\/11\/cropped-JurmalasLaivas-black.png\",\"width\":512,\"height\":512,\"caption\":\"J\u016brmalas Laivas\"},{\"@type\":\"BreadcrumbList\",\"@id\":\"https:\/\/www.jurmalaslaivas.lv\/en\/shopping-rules\/#breadcrumb\",\"itemListElement\":[{\"@type\":\"ListItem\",\"position\":1,\"name\":\"Home\",\"item\":\"https:\/\/www.jurmalaslaivas.lv\/en\/\"},{\"@type\":\"ListItem\",\"position\":2,\"name\":\"Shopping Rules\"}]},{\"@type\":\"WebSite\",\"@id\":\"https:\/\/www.jurmalaslaivas.lv\/en\/#website\",\"url\":\"https:\/\/www.jurmalaslaivas.lv\/en\/\",\"name\":\"Jurmalaslaivas.lv\",\"description\":\"Laivu noma un veikals\",\"publisher\":{\"@id\":\"https:\/\/www.jurmalaslaivas.lv\/en\/#organization\"},\"potentialAction\":[{\"@type\":\"SearchAction\",\"target\":{\"@type\":\"EntryPoint\",\"urlTemplate\":\"https:\/\/www.jurmalaslaivas.lv\/en\/?s={search_term_string}\"},\"query-input\":{\"@type\":\"PropertyValueSpecification\",\"valueRequired\":true,\"valueName\":\"search_term_string\"}}],\"inLanguage\":\"en-US\"},{\"@type\":\"Organization\",\"@id\":\"https:\/\/www.jurmalaslaivas.lv\/en\/#organization\",\"name\":\"Jurmalaslaivas.lv\",\"url\":\"https:\/\/www.jurmalaslaivas.lv\/en\/\",\"logo\":{\"@type\":\"ImageObject\",\"inLanguage\":\"en-US\",\"@id\":\"https:\/\/www.jurmalaslaivas.lv\/en\/#\/schema\/logo\/image\/\",\"url\":\"https:\/\/www.jurmalaslaivas.lv\/wp-content\/uploads\/2022\/11\/jurmalas-laivas-balts-ar-rami.png\",\"contentUrl\":\"https:\/\/www.jurmalaslaivas.lv\/wp-content\/uploads\/2022\/11\/jurmalas-laivas-balts-ar-rami.png\",\"width\":500,\"height\":500,\"caption\":\"Jurmalaslaivas.lv\"},\"image\":{\"@id\":\"https:\/\/www.jurmalaslaivas.lv\/en\/#\/schema\/logo\/image\/\"},\"sameAs\":[\"https:\/\/www.facebook.com\/jurmalaslaivas\"]}]}<\/script>\n<!-- \/ Yoast SEO plugin. -->","yoast_head_json":{"title":"Shopping Rules - Jurmalas Laivas","description":"Shopping Rules. The procedure for marriage is determined by the LR Cabinet of Ministers Regulation of May 28, 2002 No. 207 \"Terms on the","robots":{"index":"index","follow":"follow","max-snippet":"max-snippet:-1","max-image-preview":"max-image-preview:large","max-video-preview":"max-video-preview:-1"},"canonical":"https:\/\/www.jurmalaslaivas.lv\/en\/shopping-rules\/","og_locale":"en_US","og_type":"article","og_title":"Shopping Rules - Jurmalas Laivas","og_description":"Shopping Rules. The procedure for marriage is determined by the LR Cabinet of Ministers Regulation of May 28, 2002 No. 207 \"Terms on the","og_url":"https:\/\/www.jurmalaslaivas.lv\/en\/shopping-rules\/","og_site_name":"Jurmalas Laivas","article_publisher":"https:\/\/www.facebook.com\/jurmalaslaivas","article_modified_time":"2022-12-11T07:10:36+00:00","og_image":[{"width":512,"height":512,"url":"https:\/\/www.jurmalaslaivas.lv\/wp-content\/uploads\/2022\/11\/cropped-JurmalasLaivas-black.png","type":"image\/png"}],"twitter_card":"summary_large_image","twitter_misc":{"Est. reading time":"2 minutes"},"schema":{"@context":"https:\/\/schema.org","@graph":[{"@type":"WebPage","@id":"https:\/\/www.jurmalaslaivas.lv\/en\/shopping-rules\/","url":"https:\/\/www.jurmalaslaivas.lv\/en\/shopping-rules\/","name":"Shopping Rules - Jurmalas Laivas","isPartOf":{"@id":"https:\/\/www.jurmalaslaivas.lv\/en\/#website"},"primaryImageOfPage":{"@id":"https:\/\/www.jurmalaslaivas.lv\/en\/shopping-rules\/#primaryimage"},"image":{"@id":"https:\/\/www.jurmalaslaivas.lv\/en\/shopping-rules\/#primaryimage"},"thumbnailUrl":"https:\/\/www.jurmalaslaivas.lv\/wp-content\/uploads\/2022\/11\/cropped-JurmalasLaivas-black.png","datePublished":"2019-02-10T14:57:36+00:00","dateModified":"2022-12-11T07:10:36+00:00","description":"Shopping Rules. The procedure for marriage is determined by the LR Cabinet of Ministers Regulation of May 28, 2002 No. 207 \"Terms on the","breadcrumb":{"@id":"https:\/\/www.jurmalaslaivas.lv\/en\/shopping-rules\/#breadcrumb"},"inLanguage":"en-US","potentialAction":[{"@type":"ReadAction","target":["https:\/\/www.jurmalaslaivas.lv\/en\/shopping-rules\/"]}]},{"@type":"ImageObject","inLanguage":"en-US","@id":"https:\/\/www.jurmalaslaivas.lv\/en\/shopping-rules\/#primaryimage","url":"https:\/\/www.jurmalaslaivas.lv\/wp-content\/uploads\/2022\/11\/cropped-JurmalasLaivas-black.png","contentUrl":"https:\/\/www.jurmalaslaivas.lv\/wp-content\/uploads\/2022\/11\/cropped-JurmalasLaivas-black.png","width":512,"height":512,"caption":"J\u016brmalas Laivas"},{"@type":"BreadcrumbList","@id":"https:\/\/www.jurmalaslaivas.lv\/en\/shopping-rules\/#breadcrumb","itemListElement":[{"@type":"ListItem","position":1,"name":"Home","item":"https:\/\/www.jurmalaslaivas.lv\/en\/"},{"@type":"ListItem","position":2,"name":"Shopping Rules"}]},{"@type":"WebSite","@id":"https:\/\/www.jurmalaslaivas.lv\/en\/#website","url":"https:\/\/www.jurmalaslaivas.lv\/en\/","name":"Jurmalaslaivas.lv","description":"Laivu noma un veikals","publisher":{"@id":"https:\/\/www.jurmalaslaivas.lv\/en\/#organization"},"potentialAction":[{"@type":"SearchAction","target":{"@type":"EntryPoint","urlTemplate":"https:\/\/www.jurmalaslaivas.lv\/en\/?s={search_term_string}"},"query-input":{"@type":"PropertyValueSpecification","valueRequired":true,"valueName":"search_term_string"}}],"inLanguage":"en-US"},{"@type":"Organization","@id":"https:\/\/www.jurmalaslaivas.lv\/en\/#organization","name":"Jurmalaslaivas.lv","url":"https:\/\/www.jurmalaslaivas.lv\/en\/","logo":{"@type":"ImageObject","inLanguage":"en-US","@id":"https:\/\/www.jurmalaslaivas.lv\/en\/#\/schema\/logo\/image\/","url":"https:\/\/www.jurmalaslaivas.lv\/wp-content\/uploads\/2022\/11\/jurmalas-laivas-balts-ar-rami.png","contentUrl":"https:\/\/www.jurmalaslaivas.lv\/wp-content\/uploads\/2022\/11\/jurmalas-laivas-balts-ar-rami.png","width":500,"height":500,"caption":"Jurmalaslaivas.lv"},"image":{"@id":"https:\/\/www.jurmalaslaivas.lv\/en\/#\/schema\/logo\/image\/"},"sameAs":["https:\/\/www.facebook.com\/jurmalaslaivas"]}]}},"_links":{"self":[{"href":"https:\/\/www.jurmalaslaivas.lv\/en\/wp-json\/wp\/v2\/pages\/9419","targetHints":{"allow":["GET"]}}],"collection":[{"href":"https:\/\/www.jurmalaslaivas.lv\/en\/wp-json\/wp\/v2\/pages"}],"about":[{"href":"https:\/\/www.jurmalaslaivas.lv\/en\/wp-json\/wp\/v2\/types\/page"}],"author":[{"embeddable":true,"href":"https:\/\/www.jurmalaslaivas.lv\/en\/wp-json\/wp\/v2\/users\/5"}],"replies":[{"embeddable":true,"href":"https:\/\/www.jurmalaslaivas.lv\/en\/wp-json\/wp\/v2\/comments?post=9419"}],"version-history":[{"count":2,"href":"https:\/\/www.jurmalaslaivas.lv\/en\/wp-json\/wp\/v2\/pages\/9419\/revisions"}],"predecessor-version":[{"id":49048,"href":"https:\/\/www.jurmalaslaivas.lv\/en\/wp-json\/wp\/v2\/pages\/9419\/revisions\/49048"}],"wp:featuredmedia":[{"embeddable":true,"href":"https:\/\/www.jurmalaslaivas.lv\/en\/wp-json\/wp\/v2\/media\/48754"}],"wp:attachment":[{"href":"https:\/\/www.jurmalaslaivas.lv\/en\/wp-json\/wp\/v2\/media?parent=9419"}],"curies":[{"name":"wp","href":"https:\/\/api.w.org\/{rel}","templated":true}]}}