{"id":9413,"date":"2019-02-10T17:57:00","date_gmt":"2019-02-10T14:57:00","guid":{"rendered":"https:\/\/waterskis.truu.lv\/garantijas-noteikumi\/"},"modified":"2022-12-11T10:14:31","modified_gmt":"2022-12-11T07:14:31","slug":"warranty-terms","status":"publish","type":"page","link":"https:\/\/www.jurmalaslaivas.lv\/en\/warranty-terms\/","title":{"rendered":"Warranty Terms"},"content":{"rendered":"\n<h5 class=\"wp-block-heading\">PRETENZIJAS PAR L\u012aGUMA NOTEIKUMIEM, NEATBILSTO\u0160U PRECI VAI PAKALPOJUMU<\/h5>\n\n\n\n<p>Pretenzijas par preces defektiem tiek izskat\u012btas<a href=\"http:\/\/europa.eu\/youreurope\/citizens\/shopping\/shopping-abroad\/guarantees\/index_en.htm\">&nbsp;Latvijas un EU likumdo\u0161an\u0101 paredz\u0113taj\u0101 k\u0101rt\u012bb\u0101<\/a>. Iesniegums par s\u016bdz\u012bbu j\u0101iesniedz rakstiski kop\u0101 ar preci, uzr\u0101dot pirkuma dokumentu vai \u010deku. Likumdo\u0161an\u0101 noteiktaj\u0101 termi\u0146\u0101 garantijas gad\u012bjums st\u0101jas sp\u0113k\u0101, ja boj\u0101jumi radu\u0161ies ra\u017eo\u0161anas procesa, konstrukcijas defektu vai pielietoto izejmateri\u0101lu kvalit\u0101tes d\u0113\u013c.<\/p>\n\n\n\n<p>P\u0101rdev\u0113js nav atbild\u012bgs par jebk\u0101diem preces defektiem, kas radu\u0161ies pre\u010du nolietojuma, apzin\u0101tu boj\u0101jumu, nolaid\u012bbas, neatbilsto\u0161u darba apst\u0101k\u013cu, lieto\u0161anas instrukciju neiev\u0113ro\u0161anas, nepareizas lieto\u0161anas, p\u0101rveido\u0161anas rezult\u0101t\u0101 vai remonta rezult\u0101t\u0101, ja Pirc\u0113js patst\u0101v\u012bgi veic remontu bez P\u0101rdev\u0113ja zi\u0146as.<\/p>\n\n\n\n<p>Gad\u012bjumos, kad prece Pirc\u0113jam neder p\u0113c izm\u0113ra, kr\u0101sas, formas vai citu l\u012bdz\u012bgu iemeslu d\u0113\u013c, bet t\u0101 ir l\u012bguma noteikumiem atbilsto\u0161a, Pirc\u0113js nevar piepras\u012bt preci apmain\u012bt pret citu preci. T\u0101pat k\u0101 preces apmai\u0146u, Pirc\u0113js nevar piepras\u012bt naudas atmaks\u0101\u0161anu, ja prece ir bez defektiem un boj\u0101jumiem, bet vienk\u0101r\u0161i nepat\u012bk vai nav vajadz\u012bga.&nbsp;<\/p>\n","protected":false},"excerpt":{"rendered":"<p>PRETENZIJAS PAR L\u012aGUMA NOTEIKUMIEM, NEATBILSTO\u0160U PRECI VAI PAKALPOJUMU Pretenzijas par preces defektiem tiek izskat\u012btas&nbsp;Latvijas un EU likumdo\u0161an\u0101 paredz\u0113taj\u0101 k\u0101rt\u012bb\u0101. Iesniegums par s\u016bdz\u012bbu j\u0101iesniedz rakstiski kop\u0101 ar preci, uzr\u0101dot pirkuma dokumentu vai \u010deku. Likumdo\u0161an\u0101 noteiktaj\u0101 termi\u0146\u0101 garantijas gad\u012bjums st\u0101jas sp\u0113k\u0101, ja boj\u0101jumi radu\u0161ies ra\u017eo\u0161anas procesa, konstrukcijas defektu vai pielietoto izejmateri\u0101lu kvalit\u0101tes d\u0113\u013c. P\u0101rdev\u0113js nav atbild\u012bgs par [&#8230;]<\/p>\n<p><a class=\"btn btn-secondary understrap-read-more-link\" href=\"https:\/\/www.jurmalaslaivas.lv\/en\/warranty-terms\/\">Read More&#8230;<\/a><\/p>\n","protected":false},"author":5,"featured_media":48754,"parent":0,"menu_order":0,"comment_status":"closed","ping_status":"closed","template":"","meta":{"_acf_changed":false,"inline_featured_image":false,"footnotes":""},"class_list":["post-9413","page","type-page","status-publish","has-post-thumbnail","hentry"],"acf":[],"yoast_head":"<!-- This site is optimized with the Yoast SEO plugin v27.0 - https:\/\/yoast.com\/product\/yoast-seo-wordpress\/ -->\n<title>Warranty Terms - Jurmalas Laivas<\/title>\n<meta name=\"description\" content=\"Warranty Terms. Claims for product defects are considered in accordance with the procedure provided for in Latvian and EU legislation\" \/>\n<meta name=\"robots\" content=\"index, follow, max-snippet:-1, max-image-preview:large, max-video-preview:-1\" \/>\n<link rel=\"canonical\" href=\"https:\/\/www.jurmalaslaivas.lv\/en\/warranty-terms\/\" \/>\n<meta property=\"og:locale\" content=\"en_US\" \/>\n<meta property=\"og:type\" content=\"article\" \/>\n<meta property=\"og:title\" content=\"Warranty Terms - Jurmalas Laivas\" \/>\n<meta property=\"og:description\" content=\"Warranty Terms. Claims for product defects are considered in accordance with the procedure provided for in Latvian and EU legislation\" \/>\n<meta property=\"og:url\" content=\"https:\/\/www.jurmalaslaivas.lv\/en\/warranty-terms\/\" \/>\n<meta property=\"og:site_name\" content=\"Jurmalas Laivas\" \/>\n<meta property=\"article:publisher\" content=\"https:\/\/www.facebook.com\/jurmalaslaivas\" \/>\n<meta property=\"article:modified_time\" content=\"2022-12-11T07:14:31+00:00\" \/>\n<meta property=\"og:image\" content=\"https:\/\/www.jurmalaslaivas.lv\/wp-content\/uploads\/2022\/11\/cropped-JurmalasLaivas-black.png\" \/>\n\t<meta property=\"og:image:width\" content=\"512\" \/>\n\t<meta property=\"og:image:height\" content=\"512\" \/>\n\t<meta property=\"og:image:type\" content=\"image\/png\" \/>\n<meta name=\"twitter:card\" content=\"summary_large_image\" \/>\n<meta name=\"twitter:label1\" content=\"Est. reading time\" \/>\n\t<meta name=\"twitter:data1\" content=\"1 minute\" \/>\n<script type=\"application\/ld+json\" class=\"yoast-schema-graph\">{\"@context\":\"https:\/\/schema.org\",\"@graph\":[{\"@type\":\"WebPage\",\"@id\":\"https:\/\/www.jurmalaslaivas.lv\/en\/warranty-terms\/\",\"url\":\"https:\/\/www.jurmalaslaivas.lv\/en\/warranty-terms\/\",\"name\":\"Warranty Terms - Jurmalas Laivas\",\"isPartOf\":{\"@id\":\"https:\/\/www.jurmalaslaivas.lv\/en\/#website\"},\"primaryImageOfPage\":{\"@id\":\"https:\/\/www.jurmalaslaivas.lv\/en\/warranty-terms\/#primaryimage\"},\"image\":{\"@id\":\"https:\/\/www.jurmalaslaivas.lv\/en\/warranty-terms\/#primaryimage\"},\"thumbnailUrl\":\"https:\/\/www.jurmalaslaivas.lv\/wp-content\/uploads\/2022\/11\/cropped-JurmalasLaivas-black.png\",\"datePublished\":\"2019-02-10T14:57:00+00:00\",\"dateModified\":\"2022-12-11T07:14:31+00:00\",\"description\":\"Warranty Terms. Claims for product defects are considered in accordance with the procedure provided for in Latvian and EU legislation\",\"breadcrumb\":{\"@id\":\"https:\/\/www.jurmalaslaivas.lv\/en\/warranty-terms\/#breadcrumb\"},\"inLanguage\":\"en-US\",\"potentialAction\":[{\"@type\":\"ReadAction\",\"target\":[\"https:\/\/www.jurmalaslaivas.lv\/en\/warranty-terms\/\"]}]},{\"@type\":\"ImageObject\",\"inLanguage\":\"en-US\",\"@id\":\"https:\/\/www.jurmalaslaivas.lv\/en\/warranty-terms\/#primaryimage\",\"url\":\"https:\/\/www.jurmalaslaivas.lv\/wp-content\/uploads\/2022\/11\/cropped-JurmalasLaivas-black.png\",\"contentUrl\":\"https:\/\/www.jurmalaslaivas.lv\/wp-content\/uploads\/2022\/11\/cropped-JurmalasLaivas-black.png\",\"width\":512,\"height\":512,\"caption\":\"J\u016brmalas Laivas\"},{\"@type\":\"BreadcrumbList\",\"@id\":\"https:\/\/www.jurmalaslaivas.lv\/en\/warranty-terms\/#breadcrumb\",\"itemListElement\":[{\"@type\":\"ListItem\",\"position\":1,\"name\":\"Home\",\"item\":\"https:\/\/www.jurmalaslaivas.lv\/en\/\"},{\"@type\":\"ListItem\",\"position\":2,\"name\":\"Warranty Terms\"}]},{\"@type\":\"WebSite\",\"@id\":\"https:\/\/www.jurmalaslaivas.lv\/en\/#website\",\"url\":\"https:\/\/www.jurmalaslaivas.lv\/en\/\",\"name\":\"Jurmalaslaivas.lv\",\"description\":\"Laivu noma un veikals\",\"publisher\":{\"@id\":\"https:\/\/www.jurmalaslaivas.lv\/en\/#organization\"},\"potentialAction\":[{\"@type\":\"SearchAction\",\"target\":{\"@type\":\"EntryPoint\",\"urlTemplate\":\"https:\/\/www.jurmalaslaivas.lv\/en\/?s={search_term_string}\"},\"query-input\":{\"@type\":\"PropertyValueSpecification\",\"valueRequired\":true,\"valueName\":\"search_term_string\"}}],\"inLanguage\":\"en-US\"},{\"@type\":\"Organization\",\"@id\":\"https:\/\/www.jurmalaslaivas.lv\/en\/#organization\",\"name\":\"Jurmalaslaivas.lv\",\"url\":\"https:\/\/www.jurmalaslaivas.lv\/en\/\",\"logo\":{\"@type\":\"ImageObject\",\"inLanguage\":\"en-US\",\"@id\":\"https:\/\/www.jurmalaslaivas.lv\/en\/#\/schema\/logo\/image\/\",\"url\":\"https:\/\/www.jurmalaslaivas.lv\/wp-content\/uploads\/2022\/11\/jurmalas-laivas-balts-ar-rami.png\",\"contentUrl\":\"https:\/\/www.jurmalaslaivas.lv\/wp-content\/uploads\/2022\/11\/jurmalas-laivas-balts-ar-rami.png\",\"width\":500,\"height\":500,\"caption\":\"Jurmalaslaivas.lv\"},\"image\":{\"@id\":\"https:\/\/www.jurmalaslaivas.lv\/en\/#\/schema\/logo\/image\/\"},\"sameAs\":[\"https:\/\/www.facebook.com\/jurmalaslaivas\"]}]}<\/script>\n<!-- \/ Yoast SEO plugin. -->","yoast_head_json":{"title":"Warranty Terms - Jurmalas Laivas","description":"Warranty Terms. Claims for product defects are considered in accordance with the procedure provided for in Latvian and EU legislation","robots":{"index":"index","follow":"follow","max-snippet":"max-snippet:-1","max-image-preview":"max-image-preview:large","max-video-preview":"max-video-preview:-1"},"canonical":"https:\/\/www.jurmalaslaivas.lv\/en\/warranty-terms\/","og_locale":"en_US","og_type":"article","og_title":"Warranty Terms - Jurmalas Laivas","og_description":"Warranty Terms. Claims for product defects are considered in accordance with the procedure provided for in Latvian and EU legislation","og_url":"https:\/\/www.jurmalaslaivas.lv\/en\/warranty-terms\/","og_site_name":"Jurmalas Laivas","article_publisher":"https:\/\/www.facebook.com\/jurmalaslaivas","article_modified_time":"2022-12-11T07:14:31+00:00","og_image":[{"width":512,"height":512,"url":"https:\/\/www.jurmalaslaivas.lv\/wp-content\/uploads\/2022\/11\/cropped-JurmalasLaivas-black.png","type":"image\/png"}],"twitter_card":"summary_large_image","twitter_misc":{"Est. reading time":"1 minute"},"schema":{"@context":"https:\/\/schema.org","@graph":[{"@type":"WebPage","@id":"https:\/\/www.jurmalaslaivas.lv\/en\/warranty-terms\/","url":"https:\/\/www.jurmalaslaivas.lv\/en\/warranty-terms\/","name":"Warranty Terms - Jurmalas Laivas","isPartOf":{"@id":"https:\/\/www.jurmalaslaivas.lv\/en\/#website"},"primaryImageOfPage":{"@id":"https:\/\/www.jurmalaslaivas.lv\/en\/warranty-terms\/#primaryimage"},"image":{"@id":"https:\/\/www.jurmalaslaivas.lv\/en\/warranty-terms\/#primaryimage"},"thumbnailUrl":"https:\/\/www.jurmalaslaivas.lv\/wp-content\/uploads\/2022\/11\/cropped-JurmalasLaivas-black.png","datePublished":"2019-02-10T14:57:00+00:00","dateModified":"2022-12-11T07:14:31+00:00","description":"Warranty Terms. Claims for product defects are considered in accordance with the procedure provided for in Latvian and EU legislation","breadcrumb":{"@id":"https:\/\/www.jurmalaslaivas.lv\/en\/warranty-terms\/#breadcrumb"},"inLanguage":"en-US","potentialAction":[{"@type":"ReadAction","target":["https:\/\/www.jurmalaslaivas.lv\/en\/warranty-terms\/"]}]},{"@type":"ImageObject","inLanguage":"en-US","@id":"https:\/\/www.jurmalaslaivas.lv\/en\/warranty-terms\/#primaryimage","url":"https:\/\/www.jurmalaslaivas.lv\/wp-content\/uploads\/2022\/11\/cropped-JurmalasLaivas-black.png","contentUrl":"https:\/\/www.jurmalaslaivas.lv\/wp-content\/uploads\/2022\/11\/cropped-JurmalasLaivas-black.png","width":512,"height":512,"caption":"J\u016brmalas Laivas"},{"@type":"BreadcrumbList","@id":"https:\/\/www.jurmalaslaivas.lv\/en\/warranty-terms\/#breadcrumb","itemListElement":[{"@type":"ListItem","position":1,"name":"Home","item":"https:\/\/www.jurmalaslaivas.lv\/en\/"},{"@type":"ListItem","position":2,"name":"Warranty Terms"}]},{"@type":"WebSite","@id":"https:\/\/www.jurmalaslaivas.lv\/en\/#website","url":"https:\/\/www.jurmalaslaivas.lv\/en\/","name":"Jurmalaslaivas.lv","description":"Laivu noma un veikals","publisher":{"@id":"https:\/\/www.jurmalaslaivas.lv\/en\/#organization"},"potentialAction":[{"@type":"SearchAction","target":{"@type":"EntryPoint","urlTemplate":"https:\/\/www.jurmalaslaivas.lv\/en\/?s={search_term_string}"},"query-input":{"@type":"PropertyValueSpecification","valueRequired":true,"valueName":"search_term_string"}}],"inLanguage":"en-US"},{"@type":"Organization","@id":"https:\/\/www.jurmalaslaivas.lv\/en\/#organization","name":"Jurmalaslaivas.lv","url":"https:\/\/www.jurmalaslaivas.lv\/en\/","logo":{"@type":"ImageObject","inLanguage":"en-US","@id":"https:\/\/www.jurmalaslaivas.lv\/en\/#\/schema\/logo\/image\/","url":"https:\/\/www.jurmalaslaivas.lv\/wp-content\/uploads\/2022\/11\/jurmalas-laivas-balts-ar-rami.png","contentUrl":"https:\/\/www.jurmalaslaivas.lv\/wp-content\/uploads\/2022\/11\/jurmalas-laivas-balts-ar-rami.png","width":500,"height":500,"caption":"Jurmalaslaivas.lv"},"image":{"@id":"https:\/\/www.jurmalaslaivas.lv\/en\/#\/schema\/logo\/image\/"},"sameAs":["https:\/\/www.facebook.com\/jurmalaslaivas"]}]}},"_links":{"self":[{"href":"https:\/\/www.jurmalaslaivas.lv\/en\/wp-json\/wp\/v2\/pages\/9413","targetHints":{"allow":["GET"]}}],"collection":[{"href":"https:\/\/www.jurmalaslaivas.lv\/en\/wp-json\/wp\/v2\/pages"}],"about":[{"href":"https:\/\/www.jurmalaslaivas.lv\/en\/wp-json\/wp\/v2\/types\/page"}],"author":[{"embeddable":true,"href":"https:\/\/www.jurmalaslaivas.lv\/en\/wp-json\/wp\/v2\/users\/5"}],"replies":[{"embeddable":true,"href":"https:\/\/www.jurmalaslaivas.lv\/en\/wp-json\/wp\/v2\/comments?post=9413"}],"version-history":[{"count":1,"href":"https:\/\/www.jurmalaslaivas.lv\/en\/wp-json\/wp\/v2\/pages\/9413\/revisions"}],"predecessor-version":[{"id":15479,"href":"https:\/\/www.jurmalaslaivas.lv\/en\/wp-json\/wp\/v2\/pages\/9413\/revisions\/15479"}],"wp:featuredmedia":[{"embeddable":true,"href":"https:\/\/www.jurmalaslaivas.lv\/en\/wp-json\/wp\/v2\/media\/48754"}],"wp:attachment":[{"href":"https:\/\/www.jurmalaslaivas.lv\/en\/wp-json\/wp\/v2\/media?parent=9413"}],"curies":[{"name":"wp","href":"https:\/\/api.w.org\/{rel}","templated":true}]}}