{"id":4655,"date":"2016-12-20T11:07:19","date_gmt":"2016-12-20T08:07:19","guid":{"rendered":"http:\/\/www.waterskis.lv\/korporativie-pasakumi-nometnes\/"},"modified":"2026-02-10T14:47:41","modified_gmt":"2026-02-10T11:47:41","slug":"corporate-events","status":"publish","type":"page","link":"https:\/\/www.jurmalaslaivas.lv\/en\/corporate-events\/","title":{"rendered":"Corporate events"},"content":{"rendered":"\n<div class=\"wp-block-columns has-2-columns is-layout-flex wp-container-core-columns-is-layout-9d6595d7 wp-block-columns-is-layout-flex\">\n<div class=\"wp-block-column is-layout-flow wp-block-column-is-layout-flow\">\n<h5 class=\"wp-block-heading\">Corporate events, sport games, concerts, consolidation events, bachelors parties, children and family activities at Jurmala<\/h5>\n\n\n\n<h2 class=\"wp-block-heading\">Jurmala Boats offer<\/h2>\n\n\n\n<ul class=\"wp-block-list\">\n<li>Picnic and resting places<\/li>\n\n\n\n<li>tent 5 x 18 m<\/li>\n\n\n\n<li>Fire place, BBQ, <\/li>\n\n\n\n<li>Paddle boats, kayaks, SUP boards<\/li>\n\n\n\n<li>Waterskiing and wakeboarding<\/li>\n\n\n\n<li>Towable tube rides<\/li>\n\n\n\n<li>Motorboat excursions<\/li>\n\n\n\n<li>consolidation games and events<\/li>\n\n\n\n<li>sports and leisure camps<\/li>\n<\/ul>\n\n\n\n<h2 class=\"wp-block-heading\">Reservation:<\/h2>\n\n\n\n<p>Mob.: <a href=\"tel:+37128067676\">+371 28067676<\/a><br \/>E-mail: <a href=\"info@waterskis.lv\">info@jurmalaslaivas.lv<\/a><\/p>\n<\/div>\n\n\n\n<div class=\"wp-block-column is-layout-flow wp-block-column-is-layout-flow\">\n<h2 class=\"wp-block-heading\"><\/h2>\n<\/div>\n<\/div>\n\n\n\n<figure class=\"wp-block-gallery has-nested-images columns-default is-cropped wp-block-gallery-1 is-layout-flex wp-block-gallery-is-layout-flex\">\n<figure class=\"wp-block-image size-large\"><img decoding=\"async\" width=\"700\" height=\"536\" data-id=\"40909\" src=\"https:\/\/www.jurmalaslaivas.lv\/wp-content\/uploads\/2022\/06\/Pasakumi-berniem-1-700x536.jpg\" alt=\"\" class=\"wp-image-40909\" srcset=\"https:\/\/www.jurmalaslaivas.lv\/wp-content\/uploads\/2022\/06\/Pasakumi-berniem-1-700x536.jpg 700w, https:\/\/www.jurmalaslaivas.lv\/wp-content\/uploads\/2022\/06\/Pasakumi-berniem-1-300x230.jpg 300w, https:\/\/www.jurmalaslaivas.lv\/wp-content\/uploads\/2022\/06\/Pasakumi-berniem-1-768x588.jpg 768w, https:\/\/www.jurmalaslaivas.lv\/wp-content\/uploads\/2022\/06\/Pasakumi-berniem-1-1536x1177.jpg 1536w, https:\/\/www.jurmalaslaivas.lv\/wp-content\/uploads\/2022\/06\/Pasakumi-berniem-1-2048x1569.jpg 2048w, https:\/\/www.jurmalaslaivas.lv\/wp-content\/uploads\/2022\/06\/Pasakumi-berniem-1-600x460.jpg 600w\" sizes=\"(max-width: 700px) 100vw, 700px\" \/><figcaption class=\"wp-element-caption\">Children&#8217;s and family holiday<\/figcaption><\/figure>\n\n\n\n<figure class=\"wp-block-image size-large\"><img decoding=\"async\" width=\"682\" height=\"384\" data-id=\"40915\" src=\"https:\/\/www.jurmalaslaivas.lv\/wp-content\/uploads\/2022\/06\/teritorija-pasakumiem.jpg\" alt=\"Teritorija pas\u0101kumiem J\u016brmal\u0101\" class=\"wp-image-40915\" srcset=\"https:\/\/www.jurmalaslaivas.lv\/wp-content\/uploads\/2022\/06\/teritorija-pasakumiem.jpg 682w, https:\/\/www.jurmalaslaivas.lv\/wp-content\/uploads\/2022\/06\/teritorija-pasakumiem-300x169.jpg 300w, https:\/\/www.jurmalaslaivas.lv\/wp-content\/uploads\/2022\/06\/teritorija-pasakumiem-600x338.jpg 600w\" sizes=\"(max-width: 682px) 100vw, 682px\" \/><figcaption class=\"wp-element-caption\">Area for events at Jurmala<\/figcaption><\/figure>\n<\/figure>\n\n\n\n<figure class=\"wp-block-gallery has-nested-images columns-default is-cropped wp-block-gallery-2 is-layout-flex wp-block-gallery-is-layout-flex\">\n<figure class=\"wp-block-image size-large\"><img decoding=\"async\" width=\"600\" height=\"450\" data-id=\"59175\" src=\"https:\/\/www.jurmalaslaivas.lv\/wp-content\/uploads\/2026\/02\/image-19.png\" alt=\"\" class=\"wp-image-59175\" srcset=\"https:\/\/www.jurmalaslaivas.lv\/wp-content\/uploads\/2026\/02\/image-19.png 600w, https:\/\/www.jurmalaslaivas.lv\/wp-content\/uploads\/2026\/02\/image-19-300x225.png 300w\" sizes=\"(max-width: 600px) 100vw, 600px\" \/><\/figure>\n\n\n\n<figure class=\"wp-block-image size-large\"><img decoding=\"async\" data-id=\"8847\" src=\"https:\/\/www.jurmalaslaivas.lv\/wp-content\/uploads\/2019\/02\/KORPORAT\u012aVI-700x467.jpg\" alt=\"Korporat\u012bvi pas\u0101\u0137umi J\u016brmal\u0101\" class=\"wp-image-8847\"\/><figcaption class=\"wp-element-caption\">Corporate events, camps, competitions at Jurmala<\/figcaption><\/figure>\n<\/figure>\n\n\n\n<figure class=\"wp-block-gallery has-nested-images columns-default is-cropped wp-block-gallery-3 is-layout-flex wp-block-gallery-is-layout-flex\">\n<figure class=\"wp-block-image size-large\"><img decoding=\"async\" width=\"600\" height=\"350\" data-id=\"59178\" src=\"https:\/\/www.jurmalaslaivas.lv\/wp-content\/uploads\/2026\/02\/image-20.png\" alt=\"\" class=\"wp-image-59178\" srcset=\"https:\/\/www.jurmalaslaivas.lv\/wp-content\/uploads\/2026\/02\/image-20.png 600w, https:\/\/www.jurmalaslaivas.lv\/wp-content\/uploads\/2026\/02\/image-20-300x175.png 300w\" sizes=\"(max-width: 600px) 100vw, 600px\" \/><\/figure>\n\n\n\n<figure class=\"wp-block-image size-large\"><img decoding=\"async\" width=\"600\" height=\"281\" data-id=\"59181\" src=\"https:\/\/www.jurmalaslaivas.lv\/wp-content\/uploads\/2026\/02\/image-21.png\" alt=\"\" class=\"wp-image-59181\" srcset=\"https:\/\/www.jurmalaslaivas.lv\/wp-content\/uploads\/2026\/02\/image-21.png 600w, https:\/\/www.jurmalaslaivas.lv\/wp-content\/uploads\/2026\/02\/image-21-300x141.png 300w\" sizes=\"(max-width: 600px) 100vw, 600px\" \/><\/figure>\n<\/figure>\n\n\n\n<figure class=\"wp-block-gallery has-nested-images columns-default is-cropped wp-block-gallery-4 is-layout-flex wp-block-gallery-is-layout-flex\">\n<figure class=\"wp-block-image size-large\"><img decoding=\"async\" width=\"600\" height=\"450\" data-id=\"59184\" src=\"https:\/\/www.jurmalaslaivas.lv\/wp-content\/uploads\/2026\/02\/image-22.png\" alt=\"\" class=\"wp-image-59184\" srcset=\"https:\/\/www.jurmalaslaivas.lv\/wp-content\/uploads\/2026\/02\/image-22.png 600w, https:\/\/www.jurmalaslaivas.lv\/wp-content\/uploads\/2026\/02\/image-22-300x225.png 300w\" sizes=\"(max-width: 600px) 100vw, 600px\" \/><\/figure>\n\n\n\n<figure class=\"wp-block-image size-large\"><img decoding=\"async\" width=\"600\" height=\"453\" data-id=\"59187\" src=\"https:\/\/www.jurmalaslaivas.lv\/wp-content\/uploads\/2026\/02\/image-23.png\" alt=\"\" class=\"wp-image-59187\" srcset=\"https:\/\/www.jurmalaslaivas.lv\/wp-content\/uploads\/2026\/02\/image-23.png 600w, https:\/\/www.jurmalaslaivas.lv\/wp-content\/uploads\/2026\/02\/image-23-300x227.png 300w\" sizes=\"(max-width: 600px) 100vw, 600px\" \/><\/figure>\n<\/figure>\n","protected":false},"excerpt":{"rendered":"<p>Corporate events, sport games, concerts, consolidation events, bachelors parties, children and family activities at Jurmala Jurmala Boats offer Reservation: Mob.: +371 28067676E-mail: info@jurmalaslaivas.lv [&#8230;]<\/p>\n<p><a class=\"btn btn-secondary understrap-read-more-link\" href=\"https:\/\/www.jurmalaslaivas.lv\/en\/corporate-events\/\">Read More&#8230;<\/a><\/p>\n","protected":false},"author":6,"featured_media":40915,"parent":0,"menu_order":0,"comment_status":"closed","ping_status":"closed","template":"","meta":{"_acf_changed":false,"inline_featured_image":false,"footnotes":""},"class_list":["post-4655","page","type-page","status-publish","has-post-thumbnail","hentry"],"acf":[],"yoast_head":"<!-- This site is optimized with the Yoast SEO plugin v27.0 - https:\/\/yoast.com\/product\/yoast-seo-wordpress\/ -->\n<title>Corporate events - Jurmalas Laivas<\/title>\n<meta name=\"description\" content=\"Corporate events. Consolidation events, concerts, bachelors parties, children&#039;s and family activities, summer camps, seminars\" \/>\n<meta name=\"robots\" content=\"index, follow, max-snippet:-1, max-image-preview:large, max-video-preview:-1\" \/>\n<link rel=\"canonical\" href=\"https:\/\/www.jurmalaslaivas.lv\/en\/corporate-events\/\" \/>\n<meta property=\"og:locale\" content=\"en_US\" \/>\n<meta property=\"og:type\" content=\"article\" \/>\n<meta property=\"og:title\" content=\"Corporate events at Jurmala\" \/>\n<meta property=\"og:description\" content=\"Corporate &amp; consolidation events, bachelors parties, children and family activities at Jurmala. SUP boards, kayaks, paddle boats, wakeboarding\" \/>\n<meta property=\"og:url\" content=\"https:\/\/www.jurmalaslaivas.lv\/en\/corporate-events\/\" \/>\n<meta property=\"og:site_name\" content=\"Jurmalas Laivas\" \/>\n<meta property=\"article:publisher\" content=\"https:\/\/www.facebook.com\/jurmalaslaivas\" \/>\n<meta property=\"article:modified_time\" content=\"2026-02-10T11:47:41+00:00\" \/>\n<meta property=\"og:image\" content=\"https:\/\/www.jurmalaslaivas.lv\/wp-content\/uploads\/2016\/12\/koorp_4.jpg\" \/>\n\t<meta property=\"og:image:width\" content=\"1024\" \/>\n\t<meta property=\"og:image:height\" content=\"768\" \/>\n\t<meta property=\"og:image:type\" content=\"image\/jpeg\" \/>\n<meta name=\"twitter:card\" content=\"summary_large_image\" \/>\n<meta name=\"twitter:title\" content=\"Corporate events at Jurmala\" \/>\n<meta name=\"twitter:description\" content=\"Corporate &amp; consolidation events, bachelors parties, children and family activities at Jurmala. SUP boards, kayaks, paddle boats, wakeboarding\" \/>\n<meta name=\"twitter:image\" content=\"https:\/\/www.jurmalaslaivas.lv\/wp-content\/uploads\/2016\/12\/koorp_4.jpg\" \/>\n<meta name=\"twitter:label1\" content=\"Est. reading time\" \/>\n\t<meta name=\"twitter:data1\" content=\"3 minutes\" \/>\n<script type=\"application\/ld+json\" class=\"yoast-schema-graph\">{\"@context\":\"https:\/\/schema.org\",\"@graph\":[{\"@type\":\"WebPage\",\"@id\":\"https:\/\/www.jurmalaslaivas.lv\/en\/corporate-events\/\",\"url\":\"https:\/\/www.jurmalaslaivas.lv\/en\/corporate-events\/\",\"name\":\"Corporate events - Jurmalas Laivas\",\"isPartOf\":{\"@id\":\"https:\/\/www.jurmalaslaivas.lv\/en\/#website\"},\"primaryImageOfPage\":{\"@id\":\"https:\/\/www.jurmalaslaivas.lv\/en\/corporate-events\/#primaryimage\"},\"image\":{\"@id\":\"https:\/\/www.jurmalaslaivas.lv\/en\/corporate-events\/#primaryimage\"},\"thumbnailUrl\":\"https:\/\/www.jurmalaslaivas.lv\/wp-content\/uploads\/2022\/06\/teritorija-pasakumiem.jpg\",\"datePublished\":\"2016-12-20T08:07:19+00:00\",\"dateModified\":\"2026-02-10T11:47:41+00:00\",\"description\":\"Corporate events. Consolidation events, concerts, bachelors parties, children's and family activities, summer camps, seminars\",\"breadcrumb\":{\"@id\":\"https:\/\/www.jurmalaslaivas.lv\/en\/corporate-events\/#breadcrumb\"},\"inLanguage\":\"en-US\",\"potentialAction\":[{\"@type\":\"ReadAction\",\"target\":[\"https:\/\/www.jurmalaslaivas.lv\/en\/corporate-events\/\"]}]},{\"@type\":\"ImageObject\",\"inLanguage\":\"en-US\",\"@id\":\"https:\/\/www.jurmalaslaivas.lv\/en\/corporate-events\/#primaryimage\",\"url\":\"https:\/\/www.jurmalaslaivas.lv\/wp-content\/uploads\/2022\/06\/teritorija-pasakumiem.jpg\",\"contentUrl\":\"https:\/\/www.jurmalaslaivas.lv\/wp-content\/uploads\/2022\/06\/teritorija-pasakumiem.jpg\",\"width\":682,\"height\":384,\"caption\":\"Teritorija pas\u0101kumiem J\u016brmal\u0101\"},{\"@type\":\"BreadcrumbList\",\"@id\":\"https:\/\/www.jurmalaslaivas.lv\/en\/corporate-events\/#breadcrumb\",\"itemListElement\":[{\"@type\":\"ListItem\",\"position\":1,\"name\":\"Home\",\"item\":\"https:\/\/www.jurmalaslaivas.lv\/en\/\"},{\"@type\":\"ListItem\",\"position\":2,\"name\":\"Corporate events\"}]},{\"@type\":\"WebSite\",\"@id\":\"https:\/\/www.jurmalaslaivas.lv\/en\/#website\",\"url\":\"https:\/\/www.jurmalaslaivas.lv\/en\/\",\"name\":\"Jurmalaslaivas.lv\",\"description\":\"Laivu noma un veikals\",\"publisher\":{\"@id\":\"https:\/\/www.jurmalaslaivas.lv\/en\/#organization\"},\"potentialAction\":[{\"@type\":\"SearchAction\",\"target\":{\"@type\":\"EntryPoint\",\"urlTemplate\":\"https:\/\/www.jurmalaslaivas.lv\/en\/?s={search_term_string}\"},\"query-input\":{\"@type\":\"PropertyValueSpecification\",\"valueRequired\":true,\"valueName\":\"search_term_string\"}}],\"inLanguage\":\"en-US\"},{\"@type\":\"Organization\",\"@id\":\"https:\/\/www.jurmalaslaivas.lv\/en\/#organization\",\"name\":\"Jurmalaslaivas.lv\",\"url\":\"https:\/\/www.jurmalaslaivas.lv\/en\/\",\"logo\":{\"@type\":\"ImageObject\",\"inLanguage\":\"en-US\",\"@id\":\"https:\/\/www.jurmalaslaivas.lv\/en\/#\/schema\/logo\/image\/\",\"url\":\"https:\/\/www.jurmalaslaivas.lv\/wp-content\/uploads\/2022\/11\/jurmalas-laivas-balts-ar-rami.png\",\"contentUrl\":\"https:\/\/www.jurmalaslaivas.lv\/wp-content\/uploads\/2022\/11\/jurmalas-laivas-balts-ar-rami.png\",\"width\":500,\"height\":500,\"caption\":\"Jurmalaslaivas.lv\"},\"image\":{\"@id\":\"https:\/\/www.jurmalaslaivas.lv\/en\/#\/schema\/logo\/image\/\"},\"sameAs\":[\"https:\/\/www.facebook.com\/jurmalaslaivas\"]}]}<\/script>\n<!-- \/ Yoast SEO plugin. -->","yoast_head_json":{"title":"Corporate events - Jurmalas Laivas","description":"Corporate events. Consolidation events, concerts, bachelors parties, children's and family activities, summer camps, seminars","robots":{"index":"index","follow":"follow","max-snippet":"max-snippet:-1","max-image-preview":"max-image-preview:large","max-video-preview":"max-video-preview:-1"},"canonical":"https:\/\/www.jurmalaslaivas.lv\/en\/corporate-events\/","og_locale":"en_US","og_type":"article","og_title":"Corporate events at Jurmala","og_description":"Corporate & consolidation events, bachelors parties, children and family activities at Jurmala. SUP boards, kayaks, paddle boats, wakeboarding","og_url":"https:\/\/www.jurmalaslaivas.lv\/en\/corporate-events\/","og_site_name":"Jurmalas Laivas","article_publisher":"https:\/\/www.facebook.com\/jurmalaslaivas","article_modified_time":"2026-02-10T11:47:41+00:00","og_image":[{"width":1024,"height":768,"url":"https:\/\/www.jurmalaslaivas.lv\/wp-content\/uploads\/2016\/12\/koorp_4.jpg","type":"image\/jpeg"}],"twitter_card":"summary_large_image","twitter_title":"Corporate events at Jurmala","twitter_description":"Corporate & consolidation events, bachelors parties, children and family activities at Jurmala. SUP boards, kayaks, paddle boats, wakeboarding","twitter_image":"https:\/\/www.jurmalaslaivas.lv\/wp-content\/uploads\/2016\/12\/koorp_4.jpg","twitter_misc":{"Est. reading time":"3 minutes"},"schema":{"@context":"https:\/\/schema.org","@graph":[{"@type":"WebPage","@id":"https:\/\/www.jurmalaslaivas.lv\/en\/corporate-events\/","url":"https:\/\/www.jurmalaslaivas.lv\/en\/corporate-events\/","name":"Corporate events - Jurmalas Laivas","isPartOf":{"@id":"https:\/\/www.jurmalaslaivas.lv\/en\/#website"},"primaryImageOfPage":{"@id":"https:\/\/www.jurmalaslaivas.lv\/en\/corporate-events\/#primaryimage"},"image":{"@id":"https:\/\/www.jurmalaslaivas.lv\/en\/corporate-events\/#primaryimage"},"thumbnailUrl":"https:\/\/www.jurmalaslaivas.lv\/wp-content\/uploads\/2022\/06\/teritorija-pasakumiem.jpg","datePublished":"2016-12-20T08:07:19+00:00","dateModified":"2026-02-10T11:47:41+00:00","description":"Corporate events. Consolidation events, concerts, bachelors parties, children's and family activities, summer camps, seminars","breadcrumb":{"@id":"https:\/\/www.jurmalaslaivas.lv\/en\/corporate-events\/#breadcrumb"},"inLanguage":"en-US","potentialAction":[{"@type":"ReadAction","target":["https:\/\/www.jurmalaslaivas.lv\/en\/corporate-events\/"]}]},{"@type":"ImageObject","inLanguage":"en-US","@id":"https:\/\/www.jurmalaslaivas.lv\/en\/corporate-events\/#primaryimage","url":"https:\/\/www.jurmalaslaivas.lv\/wp-content\/uploads\/2022\/06\/teritorija-pasakumiem.jpg","contentUrl":"https:\/\/www.jurmalaslaivas.lv\/wp-content\/uploads\/2022\/06\/teritorija-pasakumiem.jpg","width":682,"height":384,"caption":"Teritorija pas\u0101kumiem J\u016brmal\u0101"},{"@type":"BreadcrumbList","@id":"https:\/\/www.jurmalaslaivas.lv\/en\/corporate-events\/#breadcrumb","itemListElement":[{"@type":"ListItem","position":1,"name":"Home","item":"https:\/\/www.jurmalaslaivas.lv\/en\/"},{"@type":"ListItem","position":2,"name":"Corporate events"}]},{"@type":"WebSite","@id":"https:\/\/www.jurmalaslaivas.lv\/en\/#website","url":"https:\/\/www.jurmalaslaivas.lv\/en\/","name":"Jurmalaslaivas.lv","description":"Laivu noma un veikals","publisher":{"@id":"https:\/\/www.jurmalaslaivas.lv\/en\/#organization"},"potentialAction":[{"@type":"SearchAction","target":{"@type":"EntryPoint","urlTemplate":"https:\/\/www.jurmalaslaivas.lv\/en\/?s={search_term_string}"},"query-input":{"@type":"PropertyValueSpecification","valueRequired":true,"valueName":"search_term_string"}}],"inLanguage":"en-US"},{"@type":"Organization","@id":"https:\/\/www.jurmalaslaivas.lv\/en\/#organization","name":"Jurmalaslaivas.lv","url":"https:\/\/www.jurmalaslaivas.lv\/en\/","logo":{"@type":"ImageObject","inLanguage":"en-US","@id":"https:\/\/www.jurmalaslaivas.lv\/en\/#\/schema\/logo\/image\/","url":"https:\/\/www.jurmalaslaivas.lv\/wp-content\/uploads\/2022\/11\/jurmalas-laivas-balts-ar-rami.png","contentUrl":"https:\/\/www.jurmalaslaivas.lv\/wp-content\/uploads\/2022\/11\/jurmalas-laivas-balts-ar-rami.png","width":500,"height":500,"caption":"Jurmalaslaivas.lv"},"image":{"@id":"https:\/\/www.jurmalaslaivas.lv\/en\/#\/schema\/logo\/image\/"},"sameAs":["https:\/\/www.facebook.com\/jurmalaslaivas"]}]}},"_links":{"self":[{"href":"https:\/\/www.jurmalaslaivas.lv\/en\/wp-json\/wp\/v2\/pages\/4655","targetHints":{"allow":["GET"]}}],"collection":[{"href":"https:\/\/www.jurmalaslaivas.lv\/en\/wp-json\/wp\/v2\/pages"}],"about":[{"href":"https:\/\/www.jurmalaslaivas.lv\/en\/wp-json\/wp\/v2\/types\/page"}],"author":[{"embeddable":true,"href":"https:\/\/www.jurmalaslaivas.lv\/en\/wp-json\/wp\/v2\/users\/6"}],"replies":[{"embeddable":true,"href":"https:\/\/www.jurmalaslaivas.lv\/en\/wp-json\/wp\/v2\/comments?post=4655"}],"version-history":[{"count":18,"href":"https:\/\/www.jurmalaslaivas.lv\/en\/wp-json\/wp\/v2\/pages\/4655\/revisions"}],"predecessor-version":[{"id":59190,"href":"https:\/\/www.jurmalaslaivas.lv\/en\/wp-json\/wp\/v2\/pages\/4655\/revisions\/59190"}],"wp:featuredmedia":[{"embeddable":true,"href":"https:\/\/www.jurmalaslaivas.lv\/en\/wp-json\/wp\/v2\/media\/40915"}],"wp:attachment":[{"href":"https:\/\/www.jurmalaslaivas.lv\/en\/wp-json\/wp\/v2\/media?parent=4655"}],"curies":[{"name":"wp","href":"https:\/\/api.w.org\/{rel}","templated":true}]}}